{"id":10,"date":"2018-09-10T15:39:47","date_gmt":"2018-09-10T13:39:47","guid":{"rendered":"http:\/\/apajhetvous.apajh.org\/plateformederepitdelain\/?page_id=10"},"modified":"2025-12-08T10:17:28","modified_gmt":"2025-12-08T09:17:28","slug":"nous-contacter","status":"publish","type":"page","link":"http:\/\/apajhetvous.apajh.org\/plateformederepitdelain\/nous-contacter\/","title":{"rendered":"Nous contacter"},"content":{"rendered":"<p>L&rsquo;\u00e9quipe de la plateforme est joignable du lundi au vendredi de 9h \u00e0 17h<br \/>\nSoit par t\u00e9l\u00e9phone au :<br \/>\n06 49 42 85 66 \u2022 06 49 42 86 17 \u2022 04 74 22 99 99<\/p>\n<p>Rencontre \u00e0 votre domicile ou tout lieu \u00e0 votre convenance<\/p>\n<p>Soit par mail au :<br \/>\nplateformerepit01@apajh.asso.fr<\/p>\n<div class=\"mceTemp\">\nL&rsquo;\u00e9quipe de la plateforme de r\u00e9pit intervient sur l&rsquo;ensemble du d\u00e9partement de l&rsquo;Ain.&nbsp;<\/p>\n<p>&nbsp;<\/p>\n\n<div class=\"wpcf7 no-js\" id=\"wpcf7-f138-o1\" lang=\"fr-FR\" dir=\"ltr\" data-wpcf7-id=\"138\">\n<div class=\"screen-reader-response\"><p role=\"status\" aria-live=\"polite\" aria-atomic=\"true\"><\/p> <ul><\/ul><\/div>\n<form action=\"\/plateformederepitdelain\/wp-json\/wp\/v2\/pages\/10#wpcf7-f138-o1\" method=\"post\" class=\"wpcf7-form init\" aria-label=\"Formulaire de contact\" novalidate=\"novalidate\" data-status=\"init\">\n<fieldset class=\"hidden-fields-container\"><input type=\"hidden\" name=\"_wpcf7\" value=\"138\" \/><input type=\"hidden\" name=\"_wpcf7_version\" value=\"6.1.5\" \/><input type=\"hidden\" name=\"_wpcf7_locale\" value=\"fr_FR\" \/><input type=\"hidden\" name=\"_wpcf7_unit_tag\" value=\"wpcf7-f138-o1\" \/><input type=\"hidden\" name=\"_wpcf7_container_post\" value=\"0\" \/><input type=\"hidden\" name=\"_wpcf7_posted_data_hash\" value=\"\" \/>\n<\/fieldset>\n<p><label> Votre nom (obligatoire)<br \/>\n<span class=\"wpcf7-form-control-wrap\" data-name=\"your-name\"><input size=\"40\" maxlength=\"400\" class=\"wpcf7-form-control wpcf7-text wpcf7-validates-as-required\" aria-required=\"true\" aria-invalid=\"false\" value=\"\" type=\"text\" name=\"your-name\" \/><\/span> <\/label>\n<\/p>\n<p><label> Votre adresse de messagerie (obligatoire)<br \/>\n<span class=\"wpcf7-form-control-wrap\" data-name=\"your-email\"><input size=\"40\" maxlength=\"400\" class=\"wpcf7-form-control wpcf7-email wpcf7-validates-as-required wpcf7-text wpcf7-validates-as-email\" aria-required=\"true\" aria-invalid=\"false\" value=\"\" type=\"email\" name=\"your-email\" \/><\/span> <\/label>\n<\/p>\n<p><label> Objet<br \/>\n<span class=\"wpcf7-form-control-wrap\" data-name=\"your-subject\"><input size=\"40\" maxlength=\"400\" class=\"wpcf7-form-control wpcf7-text\" aria-invalid=\"false\" value=\"\" type=\"text\" name=\"your-subject\" \/><\/span> <\/label>\n<\/p>\n<p><label> Votre message<br \/>\n<span class=\"wpcf7-form-control-wrap\" data-name=\"your-message\"><textarea cols=\"40\" rows=\"10\" maxlength=\"2000\" class=\"wpcf7-form-control wpcf7-textarea\" aria-invalid=\"false\" name=\"your-message\"><\/textarea><\/span> <\/label>\n<\/p>\n<p><input class=\"wpcf7-form-control wpcf7-submit has-spinner\" type=\"submit\" value=\"Envoyer\" \/>\n<\/p><p style=\"display: none !important;\" class=\"akismet-fields-container\" data-prefix=\"_wpcf7_ak_\"><label>&#916;<textarea name=\"_wpcf7_ak_hp_textarea\" cols=\"45\" rows=\"8\" maxlength=\"100\"><\/textarea><\/label><input type=\"hidden\" id=\"ak_js_1\" name=\"_wpcf7_ak_js\" value=\"17\"\/><script>document.getElementById( \"ak_js_1\" ).setAttribute( \"value\", ( new Date() ).getTime() );<\/script><\/p><div class=\"wpcf7-response-output\" aria-hidden=\"true\"><\/div>\n<\/form>\n<\/div>\n\n<p>&nbsp;<\/p>\n","protected":false},"excerpt":{"rendered":"<p>L&rsquo;\u00e9quipe de la plateforme est joignable du lundi au vendredi de 9h \u00e0 17h Soit par t\u00e9l\u00e9phone au : 06 49 42 85 66 \u2022 06 49 42 86 17 \u2022 04 74 22 99 99 Rencontre \u00e0 votre domicile ou tout lieu \u00e0 votre convenance Soit par mail au : plateformerepit01@apajh.asso.fr L&rsquo;\u00e9quipe de la<\/p>\n","protected":false},"author":1,"featured_media":55,"parent":0,"menu_order":0,"comment_status":"closed","ping_status":"closed","template":"","meta":{"_exactmetrics_skip_tracking":false,"_exactmetrics_sitenote_active":false,"_exactmetrics_sitenote_note":"","_exactmetrics_sitenote_category":0,"footnotes":""},"class_list":["post-10","page","type-page","status-publish","has-post-thumbnail","hentry"],"yoast_head":"<!-- This site is optimized with the Yoast SEO plugin v27.3 - https:\/\/yoast.com\/product\/yoast-seo-wordpress\/ -->\n<title>Nous contacter - PLATEFORME DE R\u00c9PIT DE L&#039;AIN<\/title>\n<meta name=\"robots\" content=\"index, follow, max-snippet:-1, max-image-preview:large, max-video-preview:-1\" \/>\n<link rel=\"canonical\" href=\"https:\/\/apajhetvous.apajh.org\/plateformederepitdelain\/nous-contacter\/\" \/>\n<meta property=\"og:locale\" content=\"fr_FR\" \/>\n<meta property=\"og:type\" content=\"article\" \/>\n<meta property=\"og:title\" content=\"Nous contacter - PLATEFORME DE R\u00c9PIT DE L&#039;AIN\" \/>\n<meta property=\"og:description\" content=\"L&rsquo;\u00e9quipe de la plateforme est joignable du lundi au vendredi de 9h \u00e0 17h Soit par t\u00e9l\u00e9phone au : 06 49 42 85 66 \u2022 06 49 42 86 17 \u2022 04 74 22 99 99 Rencontre \u00e0 votre domicile ou tout lieu \u00e0 votre convenance Soit par mail au : plateformerepit01@apajh.asso.fr L&rsquo;\u00e9quipe de la\" \/>\n<meta property=\"og:url\" content=\"https:\/\/apajhetvous.apajh.org\/plateformederepitdelain\/nous-contacter\/\" \/>\n<meta property=\"og:site_name\" content=\"PLATEFORME DE R\u00c9PIT DE L&#039;AIN\" \/>\n<meta property=\"article:modified_time\" content=\"2025-12-08T09:17:28+00:00\" \/>\n<meta property=\"og:image\" content=\"https:\/\/apajhetvous.apajh.org\/plateformederepitdelain\/wp-content\/uploads\/2018\/09\/carte-intervention-plateforme-de-r\u00e9pit.jpg\" \/>\n\t<meta property=\"og:image:width\" content=\"503\" \/>\n\t<meta property=\"og:image:height\" content=\"460\" \/>\n\t<meta property=\"og:image:type\" content=\"image\/jpeg\" \/>\n<meta name=\"twitter:card\" content=\"summary_large_image\" \/>\n<meta name=\"twitter:label1\" content=\"Dur\u00e9e de lecture estim\u00e9e\" \/>\n\t<meta name=\"twitter:data1\" content=\"1 minute\" \/>\n<script type=\"application\/ld+json\" class=\"yoast-schema-graph\">{\"@context\":\"https:\\\/\\\/schema.org\",\"@graph\":[{\"@type\":\"WebPage\",\"@id\":\"https:\\\/\\\/apajhetvous.apajh.org\\\/plateformederepitdelain\\\/nous-contacter\\\/\",\"url\":\"https:\\\/\\\/apajhetvous.apajh.org\\\/plateformederepitdelain\\\/nous-contacter\\\/\",\"name\":\"Nous contacter - PLATEFORME DE R\u00c9PIT DE L&#039;AIN\",\"isPartOf\":{\"@id\":\"https:\\\/\\\/apajhetvous.apajh.org\\\/plateformederepitdelain\\\/#website\"},\"primaryImageOfPage\":{\"@id\":\"https:\\\/\\\/apajhetvous.apajh.org\\\/plateformederepitdelain\\\/nous-contacter\\\/#primaryimage\"},\"image\":{\"@id\":\"https:\\\/\\\/apajhetvous.apajh.org\\\/plateformederepitdelain\\\/nous-contacter\\\/#primaryimage\"},\"thumbnailUrl\":\"http:\\\/\\\/apajhetvous.apajh.org\\\/plateformederepitdelain\\\/wp-content\\\/uploads\\\/2018\\\/09\\\/carte-intervention-plateforme-de-r\u00e9pit.jpg\",\"datePublished\":\"2018-09-10T13:39:47+00:00\",\"dateModified\":\"2025-12-08T09:17:28+00:00\",\"breadcrumb\":{\"@id\":\"https:\\\/\\\/apajhetvous.apajh.org\\\/plateformederepitdelain\\\/nous-contacter\\\/#breadcrumb\"},\"inLanguage\":\"fr-FR\",\"potentialAction\":[{\"@type\":\"ReadAction\",\"target\":[\"https:\\\/\\\/apajhetvous.apajh.org\\\/plateformederepitdelain\\\/nous-contacter\\\/\"]}]},{\"@type\":\"ImageObject\",\"inLanguage\":\"fr-FR\",\"@id\":\"https:\\\/\\\/apajhetvous.apajh.org\\\/plateformederepitdelain\\\/nous-contacter\\\/#primaryimage\",\"url\":\"http:\\\/\\\/apajhetvous.apajh.org\\\/plateformederepitdelain\\\/wp-content\\\/uploads\\\/2018\\\/09\\\/carte-intervention-plateforme-de-r\u00e9pit.jpg\",\"contentUrl\":\"http:\\\/\\\/apajhetvous.apajh.org\\\/plateformederepitdelain\\\/wp-content\\\/uploads\\\/2018\\\/09\\\/carte-intervention-plateforme-de-r\u00e9pit.jpg\",\"width\":503,\"height\":460,\"caption\":\"L'\u00e9quipe de la plateforme de r\u00e9pit intervient sur l'ensemble du d\u00e9partement\"},{\"@type\":\"BreadcrumbList\",\"@id\":\"https:\\\/\\\/apajhetvous.apajh.org\\\/plateformederepitdelain\\\/nous-contacter\\\/#breadcrumb\",\"itemListElement\":[{\"@type\":\"ListItem\",\"position\":1,\"name\":\"Accueil\",\"item\":\"https:\\\/\\\/apajhetvous.apajh.org\\\/plateformederepitdelain\\\/\"},{\"@type\":\"ListItem\",\"position\":2,\"name\":\"Nous contacter\"}]},{\"@type\":\"WebSite\",\"@id\":\"https:\\\/\\\/apajhetvous.apajh.org\\\/plateformederepitdelain\\\/#website\",\"url\":\"https:\\\/\\\/apajhetvous.apajh.org\\\/plateformederepitdelain\\\/\",\"name\":\"PLATEFORME DE R\u00c9PIT DE L&#039;AIN\",\"description\":\"APAJH\",\"potentialAction\":[{\"@type\":\"SearchAction\",\"target\":{\"@type\":\"EntryPoint\",\"urlTemplate\":\"https:\\\/\\\/apajhetvous.apajh.org\\\/plateformederepitdelain\\\/?s={search_term_string}\"},\"query-input\":{\"@type\":\"PropertyValueSpecification\",\"valueRequired\":true,\"valueName\":\"search_term_string\"}}],\"inLanguage\":\"fr-FR\"}]}<\/script>\n<!-- \/ Yoast SEO plugin. -->","yoast_head_json":{"title":"Nous contacter - PLATEFORME DE R\u00c9PIT DE L&#039;AIN","robots":{"index":"index","follow":"follow","max-snippet":"max-snippet:-1","max-image-preview":"max-image-preview:large","max-video-preview":"max-video-preview:-1"},"canonical":"https:\/\/apajhetvous.apajh.org\/plateformederepitdelain\/nous-contacter\/","og_locale":"fr_FR","og_type":"article","og_title":"Nous contacter - PLATEFORME DE R\u00c9PIT DE L&#039;AIN","og_description":"L&rsquo;\u00e9quipe de la plateforme est joignable du lundi au vendredi de 9h \u00e0 17h Soit par t\u00e9l\u00e9phone au : 06 49 42 85 66 \u2022 06 49 42 86 17 \u2022 04 74 22 99 99 Rencontre \u00e0 votre domicile ou tout lieu \u00e0 votre convenance Soit par mail au : plateformerepit01@apajh.asso.fr L&rsquo;\u00e9quipe de la","og_url":"https:\/\/apajhetvous.apajh.org\/plateformederepitdelain\/nous-contacter\/","og_site_name":"PLATEFORME DE R\u00c9PIT DE L&#039;AIN","article_modified_time":"2025-12-08T09:17:28+00:00","og_image":[{"width":503,"height":460,"url":"https:\/\/apajhetvous.apajh.org\/plateformederepitdelain\/wp-content\/uploads\/2018\/09\/carte-intervention-plateforme-de-r\u00e9pit.jpg","type":"image\/jpeg"}],"twitter_card":"summary_large_image","twitter_misc":{"Dur\u00e9e de lecture estim\u00e9e":"1 minute"},"schema":{"@context":"https:\/\/schema.org","@graph":[{"@type":"WebPage","@id":"https:\/\/apajhetvous.apajh.org\/plateformederepitdelain\/nous-contacter\/","url":"https:\/\/apajhetvous.apajh.org\/plateformederepitdelain\/nous-contacter\/","name":"Nous contacter - PLATEFORME DE R\u00c9PIT DE L&#039;AIN","isPartOf":{"@id":"https:\/\/apajhetvous.apajh.org\/plateformederepitdelain\/#website"},"primaryImageOfPage":{"@id":"https:\/\/apajhetvous.apajh.org\/plateformederepitdelain\/nous-contacter\/#primaryimage"},"image":{"@id":"https:\/\/apajhetvous.apajh.org\/plateformederepitdelain\/nous-contacter\/#primaryimage"},"thumbnailUrl":"http:\/\/apajhetvous.apajh.org\/plateformederepitdelain\/wp-content\/uploads\/2018\/09\/carte-intervention-plateforme-de-r\u00e9pit.jpg","datePublished":"2018-09-10T13:39:47+00:00","dateModified":"2025-12-08T09:17:28+00:00","breadcrumb":{"@id":"https:\/\/apajhetvous.apajh.org\/plateformederepitdelain\/nous-contacter\/#breadcrumb"},"inLanguage":"fr-FR","potentialAction":[{"@type":"ReadAction","target":["https:\/\/apajhetvous.apajh.org\/plateformederepitdelain\/nous-contacter\/"]}]},{"@type":"ImageObject","inLanguage":"fr-FR","@id":"https:\/\/apajhetvous.apajh.org\/plateformederepitdelain\/nous-contacter\/#primaryimage","url":"http:\/\/apajhetvous.apajh.org\/plateformederepitdelain\/wp-content\/uploads\/2018\/09\/carte-intervention-plateforme-de-r\u00e9pit.jpg","contentUrl":"http:\/\/apajhetvous.apajh.org\/plateformederepitdelain\/wp-content\/uploads\/2018\/09\/carte-intervention-plateforme-de-r\u00e9pit.jpg","width":503,"height":460,"caption":"L'\u00e9quipe de la plateforme de r\u00e9pit intervient sur l'ensemble du d\u00e9partement"},{"@type":"BreadcrumbList","@id":"https:\/\/apajhetvous.apajh.org\/plateformederepitdelain\/nous-contacter\/#breadcrumb","itemListElement":[{"@type":"ListItem","position":1,"name":"Accueil","item":"https:\/\/apajhetvous.apajh.org\/plateformederepitdelain\/"},{"@type":"ListItem","position":2,"name":"Nous contacter"}]},{"@type":"WebSite","@id":"https:\/\/apajhetvous.apajh.org\/plateformederepitdelain\/#website","url":"https:\/\/apajhetvous.apajh.org\/plateformederepitdelain\/","name":"PLATEFORME DE R\u00c9PIT DE L&#039;AIN","description":"APAJH","potentialAction":[{"@type":"SearchAction","target":{"@type":"EntryPoint","urlTemplate":"https:\/\/apajhetvous.apajh.org\/plateformederepitdelain\/?s={search_term_string}"},"query-input":{"@type":"PropertyValueSpecification","valueRequired":true,"valueName":"search_term_string"}}],"inLanguage":"fr-FR"}]}},"_links":{"self":[{"href":"http:\/\/apajhetvous.apajh.org\/plateformederepitdelain\/wp-json\/wp\/v2\/pages\/10","targetHints":{"allow":["GET"]}}],"collection":[{"href":"http:\/\/apajhetvous.apajh.org\/plateformederepitdelain\/wp-json\/wp\/v2\/pages"}],"about":[{"href":"http:\/\/apajhetvous.apajh.org\/plateformederepitdelain\/wp-json\/wp\/v2\/types\/page"}],"author":[{"embeddable":true,"href":"http:\/\/apajhetvous.apajh.org\/plateformederepitdelain\/wp-json\/wp\/v2\/users\/1"}],"replies":[{"embeddable":true,"href":"http:\/\/apajhetvous.apajh.org\/plateformederepitdelain\/wp-json\/wp\/v2\/comments?post=10"}],"version-history":[{"count":19,"href":"http:\/\/apajhetvous.apajh.org\/plateformederepitdelain\/wp-json\/wp\/v2\/pages\/10\/revisions"}],"predecessor-version":[{"id":2196,"href":"http:\/\/apajhetvous.apajh.org\/plateformederepitdelain\/wp-json\/wp\/v2\/pages\/10\/revisions\/2196"}],"wp:featuredmedia":[{"embeddable":true,"href":"http:\/\/apajhetvous.apajh.org\/plateformederepitdelain\/wp-json\/wp\/v2\/media\/55"}],"wp:attachment":[{"href":"http:\/\/apajhetvous.apajh.org\/plateformederepitdelain\/wp-json\/wp\/v2\/media?parent=10"}],"curies":[{"name":"wp","href":"https:\/\/api.w.org\/{rel}","templated":true}]}}