{"id":21,"date":"2020-02-17T14:45:02","date_gmt":"2020-02-17T13:45:02","guid":{"rendered":"http:\/\/apajhetvous.apajh.org\/Plateforme-emploi-autonomie-Cotiere-Pays-de-Gex\/?page_id=21"},"modified":"2021-01-19T17:11:28","modified_gmt":"2021-01-19T16:11:28","slug":"contact","status":"publish","type":"page","link":"https:\/\/apajhetvous.apajh.org\/Plateforme-emploi-autonomie-Cotiere-Pays-de-Gex\/contact\/","title":{"rendered":"Contact"},"content":{"rendered":"<p>Vous avez re\u00e7u<strong> une orientation de la MDPH<\/strong> (maison d\u00e9partementale des personnes handicap\u00e9es) ou souhaitez <strong>obtenir des renseignements sur les accompagnements<\/strong> propos\u00e9s par nos structures,<span style=\"text-decoration: underline; color: #008000;\"> <a style=\"color: #008000; text-decoration: underline;\" href=\"http:\/\/apajhetvous.apajh.org\/Plateforme-emploi-autonomie-Cotiere-Pays-de-Gex\/pour-un-accompagnement\/\" target=\"_blank\" rel=\"noopener noreferrer\">compl\u00e9tez le formulaire accessible en cliquant ici.\u00a0<\/a><\/span><\/p>\n<p>Vous \u00eates une <strong>entreprise, un particulier ou une collectivit\u00e9<\/strong> et souhaitez faire appel \u00e0 nos ESAT pour une prestation de services, <span style=\"text-decoration: underline; color: #008000;\"><a style=\"color: #008000;\" href=\"http:\/\/apajhetvous.apajh.org\/Plateforme-emploi-autonomie-Cotiere-Pays-de-Gex\/pour-une-prestation-commerciale\/\" target=\"_blank\" rel=\"noopener noreferrer\">compl\u00e9tez le formulaire accessible en cliquant ici.\u00a0<\/a><\/span><\/p>\n","protected":false},"excerpt":{"rendered":"<p>Vous avez re\u00e7u une orientation de la MDPH (maison d\u00e9partementale des personnes handicap\u00e9es) ou souhaitez obtenir des renseignements sur les accompagnements propos\u00e9s par nos structures, compl\u00e9tez le formulaire accessible en cliquant ici.\u00a0 Vous \u00eates une entreprise, un particulier ou une collectivit\u00e9 et souhaitez faire appel \u00e0 nos ESAT pour une prestation de services, compl\u00e9tez le<\/p>\n","protected":false},"author":1,"featured_media":0,"parent":0,"menu_order":0,"comment_status":"closed","ping_status":"closed","template":"","meta":{"_monsterinsights_skip_tracking":false,"_monsterinsights_sitenote_active":false,"_monsterinsights_sitenote_note":"","_monsterinsights_sitenote_category":0,"footnotes":""},"class_list":["post-21","page","type-page","status-publish","hentry"],"yoast_head":"<!-- This site is optimized with the Yoast SEO plugin v27.3 - https:\/\/yoast.com\/product\/yoast-seo-wordpress\/ -->\n<title>Contact - Plateforme Emploi Autonomie C\u00f4ti\u00e8re et Pays de Gex<\/title>\n<meta name=\"robots\" content=\"index, follow, max-snippet:-1, max-image-preview:large, max-video-preview:-1\" \/>\n<link rel=\"canonical\" href=\"https:\/\/apajhetvous.apajh.org\/Plateforme-emploi-autonomie-Cotiere-Pays-de-Gex\/contact\/\" \/>\n<meta property=\"og:locale\" content=\"fr_FR\" \/>\n<meta property=\"og:type\" content=\"article\" \/>\n<meta property=\"og:title\" content=\"Contact - Plateforme Emploi Autonomie C\u00f4ti\u00e8re et Pays de Gex\" \/>\n<meta property=\"og:description\" content=\"Vous avez re\u00e7u une orientation de la MDPH (maison d\u00e9partementale des personnes handicap\u00e9es) ou souhaitez obtenir des renseignements sur les accompagnements propos\u00e9s par nos structures, compl\u00e9tez le formulaire accessible en cliquant ici.\u00a0 Vous \u00eates une entreprise, un particulier ou une collectivit\u00e9 et souhaitez faire appel \u00e0 nos ESAT pour une prestation de services, compl\u00e9tez le\" \/>\n<meta property=\"og:url\" content=\"https:\/\/apajhetvous.apajh.org\/Plateforme-emploi-autonomie-Cotiere-Pays-de-Gex\/contact\/\" \/>\n<meta property=\"og:site_name\" content=\"Plateforme Emploi Autonomie C\u00f4ti\u00e8re et Pays de Gex\" \/>\n<meta property=\"article:modified_time\" content=\"2021-01-19T16:11:28+00:00\" \/>\n<meta name=\"twitter:card\" content=\"summary_large_image\" \/>\n<script type=\"application\/ld+json\" class=\"yoast-schema-graph\">{\"@context\":\"https:\\\/\\\/schema.org\",\"@graph\":[{\"@type\":\"WebPage\",\"@id\":\"https:\\\/\\\/apajhetvous.apajh.org\\\/Plateforme-emploi-autonomie-Cotiere-Pays-de-Gex\\\/contact\\\/\",\"url\":\"https:\\\/\\\/apajhetvous.apajh.org\\\/Plateforme-emploi-autonomie-Cotiere-Pays-de-Gex\\\/contact\\\/\",\"name\":\"Contact - Plateforme Emploi Autonomie C\u00f4ti\u00e8re et Pays de Gex\",\"isPartOf\":{\"@id\":\"https:\\\/\\\/apajhetvous.apajh.org\\\/Plateforme-emploi-autonomie-Cotiere-Pays-de-Gex\\\/#website\"},\"datePublished\":\"2020-02-17T13:45:02+00:00\",\"dateModified\":\"2021-01-19T16:11:28+00:00\",\"breadcrumb\":{\"@id\":\"https:\\\/\\\/apajhetvous.apajh.org\\\/Plateforme-emploi-autonomie-Cotiere-Pays-de-Gex\\\/contact\\\/#breadcrumb\"},\"inLanguage\":\"fr-FR\",\"potentialAction\":[{\"@type\":\"ReadAction\",\"target\":[\"https:\\\/\\\/apajhetvous.apajh.org\\\/Plateforme-emploi-autonomie-Cotiere-Pays-de-Gex\\\/contact\\\/\"]}]},{\"@type\":\"BreadcrumbList\",\"@id\":\"https:\\\/\\\/apajhetvous.apajh.org\\\/Plateforme-emploi-autonomie-Cotiere-Pays-de-Gex\\\/contact\\\/#breadcrumb\",\"itemListElement\":[{\"@type\":\"ListItem\",\"position\":1,\"name\":\"Accueil\",\"item\":\"https:\\\/\\\/apajhetvous.apajh.org\\\/Plateforme-emploi-autonomie-Cotiere-Pays-de-Gex\\\/\"},{\"@type\":\"ListItem\",\"position\":2,\"name\":\"Contact\"}]},{\"@type\":\"WebSite\",\"@id\":\"https:\\\/\\\/apajhetvous.apajh.org\\\/Plateforme-emploi-autonomie-Cotiere-Pays-de-Gex\\\/#website\",\"url\":\"https:\\\/\\\/apajhetvous.apajh.org\\\/Plateforme-emploi-autonomie-Cotiere-Pays-de-Gex\\\/\",\"name\":\"Plateforme Emploi Autonomie C\u00f4ti\u00e8re et Pays de Gex\",\"description\":\"\",\"potentialAction\":[{\"@type\":\"SearchAction\",\"target\":{\"@type\":\"EntryPoint\",\"urlTemplate\":\"https:\\\/\\\/apajhetvous.apajh.org\\\/Plateforme-emploi-autonomie-Cotiere-Pays-de-Gex\\\/?s={search_term_string}\"},\"query-input\":{\"@type\":\"PropertyValueSpecification\",\"valueRequired\":true,\"valueName\":\"search_term_string\"}}],\"inLanguage\":\"fr-FR\"}]}<\/script>\n<!-- \/ Yoast SEO plugin. -->","yoast_head_json":{"title":"Contact - Plateforme Emploi Autonomie C\u00f4ti\u00e8re et Pays de Gex","robots":{"index":"index","follow":"follow","max-snippet":"max-snippet:-1","max-image-preview":"max-image-preview:large","max-video-preview":"max-video-preview:-1"},"canonical":"https:\/\/apajhetvous.apajh.org\/Plateforme-emploi-autonomie-Cotiere-Pays-de-Gex\/contact\/","og_locale":"fr_FR","og_type":"article","og_title":"Contact - Plateforme Emploi Autonomie C\u00f4ti\u00e8re et Pays de Gex","og_description":"Vous avez re\u00e7u une orientation de la MDPH (maison d\u00e9partementale des personnes handicap\u00e9es) ou souhaitez obtenir des renseignements sur les accompagnements propos\u00e9s par nos structures, compl\u00e9tez le formulaire accessible en cliquant ici.\u00a0 Vous \u00eates une entreprise, un particulier ou une collectivit\u00e9 et souhaitez faire appel \u00e0 nos ESAT pour une prestation de services, compl\u00e9tez le","og_url":"https:\/\/apajhetvous.apajh.org\/Plateforme-emploi-autonomie-Cotiere-Pays-de-Gex\/contact\/","og_site_name":"Plateforme Emploi Autonomie C\u00f4ti\u00e8re et Pays de Gex","article_modified_time":"2021-01-19T16:11:28+00:00","twitter_card":"summary_large_image","schema":{"@context":"https:\/\/schema.org","@graph":[{"@type":"WebPage","@id":"https:\/\/apajhetvous.apajh.org\/Plateforme-emploi-autonomie-Cotiere-Pays-de-Gex\/contact\/","url":"https:\/\/apajhetvous.apajh.org\/Plateforme-emploi-autonomie-Cotiere-Pays-de-Gex\/contact\/","name":"Contact - Plateforme Emploi Autonomie C\u00f4ti\u00e8re et Pays de Gex","isPartOf":{"@id":"https:\/\/apajhetvous.apajh.org\/Plateforme-emploi-autonomie-Cotiere-Pays-de-Gex\/#website"},"datePublished":"2020-02-17T13:45:02+00:00","dateModified":"2021-01-19T16:11:28+00:00","breadcrumb":{"@id":"https:\/\/apajhetvous.apajh.org\/Plateforme-emploi-autonomie-Cotiere-Pays-de-Gex\/contact\/#breadcrumb"},"inLanguage":"fr-FR","potentialAction":[{"@type":"ReadAction","target":["https:\/\/apajhetvous.apajh.org\/Plateforme-emploi-autonomie-Cotiere-Pays-de-Gex\/contact\/"]}]},{"@type":"BreadcrumbList","@id":"https:\/\/apajhetvous.apajh.org\/Plateforme-emploi-autonomie-Cotiere-Pays-de-Gex\/contact\/#breadcrumb","itemListElement":[{"@type":"ListItem","position":1,"name":"Accueil","item":"https:\/\/apajhetvous.apajh.org\/Plateforme-emploi-autonomie-Cotiere-Pays-de-Gex\/"},{"@type":"ListItem","position":2,"name":"Contact"}]},{"@type":"WebSite","@id":"https:\/\/apajhetvous.apajh.org\/Plateforme-emploi-autonomie-Cotiere-Pays-de-Gex\/#website","url":"https:\/\/apajhetvous.apajh.org\/Plateforme-emploi-autonomie-Cotiere-Pays-de-Gex\/","name":"Plateforme Emploi Autonomie C\u00f4ti\u00e8re et Pays de Gex","description":"","potentialAction":[{"@type":"SearchAction","target":{"@type":"EntryPoint","urlTemplate":"https:\/\/apajhetvous.apajh.org\/Plateforme-emploi-autonomie-Cotiere-Pays-de-Gex\/?s={search_term_string}"},"query-input":{"@type":"PropertyValueSpecification","valueRequired":true,"valueName":"search_term_string"}}],"inLanguage":"fr-FR"}]}},"_links":{"self":[{"href":"https:\/\/apajhetvous.apajh.org\/Plateforme-emploi-autonomie-Cotiere-Pays-de-Gex\/wp-json\/wp\/v2\/pages\/21","targetHints":{"allow":["GET"]}}],"collection":[{"href":"https:\/\/apajhetvous.apajh.org\/Plateforme-emploi-autonomie-Cotiere-Pays-de-Gex\/wp-json\/wp\/v2\/pages"}],"about":[{"href":"https:\/\/apajhetvous.apajh.org\/Plateforme-emploi-autonomie-Cotiere-Pays-de-Gex\/wp-json\/wp\/v2\/types\/page"}],"author":[{"embeddable":true,"href":"https:\/\/apajhetvous.apajh.org\/Plateforme-emploi-autonomie-Cotiere-Pays-de-Gex\/wp-json\/wp\/v2\/users\/1"}],"replies":[{"embeddable":true,"href":"https:\/\/apajhetvous.apajh.org\/Plateforme-emploi-autonomie-Cotiere-Pays-de-Gex\/wp-json\/wp\/v2\/comments?post=21"}],"version-history":[{"count":3,"href":"https:\/\/apajhetvous.apajh.org\/Plateforme-emploi-autonomie-Cotiere-Pays-de-Gex\/wp-json\/wp\/v2\/pages\/21\/revisions"}],"predecessor-version":[{"id":248,"href":"https:\/\/apajhetvous.apajh.org\/Plateforme-emploi-autonomie-Cotiere-Pays-de-Gex\/wp-json\/wp\/v2\/pages\/21\/revisions\/248"}],"wp:attachment":[{"href":"https:\/\/apajhetvous.apajh.org\/Plateforme-emploi-autonomie-Cotiere-Pays-de-Gex\/wp-json\/wp\/v2\/media?parent=21"}],"curies":[{"name":"wp","href":"https:\/\/api.w.org\/{rel}","templated":true}]}}