{"id":90,"date":"2020-02-18T10:26:01","date_gmt":"2020-02-18T09:26:01","guid":{"rendered":"http:\/\/apajhetvous.apajh.org\/Plateforme-emploi-autonomie-Cotiere-Pays-de-Gex\/?page_id=90"},"modified":"2026-04-03T09:32:04","modified_gmt":"2026-04-03T07:32:04","slug":"offre-commerciale","status":"publish","type":"page","link":"https:\/\/apajhetvous.apajh.org\/Plateforme-emploi-autonomie-Cotiere-Pays-de-Gex\/offre-commerciale\/","title":{"rendered":"PRESTATIONS COMMERCIALES : Presta&rsquo;C\u00f4ti\u00e8re et Presta&rsquo;Gex."},"content":{"rendered":"\n<figure class=\"wp-block-image size-large is-resized\"><img loading=\"lazy\" decoding=\"async\" width=\"1024\" height=\"572\" src=\"https:\/\/apajhetvous.apajh.org\/Plateforme-emploi-autonomie-Cotiere-Pays-de-Gex\/wp-content\/uploads\/2026\/04\/Capture-decran-2026-04-03-092638-1024x572.png\" alt=\"\" class=\"wp-image-1259\" style=\"aspect-ratio:1.7902654317150495;width:449px;height:auto\" srcset=\"https:\/\/apajhetvous.apajh.org\/Plateforme-emploi-autonomie-Cotiere-Pays-de-Gex\/wp-content\/uploads\/2026\/04\/Capture-decran-2026-04-03-092638-1024x572.png 1024w, https:\/\/apajhetvous.apajh.org\/Plateforme-emploi-autonomie-Cotiere-Pays-de-Gex\/wp-content\/uploads\/2026\/04\/Capture-decran-2026-04-03-092638-300x167.png 300w, https:\/\/apajhetvous.apajh.org\/Plateforme-emploi-autonomie-Cotiere-Pays-de-Gex\/wp-content\/uploads\/2026\/04\/Capture-decran-2026-04-03-092638-768x429.png 768w, https:\/\/apajhetvous.apajh.org\/Plateforme-emploi-autonomie-Cotiere-Pays-de-Gex\/wp-content\/uploads\/2026\/04\/Capture-decran-2026-04-03-092638-370x207.png 370w, https:\/\/apajhetvous.apajh.org\/Plateforme-emploi-autonomie-Cotiere-Pays-de-Gex\/wp-content\/uploads\/2026\/04\/Capture-decran-2026-04-03-092638.png 1107w\" sizes=\"auto, (max-width: 1024px) 100vw, 1024px\" \/><\/figure>\n\n\n\n<figure class=\"wp-block-image size-full is-resized\"><img loading=\"lazy\" decoding=\"async\" width=\"981\" height=\"570\" src=\"https:\/\/apajhetvous.apajh.org\/Plateforme-emploi-autonomie-Cotiere-Pays-de-Gex\/wp-content\/uploads\/2026\/04\/Capture-decran-2026-04-03-093137.png\" alt=\"\" class=\"wp-image-1261\" style=\"aspect-ratio:1.7210910487898579;width:430px;height:auto\" srcset=\"https:\/\/apajhetvous.apajh.org\/Plateforme-emploi-autonomie-Cotiere-Pays-de-Gex\/wp-content\/uploads\/2026\/04\/Capture-decran-2026-04-03-093137.png 981w, https:\/\/apajhetvous.apajh.org\/Plateforme-emploi-autonomie-Cotiere-Pays-de-Gex\/wp-content\/uploads\/2026\/04\/Capture-decran-2026-04-03-093137-300x174.png 300w, https:\/\/apajhetvous.apajh.org\/Plateforme-emploi-autonomie-Cotiere-Pays-de-Gex\/wp-content\/uploads\/2026\/04\/Capture-decran-2026-04-03-093137-768x446.png 768w, https:\/\/apajhetvous.apajh.org\/Plateforme-emploi-autonomie-Cotiere-Pays-de-Gex\/wp-content\/uploads\/2026\/04\/Capture-decran-2026-04-03-093137-370x215.png 370w\" sizes=\"auto, (max-width: 981px) 100vw, 981px\" \/><\/figure>\n\n\n\n<h2 class=\"wp-block-heading\">Nos comp\u00e9tences au service des entreprises et des particuliers depuis 1999. <\/h2>\n\n\n\n<ul class=\"wp-block-list\">\n<li>Am\u00e9nagement et entretien des espaces verts et des espaces naturels (Commune de Meximieux).<\/li>\n\n\n\n<li>Entretien des locaux collectifs (entreprises, associations, artisans, bureaux.<\/li>\n\n\n\n<li>Logistique et conditionnement. (Commune de Meximieux). <\/li>\n\n\n\n<li>Location d&rsquo;espaces de travail et de formation (Commune de Ferney-Voltaire). <\/li>\n\n\n\n<li>Destruction de documents administratifs (Commune de Meximieux)<\/li>\n\n\n\n<li>Blanchisserie norme RABC\/Repassage (Commune de Ferney-Voltaire).<\/li>\n\n\n\n<li>Facility Management (ex : mise sous pli, distribution de prospectus, \u2026).<\/li>\n\n\n\n<li>Diverses prestations de d\u00e9m\u00e9nagement de locaux ou de d\u00e9barrassage de d\u00e9chets&#8230;  <\/li>\n\n\n\n<li>Mise \u00e0 disposition individuelles et prestations collectives en entreprise avec encadrement possible. <\/li>\n\n\n\n<li>Accompagnement \u00e0 l&rsquo;inclusion professionnelle en milieu ordinaire de travail via l&rsquo;\u00e9quipe de charg\u00e9s d&rsquo;insertion professionnelle. <\/li>\n<\/ul>\n\n\n\n<h2 class=\"wp-block-heading\">Notre rayon d&rsquo;action<\/h2>\n\n\n\n<p>Selon les activit\u00e9s : Ain (01) &#8211; Is\u00e8re (38) &#8211; Rh\u00f4ne (69) &#8211; Haute Savoie (74)  et l&rsquo;ensemble de la r\u00e9gion Auvergne Rh\u00f4ne-Alpes. <\/p>\n\n\n\n<h2 class=\"wp-block-heading\">Nos normes, habilitations, certifications et \u00e9valuations.<\/h2>\n\n\n\n<ul class=\"wp-block-list\">\n<li>ISO 9001 v.2015<\/li>\n\n\n\n<li>Habilitation \u00e9lectrique<\/li>\n\n\n\n<li>RABC Blanchisserie (En cours 2025)<\/li>\n\n\n\n<li>Evaluation Externe ESMS HAS : \u00ab\u00a0recevabilit\u00e9 op\u00e9rationnelle favorable\u00a0\u00bb Cabinet AUTONOMII Avril 2024. <\/li>\n<\/ul>\n\n\n\n<h2 class=\"wp-block-heading\">Nos clients<\/h2>\n\n\n\n<ul class=\"wp-block-list\">\n<li>Petites et moyennes entreprises<\/li>\n\n\n\n<li>Collectivit\u00e9s <\/li>\n\n\n\n<li>Associations<\/li>\n\n\n\n<li>Particuliers<\/li>\n<\/ul>\n\n\n\n<blockquote class=\"wp-block-quote is-layout-flow wp-block-quote-is-layout-flow\">\n<p>\u00abForte r\u00e9activit\u00e9 et comp\u00e9tences techniques. Nos \u00e9quipes sont en partie issues de l&rsquo;industrie ou des services.<\/p>\n<\/blockquote>\n\n\n\n<h2 class=\"wp-block-heading\">Presta&rsquo;C\u00f4ti\u00e8re et Presta&rsquo;Gex : un Etablissement et Service d&rsquo;Accompagnement par le Travail :<\/h2>\n\n\n\n<p>Notre <strong>ESAT <\/strong>est organis\u00e9 en 2 sites :<\/p>\n\n\n\n<p>Le site principal de Meximieux \u00ab\u00a0La C\u00f4ti\u00e8re\u00a0\u00bb situ\u00e9 524 rue des Artisans \u00e0 seulement 40 minutes de Lyon et de Bourg en Bresse.<\/p>\n\n\n\n<p>Le site annexe sur Ferney-Voltaire \u00ab\u00a0Pays de Gex\u00a0\u00bb situ\u00e9 53 rue de la Poterie, aux portes de Gen\u00e8ve et \u00e0 45 minutes d&rsquo;Annecy.<\/p>\n\n\n\n<p>Les \u00e9tablissements proposent diff\u00e9rentes prestations et peuvent intervenir sur l&rsquo;ensemble de la r\u00e9gion Auvergne Rh\u00f4ne-Alpes.<\/p>\n\n\n\n<p>En faisant appel \u00e0 notre ESAT vous contribuez \u00e0 l&rsquo;inclusion des personnes en situation de handicap. Vous b\u00e9n\u00e9ficiez \u00e9galement d&rsquo;une qualit\u00e9 d&rsquo;ex\u00e9cution et d&rsquo;une expertise semblable \u00e0 des prestations propos\u00e9es par les entreprises du milieu ordinaire de travail.<\/p>\n\n\n\n<h2 class=\"wp-block-heading\">D\u00e9duction de votre obligation d&#8217;emploi de travailleurs handicap\u00e9s (OETH)<\/h2>\n\n\n\n<p>Vous \u00eates une entreprise et faites d\u00e9j\u00e0 appel \u00e0 nos services ? <a href=\"https:\/\/www.agefiph.fr\/articles\/obligation\/en-2020-loeth-evolue-anticipons-ensemble-1\" target=\"_blank\" rel=\"noopener noreferrer\">Cliquez ici pour en savoir plus<\/a> sur les d\u00e9ductions possibles pour votre contribution \u00e0 l&rsquo;OETH<\/p>\n\n\n\n<p><a rel=\"noopener noreferrer\" href=\"http:\/\/apajhetvous.apajh.org\/Plateforme-emploi-autonomie-Cotiere-Pays-de-Gex\/pour-une-prestation-commerciale\/\" target=\"_blank\">Nous contacter<\/a><\/p>\n\n\n\n<p>N\u2019h\u00e9sitez pas \u00e0 vous rendre sur place, nous contacter par mail, par t\u00e9l\u00e9phone ou <strong>utiliser la rubrique CONTACT<\/strong> du site. <\/p>\n\n\n\n<p>Les travailleurs et l\u2019\u00e9quipe des encadrants auront \u00e0 coeur d\u2019\u00e9couter vos besoins et de vous proposer la prestation la plus adapt\u00e9e sur devis.<\/p>\n\n\n","protected":false},"excerpt":{"rendered":"<p>Nos comp\u00e9tences au service des entreprises et des particuliers depuis 1999. Am\u00e9nagement et entretien des espaces verts et des espaces naturels (Commune de Meximieux). Entretien des locaux collectifs (entreprises, associations, artisans, bureaux. Logistique et conditionnement. (Commune de Meximieux). Location d&rsquo;espaces de travail et de formation (Commune de Ferney-Voltaire). Destruction de documents administratifs (Commune de Meximieux)<\/p>\n","protected":false},"author":1,"featured_media":1229,"parent":0,"menu_order":0,"comment_status":"closed","ping_status":"closed","template":"","meta":{"_monsterinsights_skip_tracking":false,"_monsterinsights_sitenote_active":false,"_monsterinsights_sitenote_note":"","_monsterinsights_sitenote_category":0,"footnotes":""},"class_list":["post-90","page","type-page","status-publish","has-post-thumbnail","hentry"],"yoast_head":"<!-- This site is optimized with the Yoast SEO plugin v27.3 - https:\/\/yoast.com\/product\/yoast-seo-wordpress\/ -->\n<title>PRESTATIONS COMMERCIALES : Presta&#039;C\u00f4ti\u00e8re et Presta&#039;Gex. - Plateforme Emploi Autonomie C\u00f4ti\u00e8re et Pays de Gex<\/title>\n<meta name=\"robots\" content=\"index, follow, max-snippet:-1, max-image-preview:large, max-video-preview:-1\" \/>\n<link rel=\"canonical\" href=\"https:\/\/apajhetvous.apajh.org\/Plateforme-emploi-autonomie-Cotiere-Pays-de-Gex\/offre-commerciale\/\" \/>\n<meta property=\"og:locale\" content=\"fr_FR\" \/>\n<meta property=\"og:type\" content=\"article\" \/>\n<meta property=\"og:title\" content=\"PRESTATIONS COMMERCIALES : Presta&#039;C\u00f4ti\u00e8re et Presta&#039;Gex. - Plateforme Emploi Autonomie C\u00f4ti\u00e8re et Pays de Gex\" \/>\n<meta property=\"og:description\" content=\"Nos comp\u00e9tences au service des entreprises et des particuliers depuis 1999. Am\u00e9nagement et entretien des espaces verts et des espaces naturels (Commune de Meximieux). Entretien des locaux collectifs (entreprises, associations, artisans, bureaux. Logistique et conditionnement. (Commune de Meximieux). Location d&rsquo;espaces de travail et de formation (Commune de Ferney-Voltaire). Destruction de documents administratifs (Commune de Meximieux)\" \/>\n<meta property=\"og:url\" content=\"https:\/\/apajhetvous.apajh.org\/Plateforme-emploi-autonomie-Cotiere-Pays-de-Gex\/offre-commerciale\/\" \/>\n<meta property=\"og:site_name\" content=\"Plateforme Emploi Autonomie C\u00f4ti\u00e8re et Pays de Gex\" \/>\n<meta property=\"article:modified_time\" content=\"2026-04-03T07:32:04+00:00\" \/>\n<meta property=\"og:image\" content=\"https:\/\/apajhetvous.apajh.org\/Plateforme-emploi-autonomie-Cotiere-Pays-de-Gex\/wp-content\/uploads\/2026\/02\/LOGO-ESAT-2026-PUNCH-LINE.jpg\" \/>\n\t<meta property=\"og:image:width\" content=\"1448\" \/>\n\t<meta property=\"og:image:height\" content=\"474\" \/>\n\t<meta property=\"og:image:type\" content=\"image\/jpeg\" \/>\n<meta name=\"twitter:card\" content=\"summary_large_image\" \/>\n<meta name=\"twitter:label1\" content=\"Dur\u00e9e de lecture estim\u00e9e\" \/>\n\t<meta name=\"twitter:data1\" content=\"3 minutes\" \/>\n<script type=\"application\/ld+json\" class=\"yoast-schema-graph\">{\"@context\":\"https:\\\/\\\/schema.org\",\"@graph\":[{\"@type\":\"WebPage\",\"@id\":\"https:\\\/\\\/apajhetvous.apajh.org\\\/Plateforme-emploi-autonomie-Cotiere-Pays-de-Gex\\\/offre-commerciale\\\/\",\"url\":\"https:\\\/\\\/apajhetvous.apajh.org\\\/Plateforme-emploi-autonomie-Cotiere-Pays-de-Gex\\\/offre-commerciale\\\/\",\"name\":\"PRESTATIONS COMMERCIALES : Presta'C\u00f4ti\u00e8re et Presta'Gex. - Plateforme Emploi Autonomie C\u00f4ti\u00e8re et Pays de Gex\",\"isPartOf\":{\"@id\":\"https:\\\/\\\/apajhetvous.apajh.org\\\/Plateforme-emploi-autonomie-Cotiere-Pays-de-Gex\\\/#website\"},\"primaryImageOfPage\":{\"@id\":\"https:\\\/\\\/apajhetvous.apajh.org\\\/Plateforme-emploi-autonomie-Cotiere-Pays-de-Gex\\\/offre-commerciale\\\/#primaryimage\"},\"image\":{\"@id\":\"https:\\\/\\\/apajhetvous.apajh.org\\\/Plateforme-emploi-autonomie-Cotiere-Pays-de-Gex\\\/offre-commerciale\\\/#primaryimage\"},\"thumbnailUrl\":\"https:\\\/\\\/apajhetvous.apajh.org\\\/Plateforme-emploi-autonomie-Cotiere-Pays-de-Gex\\\/wp-content\\\/uploads\\\/2026\\\/02\\\/LOGO-ESAT-2026-PUNCH-LINE.jpg\",\"datePublished\":\"2020-02-18T09:26:01+00:00\",\"dateModified\":\"2026-04-03T07:32:04+00:00\",\"breadcrumb\":{\"@id\":\"https:\\\/\\\/apajhetvous.apajh.org\\\/Plateforme-emploi-autonomie-Cotiere-Pays-de-Gex\\\/offre-commerciale\\\/#breadcrumb\"},\"inLanguage\":\"fr-FR\",\"potentialAction\":[{\"@type\":\"ReadAction\",\"target\":[\"https:\\\/\\\/apajhetvous.apajh.org\\\/Plateforme-emploi-autonomie-Cotiere-Pays-de-Gex\\\/offre-commerciale\\\/\"]}]},{\"@type\":\"ImageObject\",\"inLanguage\":\"fr-FR\",\"@id\":\"https:\\\/\\\/apajhetvous.apajh.org\\\/Plateforme-emploi-autonomie-Cotiere-Pays-de-Gex\\\/offre-commerciale\\\/#primaryimage\",\"url\":\"https:\\\/\\\/apajhetvous.apajh.org\\\/Plateforme-emploi-autonomie-Cotiere-Pays-de-Gex\\\/wp-content\\\/uploads\\\/2026\\\/02\\\/LOGO-ESAT-2026-PUNCH-LINE.jpg\",\"contentUrl\":\"https:\\\/\\\/apajhetvous.apajh.org\\\/Plateforme-emploi-autonomie-Cotiere-Pays-de-Gex\\\/wp-content\\\/uploads\\\/2026\\\/02\\\/LOGO-ESAT-2026-PUNCH-LINE.jpg\",\"width\":1448,\"height\":474,\"caption\":\"La C\u00f4ti\u00e8re - 2\"},{\"@type\":\"BreadcrumbList\",\"@id\":\"https:\\\/\\\/apajhetvous.apajh.org\\\/Plateforme-emploi-autonomie-Cotiere-Pays-de-Gex\\\/offre-commerciale\\\/#breadcrumb\",\"itemListElement\":[{\"@type\":\"ListItem\",\"position\":1,\"name\":\"Accueil\",\"item\":\"https:\\\/\\\/apajhetvous.apajh.org\\\/Plateforme-emploi-autonomie-Cotiere-Pays-de-Gex\\\/\"},{\"@type\":\"ListItem\",\"position\":2,\"name\":\"PRESTATIONS COMMERCIALES : Presta&rsquo;C\u00f4ti\u00e8re et Presta&rsquo;Gex.\"}]},{\"@type\":\"WebSite\",\"@id\":\"https:\\\/\\\/apajhetvous.apajh.org\\\/Plateforme-emploi-autonomie-Cotiere-Pays-de-Gex\\\/#website\",\"url\":\"https:\\\/\\\/apajhetvous.apajh.org\\\/Plateforme-emploi-autonomie-Cotiere-Pays-de-Gex\\\/\",\"name\":\"Plateforme Emploi Autonomie C\u00f4ti\u00e8re et Pays de Gex\",\"description\":\"\",\"potentialAction\":[{\"@type\":\"SearchAction\",\"target\":{\"@type\":\"EntryPoint\",\"urlTemplate\":\"https:\\\/\\\/apajhetvous.apajh.org\\\/Plateforme-emploi-autonomie-Cotiere-Pays-de-Gex\\\/?s={search_term_string}\"},\"query-input\":{\"@type\":\"PropertyValueSpecification\",\"valueRequired\":true,\"valueName\":\"search_term_string\"}}],\"inLanguage\":\"fr-FR\"}]}<\/script>\n<!-- \/ Yoast SEO plugin. -->","yoast_head_json":{"title":"PRESTATIONS COMMERCIALES : Presta'C\u00f4ti\u00e8re et Presta'Gex. - Plateforme Emploi Autonomie C\u00f4ti\u00e8re et Pays de Gex","robots":{"index":"index","follow":"follow","max-snippet":"max-snippet:-1","max-image-preview":"max-image-preview:large","max-video-preview":"max-video-preview:-1"},"canonical":"https:\/\/apajhetvous.apajh.org\/Plateforme-emploi-autonomie-Cotiere-Pays-de-Gex\/offre-commerciale\/","og_locale":"fr_FR","og_type":"article","og_title":"PRESTATIONS COMMERCIALES : Presta'C\u00f4ti\u00e8re et Presta'Gex. - Plateforme Emploi Autonomie C\u00f4ti\u00e8re et Pays de Gex","og_description":"Nos comp\u00e9tences au service des entreprises et des particuliers depuis 1999. Am\u00e9nagement et entretien des espaces verts et des espaces naturels (Commune de Meximieux). Entretien des locaux collectifs (entreprises, associations, artisans, bureaux. Logistique et conditionnement. (Commune de Meximieux). Location d&rsquo;espaces de travail et de formation (Commune de Ferney-Voltaire). Destruction de documents administratifs (Commune de Meximieux)","og_url":"https:\/\/apajhetvous.apajh.org\/Plateforme-emploi-autonomie-Cotiere-Pays-de-Gex\/offre-commerciale\/","og_site_name":"Plateforme Emploi Autonomie C\u00f4ti\u00e8re et Pays de Gex","article_modified_time":"2026-04-03T07:32:04+00:00","og_image":[{"width":1448,"height":474,"url":"https:\/\/apajhetvous.apajh.org\/Plateforme-emploi-autonomie-Cotiere-Pays-de-Gex\/wp-content\/uploads\/2026\/02\/LOGO-ESAT-2026-PUNCH-LINE.jpg","type":"image\/jpeg"}],"twitter_card":"summary_large_image","twitter_misc":{"Dur\u00e9e de lecture estim\u00e9e":"3 minutes"},"schema":{"@context":"https:\/\/schema.org","@graph":[{"@type":"WebPage","@id":"https:\/\/apajhetvous.apajh.org\/Plateforme-emploi-autonomie-Cotiere-Pays-de-Gex\/offre-commerciale\/","url":"https:\/\/apajhetvous.apajh.org\/Plateforme-emploi-autonomie-Cotiere-Pays-de-Gex\/offre-commerciale\/","name":"PRESTATIONS COMMERCIALES : Presta'C\u00f4ti\u00e8re et Presta'Gex. - Plateforme Emploi Autonomie C\u00f4ti\u00e8re et Pays de Gex","isPartOf":{"@id":"https:\/\/apajhetvous.apajh.org\/Plateforme-emploi-autonomie-Cotiere-Pays-de-Gex\/#website"},"primaryImageOfPage":{"@id":"https:\/\/apajhetvous.apajh.org\/Plateforme-emploi-autonomie-Cotiere-Pays-de-Gex\/offre-commerciale\/#primaryimage"},"image":{"@id":"https:\/\/apajhetvous.apajh.org\/Plateforme-emploi-autonomie-Cotiere-Pays-de-Gex\/offre-commerciale\/#primaryimage"},"thumbnailUrl":"https:\/\/apajhetvous.apajh.org\/Plateforme-emploi-autonomie-Cotiere-Pays-de-Gex\/wp-content\/uploads\/2026\/02\/LOGO-ESAT-2026-PUNCH-LINE.jpg","datePublished":"2020-02-18T09:26:01+00:00","dateModified":"2026-04-03T07:32:04+00:00","breadcrumb":{"@id":"https:\/\/apajhetvous.apajh.org\/Plateforme-emploi-autonomie-Cotiere-Pays-de-Gex\/offre-commerciale\/#breadcrumb"},"inLanguage":"fr-FR","potentialAction":[{"@type":"ReadAction","target":["https:\/\/apajhetvous.apajh.org\/Plateforme-emploi-autonomie-Cotiere-Pays-de-Gex\/offre-commerciale\/"]}]},{"@type":"ImageObject","inLanguage":"fr-FR","@id":"https:\/\/apajhetvous.apajh.org\/Plateforme-emploi-autonomie-Cotiere-Pays-de-Gex\/offre-commerciale\/#primaryimage","url":"https:\/\/apajhetvous.apajh.org\/Plateforme-emploi-autonomie-Cotiere-Pays-de-Gex\/wp-content\/uploads\/2026\/02\/LOGO-ESAT-2026-PUNCH-LINE.jpg","contentUrl":"https:\/\/apajhetvous.apajh.org\/Plateforme-emploi-autonomie-Cotiere-Pays-de-Gex\/wp-content\/uploads\/2026\/02\/LOGO-ESAT-2026-PUNCH-LINE.jpg","width":1448,"height":474,"caption":"La C\u00f4ti\u00e8re - 2"},{"@type":"BreadcrumbList","@id":"https:\/\/apajhetvous.apajh.org\/Plateforme-emploi-autonomie-Cotiere-Pays-de-Gex\/offre-commerciale\/#breadcrumb","itemListElement":[{"@type":"ListItem","position":1,"name":"Accueil","item":"https:\/\/apajhetvous.apajh.org\/Plateforme-emploi-autonomie-Cotiere-Pays-de-Gex\/"},{"@type":"ListItem","position":2,"name":"PRESTATIONS COMMERCIALES : Presta&rsquo;C\u00f4ti\u00e8re et Presta&rsquo;Gex."}]},{"@type":"WebSite","@id":"https:\/\/apajhetvous.apajh.org\/Plateforme-emploi-autonomie-Cotiere-Pays-de-Gex\/#website","url":"https:\/\/apajhetvous.apajh.org\/Plateforme-emploi-autonomie-Cotiere-Pays-de-Gex\/","name":"Plateforme Emploi Autonomie C\u00f4ti\u00e8re et Pays de Gex","description":"","potentialAction":[{"@type":"SearchAction","target":{"@type":"EntryPoint","urlTemplate":"https:\/\/apajhetvous.apajh.org\/Plateforme-emploi-autonomie-Cotiere-Pays-de-Gex\/?s={search_term_string}"},"query-input":{"@type":"PropertyValueSpecification","valueRequired":true,"valueName":"search_term_string"}}],"inLanguage":"fr-FR"}]}},"_links":{"self":[{"href":"https:\/\/apajhetvous.apajh.org\/Plateforme-emploi-autonomie-Cotiere-Pays-de-Gex\/wp-json\/wp\/v2\/pages\/90","targetHints":{"allow":["GET"]}}],"collection":[{"href":"https:\/\/apajhetvous.apajh.org\/Plateforme-emploi-autonomie-Cotiere-Pays-de-Gex\/wp-json\/wp\/v2\/pages"}],"about":[{"href":"https:\/\/apajhetvous.apajh.org\/Plateforme-emploi-autonomie-Cotiere-Pays-de-Gex\/wp-json\/wp\/v2\/types\/page"}],"author":[{"embeddable":true,"href":"https:\/\/apajhetvous.apajh.org\/Plateforme-emploi-autonomie-Cotiere-Pays-de-Gex\/wp-json\/wp\/v2\/users\/1"}],"replies":[{"embeddable":true,"href":"https:\/\/apajhetvous.apajh.org\/Plateforme-emploi-autonomie-Cotiere-Pays-de-Gex\/wp-json\/wp\/v2\/comments?post=90"}],"version-history":[{"count":40,"href":"https:\/\/apajhetvous.apajh.org\/Plateforme-emploi-autonomie-Cotiere-Pays-de-Gex\/wp-json\/wp\/v2\/pages\/90\/revisions"}],"predecessor-version":[{"id":1262,"href":"https:\/\/apajhetvous.apajh.org\/Plateforme-emploi-autonomie-Cotiere-Pays-de-Gex\/wp-json\/wp\/v2\/pages\/90\/revisions\/1262"}],"wp:featuredmedia":[{"embeddable":true,"href":"https:\/\/apajhetvous.apajh.org\/Plateforme-emploi-autonomie-Cotiere-Pays-de-Gex\/wp-json\/wp\/v2\/media\/1229"}],"wp:attachment":[{"href":"https:\/\/apajhetvous.apajh.org\/Plateforme-emploi-autonomie-Cotiere-Pays-de-Gex\/wp-json\/wp\/v2\/media?parent=90"}],"curies":[{"name":"wp","href":"https:\/\/api.w.org\/{rel}","templated":true}]}}