{"id":2526,"date":"2017-08-25T10:26:31","date_gmt":"2017-08-25T10:26:31","guid":{"rendered":"http:\/\/apajhetvous.apajh.org\/braconnac\/?page_id=2526"},"modified":"2025-03-21T12:49:13","modified_gmt":"2025-03-21T11:49:13","slug":"contact","status":"publish","type":"page","link":"https:\/\/apajhetvous.apajh.org\/braconnac\/contact\/","title":{"rendered":"Contact"},"content":{"rendered":"<section class=\"contact-container\">\n<h2 style=\"text-align: center;\">NOUS JOINDRE<\/h2>\n<p><!-- Conteneur principal --><\/p>\n<div class=\"contact-content\">\n<p><!-- Informations des \u00e9tablissements \u00e0 gauche --><\/p>\n<div class=\"contact-sites\">\n<div class=\"contact-site braconnac\">\n<h3>Site de Braconac &#8211; Les Ormes<\/h3>\n<p><strong>Adresse :<\/strong> 17, chemin de la Grande Plaine, 81440 Jonqui\u00e8res<\/p>\n<p><strong>T\u00e9l\u00e9phone :<\/strong> <a href=\"tel:+33563821563\">05 63 82 15 63<\/a><\/p>\n<p><strong>Horaires :<\/strong> 8h30 &#8211; 17h (lundi 9h, vendredi 15h)<\/p>\n<\/div>\n<div class=\"contact-site rey\">\n<h3>Site du Rey<\/h3>\n<p><strong>Adresse :<\/strong> 33, rue du Rey, 81100 Castres<\/p>\n<p><strong>T\u00e9l\u00e9phone :<\/strong> <a href=\"tel:+33563821076\">05 63 82 10 76<\/a><\/p>\n<p><strong>Horaires :<\/strong> 8h30 &#8211; 16h15 (lundi 17h15, vendredi 13h)<\/p>\n<\/div>\n<\/div>\n<p><!-- Cartes --><\/p>\n<div class=\"contact-map\">\n<h3 style=\"text-align: center;\">Localisation<\/h3>\n<div class=\"maps-container\">\n<p><!-- Carte de Braconac --><\/p>\n<div class=\"map-item\">\n<p><iframe loading=\"lazy\" style=\"border: 0;\" src=\"https:\/\/www.google.com\/maps\/embed?pb=!1m14!1m8!1m3!1d184713.21875895176!2d2.143839!3d43.665974!3m2!1i1024!2i768!4f13.1!3m3!1m2!1s0x12ae733297eb9fb9%3A0x489ad6cad5de5ddb!2sLes%20Ateliers%20De%20Braconnac%20-%20Apajh!5e0!3m2!1sfr!2sus!4v1741939263137!5m2!1sfr!2sus\" width=\"250\" height=\"250\" allowfullscreen=\"allowfullscreen\"><\/iframe><\/p>\n<p style=\"text-align: center;\">Site de Braconac<\/p>\n<\/div>\n<p><!-- Carte du Rey --><\/p>\n<div class=\"map-item\">\n<p><iframe loading=\"lazy\" style=\"border: 0;\" src=\"https:\/\/www.google.com\/maps\/embed?pb=!1m18!1m12!1m3!1d2889.1836109673827!2d2.229942276650614!3d43.60271845569379!2m3!1f0!2f0!3f0!3m2!1i1024!2i768!4f13.1!3m3!1m2!1s0x12ae125940eab529%3A0x66cc532d1e20a1b4!2sLes%20Ateliers%20De%20Braconnac%20-%20Apajh!5e0!3m2!1sfr!2sus!4v1741939290082!5m2!1sfr!2sus\" width=\"250\" height=\"250\" allowfullscreen=\"allowfullscreen\"><\/iframe><\/p>\n<p style=\"text-align: center;\">Site du Rey<\/p>\n<\/div>\n<\/div>\n<\/div>\n<\/div>\n<p><!-- Formulaire de contact --><\/p>\n<h2 style=\"text-align: center;\">Une question?<\/h2>\n\n<div class=\"wpcf7 no-js\" id=\"wpcf7-f2530-o1\" lang=\"en-US\" dir=\"ltr\" data-wpcf7-id=\"2530\">\n<div class=\"screen-reader-response\"><p role=\"status\" aria-live=\"polite\" aria-atomic=\"true\"><\/p> <ul><\/ul><\/div>\n<form action=\"\/braconnac\/wp-json\/wp\/v2\/pages\/2526#wpcf7-f2530-o1\" method=\"post\" class=\"wpcf7-form init\" aria-label=\"Contact form\" novalidate=\"novalidate\" data-status=\"init\">\n<fieldset class=\"hidden-fields-container\"><input type=\"hidden\" name=\"_wpcf7\" value=\"2530\" \/><input type=\"hidden\" name=\"_wpcf7_version\" value=\"6.1.5\" \/><input type=\"hidden\" name=\"_wpcf7_locale\" value=\"en_US\" \/><input type=\"hidden\" name=\"_wpcf7_unit_tag\" value=\"wpcf7-f2530-o1\" \/><input type=\"hidden\" name=\"_wpcf7_container_post\" value=\"0\" \/><input type=\"hidden\" name=\"_wpcf7_posted_data_hash\" value=\"\" \/>\n<\/fieldset>\n<p><label>Nom :<\/label><br \/>\n<span class=\"wpcf7-form-control-wrap\" data-name=\"your-name\"><input size=\"40\" maxlength=\"400\" class=\"wpcf7-form-control wpcf7-text wpcf7-validates-as-required\" aria-required=\"true\" aria-invalid=\"false\" placeholder=\"Votre nom\" value=\"\" type=\"text\" name=\"your-name\" \/><\/span>\n<\/p>\n<p><label>Email :<\/label><br \/>\n<span class=\"wpcf7-form-control-wrap\" data-name=\"your-email\"><input size=\"40\" maxlength=\"400\" class=\"wpcf7-form-control wpcf7-email wpcf7-validates-as-required wpcf7-text wpcf7-validates-as-email\" aria-required=\"true\" aria-invalid=\"false\" placeholder=\"Votre email\" value=\"\" type=\"email\" name=\"your-email\" \/><\/span>\n<\/p>\n<p><label>Cat\u00e9gorie :<\/label><br \/>\n<span class=\"wpcf7-form-control-wrap\" data-name=\"categorie\"><select class=\"wpcf7-form-control wpcf7-select wpcf7-validates-as-required\" aria-required=\"true\" aria-invalid=\"false\" name=\"categorie\"><option value=\"L&#039;esat\">L&#039;esat<\/option><option value=\"L&#039;adh\u00e9sion\">L&#039;adh\u00e9sion<\/option><option value=\"Le projet\">Le projet<\/option><option value=\"Les Savoir-faires\">Les Savoir-faires<\/option><option value=\"Formation\">Formation<\/option><option value=\"Communaut\u00e9 360\">Communaut\u00e9 360<\/option><option value=\"Delta\">Delta<\/option><option value=\"Service social\">Service social<\/option><option value=\"Autre\">Autre<\/option><\/select><\/span>\n<\/p>\n<p><label>Choisissez un sujet (facultatif) :<\/label><br \/>\n<span class=\"wpcf7-form-control-wrap\" data-name=\"sujet\"><select class=\"wpcf7-form-control wpcf7-select\" aria-invalid=\"false\" name=\"sujet\"><option value=\"\">S\u00e9lectionnez un sujet<\/option><option value=\"------------------------------\">------------------------------<\/option><option value=\"Les Droits et la participation des personnes accompagn\u00e9\">Les Droits et la participation des personnes accompagn\u00e9<\/option><option value=\"Un Parcours Professionnel et un Accompagnement Adapt\u00e9s\">Un Parcours Professionnel et un Accompagnement Adapt\u00e9s<\/option><option value=\"Le Statut d&#039;un Travailleur D&#039;ESAT\">Le Statut d&#039;un Travailleur D&#039;ESAT<\/option><option value=\"------------------------------\">------------------------------<\/option><option value=\"Accueil\">Accueil<\/option><option value=\"La blanchisserie \u2013 repassage \u2013 couture\">La blanchisserie \u2013 repassage \u2013 couture<\/option><option value=\"Prestation en entreprise et accompagnement au d\u00e9marrage d\u2019activit\u00e9\">Prestation en entreprise et accompagnement au d\u00e9marrage d\u2019activit\u00e9<\/option><option value=\"Atelier espaces verts\">Atelier espaces verts<\/option><option value=\"Entretiens des locaux et nettoyage des v\u00e9hicules\">Entretiens des locaux et nettoyage des v\u00e9hicules<\/option><option value=\"Transport \u2013 Logistique\">Transport \u2013 Logistique<\/option><option value=\"Sous traitance industrielle\">Sous traitance industrielle<\/option><option value=\"------------------------------\">------------------------------<\/option><option value=\"Autre\">Autre<\/option><\/select><\/span>\n<\/p>\n<p><label>Si \"Autre\", pr\u00e9cisez :<\/label><br \/>\n<span class=\"wpcf7-form-control-wrap\" data-name=\"autre-sujet\"><input size=\"40\" maxlength=\"400\" class=\"wpcf7-form-control wpcf7-text\" aria-invalid=\"false\" placeholder=\"D\u00e9crivez votre sujet ici\" value=\"\" type=\"text\" name=\"autre-sujet\" \/><\/span>\n<\/p>\n<p><label>Message :<\/label><br \/>\n<span class=\"wpcf7-form-control-wrap\" data-name=\"your-message\"><textarea cols=\"40\" rows=\"10\" maxlength=\"2000\" class=\"wpcf7-form-control wpcf7-textarea wpcf7-validates-as-required\" aria-required=\"true\" aria-invalid=\"false\" placeholder=\"Expliquez votre demande ici\" name=\"your-message\"><\/textarea><\/span>\n<\/p>\n<p><input class=\"wpcf7-form-control wpcf7-submit has-spinner\" type=\"submit\" value=\"Envoyer\" \/>\n<\/p><div class=\"wpcf7-response-output\" aria-hidden=\"true\"><\/div>\n<\/form>\n<\/div>\n\n<\/section>\n","protected":false},"excerpt":{"rendered":"<p>NOUS JOINDRE Site de Braconac &#8211; Les Ormes Adresse : 17, chemin de la Grande Plaine, 81440 Jonqui\u00e8res T\u00e9l\u00e9phone : 05 63 82 15 63 Horaires : 8h30 &#8211; 17h (lundi 9h, vendredi 15h) Site du Rey Adresse : 33, rue du Rey, 81100 Castres T\u00e9l\u00e9phone : 05 63 82 10 76 Horaires : 8h30<\/p>\n","protected":false},"author":1,"featured_media":0,"parent":0,"menu_order":0,"comment_status":"closed","ping_status":"closed","template":"","meta":{"_exactmetrics_skip_tracking":false,"_exactmetrics_sitenote_active":false,"_exactmetrics_sitenote_note":"","_exactmetrics_sitenote_category":0,"footnotes":""},"class_list":["post-2526","page","type-page","status-publish","hentry"],"yoast_head":"<!-- This site is optimized with the Yoast SEO plugin v27.3 - https:\/\/yoast.com\/product\/yoast-seo-wordpress\/ -->\n<title>Contact - ATELIERS DE BRACONNAC<\/title>\n<meta name=\"robots\" content=\"index, follow, max-snippet:-1, max-image-preview:large, max-video-preview:-1\" \/>\n<link rel=\"canonical\" href=\"https:\/\/apajhetvous.apajh.org\/braconnac\/contact\/\" \/>\n<meta property=\"og:locale\" content=\"fr_FR\" \/>\n<meta property=\"og:type\" content=\"article\" \/>\n<meta property=\"og:title\" content=\"Contact - ATELIERS DE BRACONNAC\" \/>\n<meta property=\"og:description\" content=\"NOUS JOINDRE Site de Braconac &#8211; Les Ormes Adresse : 17, chemin de la Grande Plaine, 81440 Jonqui\u00e8res T\u00e9l\u00e9phone : 05 63 82 15 63 Horaires : 8h30 &#8211; 17h (lundi 9h, vendredi 15h) Site du Rey Adresse : 33, rue du Rey, 81100 Castres T\u00e9l\u00e9phone : 05 63 82 10 76 Horaires : 8h30\" \/>\n<meta property=\"og:url\" content=\"https:\/\/apajhetvous.apajh.org\/braconnac\/contact\/\" \/>\n<meta property=\"og:site_name\" content=\"ATELIERS DE BRACONNAC\" \/>\n<meta property=\"article:modified_time\" content=\"2025-03-21T11:49:13+00:00\" \/>\n<meta name=\"twitter:card\" content=\"summary_large_image\" \/>\n<meta name=\"twitter:label1\" content=\"Dur\u00e9e de lecture estim\u00e9e\" \/>\n\t<meta name=\"twitter:data1\" content=\"1 minute\" \/>\n<script type=\"application\/ld+json\" class=\"yoast-schema-graph\">{\"@context\":\"https:\\\/\\\/schema.org\",\"@graph\":[{\"@type\":\"WebPage\",\"@id\":\"https:\\\/\\\/apajhetvous.apajh.org\\\/braconnac\\\/contact\\\/\",\"url\":\"https:\\\/\\\/apajhetvous.apajh.org\\\/braconnac\\\/contact\\\/\",\"name\":\"Contact - ATELIERS DE BRACONNAC\",\"isPartOf\":{\"@id\":\"https:\\\/\\\/apajhetvous.apajh.org\\\/braconnac\\\/#website\"},\"datePublished\":\"2017-08-25T10:26:31+00:00\",\"dateModified\":\"2025-03-21T11:49:13+00:00\",\"breadcrumb\":{\"@id\":\"https:\\\/\\\/apajhetvous.apajh.org\\\/braconnac\\\/contact\\\/#breadcrumb\"},\"inLanguage\":\"fr-FR\",\"potentialAction\":[{\"@type\":\"ReadAction\",\"target\":[\"https:\\\/\\\/apajhetvous.apajh.org\\\/braconnac\\\/contact\\\/\"]}]},{\"@type\":\"BreadcrumbList\",\"@id\":\"https:\\\/\\\/apajhetvous.apajh.org\\\/braconnac\\\/contact\\\/#breadcrumb\",\"itemListElement\":[{\"@type\":\"ListItem\",\"position\":1,\"name\":\"Accueil\",\"item\":\"https:\\\/\\\/apajhetvous.apajh.org\\\/braconnac\\\/\"},{\"@type\":\"ListItem\",\"position\":2,\"name\":\"Contact\"}]},{\"@type\":\"WebSite\",\"@id\":\"https:\\\/\\\/apajhetvous.apajh.org\\\/braconnac\\\/#website\",\"url\":\"https:\\\/\\\/apajhetvous.apajh.org\\\/braconnac\\\/\",\"name\":\"ATELIERS DE BRACONNAC\",\"description\":\"APAJH\",\"potentialAction\":[{\"@type\":\"SearchAction\",\"target\":{\"@type\":\"EntryPoint\",\"urlTemplate\":\"https:\\\/\\\/apajhetvous.apajh.org\\\/braconnac\\\/?s={search_term_string}\"},\"query-input\":{\"@type\":\"PropertyValueSpecification\",\"valueRequired\":true,\"valueName\":\"search_term_string\"}}],\"inLanguage\":\"fr-FR\"}]}<\/script>\n<!-- \/ Yoast SEO plugin. -->","yoast_head_json":{"title":"Contact - ATELIERS DE BRACONNAC","robots":{"index":"index","follow":"follow","max-snippet":"max-snippet:-1","max-image-preview":"max-image-preview:large","max-video-preview":"max-video-preview:-1"},"canonical":"https:\/\/apajhetvous.apajh.org\/braconnac\/contact\/","og_locale":"fr_FR","og_type":"article","og_title":"Contact - ATELIERS DE BRACONNAC","og_description":"NOUS JOINDRE Site de Braconac &#8211; Les Ormes Adresse : 17, chemin de la Grande Plaine, 81440 Jonqui\u00e8res T\u00e9l\u00e9phone : 05 63 82 15 63 Horaires : 8h30 &#8211; 17h (lundi 9h, vendredi 15h) Site du Rey Adresse : 33, rue du Rey, 81100 Castres T\u00e9l\u00e9phone : 05 63 82 10 76 Horaires : 8h30","og_url":"https:\/\/apajhetvous.apajh.org\/braconnac\/contact\/","og_site_name":"ATELIERS DE BRACONNAC","article_modified_time":"2025-03-21T11:49:13+00:00","twitter_card":"summary_large_image","twitter_misc":{"Dur\u00e9e de lecture estim\u00e9e":"1 minute"},"schema":{"@context":"https:\/\/schema.org","@graph":[{"@type":"WebPage","@id":"https:\/\/apajhetvous.apajh.org\/braconnac\/contact\/","url":"https:\/\/apajhetvous.apajh.org\/braconnac\/contact\/","name":"Contact - ATELIERS DE BRACONNAC","isPartOf":{"@id":"https:\/\/apajhetvous.apajh.org\/braconnac\/#website"},"datePublished":"2017-08-25T10:26:31+00:00","dateModified":"2025-03-21T11:49:13+00:00","breadcrumb":{"@id":"https:\/\/apajhetvous.apajh.org\/braconnac\/contact\/#breadcrumb"},"inLanguage":"fr-FR","potentialAction":[{"@type":"ReadAction","target":["https:\/\/apajhetvous.apajh.org\/braconnac\/contact\/"]}]},{"@type":"BreadcrumbList","@id":"https:\/\/apajhetvous.apajh.org\/braconnac\/contact\/#breadcrumb","itemListElement":[{"@type":"ListItem","position":1,"name":"Accueil","item":"https:\/\/apajhetvous.apajh.org\/braconnac\/"},{"@type":"ListItem","position":2,"name":"Contact"}]},{"@type":"WebSite","@id":"https:\/\/apajhetvous.apajh.org\/braconnac\/#website","url":"https:\/\/apajhetvous.apajh.org\/braconnac\/","name":"ATELIERS DE BRACONNAC","description":"APAJH","potentialAction":[{"@type":"SearchAction","target":{"@type":"EntryPoint","urlTemplate":"https:\/\/apajhetvous.apajh.org\/braconnac\/?s={search_term_string}"},"query-input":{"@type":"PropertyValueSpecification","valueRequired":true,"valueName":"search_term_string"}}],"inLanguage":"fr-FR"}]}},"_links":{"self":[{"href":"https:\/\/apajhetvous.apajh.org\/braconnac\/wp-json\/wp\/v2\/pages\/2526","targetHints":{"allow":["GET"]}}],"collection":[{"href":"https:\/\/apajhetvous.apajh.org\/braconnac\/wp-json\/wp\/v2\/pages"}],"about":[{"href":"https:\/\/apajhetvous.apajh.org\/braconnac\/wp-json\/wp\/v2\/types\/page"}],"author":[{"embeddable":true,"href":"https:\/\/apajhetvous.apajh.org\/braconnac\/wp-json\/wp\/v2\/users\/1"}],"replies":[{"embeddable":true,"href":"https:\/\/apajhetvous.apajh.org\/braconnac\/wp-json\/wp\/v2\/comments?post=2526"}],"version-history":[{"count":54,"href":"https:\/\/apajhetvous.apajh.org\/braconnac\/wp-json\/wp\/v2\/pages\/2526\/revisions"}],"predecessor-version":[{"id":4356,"href":"https:\/\/apajhetvous.apajh.org\/braconnac\/wp-json\/wp\/v2\/pages\/2526\/revisions\/4356"}],"wp:attachment":[{"href":"https:\/\/apajhetvous.apajh.org\/braconnac\/wp-json\/wp\/v2\/media?parent=2526"}],"curies":[{"name":"wp","href":"https:\/\/api.w.org\/{rel}","templated":true}]}}