{"id":4132,"date":"2025-03-14T10:25:08","date_gmt":"2025-03-14T09:25:08","guid":{"rendered":"https:\/\/apajhetvous.apajh.org\/braconnac\/?page_id=4132"},"modified":"2025-03-24T12:57:50","modified_gmt":"2025-03-24T11:57:50","slug":"travailler-avec-un-esat-les-avantages","status":"publish","type":"page","link":"https:\/\/apajhetvous.apajh.org\/braconnac\/travailler-avec-un-esat-les-avantages\/","title":{"rendered":"Travailler avec un ESAT : Les Avantages"},"content":{"rendered":"<section class=\"avantages\">\n<h2>Les Avantages de Travailler avec Nous<\/h2>\n<div class=\"advantage-item\">\n<h3>R\u00e9duction de votre contribution AGEFIPH ou FIPHFP<\/h3>\n<p>En faisant appel \u00e0 nos services, les entreprises peuvent r\u00e9duire leur contribution AGEFIPH ou FIPHFP (Obligation d\u2019Emploi des Travailleurs Handicap\u00e9s).<\/p>\n<\/div>\n<div class=\"advantage-item\">\n<h3>Jusqu\u2019\u00e0 50% de votre Obligation d\u2019Emploi des Travailleurs Handicap\u00e9s<\/h3>\n<p>En travaillant avec nous, vous pouvez remplir votre Obligation d\u2019Emploi des Travailleurs Handicap\u00e9s jusqu\u2019\u00e0 50% de votre effectif, soit 3% de vos salari\u00e9s. Vous b\u00e9n\u00e9ficierez ainsi d\u2019une r\u00e9duction de votre contribution \u00e0 l\u2019AGEFIPH (Association de gestion du fonds pour l\u2019insertion professionnelle des personnes handicap\u00e9es) ou au FIPHFP (Fonds pour l\u2019insertion des personnes handicap\u00e9es dans la fonction publique).<\/p>\n<\/div>\n<div class=\"advantage-item\">\n<h3>Les D\u00e9tails L\u00e9gaux<\/h3>\n<p style=\"font-size: 16px; color: #555; line-height: 1.8; text-align: justify;\">\n  <strong>*<\/strong> <em>Art. R 323-2 du Code du Travail \u2013 D\u00e9cret 2006-135 du 9 f\u00e9vrier 2006 relatif \u00e0 la d\u00e9claration annuelle obligatoire.<\/em><br \/>\n  Pour plus d\u2019informations, <a href=\"http:\/\/www.agefiph.fr\" target=\"_blank\" rel=\"noopener\" style=\"color: #EA592A; text-decoration: none;\">www.agefiph.fr<\/a>\n<\/p>\n<p style=\"font-size: 16px; color: #555; line-height: 1.8; text-align: justify;\">\n  <strong>**<\/strong> <em>Art. 36 de la Loi 2005-102 du 11 f\u00e9vrier 2005 \u2013 Code du travail : Article L.323-8-6-1.<\/em><br \/>\n  Pour plus d\u2019informations, <a href=\"http:\/\/www.fiphfp.fr\" target=\"_blank\" rel=\"noopener\" style=\"color: #EA592A; text-decoration: none;\">www.fiphfp.fr<\/a>\n<\/p>\n<\/div>\n<div class=\"advantage-item\">\n<h3>Utilisation des Fonds de l&rsquo;AGEFIPH et FIPHFP<\/h3>\n<p>Les fonds de l\u2019AGEFIPH et de la FIPHFP sont utilis\u00e9s pour favoriser l\u2019acc\u00e8s \u00e0 une insertion professionnelle pour les personnes en situation de handicap, soutenant ainsi une d\u00e9marche inclusive pour les entreprises et les salari\u00e9s.<\/p>\n<\/div>\n<\/section>\n<p style=\"text-align: center;\"><a class=\"btn-avantages\" href=\"https:\/\/apajhetvous.apajh.org\/braconnac\/\">Retour \u00e0 l&rsquo;accueil<\/a><\/p>\n","protected":false},"excerpt":{"rendered":"<p>Les Avantages de Travailler avec Nous R\u00e9duction de votre contribution AGEFIPH ou FIPHFP En faisant appel \u00e0 nos services, les entreprises peuvent r\u00e9duire leur contribution AGEFIPH ou FIPHFP (Obligation d\u2019Emploi des Travailleurs Handicap\u00e9s). Jusqu\u2019\u00e0 50% de votre Obligation d\u2019Emploi des Travailleurs Handicap\u00e9s En travaillant avec nous, vous pouvez remplir votre Obligation d\u2019Emploi des Travailleurs Handicap\u00e9s<\/p>\n","protected":false},"author":1338,"featured_media":4133,"parent":0,"menu_order":0,"comment_status":"closed","ping_status":"closed","template":"","meta":{"_exactmetrics_skip_tracking":false,"_exactmetrics_sitenote_active":false,"_exactmetrics_sitenote_note":"","_exactmetrics_sitenote_category":0,"footnotes":""},"class_list":["post-4132","page","type-page","status-publish","has-post-thumbnail","hentry"],"yoast_head":"<!-- This site is optimized with the Yoast SEO plugin v27.3 - https:\/\/yoast.com\/product\/yoast-seo-wordpress\/ -->\n<title>Travailler avec un ESAT : Les Avantages - ATELIERS DE BRACONNAC<\/title>\n<meta name=\"robots\" content=\"index, follow, max-snippet:-1, max-image-preview:large, max-video-preview:-1\" \/>\n<link rel=\"canonical\" href=\"https:\/\/apajhetvous.apajh.org\/braconnac\/travailler-avec-un-esat-les-avantages\/\" \/>\n<meta property=\"og:locale\" content=\"fr_FR\" \/>\n<meta property=\"og:type\" content=\"article\" \/>\n<meta property=\"og:title\" content=\"Travailler avec un ESAT : Les Avantages - ATELIERS DE BRACONNAC\" \/>\n<meta property=\"og:description\" content=\"Les Avantages de Travailler avec Nous R\u00e9duction de votre contribution AGEFIPH ou FIPHFP En faisant appel \u00e0 nos services, les entreprises peuvent r\u00e9duire leur contribution AGEFIPH ou FIPHFP (Obligation d\u2019Emploi des Travailleurs Handicap\u00e9s). Jusqu\u2019\u00e0 50% de votre Obligation d\u2019Emploi des Travailleurs Handicap\u00e9s En travaillant avec nous, vous pouvez remplir votre Obligation d\u2019Emploi des Travailleurs Handicap\u00e9s\" \/>\n<meta property=\"og:url\" content=\"https:\/\/apajhetvous.apajh.org\/braconnac\/travailler-avec-un-esat-les-avantages\/\" \/>\n<meta property=\"og:site_name\" content=\"ATELIERS DE BRACONNAC\" \/>\n<meta property=\"article:modified_time\" content=\"2025-03-24T11:57:50+00:00\" \/>\n<meta property=\"og:image\" content=\"https:\/\/apajhetvous.apajh.org\/braconnac\/wp-content\/uploads\/2025\/03\/handshake-close-up-executives-scaled.jpg\" \/>\n\t<meta property=\"og:image:width\" content=\"2560\" \/>\n\t<meta property=\"og:image:height\" content=\"1707\" \/>\n\t<meta property=\"og:image:type\" content=\"image\/jpeg\" \/>\n<meta name=\"twitter:card\" content=\"summary_large_image\" \/>\n<meta name=\"twitter:label1\" content=\"Dur\u00e9e de lecture estim\u00e9e\" \/>\n\t<meta name=\"twitter:data1\" content=\"2 minutes\" \/>\n<script type=\"application\/ld+json\" class=\"yoast-schema-graph\">{\"@context\":\"https:\\\/\\\/schema.org\",\"@graph\":[{\"@type\":\"WebPage\",\"@id\":\"https:\\\/\\\/apajhetvous.apajh.org\\\/braconnac\\\/travailler-avec-un-esat-les-avantages\\\/\",\"url\":\"https:\\\/\\\/apajhetvous.apajh.org\\\/braconnac\\\/travailler-avec-un-esat-les-avantages\\\/\",\"name\":\"Travailler avec un ESAT : Les Avantages - ATELIERS DE BRACONNAC\",\"isPartOf\":{\"@id\":\"https:\\\/\\\/apajhetvous.apajh.org\\\/braconnac\\\/#website\"},\"primaryImageOfPage\":{\"@id\":\"https:\\\/\\\/apajhetvous.apajh.org\\\/braconnac\\\/travailler-avec-un-esat-les-avantages\\\/#primaryimage\"},\"image\":{\"@id\":\"https:\\\/\\\/apajhetvous.apajh.org\\\/braconnac\\\/travailler-avec-un-esat-les-avantages\\\/#primaryimage\"},\"thumbnailUrl\":\"https:\\\/\\\/apajhetvous.apajh.org\\\/braconnac\\\/wp-content\\\/uploads\\\/2025\\\/03\\\/handshake-close-up-executives-scaled.jpg\",\"datePublished\":\"2025-03-14T09:25:08+00:00\",\"dateModified\":\"2025-03-24T11:57:50+00:00\",\"breadcrumb\":{\"@id\":\"https:\\\/\\\/apajhetvous.apajh.org\\\/braconnac\\\/travailler-avec-un-esat-les-avantages\\\/#breadcrumb\"},\"inLanguage\":\"fr-FR\",\"potentialAction\":[{\"@type\":\"ReadAction\",\"target\":[\"https:\\\/\\\/apajhetvous.apajh.org\\\/braconnac\\\/travailler-avec-un-esat-les-avantages\\\/\"]}]},{\"@type\":\"ImageObject\",\"inLanguage\":\"fr-FR\",\"@id\":\"https:\\\/\\\/apajhetvous.apajh.org\\\/braconnac\\\/travailler-avec-un-esat-les-avantages\\\/#primaryimage\",\"url\":\"https:\\\/\\\/apajhetvous.apajh.org\\\/braconnac\\\/wp-content\\\/uploads\\\/2025\\\/03\\\/handshake-close-up-executives-scaled.jpg\",\"contentUrl\":\"https:\\\/\\\/apajhetvous.apajh.org\\\/braconnac\\\/wp-content\\\/uploads\\\/2025\\\/03\\\/handshake-close-up-executives-scaled.jpg\",\"width\":2560,\"height\":1707,\"caption\":\"Image of business partners handshaking over business objects on workplace\"},{\"@type\":\"BreadcrumbList\",\"@id\":\"https:\\\/\\\/apajhetvous.apajh.org\\\/braconnac\\\/travailler-avec-un-esat-les-avantages\\\/#breadcrumb\",\"itemListElement\":[{\"@type\":\"ListItem\",\"position\":1,\"name\":\"Accueil\",\"item\":\"https:\\\/\\\/apajhetvous.apajh.org\\\/braconnac\\\/\"},{\"@type\":\"ListItem\",\"position\":2,\"name\":\"Travailler avec un ESAT : Les Avantages\"}]},{\"@type\":\"WebSite\",\"@id\":\"https:\\\/\\\/apajhetvous.apajh.org\\\/braconnac\\\/#website\",\"url\":\"https:\\\/\\\/apajhetvous.apajh.org\\\/braconnac\\\/\",\"name\":\"ATELIERS DE BRACONNAC\",\"description\":\"APAJH\",\"potentialAction\":[{\"@type\":\"SearchAction\",\"target\":{\"@type\":\"EntryPoint\",\"urlTemplate\":\"https:\\\/\\\/apajhetvous.apajh.org\\\/braconnac\\\/?s={search_term_string}\"},\"query-input\":{\"@type\":\"PropertyValueSpecification\",\"valueRequired\":true,\"valueName\":\"search_term_string\"}}],\"inLanguage\":\"fr-FR\"}]}<\/script>\n<!-- \/ Yoast SEO plugin. -->","yoast_head_json":{"title":"Travailler avec un ESAT : Les Avantages - ATELIERS DE BRACONNAC","robots":{"index":"index","follow":"follow","max-snippet":"max-snippet:-1","max-image-preview":"max-image-preview:large","max-video-preview":"max-video-preview:-1"},"canonical":"https:\/\/apajhetvous.apajh.org\/braconnac\/travailler-avec-un-esat-les-avantages\/","og_locale":"fr_FR","og_type":"article","og_title":"Travailler avec un ESAT : Les Avantages - ATELIERS DE BRACONNAC","og_description":"Les Avantages de Travailler avec Nous R\u00e9duction de votre contribution AGEFIPH ou FIPHFP En faisant appel \u00e0 nos services, les entreprises peuvent r\u00e9duire leur contribution AGEFIPH ou FIPHFP (Obligation d\u2019Emploi des Travailleurs Handicap\u00e9s). Jusqu\u2019\u00e0 50% de votre Obligation d\u2019Emploi des Travailleurs Handicap\u00e9s En travaillant avec nous, vous pouvez remplir votre Obligation d\u2019Emploi des Travailleurs Handicap\u00e9s","og_url":"https:\/\/apajhetvous.apajh.org\/braconnac\/travailler-avec-un-esat-les-avantages\/","og_site_name":"ATELIERS DE BRACONNAC","article_modified_time":"2025-03-24T11:57:50+00:00","og_image":[{"width":2560,"height":1707,"url":"https:\/\/apajhetvous.apajh.org\/braconnac\/wp-content\/uploads\/2025\/03\/handshake-close-up-executives-scaled.jpg","type":"image\/jpeg"}],"twitter_card":"summary_large_image","twitter_misc":{"Dur\u00e9e de lecture estim\u00e9e":"2 minutes"},"schema":{"@context":"https:\/\/schema.org","@graph":[{"@type":"WebPage","@id":"https:\/\/apajhetvous.apajh.org\/braconnac\/travailler-avec-un-esat-les-avantages\/","url":"https:\/\/apajhetvous.apajh.org\/braconnac\/travailler-avec-un-esat-les-avantages\/","name":"Travailler avec un ESAT : Les Avantages - ATELIERS DE BRACONNAC","isPartOf":{"@id":"https:\/\/apajhetvous.apajh.org\/braconnac\/#website"},"primaryImageOfPage":{"@id":"https:\/\/apajhetvous.apajh.org\/braconnac\/travailler-avec-un-esat-les-avantages\/#primaryimage"},"image":{"@id":"https:\/\/apajhetvous.apajh.org\/braconnac\/travailler-avec-un-esat-les-avantages\/#primaryimage"},"thumbnailUrl":"https:\/\/apajhetvous.apajh.org\/braconnac\/wp-content\/uploads\/2025\/03\/handshake-close-up-executives-scaled.jpg","datePublished":"2025-03-14T09:25:08+00:00","dateModified":"2025-03-24T11:57:50+00:00","breadcrumb":{"@id":"https:\/\/apajhetvous.apajh.org\/braconnac\/travailler-avec-un-esat-les-avantages\/#breadcrumb"},"inLanguage":"fr-FR","potentialAction":[{"@type":"ReadAction","target":["https:\/\/apajhetvous.apajh.org\/braconnac\/travailler-avec-un-esat-les-avantages\/"]}]},{"@type":"ImageObject","inLanguage":"fr-FR","@id":"https:\/\/apajhetvous.apajh.org\/braconnac\/travailler-avec-un-esat-les-avantages\/#primaryimage","url":"https:\/\/apajhetvous.apajh.org\/braconnac\/wp-content\/uploads\/2025\/03\/handshake-close-up-executives-scaled.jpg","contentUrl":"https:\/\/apajhetvous.apajh.org\/braconnac\/wp-content\/uploads\/2025\/03\/handshake-close-up-executives-scaled.jpg","width":2560,"height":1707,"caption":"Image of business partners handshaking over business objects on workplace"},{"@type":"BreadcrumbList","@id":"https:\/\/apajhetvous.apajh.org\/braconnac\/travailler-avec-un-esat-les-avantages\/#breadcrumb","itemListElement":[{"@type":"ListItem","position":1,"name":"Accueil","item":"https:\/\/apajhetvous.apajh.org\/braconnac\/"},{"@type":"ListItem","position":2,"name":"Travailler avec un ESAT : Les Avantages"}]},{"@type":"WebSite","@id":"https:\/\/apajhetvous.apajh.org\/braconnac\/#website","url":"https:\/\/apajhetvous.apajh.org\/braconnac\/","name":"ATELIERS DE BRACONNAC","description":"APAJH","potentialAction":[{"@type":"SearchAction","target":{"@type":"EntryPoint","urlTemplate":"https:\/\/apajhetvous.apajh.org\/braconnac\/?s={search_term_string}"},"query-input":{"@type":"PropertyValueSpecification","valueRequired":true,"valueName":"search_term_string"}}],"inLanguage":"fr-FR"}]}},"_links":{"self":[{"href":"https:\/\/apajhetvous.apajh.org\/braconnac\/wp-json\/wp\/v2\/pages\/4132","targetHints":{"allow":["GET"]}}],"collection":[{"href":"https:\/\/apajhetvous.apajh.org\/braconnac\/wp-json\/wp\/v2\/pages"}],"about":[{"href":"https:\/\/apajhetvous.apajh.org\/braconnac\/wp-json\/wp\/v2\/types\/page"}],"author":[{"embeddable":true,"href":"https:\/\/apajhetvous.apajh.org\/braconnac\/wp-json\/wp\/v2\/users\/1338"}],"replies":[{"embeddable":true,"href":"https:\/\/apajhetvous.apajh.org\/braconnac\/wp-json\/wp\/v2\/comments?post=4132"}],"version-history":[{"count":4,"href":"https:\/\/apajhetvous.apajh.org\/braconnac\/wp-json\/wp\/v2\/pages\/4132\/revisions"}],"predecessor-version":[{"id":4372,"href":"https:\/\/apajhetvous.apajh.org\/braconnac\/wp-json\/wp\/v2\/pages\/4132\/revisions\/4372"}],"wp:featuredmedia":[{"embeddable":true,"href":"https:\/\/apajhetvous.apajh.org\/braconnac\/wp-json\/wp\/v2\/media\/4133"}],"wp:attachment":[{"href":"https:\/\/apajhetvous.apajh.org\/braconnac\/wp-json\/wp\/v2\/media?parent=4132"}],"curies":[{"name":"wp","href":"https:\/\/api.w.org\/{rel}","templated":true}]}}