{"id":3687,"date":"2022-05-24T10:30:50","date_gmt":"2022-05-24T08:30:50","guid":{"rendered":"https:\/\/apajhetvous.apajh.org\/dispositif-repit-rhone\/?page_id=3687"},"modified":"2023-01-04T13:53:19","modified_gmt":"2023-01-04T12:53:19","slug":"qui-sommes-nous","status":"publish","type":"page","link":"https:\/\/apajhetvous.apajh.org\/dispositif-repit-rhone\/qui-sommes-nous\/","title":{"rendered":"Qui sommes-nous ?"},"content":{"rendered":"\n<h2 class=\"wp-block-heading\">La F\u00e9d\u00e9ration APAJH<\/h2>\n\n\n\n<p>La F\u00e9d\u00e9ration APAJH, premier acteur g\u00e9n\u00e9raliste dans le secteur du handicap, s\u2019engage par son action militante pour une r\u00e9elle soci\u00e9t\u00e9 inclusive. Pr\u00e9sente dans le d\u00e9bat citoyen, la F\u00e9d\u00e9ration APAJH intervient \u00e0 tous les niveaux de l\u2019Etat pour promouvoir ses valeurs. La F\u00e9d\u00e9ration APAJH f\u00e9d\u00e8re 92 associations sur le territoire dont tous les DOM. Elle est aussi gestionnaire de plus de170 structures en gestion directe employant environ 4000 salari\u00e9s. Au total, l\u2019APAJH g\u00e8re 700 \u00e9tablissements et services, tous types de handicap, tous les \u00e2ges de la vie.<\/p>\n\n\n\n<ul class=\"wp-block-list\">\n<li>Cr\u00e9ation en 1962<\/li>\n\n\n\n<li>Association la\u00efque \u00e0 but non lucratif, reconnue d\u2019utilit\u00e9 publique depuis 1974<\/li>\n\n\n\n<li>Valeurs fondamentales&nbsp;: La\u00efcit\u00e9, Solidarit\u00e9, Citoyennet\u00e9, valeurs fondamentales de la R\u00e9publique<\/li>\n<\/ul>\n\n\n\n<figure class=\"wp-block-image size-full\"><img loading=\"lazy\" decoding=\"async\" width=\"1000\" height=\"667\" src=\"https:\/\/apajhetvous.apajh.org\/dispositif-repit-rhone\/wp-content\/uploads\/2022\/05\/Bonhomme.jpg\" alt=\"\" class=\"wp-image-3744\" srcset=\"https:\/\/apajhetvous.apajh.org\/dispositif-repit-rhone\/wp-content\/uploads\/2022\/05\/Bonhomme.jpg 1000w, https:\/\/apajhetvous.apajh.org\/dispositif-repit-rhone\/wp-content\/uploads\/2022\/05\/Bonhomme-300x200.jpg 300w, https:\/\/apajhetvous.apajh.org\/dispositif-repit-rhone\/wp-content\/uploads\/2022\/05\/Bonhomme-768x512.jpg 768w, https:\/\/apajhetvous.apajh.org\/dispositif-repit-rhone\/wp-content\/uploads\/2022\/05\/Bonhomme-575x385.jpg 575w, https:\/\/apajhetvous.apajh.org\/dispositif-repit-rhone\/wp-content\/uploads\/2022\/05\/Bonhomme-370x247.jpg 370w\" sizes=\"auto, (max-width: 1000px) 100vw, 1000px\" \/><\/figure>\n\n\n\n<h2 class=\"wp-block-heading\">Pr\u00e9sentation du Dispositif R\u00e9pit<\/h2>\n\n\n\n<p>Le Dispositif R\u00e9pit vise \u00e0 favoriser le maintien de la vie sociale et relationnelle de l\u2019aidant d\u2019une personne porteuse de handicap. Il participe notamment \u00e0 pr\u00e9venir l\u2019\u00e9puisement de l\u2019aidant, \u00e0 lutter contre l\u2019isolement, \u00e0 permettre son acc\u00e8s aux soins et \u00e0 favoriser la poursuite ou la reprise d\u2019un projet professionnel.<br>Le Dispositif R\u00e9pit s\u2019adresse aux aidants familiaux de personnes porteuses de handicap(s) r\u00e9sidentes dans le d\u00e9partement du Rh\u00f4ne. <\/p>\n\n\n\n<p>Il est constitu\u00e9 de deux services :<br>\u2022 Le Service d\u2019Accompagnement des Aidants (S2A).<br>\u2022 Le Service d\u2019Accueil de R\u00e9pit (SAR) d\u00e9di\u00e9 \u00e0 l\u2019accueil de personnes avec TSA.<\/p>\n\n\n\n<p><\/p>\n\n\n\n<h2 class=\"wp-block-heading\">Le Service d\u2019Accompagnement aux Aidants (S2A) <\/h2>\n\n\n\n<p>Le S2A a pour mission d&rsquo;\u00e9couter, de soutenir et d&rsquo;accompagner l&rsquo;aidant dans la recherche de solutions de r\u00e9pit adapt\u00e9es.<\/p>\n\n\n\n<h3 class=\"wp-block-heading\">Comment ?<\/h3>\n\n\n\n<p>\u2022 En recensant les besoins et attentes des aidants.<br>\u2022 En recherchant avec l\u2019aidant et le r\u00e9seau partenarial, des solutions de r\u00e9pit individuel ou de soutien<br>(d\u00e9marches administratives, services d\u2019aides \u00e0 domicile, loisirs sp\u00e9cialis\u00e9s).<br>\u2022 En orientant vers des services de r\u00e9pit.<br>\u2022 En proposant des temps collectifs entre aidants.<br><\/p>\n\n\n\n<h3 class=\"wp-block-heading\">Quelles sont les modalit\u00e9s d&rsquo;accompagnement ?<\/h3>\n\n\n\n<ul class=\"wp-block-list\">\n<li>Le S2A intervient \u00e0 la demande des familles sans besoin de notification MDPH.<\/li>\n\n\n\n<li>Une entrevue est propos\u00e9e avec les professionnels \u00e0 votre domicile, au bureau, ou tout autre lieu qui conviendrait \u00e0 l&rsquo;aidant afin d\u2019\u00e9valuer ses besoins de r\u00e9pit.<\/li>\n<\/ul>\n\n\n\n<div style=\"height:36px\" aria-hidden=\"true\" class=\"wp-block-spacer\"><\/div>\n\n\n\n<h2 class=\"wp-block-heading\">Le Service d&rsquo;Accueil de R\u00e9pit (SAR)<\/h2>\n\n\n\n<p>Le Service d&rsquo;Accueil de R\u00e9pit s&rsquo;adresse sp\u00e9cifiquement aux aidants de personnes avec troubles du spectre de l&rsquo;autisme (TSA)<\/p>\n\n\n\n<h3 class=\"wp-block-heading\">Quel est l&rsquo;objectif du SAR ?<\/h3>\n\n\n\n<p>Permettre aux aidants de disposer de temps libre en accueillant leur proche autiste ou TSA.<\/p>\n\n\n\n<h3 class=\"wp-block-heading\">Quelles sont les modalit\u00e9s d&rsquo;accueil ?<\/h3>\n\n\n\n<ul class=\"wp-block-list\">\n<li>Assurer l\u2019accueil de fa\u00e7on ponctuelle ou s\u00e9quentielle.<\/li>\n\n\n\n<li>Proposer des activit\u00e9s pour chacun en fonction de leurs capacit\u00e9s, de leur autonomie et en gardant pour objectif le bien-\u00eatre de la personne accueillie.<\/li>\n<\/ul>\n\n\n\n<h3 class=\"wp-block-heading\">Comment ?<\/h3>\n\n\n\n<p>Sur orientation de l\u2019\u00e9quipe du Service d\u2019Accompagnement aux Aidants (S2A), apr\u00e8s \u00e9valuation des besoins de r\u00e9pit, un temps d\u2019adaptation est propos\u00e9.<\/p>\n\n\n\n<p>Le service n\u2019assure pas les transports, ni les repas, ni les gouters.<\/p>\n\n\n\n<div class=\"wp-block-media-text alignwide is-stacked-on-mobile\"><figure class=\"wp-block-media-text__media\"><\/figure><div class=\"wp-block-media-text__content\">\n<p class=\"has-large-font-size\"><\/p>\n<\/div><\/div>\n","protected":false},"excerpt":{"rendered":"<p>La F\u00e9d\u00e9ration APAJH La F\u00e9d\u00e9ration APAJH, premier acteur g\u00e9n\u00e9raliste dans le secteur du handicap, s\u2019engage par son action militante pour une r\u00e9elle soci\u00e9t\u00e9 inclusive. Pr\u00e9sente dans le d\u00e9bat citoyen, la F\u00e9d\u00e9ration APAJH intervient \u00e0 tous les niveaux de l\u2019Etat pour promouvoir ses valeurs. La F\u00e9d\u00e9ration APAJH f\u00e9d\u00e8re 92 associations sur le territoire dont tous les<\/p>\n","protected":false},"author":1,"featured_media":0,"parent":0,"menu_order":0,"comment_status":"closed","ping_status":"closed","template":"","meta":{"_acf_changed":false,"_exactmetrics_skip_tracking":false,"_exactmetrics_sitenote_active":false,"_exactmetrics_sitenote_note":"","_exactmetrics_sitenote_category":0,"footnotes":""},"class_list":["post-3687","page","type-page","status-publish","hentry"],"acf":[],"yoast_head":"<!-- This site is optimized with the Yoast SEO plugin v27.3 - https:\/\/yoast.com\/product\/yoast-seo-wordpress\/ -->\n<title>Qui sommes-nous ? - Dispositif R\u00e9pit du Rh\u00f4ne<\/title>\n<meta name=\"description\" content=\"Le Dispositif R\u00e9pit s\u2019adresse aux aidants familiaux de personnes en situation de handicap. Il est compos\u00e9 de deux services : le service d&#039;accompagnement aux aidants (S2A) et le Service d&#039;accueil de r\u00e9pit (SAR).\" \/>\n<meta name=\"robots\" content=\"index, follow, max-snippet:-1, max-image-preview:large, max-video-preview:-1\" \/>\n<link rel=\"canonical\" href=\"https:\/\/apajhetvous.apajh.org\/dispositif-repit-rhone\/qui-sommes-nous\/\" \/>\n<meta property=\"og:locale\" content=\"fr_FR\" \/>\n<meta property=\"og:type\" content=\"article\" \/>\n<meta property=\"og:title\" content=\"Qui sommes-nous ? - Dispositif R\u00e9pit du Rh\u00f4ne\" \/>\n<meta property=\"og:description\" content=\"Le Dispositif R\u00e9pit s\u2019adresse aux aidants familiaux de personnes en situation de handicap. Il est compos\u00e9 de deux services : le service d&#039;accompagnement aux aidants (S2A) et le Service d&#039;accueil de r\u00e9pit (SAR).\" \/>\n<meta property=\"og:url\" content=\"https:\/\/apajhetvous.apajh.org\/dispositif-repit-rhone\/qui-sommes-nous\/\" \/>\n<meta property=\"og:site_name\" content=\"Dispositif R\u00e9pit du Rh\u00f4ne\" \/>\n<meta property=\"article:modified_time\" content=\"2023-01-04T12:53:19+00:00\" \/>\n<meta property=\"og:image\" content=\"https:\/\/apajhetvous.apajh.org\/dispositif-repit-rhone\/wp-content\/uploads\/2022\/05\/Bonhomme.jpg\" \/>\n<meta name=\"twitter:card\" content=\"summary_large_image\" \/>\n<meta name=\"twitter:label1\" content=\"Dur\u00e9e de lecture estim\u00e9e\" \/>\n\t<meta name=\"twitter:data1\" content=\"3 minutes\" \/>\n<script type=\"application\/ld+json\" class=\"yoast-schema-graph\">{\"@context\":\"https:\\\/\\\/schema.org\",\"@graph\":[{\"@type\":\"WebPage\",\"@id\":\"https:\\\/\\\/apajhetvous.apajh.org\\\/dispositif-repit-rhone\\\/qui-sommes-nous\\\/\",\"url\":\"https:\\\/\\\/apajhetvous.apajh.org\\\/dispositif-repit-rhone\\\/qui-sommes-nous\\\/\",\"name\":\"Qui sommes-nous ? - Dispositif R\u00e9pit du Rh\u00f4ne\",\"isPartOf\":{\"@id\":\"https:\\\/\\\/apajhetvous.apajh.org\\\/dispositif-repit-rhone\\\/#website\"},\"primaryImageOfPage\":{\"@id\":\"https:\\\/\\\/apajhetvous.apajh.org\\\/dispositif-repit-rhone\\\/qui-sommes-nous\\\/#primaryimage\"},\"image\":{\"@id\":\"https:\\\/\\\/apajhetvous.apajh.org\\\/dispositif-repit-rhone\\\/qui-sommes-nous\\\/#primaryimage\"},\"thumbnailUrl\":\"https:\\\/\\\/apajhetvous.apajh.org\\\/dispositif-repit-rhone\\\/wp-content\\\/uploads\\\/2022\\\/05\\\/Bonhomme.jpg\",\"datePublished\":\"2022-05-24T08:30:50+00:00\",\"dateModified\":\"2023-01-04T12:53:19+00:00\",\"description\":\"Le Dispositif R\u00e9pit s\u2019adresse aux aidants familiaux de personnes en situation de handicap. Il est compos\u00e9 de deux services : le service d'accompagnement aux aidants (S2A) et le Service d'accueil de r\u00e9pit (SAR).\",\"breadcrumb\":{\"@id\":\"https:\\\/\\\/apajhetvous.apajh.org\\\/dispositif-repit-rhone\\\/qui-sommes-nous\\\/#breadcrumb\"},\"inLanguage\":\"fr-FR\",\"potentialAction\":[{\"@type\":\"ReadAction\",\"target\":[\"https:\\\/\\\/apajhetvous.apajh.org\\\/dispositif-repit-rhone\\\/qui-sommes-nous\\\/\"]}]},{\"@type\":\"ImageObject\",\"inLanguage\":\"fr-FR\",\"@id\":\"https:\\\/\\\/apajhetvous.apajh.org\\\/dispositif-repit-rhone\\\/qui-sommes-nous\\\/#primaryimage\",\"url\":\"https:\\\/\\\/apajhetvous.apajh.org\\\/dispositif-repit-rhone\\\/wp-content\\\/uploads\\\/2022\\\/05\\\/Bonhomme.jpg\",\"contentUrl\":\"https:\\\/\\\/apajhetvous.apajh.org\\\/dispositif-repit-rhone\\\/wp-content\\\/uploads\\\/2022\\\/05\\\/Bonhomme.jpg\",\"width\":1000,\"height\":667},{\"@type\":\"BreadcrumbList\",\"@id\":\"https:\\\/\\\/apajhetvous.apajh.org\\\/dispositif-repit-rhone\\\/qui-sommes-nous\\\/#breadcrumb\",\"itemListElement\":[{\"@type\":\"ListItem\",\"position\":1,\"name\":\"Accueil\",\"item\":\"https:\\\/\\\/apajhetvous.apajh.org\\\/dispositif-repit-rhone\\\/\"},{\"@type\":\"ListItem\",\"position\":2,\"name\":\"Qui sommes-nous ?\"}]},{\"@type\":\"WebSite\",\"@id\":\"https:\\\/\\\/apajhetvous.apajh.org\\\/dispositif-repit-rhone\\\/#website\",\"url\":\"https:\\\/\\\/apajhetvous.apajh.org\\\/dispositif-repit-rhone\\\/\",\"name\":\"Dispositif R\u00e9pit du Rh\u00f4ne\",\"description\":\"APAJH&amp; vous\",\"potentialAction\":[{\"@type\":\"SearchAction\",\"target\":{\"@type\":\"EntryPoint\",\"urlTemplate\":\"https:\\\/\\\/apajhetvous.apajh.org\\\/dispositif-repit-rhone\\\/?s={search_term_string}\"},\"query-input\":{\"@type\":\"PropertyValueSpecification\",\"valueRequired\":true,\"valueName\":\"search_term_string\"}}],\"inLanguage\":\"fr-FR\"}]}<\/script>\n<!-- \/ Yoast SEO plugin. -->","yoast_head_json":{"title":"Qui sommes-nous ? - Dispositif R\u00e9pit du Rh\u00f4ne","description":"Le Dispositif R\u00e9pit s\u2019adresse aux aidants familiaux de personnes en situation de handicap. Il est compos\u00e9 de deux services : le service d'accompagnement aux aidants (S2A) et le Service d'accueil de r\u00e9pit (SAR).","robots":{"index":"index","follow":"follow","max-snippet":"max-snippet:-1","max-image-preview":"max-image-preview:large","max-video-preview":"max-video-preview:-1"},"canonical":"https:\/\/apajhetvous.apajh.org\/dispositif-repit-rhone\/qui-sommes-nous\/","og_locale":"fr_FR","og_type":"article","og_title":"Qui sommes-nous ? - Dispositif R\u00e9pit du Rh\u00f4ne","og_description":"Le Dispositif R\u00e9pit s\u2019adresse aux aidants familiaux de personnes en situation de handicap. Il est compos\u00e9 de deux services : le service d'accompagnement aux aidants (S2A) et le Service d'accueil de r\u00e9pit (SAR).","og_url":"https:\/\/apajhetvous.apajh.org\/dispositif-repit-rhone\/qui-sommes-nous\/","og_site_name":"Dispositif R\u00e9pit du Rh\u00f4ne","article_modified_time":"2023-01-04T12:53:19+00:00","og_image":[{"url":"https:\/\/apajhetvous.apajh.org\/dispositif-repit-rhone\/wp-content\/uploads\/2022\/05\/Bonhomme.jpg","type":"","width":"","height":""}],"twitter_card":"summary_large_image","twitter_misc":{"Dur\u00e9e de lecture estim\u00e9e":"3 minutes"},"schema":{"@context":"https:\/\/schema.org","@graph":[{"@type":"WebPage","@id":"https:\/\/apajhetvous.apajh.org\/dispositif-repit-rhone\/qui-sommes-nous\/","url":"https:\/\/apajhetvous.apajh.org\/dispositif-repit-rhone\/qui-sommes-nous\/","name":"Qui sommes-nous ? - Dispositif R\u00e9pit du Rh\u00f4ne","isPartOf":{"@id":"https:\/\/apajhetvous.apajh.org\/dispositif-repit-rhone\/#website"},"primaryImageOfPage":{"@id":"https:\/\/apajhetvous.apajh.org\/dispositif-repit-rhone\/qui-sommes-nous\/#primaryimage"},"image":{"@id":"https:\/\/apajhetvous.apajh.org\/dispositif-repit-rhone\/qui-sommes-nous\/#primaryimage"},"thumbnailUrl":"https:\/\/apajhetvous.apajh.org\/dispositif-repit-rhone\/wp-content\/uploads\/2022\/05\/Bonhomme.jpg","datePublished":"2022-05-24T08:30:50+00:00","dateModified":"2023-01-04T12:53:19+00:00","description":"Le Dispositif R\u00e9pit s\u2019adresse aux aidants familiaux de personnes en situation de handicap. Il est compos\u00e9 de deux services : le service d'accompagnement aux aidants (S2A) et le Service d'accueil de r\u00e9pit (SAR).","breadcrumb":{"@id":"https:\/\/apajhetvous.apajh.org\/dispositif-repit-rhone\/qui-sommes-nous\/#breadcrumb"},"inLanguage":"fr-FR","potentialAction":[{"@type":"ReadAction","target":["https:\/\/apajhetvous.apajh.org\/dispositif-repit-rhone\/qui-sommes-nous\/"]}]},{"@type":"ImageObject","inLanguage":"fr-FR","@id":"https:\/\/apajhetvous.apajh.org\/dispositif-repit-rhone\/qui-sommes-nous\/#primaryimage","url":"https:\/\/apajhetvous.apajh.org\/dispositif-repit-rhone\/wp-content\/uploads\/2022\/05\/Bonhomme.jpg","contentUrl":"https:\/\/apajhetvous.apajh.org\/dispositif-repit-rhone\/wp-content\/uploads\/2022\/05\/Bonhomme.jpg","width":1000,"height":667},{"@type":"BreadcrumbList","@id":"https:\/\/apajhetvous.apajh.org\/dispositif-repit-rhone\/qui-sommes-nous\/#breadcrumb","itemListElement":[{"@type":"ListItem","position":1,"name":"Accueil","item":"https:\/\/apajhetvous.apajh.org\/dispositif-repit-rhone\/"},{"@type":"ListItem","position":2,"name":"Qui sommes-nous ?"}]},{"@type":"WebSite","@id":"https:\/\/apajhetvous.apajh.org\/dispositif-repit-rhone\/#website","url":"https:\/\/apajhetvous.apajh.org\/dispositif-repit-rhone\/","name":"Dispositif R\u00e9pit du Rh\u00f4ne","description":"APAJH&amp; vous","potentialAction":[{"@type":"SearchAction","target":{"@type":"EntryPoint","urlTemplate":"https:\/\/apajhetvous.apajh.org\/dispositif-repit-rhone\/?s={search_term_string}"},"query-input":{"@type":"PropertyValueSpecification","valueRequired":true,"valueName":"search_term_string"}}],"inLanguage":"fr-FR"}]}},"_links":{"self":[{"href":"https:\/\/apajhetvous.apajh.org\/dispositif-repit-rhone\/wp-json\/wp\/v2\/pages\/3687","targetHints":{"allow":["GET"]}}],"collection":[{"href":"https:\/\/apajhetvous.apajh.org\/dispositif-repit-rhone\/wp-json\/wp\/v2\/pages"}],"about":[{"href":"https:\/\/apajhetvous.apajh.org\/dispositif-repit-rhone\/wp-json\/wp\/v2\/types\/page"}],"author":[{"embeddable":true,"href":"https:\/\/apajhetvous.apajh.org\/dispositif-repit-rhone\/wp-json\/wp\/v2\/users\/1"}],"replies":[{"embeddable":true,"href":"https:\/\/apajhetvous.apajh.org\/dispositif-repit-rhone\/wp-json\/wp\/v2\/comments?post=3687"}],"version-history":[{"count":13,"href":"https:\/\/apajhetvous.apajh.org\/dispositif-repit-rhone\/wp-json\/wp\/v2\/pages\/3687\/revisions"}],"predecessor-version":[{"id":3875,"href":"https:\/\/apajhetvous.apajh.org\/dispositif-repit-rhone\/wp-json\/wp\/v2\/pages\/3687\/revisions\/3875"}],"wp:attachment":[{"href":"https:\/\/apajhetvous.apajh.org\/dispositif-repit-rhone\/wp-json\/wp\/v2\/media?parent=3687"}],"curies":[{"name":"wp","href":"https:\/\/api.w.org\/{rel}","templated":true}]}}