{"id":3694,"date":"2022-05-24T10:32:46","date_gmt":"2022-05-24T08:32:46","guid":{"rendered":"https:\/\/apajhetvous.apajh.org\/dispositif-repit-rhone\/?page_id=3694"},"modified":"2025-01-23T16:43:50","modified_gmt":"2025-01-23T15:43:50","slug":"ressources","status":"publish","type":"page","link":"https:\/\/apajhetvous.apajh.org\/dispositif-repit-rhone\/ressources\/","title":{"rendered":"Ressources"},"content":{"rendered":"\n<p><a href=\"https:\/\/www.metropole-aidante.fr\/\"><strong>M\u00e9tropole aidante<\/strong> <\/a> <\/p>\n\n\n\n<figure class=\"wp-block-embed is-type-video is-provider-youtube wp-block-embed-youtube wp-embed-aspect-16-9 wp-has-aspect-ratio\"><div class=\"wp-block-embed__wrapper\">\n<iframe loading=\"lazy\" title=\"m\u00e9tropole aidante - Pr\u00e9sentation Site Web\" width=\"640\" height=\"360\" src=\"https:\/\/www.youtube.com\/embed\/a_2s3fWahPk?feature=oembed\" frameborder=\"0\" allow=\"accelerometer; autoplay; clipboard-write; encrypted-media; gyroscope; picture-in-picture; web-share\" referrerpolicy=\"strict-origin-when-cross-origin\" allowfullscreen><\/iframe>\n<\/div><\/figure>\n\n\n\n<hr class=\"wp-block-separator has-alpha-channel-opacity\"\/>\n\n\n\n<hr class=\"wp-block-separator has-alpha-channel-opacity\"\/>\n\n\n\n<figure class=\"wp-block-image size-large is-resized\"><img loading=\"lazy\" decoding=\"async\" width=\"724\" height=\"1024\" src=\"https:\/\/apajhetvous.apajh.org\/dispositif-repit-rhone\/wp-content\/uploads\/2022\/11\/2022-Affiche-presentation-ISTF-67-20220513142214.pdf-1851755-724x1024.jpg\" alt=\"\" class=\"wp-image-3849\" style=\"width:525px;height:743px\" srcset=\"https:\/\/apajhetvous.apajh.org\/dispositif-repit-rhone\/wp-content\/uploads\/2022\/11\/2022-Affiche-presentation-ISTF-67-20220513142214.pdf-1851755-724x1024.jpg 724w, https:\/\/apajhetvous.apajh.org\/dispositif-repit-rhone\/wp-content\/uploads\/2022\/11\/2022-Affiche-presentation-ISTF-67-20220513142214.pdf-1851755-212x300.jpg 212w, https:\/\/apajhetvous.apajh.org\/dispositif-repit-rhone\/wp-content\/uploads\/2022\/11\/2022-Affiche-presentation-ISTF-67-20220513142214.pdf-1851755-768x1087.jpg 768w, https:\/\/apajhetvous.apajh.org\/dispositif-repit-rhone\/wp-content\/uploads\/2022\/11\/2022-Affiche-presentation-ISTF-67-20220513142214.pdf-1851755-1086x1536.jpg 1086w, https:\/\/apajhetvous.apajh.org\/dispositif-repit-rhone\/wp-content\/uploads\/2022\/11\/2022-Affiche-presentation-ISTF-67-20220513142214.pdf-1851755-1447x2048.jpg 1447w, https:\/\/apajhetvous.apajh.org\/dispositif-repit-rhone\/wp-content\/uploads\/2022\/11\/2022-Affiche-presentation-ISTF-67-20220513142214.pdf-1851755-370x524.jpg 370w, https:\/\/apajhetvous.apajh.org\/dispositif-repit-rhone\/wp-content\/uploads\/2022\/11\/2022-Affiche-presentation-ISTF-67-20220513142214.pdf-1851755-1320x1868.jpg 1320w, https:\/\/apajhetvous.apajh.org\/dispositif-repit-rhone\/wp-content\/uploads\/2022\/11\/2022-Affiche-presentation-ISTF-67-20220513142214.pdf-1851755-scaled.jpg 1809w\" sizes=\"auto, (max-width: 724px) 100vw, 724px\" \/><\/figure>\n\n\n\n<hr class=\"wp-block-separator aligncenter has-alpha-channel-opacity\"\/>\n\n\n\n<hr class=\"wp-block-separator has-alpha-channel-opacity\"\/>\n\n\n\n<figure class=\"wp-block-embed is-type-video is-provider-youtube wp-block-embed-youtube wp-embed-aspect-16-9 wp-has-aspect-ratio\"><div class=\"wp-block-embed__wrapper\">\n<iframe loading=\"lazy\" title=\"Plateforme de formation en ligne pour les aidants\" width=\"640\" height=\"360\" src=\"https:\/\/www.youtube.com\/embed\/1JALMTFD6ms?feature=oembed\" frameborder=\"0\" allow=\"accelerometer; autoplay; clipboard-write; encrypted-media; gyroscope; picture-in-picture; web-share\" referrerpolicy=\"strict-origin-when-cross-origin\" allowfullscreen><\/iframe>\n<\/div><\/figure>\n\n\n\n<figure class=\"wp-block-embed is-type-wp-embed is-provider-formation-sur-l-039-autisme-en-ile-de-france wp-block-embed-formation-sur-l-039-autisme-en-ile-de-france\"><div class=\"wp-block-embed__wrapper\">\nhttps:\/\/aidants-craif.org\/formation-en-ligne-pour-les-aidants\n<\/div><\/figure>\n\n\n\n<h2 class=\"wp-block-heading\">Plaquette d&rsquo;information Dispositif R\u00e9pit 2025<\/h2>\n\n\n\n<div data-wp-interactive=\"core\/file\" class=\"wp-block-file\"><object data-wp-bind--hidden=\"!state.hasPdfPreview\" hidden class=\"wp-block-file__embed\" data=\"https:\/\/apajhetvous.apajh.org\/dispositif-repit-rhone\/wp-content\/uploads\/2025\/01\/69DB-Plaquette-repit-v2025.01-2.pdf\" type=\"application\/pdf\" style=\"width:100%;height:600px\" aria-label=\"Contenu embarqu\u00e9 69DB Plaquette r\u00e9pit v2025.01.\"><\/object><a id=\"wp-block-file--media-0ec635e1-46c3-42ea-898f-b1baae370a23\" href=\"https:\/\/apajhetvous.apajh.org\/dispositif-repit-rhone\/wp-content\/uploads\/2025\/01\/69DB-Plaquette-repit-v2025.01-2.pdf\">69DB Plaquette r\u00e9pit v2025.01<\/a><a href=\"https:\/\/apajhetvous.apajh.org\/dispositif-repit-rhone\/wp-content\/uploads\/2025\/01\/69DB-Plaquette-repit-v2025.01-2.pdf\" class=\"wp-block-file__button wp-element-button\" download aria-describedby=\"wp-block-file--media-0ec635e1-46c3-42ea-898f-b1baae370a23\">T\u00e9l\u00e9charger<\/a><\/div>\n","protected":false},"excerpt":{"rendered":"<p>M\u00e9tropole aidante Plaquette d&rsquo;information Dispositif R\u00e9pit 2025<\/p>\n","protected":false},"author":1,"featured_media":0,"parent":0,"menu_order":0,"comment_status":"closed","ping_status":"closed","template":"","meta":{"_acf_changed":false,"_exactmetrics_skip_tracking":false,"_exactmetrics_sitenote_active":false,"_exactmetrics_sitenote_note":"","_exactmetrics_sitenote_category":0,"footnotes":""},"class_list":["post-3694","page","type-page","status-publish","hentry"],"acf":[],"yoast_head":"<!-- This site is optimized with the Yoast SEO plugin v27.3 - https:\/\/yoast.com\/product\/yoast-seo-wordpress\/ -->\n<title>Ressources - Dispositif R\u00e9pit du Rh\u00f4ne<\/title>\n<meta name=\"robots\" content=\"index, follow, max-snippet:-1, max-image-preview:large, max-video-preview:-1\" \/>\n<link rel=\"canonical\" href=\"https:\/\/apajhetvous.apajh.org\/dispositif-repit-rhone\/ressources\/\" \/>\n<meta property=\"og:locale\" content=\"fr_FR\" \/>\n<meta property=\"og:type\" content=\"article\" \/>\n<meta property=\"og:title\" content=\"Ressources - Dispositif R\u00e9pit du Rh\u00f4ne\" \/>\n<meta property=\"og:description\" content=\"M\u00e9tropole aidante Plaquette d&rsquo;information Dispositif R\u00e9pit 2025\" \/>\n<meta property=\"og:url\" content=\"https:\/\/apajhetvous.apajh.org\/dispositif-repit-rhone\/ressources\/\" \/>\n<meta property=\"og:site_name\" content=\"Dispositif R\u00e9pit du Rh\u00f4ne\" \/>\n<meta property=\"article:modified_time\" content=\"2025-01-23T15:43:50+00:00\" \/>\n<meta property=\"og:image\" content=\"https:\/\/apajhetvous.apajh.org\/dispositif-repit-rhone\/wp-content\/uploads\/2022\/11\/2022-Affiche-presentation-ISTF-67-20220513142214.pdf-1851755-724x1024.jpg\" \/>\n<meta name=\"twitter:card\" content=\"summary_large_image\" \/>\n<meta name=\"twitter:label1\" content=\"Dur\u00e9e de lecture estim\u00e9e\" \/>\n\t<meta name=\"twitter:data1\" content=\"1 minute\" \/>\n<script type=\"application\/ld+json\" class=\"yoast-schema-graph\">{\"@context\":\"https:\\\/\\\/schema.org\",\"@graph\":[{\"@type\":\"WebPage\",\"@id\":\"https:\\\/\\\/apajhetvous.apajh.org\\\/dispositif-repit-rhone\\\/ressources\\\/\",\"url\":\"https:\\\/\\\/apajhetvous.apajh.org\\\/dispositif-repit-rhone\\\/ressources\\\/\",\"name\":\"Ressources - Dispositif R\u00e9pit du Rh\u00f4ne\",\"isPartOf\":{\"@id\":\"https:\\\/\\\/apajhetvous.apajh.org\\\/dispositif-repit-rhone\\\/#website\"},\"primaryImageOfPage\":{\"@id\":\"https:\\\/\\\/apajhetvous.apajh.org\\\/dispositif-repit-rhone\\\/ressources\\\/#primaryimage\"},\"image\":{\"@id\":\"https:\\\/\\\/apajhetvous.apajh.org\\\/dispositif-repit-rhone\\\/ressources\\\/#primaryimage\"},\"thumbnailUrl\":\"https:\\\/\\\/apajhetvous.apajh.org\\\/dispositif-repit-rhone\\\/wp-content\\\/uploads\\\/2022\\\/11\\\/2022-Affiche-presentation-ISTF-67-20220513142214.pdf-1851755-724x1024.jpg\",\"datePublished\":\"2022-05-24T08:32:46+00:00\",\"dateModified\":\"2025-01-23T15:43:50+00:00\",\"breadcrumb\":{\"@id\":\"https:\\\/\\\/apajhetvous.apajh.org\\\/dispositif-repit-rhone\\\/ressources\\\/#breadcrumb\"},\"inLanguage\":\"fr-FR\",\"potentialAction\":[{\"@type\":\"ReadAction\",\"target\":[\"https:\\\/\\\/apajhetvous.apajh.org\\\/dispositif-repit-rhone\\\/ressources\\\/\"]}]},{\"@type\":\"ImageObject\",\"inLanguage\":\"fr-FR\",\"@id\":\"https:\\\/\\\/apajhetvous.apajh.org\\\/dispositif-repit-rhone\\\/ressources\\\/#primaryimage\",\"url\":\"https:\\\/\\\/apajhetvous.apajh.org\\\/dispositif-repit-rhone\\\/wp-content\\\/uploads\\\/2022\\\/11\\\/2022-Affiche-presentation-ISTF-67-20220513142214.pdf-1851755-scaled.jpg\",\"contentUrl\":\"https:\\\/\\\/apajhetvous.apajh.org\\\/dispositif-repit-rhone\\\/wp-content\\\/uploads\\\/2022\\\/11\\\/2022-Affiche-presentation-ISTF-67-20220513142214.pdf-1851755-scaled.jpg\",\"width\":1809,\"height\":2560},{\"@type\":\"BreadcrumbList\",\"@id\":\"https:\\\/\\\/apajhetvous.apajh.org\\\/dispositif-repit-rhone\\\/ressources\\\/#breadcrumb\",\"itemListElement\":[{\"@type\":\"ListItem\",\"position\":1,\"name\":\"Accueil\",\"item\":\"https:\\\/\\\/apajhetvous.apajh.org\\\/dispositif-repit-rhone\\\/\"},{\"@type\":\"ListItem\",\"position\":2,\"name\":\"Ressources\"}]},{\"@type\":\"WebSite\",\"@id\":\"https:\\\/\\\/apajhetvous.apajh.org\\\/dispositif-repit-rhone\\\/#website\",\"url\":\"https:\\\/\\\/apajhetvous.apajh.org\\\/dispositif-repit-rhone\\\/\",\"name\":\"Dispositif R\u00e9pit du Rh\u00f4ne\",\"description\":\"APAJH&amp; vous\",\"potentialAction\":[{\"@type\":\"SearchAction\",\"target\":{\"@type\":\"EntryPoint\",\"urlTemplate\":\"https:\\\/\\\/apajhetvous.apajh.org\\\/dispositif-repit-rhone\\\/?s={search_term_string}\"},\"query-input\":{\"@type\":\"PropertyValueSpecification\",\"valueRequired\":true,\"valueName\":\"search_term_string\"}}],\"inLanguage\":\"fr-FR\"}]}<\/script>\n<!-- \/ Yoast SEO plugin. -->","yoast_head_json":{"title":"Ressources - Dispositif R\u00e9pit du Rh\u00f4ne","robots":{"index":"index","follow":"follow","max-snippet":"max-snippet:-1","max-image-preview":"max-image-preview:large","max-video-preview":"max-video-preview:-1"},"canonical":"https:\/\/apajhetvous.apajh.org\/dispositif-repit-rhone\/ressources\/","og_locale":"fr_FR","og_type":"article","og_title":"Ressources - Dispositif R\u00e9pit du Rh\u00f4ne","og_description":"M\u00e9tropole aidante Plaquette d&rsquo;information Dispositif R\u00e9pit 2025","og_url":"https:\/\/apajhetvous.apajh.org\/dispositif-repit-rhone\/ressources\/","og_site_name":"Dispositif R\u00e9pit du Rh\u00f4ne","article_modified_time":"2025-01-23T15:43:50+00:00","og_image":[{"url":"https:\/\/apajhetvous.apajh.org\/dispositif-repit-rhone\/wp-content\/uploads\/2022\/11\/2022-Affiche-presentation-ISTF-67-20220513142214.pdf-1851755-724x1024.jpg","type":"","width":"","height":""}],"twitter_card":"summary_large_image","twitter_misc":{"Dur\u00e9e de lecture estim\u00e9e":"1 minute"},"schema":{"@context":"https:\/\/schema.org","@graph":[{"@type":"WebPage","@id":"https:\/\/apajhetvous.apajh.org\/dispositif-repit-rhone\/ressources\/","url":"https:\/\/apajhetvous.apajh.org\/dispositif-repit-rhone\/ressources\/","name":"Ressources - Dispositif R\u00e9pit du Rh\u00f4ne","isPartOf":{"@id":"https:\/\/apajhetvous.apajh.org\/dispositif-repit-rhone\/#website"},"primaryImageOfPage":{"@id":"https:\/\/apajhetvous.apajh.org\/dispositif-repit-rhone\/ressources\/#primaryimage"},"image":{"@id":"https:\/\/apajhetvous.apajh.org\/dispositif-repit-rhone\/ressources\/#primaryimage"},"thumbnailUrl":"https:\/\/apajhetvous.apajh.org\/dispositif-repit-rhone\/wp-content\/uploads\/2022\/11\/2022-Affiche-presentation-ISTF-67-20220513142214.pdf-1851755-724x1024.jpg","datePublished":"2022-05-24T08:32:46+00:00","dateModified":"2025-01-23T15:43:50+00:00","breadcrumb":{"@id":"https:\/\/apajhetvous.apajh.org\/dispositif-repit-rhone\/ressources\/#breadcrumb"},"inLanguage":"fr-FR","potentialAction":[{"@type":"ReadAction","target":["https:\/\/apajhetvous.apajh.org\/dispositif-repit-rhone\/ressources\/"]}]},{"@type":"ImageObject","inLanguage":"fr-FR","@id":"https:\/\/apajhetvous.apajh.org\/dispositif-repit-rhone\/ressources\/#primaryimage","url":"https:\/\/apajhetvous.apajh.org\/dispositif-repit-rhone\/wp-content\/uploads\/2022\/11\/2022-Affiche-presentation-ISTF-67-20220513142214.pdf-1851755-scaled.jpg","contentUrl":"https:\/\/apajhetvous.apajh.org\/dispositif-repit-rhone\/wp-content\/uploads\/2022\/11\/2022-Affiche-presentation-ISTF-67-20220513142214.pdf-1851755-scaled.jpg","width":1809,"height":2560},{"@type":"BreadcrumbList","@id":"https:\/\/apajhetvous.apajh.org\/dispositif-repit-rhone\/ressources\/#breadcrumb","itemListElement":[{"@type":"ListItem","position":1,"name":"Accueil","item":"https:\/\/apajhetvous.apajh.org\/dispositif-repit-rhone\/"},{"@type":"ListItem","position":2,"name":"Ressources"}]},{"@type":"WebSite","@id":"https:\/\/apajhetvous.apajh.org\/dispositif-repit-rhone\/#website","url":"https:\/\/apajhetvous.apajh.org\/dispositif-repit-rhone\/","name":"Dispositif R\u00e9pit du Rh\u00f4ne","description":"APAJH&amp; vous","potentialAction":[{"@type":"SearchAction","target":{"@type":"EntryPoint","urlTemplate":"https:\/\/apajhetvous.apajh.org\/dispositif-repit-rhone\/?s={search_term_string}"},"query-input":{"@type":"PropertyValueSpecification","valueRequired":true,"valueName":"search_term_string"}}],"inLanguage":"fr-FR"}]}},"_links":{"self":[{"href":"https:\/\/apajhetvous.apajh.org\/dispositif-repit-rhone\/wp-json\/wp\/v2\/pages\/3694","targetHints":{"allow":["GET"]}}],"collection":[{"href":"https:\/\/apajhetvous.apajh.org\/dispositif-repit-rhone\/wp-json\/wp\/v2\/pages"}],"about":[{"href":"https:\/\/apajhetvous.apajh.org\/dispositif-repit-rhone\/wp-json\/wp\/v2\/types\/page"}],"author":[{"embeddable":true,"href":"https:\/\/apajhetvous.apajh.org\/dispositif-repit-rhone\/wp-json\/wp\/v2\/users\/1"}],"replies":[{"embeddable":true,"href":"https:\/\/apajhetvous.apajh.org\/dispositif-repit-rhone\/wp-json\/wp\/v2\/comments?post=3694"}],"version-history":[{"count":19,"href":"https:\/\/apajhetvous.apajh.org\/dispositif-repit-rhone\/wp-json\/wp\/v2\/pages\/3694\/revisions"}],"predecessor-version":[{"id":4147,"href":"https:\/\/apajhetvous.apajh.org\/dispositif-repit-rhone\/wp-json\/wp\/v2\/pages\/3694\/revisions\/4147"}],"wp:attachment":[{"href":"https:\/\/apajhetvous.apajh.org\/dispositif-repit-rhone\/wp-json\/wp\/v2\/media?parent=3694"}],"curies":[{"name":"wp","href":"https:\/\/api.w.org\/{rel}","templated":true}]}}