{"id":3698,"date":"2022-05-24T10:33:18","date_gmt":"2022-05-24T08:33:18","guid":{"rendered":"https:\/\/apajhetvous.apajh.org\/dispositif-repit-rhone\/?page_id=3698"},"modified":"2025-10-03T10:13:55","modified_gmt":"2025-10-03T08:13:55","slug":"lequipe","status":"publish","type":"page","link":"https:\/\/apajhetvous.apajh.org\/dispositif-repit-rhone\/lequipe\/","title":{"rendered":"L\u2019\u00e9quipe du Dispositif R\u00e9pit APAJH"},"content":{"rendered":"\n<figure class=\"wp-block-image size-full\"><img loading=\"lazy\" decoding=\"async\" width=\"198\" height=\"253\" src=\"https:\/\/apajhetvous.apajh.org\/dispositif-repit-rhone\/wp-content\/uploads\/2023\/01\/image-1.png\" alt=\"Nadia GUERAB Directrice de Plateforme Enfance\" class=\"wp-image-3906\"\/><\/figure>\n\n\n\n<p>Nadia GHERAB Directrice de la Plateforme Enfance APAJH<\/p>\n\n\n\n<p><\/p>\n\n\n\n<p><\/p>\n\n\n\n<figure class=\"wp-block-image size-full\"><img loading=\"lazy\" decoding=\"async\" width=\"209\" height=\"279\" src=\"https:\/\/apajhetvous.apajh.org\/dispositif-repit-rhone\/wp-content\/uploads\/2023\/01\/image-5.png\" alt=\"Ga\u00eblle DE QUILLACQ Coordinatrice Dispositif de R\u00e9pit \/ Assistance Sociale Service d'Accompagnement aux Aidants (S2A) \" class=\"wp-image-3910\"\/><\/figure>\n\n\n\n<p>Ga\u00eblle DE QUILLACQ Coordinatrice Dispositif de R\u00e9pit \/ Assistante de service social au Service d&rsquo;Accompagnement aux Aidants (S2A)<\/p>\n\n\n\n<figure class=\"wp-block-image size-full\"><img loading=\"lazy\" decoding=\"async\" width=\"227\" height=\"252\" src=\"https:\/\/apajhetvous.apajh.org\/dispositif-repit-rhone\/wp-content\/uploads\/2023\/01\/image-6.png\" alt=\"Emeline Assistante Sociale Service d\u2019Accompagnement aux Aidants (S2A)\" class=\"wp-image-3911\"\/><\/figure>\n\n\n\n<p>Emeline PIERRE Assistante de service social au Service d\u2019Accompagnement aux Aidants (S2A)<\/p>\n\n\n\n<figure class=\"wp-block-image size-large is-resized\"><img loading=\"lazy\" decoding=\"async\" width=\"768\" height=\"1024\" src=\"https:\/\/apajhetvous.apajh.org\/dispositif-repit-rhone\/wp-content\/uploads\/2023\/04\/Photos-Giuseppe-768x1024.jpg\" alt=\"\" class=\"wp-image-3968\" style=\"width:217px;height:auto\" srcset=\"https:\/\/apajhetvous.apajh.org\/dispositif-repit-rhone\/wp-content\/uploads\/2023\/04\/Photos-Giuseppe-768x1024.jpg 768w, https:\/\/apajhetvous.apajh.org\/dispositif-repit-rhone\/wp-content\/uploads\/2023\/04\/Photos-Giuseppe-225x300.jpg 225w, https:\/\/apajhetvous.apajh.org\/dispositif-repit-rhone\/wp-content\/uploads\/2023\/04\/Photos-Giuseppe-1152x1536.jpg 1152w, https:\/\/apajhetvous.apajh.org\/dispositif-repit-rhone\/wp-content\/uploads\/2023\/04\/Photos-Giuseppe-1536x2048.jpg 1536w, https:\/\/apajhetvous.apajh.org\/dispositif-repit-rhone\/wp-content\/uploads\/2023\/04\/Photos-Giuseppe-370x493.jpg 370w, https:\/\/apajhetvous.apajh.org\/dispositif-repit-rhone\/wp-content\/uploads\/2023\/04\/Photos-Giuseppe-1320x1760.jpg 1320w, https:\/\/apajhetvous.apajh.org\/dispositif-repit-rhone\/wp-content\/uploads\/2023\/04\/Photos-Giuseppe-scaled.jpg 1920w\" sizes=\"auto, (max-width: 768px) 100vw, 768px\" \/><\/figure>\n\n\n\n<p>Giuseppe SANGIORGI Educateur sp\u00e9cialis\u00e9 au Service d\u2019Accompagnement aux Aidants (S2A)<\/p>\n\n\n\n<figure class=\"wp-block-image size-large is-resized\"><img loading=\"lazy\" decoding=\"async\" width=\"768\" height=\"1024\" src=\"https:\/\/apajhetvous.apajh.org\/dispositif-repit-rhone\/wp-content\/uploads\/2025\/10\/Eloise-768x1024.jpeg\" alt=\"\" class=\"wp-image-4183\" style=\"width:242px;height:auto\" srcset=\"https:\/\/apajhetvous.apajh.org\/dispositif-repit-rhone\/wp-content\/uploads\/2025\/10\/Eloise-768x1024.jpeg 768w, https:\/\/apajhetvous.apajh.org\/dispositif-repit-rhone\/wp-content\/uploads\/2025\/10\/Eloise-225x300.jpeg 225w, https:\/\/apajhetvous.apajh.org\/dispositif-repit-rhone\/wp-content\/uploads\/2025\/10\/Eloise-1152x1536.jpeg 1152w, https:\/\/apajhetvous.apajh.org\/dispositif-repit-rhone\/wp-content\/uploads\/2025\/10\/Eloise-1536x2048.jpeg 1536w, https:\/\/apajhetvous.apajh.org\/dispositif-repit-rhone\/wp-content\/uploads\/2025\/10\/Eloise-370x493.jpeg 370w, https:\/\/apajhetvous.apajh.org\/dispositif-repit-rhone\/wp-content\/uploads\/2025\/10\/Eloise-1320x1760.jpeg 1320w, https:\/\/apajhetvous.apajh.org\/dispositif-repit-rhone\/wp-content\/uploads\/2025\/10\/Eloise-scaled.jpeg 1920w\" sizes=\"auto, (max-width: 768px) 100vw, 768px\" \/><\/figure>\n\n\n\n<p>Elo\u00efse INGOLD Apprenante Assistante Sociale au Service d&rsquo;Accompagnement aux Aidants (S2A)<\/p>\n\n\n\n<p><\/p>\n\n\n\n<figure class=\"wp-block-image size-full is-resized\"><img loading=\"lazy\" decoding=\"async\" width=\"387\" height=\"400\" src=\"https:\/\/apajhetvous.apajh.org\/dispositif-repit-rhone\/wp-content\/uploads\/2025\/10\/image.png\" alt=\"\" class=\"wp-image-4184\" style=\"width:279px;height:auto\" srcset=\"https:\/\/apajhetvous.apajh.org\/dispositif-repit-rhone\/wp-content\/uploads\/2025\/10\/image.png 387w, https:\/\/apajhetvous.apajh.org\/dispositif-repit-rhone\/wp-content\/uploads\/2025\/10\/image-290x300.png 290w, https:\/\/apajhetvous.apajh.org\/dispositif-repit-rhone\/wp-content\/uploads\/2025\/10\/image-370x382.png 370w\" sizes=\"auto, (max-width: 387px) 100vw, 387px\" \/><\/figure>\n\n\n\n<p>Anne-Laure THOMAS Monitrice-\u00e9ducatrice au Service d&rsquo;Accueil de R\u00e9pit (SAR) <\/p>\n\n\n\n<figure class=\"wp-block-image size-full is-resized\"><img loading=\"lazy\" decoding=\"async\" width=\"418\" height=\"417\" src=\"https:\/\/apajhetvous.apajh.org\/dispositif-repit-rhone\/wp-content\/uploads\/2025\/10\/image-1.png\" alt=\"\" class=\"wp-image-4185\" style=\"width:287px;height:auto\" srcset=\"https:\/\/apajhetvous.apajh.org\/dispositif-repit-rhone\/wp-content\/uploads\/2025\/10\/image-1.png 418w, https:\/\/apajhetvous.apajh.org\/dispositif-repit-rhone\/wp-content\/uploads\/2025\/10\/image-1-300x300.png 300w, https:\/\/apajhetvous.apajh.org\/dispositif-repit-rhone\/wp-content\/uploads\/2025\/10\/image-1-150x150.png 150w, https:\/\/apajhetvous.apajh.org\/dispositif-repit-rhone\/wp-content\/uploads\/2025\/10\/image-1-370x369.png 370w\" sizes=\"auto, (max-width: 418px) 100vw, 418px\" \/><\/figure>\n\n\n\n<p>Kenza CHABBI Ma\u00eetresse de maison au Service d&rsquo;Accueil de R\u00e9pit (SAR)<\/p>\n\n\n\n<figure class=\"wp-block-image size-full is-resized\"><img loading=\"lazy\" decoding=\"async\" width=\"410\" height=\"410\" src=\"https:\/\/apajhetvous.apajh.org\/dispositif-repit-rhone\/wp-content\/uploads\/2025\/10\/image-2.png\" alt=\"\" class=\"wp-image-4186\" style=\"width:317px;height:auto\" srcset=\"https:\/\/apajhetvous.apajh.org\/dispositif-repit-rhone\/wp-content\/uploads\/2025\/10\/image-2.png 410w, https:\/\/apajhetvous.apajh.org\/dispositif-repit-rhone\/wp-content\/uploads\/2025\/10\/image-2-300x300.png 300w, https:\/\/apajhetvous.apajh.org\/dispositif-repit-rhone\/wp-content\/uploads\/2025\/10\/image-2-150x150.png 150w, https:\/\/apajhetvous.apajh.org\/dispositif-repit-rhone\/wp-content\/uploads\/2025\/10\/image-2-370x370.png 370w\" sizes=\"auto, (max-width: 410px) 100vw, 410px\" \/><\/figure>\n\n\n\n<p>Ludivine NOUVEAU Apprenante Educatrice Sp\u00e9cialis\u00e9e au Service d&rsquo;Accueil de R\u00e9pit (SAR)<\/p>\n\n\n\n<figure class=\"wp-block-image size-full is-resized\"><img loading=\"lazy\" decoding=\"async\" width=\"217\" height=\"221\" src=\"https:\/\/apajhetvous.apajh.org\/dispositif-repit-rhone\/wp-content\/uploads\/2025\/10\/image-3.png\" alt=\"\" class=\"wp-image-4187\" style=\"width:279px;height:auto\"\/><\/figure>\n\n\n\n<p>Mahaut D&rsquo;HOTELANS Educatrice Sp\u00e9cialis\u00e9e au Service d&rsquo;Accueil de R\u00e9pit (SAR)<\/p>\n\n\n\n<figure class=\"wp-block-image size-full is-resized\"><img loading=\"lazy\" decoding=\"async\" width=\"223\" height=\"251\" src=\"https:\/\/apajhetvous.apajh.org\/dispositif-repit-rhone\/wp-content\/uploads\/2025\/10\/image-4.png\" alt=\"\" class=\"wp-image-4188\" style=\"width:277px;height:auto\"\/><\/figure>\n\n\n\n<p>Am\u00e9lie VASTEL-REINCKE Monitrice \u00e9ducatrice au Service d&rsquo;Accueil de R\u00e9pit (SAR)<\/p>\n\n\n\n<figure class=\"wp-block-image size-full is-resized\"><img loading=\"lazy\" decoding=\"async\" width=\"366\" height=\"470\" src=\"https:\/\/apajhetvous.apajh.org\/dispositif-repit-rhone\/wp-content\/uploads\/2025\/10\/image-5.png\" alt=\"\" class=\"wp-image-4189\" style=\"width:255px;height:auto\" srcset=\"https:\/\/apajhetvous.apajh.org\/dispositif-repit-rhone\/wp-content\/uploads\/2025\/10\/image-5.png 366w, https:\/\/apajhetvous.apajh.org\/dispositif-repit-rhone\/wp-content\/uploads\/2025\/10\/image-5-234x300.png 234w\" sizes=\"auto, (max-width: 366px) 100vw, 366px\" \/><\/figure>\n\n\n\n<p>Maurane ADRAS Monitrice \u00e9ducatrice au Service d&rsquo;Accueil de R\u00e9pit (SAR)<\/p>\n\n\n\n<figure class=\"wp-block-image size-full is-resized\"><img loading=\"lazy\" decoding=\"async\" width=\"410\" height=\"411\" src=\"https:\/\/apajhetvous.apajh.org\/dispositif-repit-rhone\/wp-content\/uploads\/2025\/10\/image-6.png\" alt=\"\" class=\"wp-image-4190\" style=\"width:293px;height:auto\" srcset=\"https:\/\/apajhetvous.apajh.org\/dispositif-repit-rhone\/wp-content\/uploads\/2025\/10\/image-6.png 410w, https:\/\/apajhetvous.apajh.org\/dispositif-repit-rhone\/wp-content\/uploads\/2025\/10\/image-6-300x300.png 300w, https:\/\/apajhetvous.apajh.org\/dispositif-repit-rhone\/wp-content\/uploads\/2025\/10\/image-6-150x150.png 150w, https:\/\/apajhetvous.apajh.org\/dispositif-repit-rhone\/wp-content\/uploads\/2025\/10\/image-6-370x371.png 370w\" sizes=\"auto, (max-width: 410px) 100vw, 410px\" \/><\/figure>\n\n\n\n<p>Candice BRUNET Monitrice \u00e9ducatrice au Service d&rsquo;Accueil de R\u00e9pit (SAR)<\/p>\n","protected":false},"excerpt":{"rendered":"<p>Nadia GHERAB Directrice de la Plateforme Enfance APAJH Ga\u00eblle DE QUILLACQ Coordinatrice Dispositif de R\u00e9pit \/ Assistante de service social au Service d&rsquo;Accompagnement aux Aidants (S2A) Emeline PIERRE Assistante de service social au Service d\u2019Accompagnement aux Aidants (S2A) Giuseppe SANGIORGI Educateur sp\u00e9cialis\u00e9 au Service d\u2019Accompagnement aux Aidants (S2A) Elo\u00efse INGOLD Apprenante Assistante Sociale au Service<\/p>\n","protected":false},"author":1,"featured_media":0,"parent":0,"menu_order":0,"comment_status":"closed","ping_status":"closed","template":"","meta":{"_acf_changed":false,"_exactmetrics_skip_tracking":false,"_exactmetrics_sitenote_active":false,"_exactmetrics_sitenote_note":"","_exactmetrics_sitenote_category":0,"footnotes":""},"class_list":["post-3698","page","type-page","status-publish","hentry"],"acf":[],"yoast_head":"<!-- This site is optimized with the Yoast SEO plugin v27.3 - https:\/\/yoast.com\/product\/yoast-seo-wordpress\/ -->\n<title>L\u2019\u00e9quipe du Dispositif R\u00e9pit APAJH - Dispositif R\u00e9pit du Rh\u00f4ne<\/title>\n<meta name=\"robots\" content=\"index, follow, max-snippet:-1, max-image-preview:large, max-video-preview:-1\" \/>\n<link rel=\"canonical\" href=\"https:\/\/apajhetvous.apajh.org\/dispositif-repit-rhone\/lequipe\/\" \/>\n<meta property=\"og:locale\" content=\"fr_FR\" \/>\n<meta property=\"og:type\" content=\"article\" \/>\n<meta property=\"og:title\" content=\"L\u2019\u00e9quipe du Dispositif R\u00e9pit APAJH - Dispositif R\u00e9pit du Rh\u00f4ne\" \/>\n<meta property=\"og:description\" content=\"Nadia GHERAB Directrice de la Plateforme Enfance APAJH Ga\u00eblle DE QUILLACQ Coordinatrice Dispositif de R\u00e9pit \/ Assistante de service social au Service d&rsquo;Accompagnement aux Aidants (S2A) Emeline PIERRE Assistante de service social au Service d\u2019Accompagnement aux Aidants (S2A) Giuseppe SANGIORGI Educateur sp\u00e9cialis\u00e9 au Service d\u2019Accompagnement aux Aidants (S2A) Elo\u00efse INGOLD Apprenante Assistante Sociale au Service\" \/>\n<meta property=\"og:url\" content=\"https:\/\/apajhetvous.apajh.org\/dispositif-repit-rhone\/lequipe\/\" \/>\n<meta property=\"og:site_name\" content=\"Dispositif R\u00e9pit du Rh\u00f4ne\" \/>\n<meta property=\"article:modified_time\" content=\"2025-10-03T08:13:55+00:00\" \/>\n<meta property=\"og:image\" content=\"https:\/\/apajhetvous.apajh.org\/dispositif-repit-rhone\/wp-content\/uploads\/2023\/01\/image-1.png\" \/>\n<meta name=\"twitter:card\" content=\"summary_large_image\" \/>\n<meta name=\"twitter:label1\" content=\"Dur\u00e9e de lecture estim\u00e9e\" \/>\n\t<meta name=\"twitter:data1\" content=\"4 minutes\" \/>\n<script type=\"application\/ld+json\" class=\"yoast-schema-graph\">{\"@context\":\"https:\\\/\\\/schema.org\",\"@graph\":[{\"@type\":\"WebPage\",\"@id\":\"https:\\\/\\\/apajhetvous.apajh.org\\\/dispositif-repit-rhone\\\/lequipe\\\/\",\"url\":\"https:\\\/\\\/apajhetvous.apajh.org\\\/dispositif-repit-rhone\\\/lequipe\\\/\",\"name\":\"L\u2019\u00e9quipe du Dispositif R\u00e9pit APAJH - Dispositif R\u00e9pit du Rh\u00f4ne\",\"isPartOf\":{\"@id\":\"https:\\\/\\\/apajhetvous.apajh.org\\\/dispositif-repit-rhone\\\/#website\"},\"primaryImageOfPage\":{\"@id\":\"https:\\\/\\\/apajhetvous.apajh.org\\\/dispositif-repit-rhone\\\/lequipe\\\/#primaryimage\"},\"image\":{\"@id\":\"https:\\\/\\\/apajhetvous.apajh.org\\\/dispositif-repit-rhone\\\/lequipe\\\/#primaryimage\"},\"thumbnailUrl\":\"https:\\\/\\\/apajhetvous.apajh.org\\\/dispositif-repit-rhone\\\/wp-content\\\/uploads\\\/2023\\\/01\\\/image-1.png\",\"datePublished\":\"2022-05-24T08:33:18+00:00\",\"dateModified\":\"2025-10-03T08:13:55+00:00\",\"breadcrumb\":{\"@id\":\"https:\\\/\\\/apajhetvous.apajh.org\\\/dispositif-repit-rhone\\\/lequipe\\\/#breadcrumb\"},\"inLanguage\":\"fr-FR\",\"potentialAction\":[{\"@type\":\"ReadAction\",\"target\":[\"https:\\\/\\\/apajhetvous.apajh.org\\\/dispositif-repit-rhone\\\/lequipe\\\/\"]}]},{\"@type\":\"ImageObject\",\"inLanguage\":\"fr-FR\",\"@id\":\"https:\\\/\\\/apajhetvous.apajh.org\\\/dispositif-repit-rhone\\\/lequipe\\\/#primaryimage\",\"url\":\"https:\\\/\\\/apajhetvous.apajh.org\\\/dispositif-repit-rhone\\\/wp-content\\\/uploads\\\/2023\\\/01\\\/image-1.png\",\"contentUrl\":\"https:\\\/\\\/apajhetvous.apajh.org\\\/dispositif-repit-rhone\\\/wp-content\\\/uploads\\\/2023\\\/01\\\/image-1.png\",\"width\":198,\"height\":253},{\"@type\":\"BreadcrumbList\",\"@id\":\"https:\\\/\\\/apajhetvous.apajh.org\\\/dispositif-repit-rhone\\\/lequipe\\\/#breadcrumb\",\"itemListElement\":[{\"@type\":\"ListItem\",\"position\":1,\"name\":\"Accueil\",\"item\":\"https:\\\/\\\/apajhetvous.apajh.org\\\/dispositif-repit-rhone\\\/\"},{\"@type\":\"ListItem\",\"position\":2,\"name\":\"L\u2019\u00e9quipe du Dispositif R\u00e9pit APAJH\"}]},{\"@type\":\"WebSite\",\"@id\":\"https:\\\/\\\/apajhetvous.apajh.org\\\/dispositif-repit-rhone\\\/#website\",\"url\":\"https:\\\/\\\/apajhetvous.apajh.org\\\/dispositif-repit-rhone\\\/\",\"name\":\"Dispositif R\u00e9pit du Rh\u00f4ne\",\"description\":\"APAJH&amp; vous\",\"potentialAction\":[{\"@type\":\"SearchAction\",\"target\":{\"@type\":\"EntryPoint\",\"urlTemplate\":\"https:\\\/\\\/apajhetvous.apajh.org\\\/dispositif-repit-rhone\\\/?s={search_term_string}\"},\"query-input\":{\"@type\":\"PropertyValueSpecification\",\"valueRequired\":true,\"valueName\":\"search_term_string\"}}],\"inLanguage\":\"fr-FR\"}]}<\/script>\n<!-- \/ Yoast SEO plugin. -->","yoast_head_json":{"title":"L\u2019\u00e9quipe du Dispositif R\u00e9pit APAJH - Dispositif R\u00e9pit du Rh\u00f4ne","robots":{"index":"index","follow":"follow","max-snippet":"max-snippet:-1","max-image-preview":"max-image-preview:large","max-video-preview":"max-video-preview:-1"},"canonical":"https:\/\/apajhetvous.apajh.org\/dispositif-repit-rhone\/lequipe\/","og_locale":"fr_FR","og_type":"article","og_title":"L\u2019\u00e9quipe du Dispositif R\u00e9pit APAJH - Dispositif R\u00e9pit du Rh\u00f4ne","og_description":"Nadia GHERAB Directrice de la Plateforme Enfance APAJH Ga\u00eblle DE QUILLACQ Coordinatrice Dispositif de R\u00e9pit \/ Assistante de service social au Service d&rsquo;Accompagnement aux Aidants (S2A) Emeline PIERRE Assistante de service social au Service d\u2019Accompagnement aux Aidants (S2A) Giuseppe SANGIORGI Educateur sp\u00e9cialis\u00e9 au Service d\u2019Accompagnement aux Aidants (S2A) Elo\u00efse INGOLD Apprenante Assistante Sociale au Service","og_url":"https:\/\/apajhetvous.apajh.org\/dispositif-repit-rhone\/lequipe\/","og_site_name":"Dispositif R\u00e9pit du Rh\u00f4ne","article_modified_time":"2025-10-03T08:13:55+00:00","og_image":[{"url":"https:\/\/apajhetvous.apajh.org\/dispositif-repit-rhone\/wp-content\/uploads\/2023\/01\/image-1.png","type":"","width":"","height":""}],"twitter_card":"summary_large_image","twitter_misc":{"Dur\u00e9e de lecture estim\u00e9e":"4 minutes"},"schema":{"@context":"https:\/\/schema.org","@graph":[{"@type":"WebPage","@id":"https:\/\/apajhetvous.apajh.org\/dispositif-repit-rhone\/lequipe\/","url":"https:\/\/apajhetvous.apajh.org\/dispositif-repit-rhone\/lequipe\/","name":"L\u2019\u00e9quipe du Dispositif R\u00e9pit APAJH - Dispositif R\u00e9pit du Rh\u00f4ne","isPartOf":{"@id":"https:\/\/apajhetvous.apajh.org\/dispositif-repit-rhone\/#website"},"primaryImageOfPage":{"@id":"https:\/\/apajhetvous.apajh.org\/dispositif-repit-rhone\/lequipe\/#primaryimage"},"image":{"@id":"https:\/\/apajhetvous.apajh.org\/dispositif-repit-rhone\/lequipe\/#primaryimage"},"thumbnailUrl":"https:\/\/apajhetvous.apajh.org\/dispositif-repit-rhone\/wp-content\/uploads\/2023\/01\/image-1.png","datePublished":"2022-05-24T08:33:18+00:00","dateModified":"2025-10-03T08:13:55+00:00","breadcrumb":{"@id":"https:\/\/apajhetvous.apajh.org\/dispositif-repit-rhone\/lequipe\/#breadcrumb"},"inLanguage":"fr-FR","potentialAction":[{"@type":"ReadAction","target":["https:\/\/apajhetvous.apajh.org\/dispositif-repit-rhone\/lequipe\/"]}]},{"@type":"ImageObject","inLanguage":"fr-FR","@id":"https:\/\/apajhetvous.apajh.org\/dispositif-repit-rhone\/lequipe\/#primaryimage","url":"https:\/\/apajhetvous.apajh.org\/dispositif-repit-rhone\/wp-content\/uploads\/2023\/01\/image-1.png","contentUrl":"https:\/\/apajhetvous.apajh.org\/dispositif-repit-rhone\/wp-content\/uploads\/2023\/01\/image-1.png","width":198,"height":253},{"@type":"BreadcrumbList","@id":"https:\/\/apajhetvous.apajh.org\/dispositif-repit-rhone\/lequipe\/#breadcrumb","itemListElement":[{"@type":"ListItem","position":1,"name":"Accueil","item":"https:\/\/apajhetvous.apajh.org\/dispositif-repit-rhone\/"},{"@type":"ListItem","position":2,"name":"L\u2019\u00e9quipe du Dispositif R\u00e9pit APAJH"}]},{"@type":"WebSite","@id":"https:\/\/apajhetvous.apajh.org\/dispositif-repit-rhone\/#website","url":"https:\/\/apajhetvous.apajh.org\/dispositif-repit-rhone\/","name":"Dispositif R\u00e9pit du Rh\u00f4ne","description":"APAJH&amp; vous","potentialAction":[{"@type":"SearchAction","target":{"@type":"EntryPoint","urlTemplate":"https:\/\/apajhetvous.apajh.org\/dispositif-repit-rhone\/?s={search_term_string}"},"query-input":{"@type":"PropertyValueSpecification","valueRequired":true,"valueName":"search_term_string"}}],"inLanguage":"fr-FR"}]}},"_links":{"self":[{"href":"https:\/\/apajhetvous.apajh.org\/dispositif-repit-rhone\/wp-json\/wp\/v2\/pages\/3698","targetHints":{"allow":["GET"]}}],"collection":[{"href":"https:\/\/apajhetvous.apajh.org\/dispositif-repit-rhone\/wp-json\/wp\/v2\/pages"}],"about":[{"href":"https:\/\/apajhetvous.apajh.org\/dispositif-repit-rhone\/wp-json\/wp\/v2\/types\/page"}],"author":[{"embeddable":true,"href":"https:\/\/apajhetvous.apajh.org\/dispositif-repit-rhone\/wp-json\/wp\/v2\/users\/1"}],"replies":[{"embeddable":true,"href":"https:\/\/apajhetvous.apajh.org\/dispositif-repit-rhone\/wp-json\/wp\/v2\/comments?post=3698"}],"version-history":[{"count":15,"href":"https:\/\/apajhetvous.apajh.org\/dispositif-repit-rhone\/wp-json\/wp\/v2\/pages\/3698\/revisions"}],"predecessor-version":[{"id":4191,"href":"https:\/\/apajhetvous.apajh.org\/dispositif-repit-rhone\/wp-json\/wp\/v2\/pages\/3698\/revisions\/4191"}],"wp:attachment":[{"href":"https:\/\/apajhetvous.apajh.org\/dispositif-repit-rhone\/wp-json\/wp\/v2\/media?parent=3698"}],"curies":[{"name":"wp","href":"https:\/\/api.w.org\/{rel}","templated":true}]}}