{"id":453,"date":"2021-05-20T10:27:03","date_gmt":"2021-05-20T08:27:03","guid":{"rendered":"http:\/\/apajhetvous.apajh.org\/esat-froncles-breuvannes\/?page_id=453"},"modified":"2025-02-19T10:54:39","modified_gmt":"2025-02-19T09:54:39","slug":"le-showroom-de-la-recyclerie","status":"publish","type":"page","link":"https:\/\/apajhetvous.apajh.org\/esat-froncles-breuvannes\/le-showroom-de-la-recyclerie\/","title":{"rendered":"Le showroom de la recyclerie cr\u00e9ative"},"content":{"rendered":"<h2>Donnez une seconde vie aux objets !<\/h2>\n<p class=\"p1\">La Recyclerie Cr\u00e9ative, issue de l&rsquo;ESAT de Chaumont et Breuvannes, transforme des meubles et objets d\u00e9laiss\u00e9s en pi\u00e8ces uniques gr\u00e2ce au talent de ses travailleurs en situation de handicap. Engag\u00e9e dans l\u2019upcycling et l\u2019\u00e9conomie circulaire, elle propose des cr\u00e9ations artisanales originales et responsables. D\u00e9couvrez nos r\u00e9alisations en boutique et participez \u00e0 une consommation plus durable<\/p>\n<p>esat.froncles@apajh.asso.fr ou\u00a0\u00a003 25 02 34 58<\/p>\n<div id='gallery-1' class='gallery galleryid-453 gallery-columns-3 gallery-size-thumbnail'><figure class='gallery-item'>\n\t\t\t<div class='gallery-icon portrait'>\n\t\t\t\t<a href='https:\/\/apajhetvous.apajh.org\/esat-froncles-breuvannes\/le-showroom-de-la-recyclerie\/hotel-insecte\/'><img loading=\"lazy\" decoding=\"async\" width=\"150\" height=\"150\" src=\"https:\/\/apajhetvous.apajh.org\/esat-froncles-breuvannes\/wp-content\/uploads\/2021\/05\/HOTEL-INSECTE-150x150.jpg\" class=\"attachment-thumbnail size-thumbnail\" alt=\"\" aria-describedby=\"gallery-1-454\" \/><\/a>\n\t\t\t<\/div>\n\t\t\t\t<figcaption class='wp-caption-text gallery-caption' id='gallery-1-454'>\n\t\t\t\t150 euros\n\t\t\t\t<\/figcaption><\/figure><figure class='gallery-item'>\n\t\t\t<div class='gallery-icon portrait'>\n\t\t\t\t<a href='https:\/\/apajhetvous.apajh.org\/esat-froncles-breuvannes\/le-showroom-de-la-recyclerie\/bibliotheque-2\/'><img loading=\"lazy\" decoding=\"async\" width=\"150\" height=\"150\" src=\"https:\/\/apajhetvous.apajh.org\/esat-froncles-breuvannes\/wp-content\/uploads\/2021\/05\/biblioth\u00e8que-2-e1621499168694-150x150.jpg\" class=\"attachment-thumbnail size-thumbnail\" alt=\"\" \/><\/a>\n\t\t\t<\/div><\/figure><figure class='gallery-item'>\n\t\t\t<div class='gallery-icon portrait'>\n\t\t\t\t<a href='https:\/\/apajhetvous.apajh.org\/esat-froncles-breuvannes\/le-showroom-de-la-recyclerie\/chaise-or\/'><img loading=\"lazy\" decoding=\"async\" width=\"150\" height=\"150\" src=\"https:\/\/apajhetvous.apajh.org\/esat-froncles-breuvannes\/wp-content\/uploads\/2021\/05\/chaise-or-150x150.png\" class=\"attachment-thumbnail size-thumbnail\" alt=\"\" srcset=\"https:\/\/apajhetvous.apajh.org\/esat-froncles-breuvannes\/wp-content\/uploads\/2021\/05\/chaise-or-150x150.png 150w, https:\/\/apajhetvous.apajh.org\/esat-froncles-breuvannes\/wp-content\/uploads\/2021\/05\/chaise-or-498x500.png 498w\" sizes=\"auto, (max-width: 150px) 100vw, 150px\" \/><\/a>\n\t\t\t<\/div><\/figure><figure class='gallery-item'>\n\t\t\t<div class='gallery-icon portrait'>\n\t\t\t\t<a href='https:\/\/apajhetvous.apajh.org\/esat-froncles-breuvannes\/le-showroom-de-la-recyclerie\/dsc_0988\/'><img loading=\"lazy\" decoding=\"async\" width=\"150\" height=\"150\" src=\"https:\/\/apajhetvous.apajh.org\/esat-froncles-breuvannes\/wp-content\/uploads\/2021\/05\/DSC_0988-150x150.jpg\" class=\"attachment-thumbnail size-thumbnail\" alt=\"\" \/><\/a>\n\t\t\t<\/div><\/figure><figure class='gallery-item'>\n\t\t\t<div class='gallery-icon portrait'>\n\t\t\t\t<a href='https:\/\/apajhetvous.apajh.org\/esat-froncles-breuvannes\/le-showroom-de-la-recyclerie\/pancarte-message\/'><img loading=\"lazy\" decoding=\"async\" width=\"150\" height=\"150\" src=\"https:\/\/apajhetvous.apajh.org\/esat-froncles-breuvannes\/wp-content\/uploads\/2021\/05\/pancarte-message-150x150.jpg\" class=\"attachment-thumbnail size-thumbnail\" alt=\"\" \/><\/a>\n\t\t\t<\/div><\/figure><figure class='gallery-item'>\n\t\t\t<div class='gallery-icon portrait'>\n\t\t\t\t<a href='https:\/\/apajhetvous.apajh.org\/esat-froncles-breuvannes\/le-showroom-de-la-recyclerie\/sapin-capsule-grand\/'><img loading=\"lazy\" decoding=\"async\" width=\"150\" height=\"150\" src=\"https:\/\/apajhetvous.apajh.org\/esat-froncles-breuvannes\/wp-content\/uploads\/2021\/05\/sapin-capsule-grand-150x150.jpg\" class=\"attachment-thumbnail size-thumbnail\" alt=\"\" \/><\/a>\n\t\t\t<\/div><\/figure><figure class='gallery-item'>\n\t\t\t<div class='gallery-icon landscape'>\n\t\t\t\t<a href='https:\/\/apajhetvous.apajh.org\/esat-froncles-breuvannes\/le-showroom-de-la-recyclerie\/sapin-palette-2\/'><img loading=\"lazy\" decoding=\"async\" width=\"150\" height=\"150\" src=\"https:\/\/apajhetvous.apajh.org\/esat-froncles-breuvannes\/wp-content\/uploads\/2021\/05\/sapin-palette-2-150x150.jpg\" class=\"attachment-thumbnail size-thumbnail\" alt=\"\" \/><\/a>\n\t\t\t<\/div><\/figure>\n\t\t<\/div>\n\n","protected":false},"excerpt":{"rendered":"<p>Donnez une seconde vie aux objets ! La Recyclerie Cr\u00e9ative, issue de l&rsquo;ESAT de Chaumont et Breuvannes, transforme des meubles et objets d\u00e9laiss\u00e9s en pi\u00e8ces uniques gr\u00e2ce au talent de ses travailleurs en situation de handicap. Engag\u00e9e dans l\u2019upcycling et l\u2019\u00e9conomie circulaire, elle propose des cr\u00e9ations artisanales originales et responsables. D\u00e9couvrez nos r\u00e9alisations en boutique<\/p>\n","protected":false},"author":1,"featured_media":0,"parent":0,"menu_order":0,"comment_status":"closed","ping_status":"closed","template":"","meta":{"_exactmetrics_skip_tracking":false,"_exactmetrics_sitenote_active":false,"_exactmetrics_sitenote_note":"","_exactmetrics_sitenote_category":0,"footnotes":""},"class_list":["post-453","page","type-page","status-publish","hentry"],"yoast_head":"<!-- This site is optimized with the Yoast SEO plugin v27.3 - https:\/\/yoast.com\/product\/yoast-seo-wordpress\/ -->\n<title>Le showroom de la recyclerie cr\u00e9ative - esat-froncles<\/title>\n<meta name=\"robots\" content=\"index, follow, max-snippet:-1, max-image-preview:large, max-video-preview:-1\" \/>\n<link rel=\"canonical\" href=\"https:\/\/apajhetvous.apajh.org\/esat-froncles-breuvannes\/le-showroom-de-la-recyclerie\/\" \/>\n<meta property=\"og:locale\" content=\"fr_FR\" \/>\n<meta property=\"og:type\" content=\"article\" \/>\n<meta property=\"og:title\" content=\"Le showroom de la recyclerie cr\u00e9ative - esat-froncles\" \/>\n<meta property=\"og:description\" content=\"Donnez une seconde vie aux objets ! La Recyclerie Cr\u00e9ative, issue de l&rsquo;ESAT de Chaumont et Breuvannes, transforme des meubles et objets d\u00e9laiss\u00e9s en pi\u00e8ces uniques gr\u00e2ce au talent de ses travailleurs en situation de handicap. Engag\u00e9e dans l\u2019upcycling et l\u2019\u00e9conomie circulaire, elle propose des cr\u00e9ations artisanales originales et responsables. D\u00e9couvrez nos r\u00e9alisations en boutique\" \/>\n<meta property=\"og:url\" content=\"https:\/\/apajhetvous.apajh.org\/esat-froncles-breuvannes\/le-showroom-de-la-recyclerie\/\" \/>\n<meta property=\"og:site_name\" content=\"esat-froncles\" \/>\n<meta property=\"article:modified_time\" content=\"2025-02-19T09:54:39+00:00\" \/>\n<meta property=\"og:image\" content=\"https:\/\/apajhetvous.apajh.org\/esat-froncles-breuvannes\/wp-content\/uploads\/2021\/05\/HOTEL-INSECTE-150x150.jpg\" \/>\n<meta name=\"twitter:card\" content=\"summary_large_image\" \/>\n<script type=\"application\/ld+json\" class=\"yoast-schema-graph\">{\"@context\":\"https:\\\/\\\/schema.org\",\"@graph\":[{\"@type\":\"WebPage\",\"@id\":\"https:\\\/\\\/apajhetvous.apajh.org\\\/esat-froncles-breuvannes\\\/le-showroom-de-la-recyclerie\\\/\",\"url\":\"https:\\\/\\\/apajhetvous.apajh.org\\\/esat-froncles-breuvannes\\\/le-showroom-de-la-recyclerie\\\/\",\"name\":\"Le showroom de la recyclerie cr\u00e9ative - esat-froncles\",\"isPartOf\":{\"@id\":\"https:\\\/\\\/apajhetvous.apajh.org\\\/esat-froncles-breuvannes\\\/#website\"},\"datePublished\":\"2021-05-20T08:27:03+00:00\",\"dateModified\":\"2025-02-19T09:54:39+00:00\",\"breadcrumb\":{\"@id\":\"https:\\\/\\\/apajhetvous.apajh.org\\\/esat-froncles-breuvannes\\\/le-showroom-de-la-recyclerie\\\/#breadcrumb\"},\"inLanguage\":\"fr-FR\",\"potentialAction\":[{\"@type\":\"ReadAction\",\"target\":[\"https:\\\/\\\/apajhetvous.apajh.org\\\/esat-froncles-breuvannes\\\/le-showroom-de-la-recyclerie\\\/\"]}]},{\"@type\":\"BreadcrumbList\",\"@id\":\"https:\\\/\\\/apajhetvous.apajh.org\\\/esat-froncles-breuvannes\\\/le-showroom-de-la-recyclerie\\\/#breadcrumb\",\"itemListElement\":[{\"@type\":\"ListItem\",\"position\":1,\"name\":\"Accueil\",\"item\":\"https:\\\/\\\/apajhetvous.apajh.org\\\/esat-froncles-breuvannes\\\/\"},{\"@type\":\"ListItem\",\"position\":2,\"name\":\"Le showroom de la recyclerie cr\u00e9ative\"}]},{\"@type\":\"WebSite\",\"@id\":\"https:\\\/\\\/apajhetvous.apajh.org\\\/esat-froncles-breuvannes\\\/#website\",\"url\":\"https:\\\/\\\/apajhetvous.apajh.org\\\/esat-froncles-breuvannes\\\/\",\"name\":\"esat-froncles\",\"description\":\"Un site utilisant WordPress\",\"potentialAction\":[{\"@type\":\"SearchAction\",\"target\":{\"@type\":\"EntryPoint\",\"urlTemplate\":\"https:\\\/\\\/apajhetvous.apajh.org\\\/esat-froncles-breuvannes\\\/?s={search_term_string}\"},\"query-input\":{\"@type\":\"PropertyValueSpecification\",\"valueRequired\":true,\"valueName\":\"search_term_string\"}}],\"inLanguage\":\"fr-FR\"}]}<\/script>\n<!-- \/ Yoast SEO plugin. -->","yoast_head_json":{"title":"Le showroom de la recyclerie cr\u00e9ative - esat-froncles","robots":{"index":"index","follow":"follow","max-snippet":"max-snippet:-1","max-image-preview":"max-image-preview:large","max-video-preview":"max-video-preview:-1"},"canonical":"https:\/\/apajhetvous.apajh.org\/esat-froncles-breuvannes\/le-showroom-de-la-recyclerie\/","og_locale":"fr_FR","og_type":"article","og_title":"Le showroom de la recyclerie cr\u00e9ative - esat-froncles","og_description":"Donnez une seconde vie aux objets ! La Recyclerie Cr\u00e9ative, issue de l&rsquo;ESAT de Chaumont et Breuvannes, transforme des meubles et objets d\u00e9laiss\u00e9s en pi\u00e8ces uniques gr\u00e2ce au talent de ses travailleurs en situation de handicap. Engag\u00e9e dans l\u2019upcycling et l\u2019\u00e9conomie circulaire, elle propose des cr\u00e9ations artisanales originales et responsables. D\u00e9couvrez nos r\u00e9alisations en boutique","og_url":"https:\/\/apajhetvous.apajh.org\/esat-froncles-breuvannes\/le-showroom-de-la-recyclerie\/","og_site_name":"esat-froncles","article_modified_time":"2025-02-19T09:54:39+00:00","og_image":[{"url":"https:\/\/apajhetvous.apajh.org\/esat-froncles-breuvannes\/wp-content\/uploads\/2021\/05\/HOTEL-INSECTE-150x150.jpg","type":"","width":"","height":""}],"twitter_card":"summary_large_image","schema":{"@context":"https:\/\/schema.org","@graph":[{"@type":"WebPage","@id":"https:\/\/apajhetvous.apajh.org\/esat-froncles-breuvannes\/le-showroom-de-la-recyclerie\/","url":"https:\/\/apajhetvous.apajh.org\/esat-froncles-breuvannes\/le-showroom-de-la-recyclerie\/","name":"Le showroom de la recyclerie cr\u00e9ative - esat-froncles","isPartOf":{"@id":"https:\/\/apajhetvous.apajh.org\/esat-froncles-breuvannes\/#website"},"datePublished":"2021-05-20T08:27:03+00:00","dateModified":"2025-02-19T09:54:39+00:00","breadcrumb":{"@id":"https:\/\/apajhetvous.apajh.org\/esat-froncles-breuvannes\/le-showroom-de-la-recyclerie\/#breadcrumb"},"inLanguage":"fr-FR","potentialAction":[{"@type":"ReadAction","target":["https:\/\/apajhetvous.apajh.org\/esat-froncles-breuvannes\/le-showroom-de-la-recyclerie\/"]}]},{"@type":"BreadcrumbList","@id":"https:\/\/apajhetvous.apajh.org\/esat-froncles-breuvannes\/le-showroom-de-la-recyclerie\/#breadcrumb","itemListElement":[{"@type":"ListItem","position":1,"name":"Accueil","item":"https:\/\/apajhetvous.apajh.org\/esat-froncles-breuvannes\/"},{"@type":"ListItem","position":2,"name":"Le showroom de la recyclerie cr\u00e9ative"}]},{"@type":"WebSite","@id":"https:\/\/apajhetvous.apajh.org\/esat-froncles-breuvannes\/#website","url":"https:\/\/apajhetvous.apajh.org\/esat-froncles-breuvannes\/","name":"esat-froncles","description":"Un site utilisant WordPress","potentialAction":[{"@type":"SearchAction","target":{"@type":"EntryPoint","urlTemplate":"https:\/\/apajhetvous.apajh.org\/esat-froncles-breuvannes\/?s={search_term_string}"},"query-input":{"@type":"PropertyValueSpecification","valueRequired":true,"valueName":"search_term_string"}}],"inLanguage":"fr-FR"}]}},"_links":{"self":[{"href":"https:\/\/apajhetvous.apajh.org\/esat-froncles-breuvannes\/wp-json\/wp\/v2\/pages\/453","targetHints":{"allow":["GET"]}}],"collection":[{"href":"https:\/\/apajhetvous.apajh.org\/esat-froncles-breuvannes\/wp-json\/wp\/v2\/pages"}],"about":[{"href":"https:\/\/apajhetvous.apajh.org\/esat-froncles-breuvannes\/wp-json\/wp\/v2\/types\/page"}],"author":[{"embeddable":true,"href":"https:\/\/apajhetvous.apajh.org\/esat-froncles-breuvannes\/wp-json\/wp\/v2\/users\/1"}],"replies":[{"embeddable":true,"href":"https:\/\/apajhetvous.apajh.org\/esat-froncles-breuvannes\/wp-json\/wp\/v2\/comments?post=453"}],"version-history":[{"count":5,"href":"https:\/\/apajhetvous.apajh.org\/esat-froncles-breuvannes\/wp-json\/wp\/v2\/pages\/453\/revisions"}],"predecessor-version":[{"id":504,"href":"https:\/\/apajhetvous.apajh.org\/esat-froncles-breuvannes\/wp-json\/wp\/v2\/pages\/453\/revisions\/504"}],"wp:attachment":[{"href":"https:\/\/apajhetvous.apajh.org\/esat-froncles-breuvannes\/wp-json\/wp\/v2\/media?parent=453"}],"curies":[{"name":"wp","href":"https:\/\/api.w.org\/{rel}","templated":true}]}}