{"id":16,"date":"2019-05-22T15:24:59","date_gmt":"2019-05-22T13:24:59","guid":{"rendered":"http:\/\/apajhetvous.apajh.org\/esat-levallois\/?page_id=16"},"modified":"2023-05-15T11:28:04","modified_gmt":"2023-05-15T09:28:04","slug":"les-equipes","status":"publish","type":"page","link":"https:\/\/apajhetvous.apajh.org\/esat-levallois\/les-equipes\/","title":{"rendered":"Notre \u00e9tablissement"},"content":{"rendered":"<p><iframe loading=\"lazy\" title=\"2022-12-ED ESAT LP\" src=\"https:\/\/player.vimeo.com\/video\/778017117?h=ce3ad87c7e&amp;dnt=1&amp;app_id=122963\" width=\"640\" height=\"360\" frameborder=\"0\" allow=\"autoplay; fullscreen; picture-in-picture; clipboard-write; encrypted-media; web-share\" referrerpolicy=\"strict-origin-when-cross-origin\"><\/iframe><\/p>\n<h2>Qu&rsquo;est ce que l&rsquo;ESAT de Levallois ?<\/h2>\n<p>L&rsquo;ESAT de Levallois est un Etablissement et Service d&rsquo;Aide par le Travail, ouvert en d\u00e9cembre 1976 et rattach\u00e9 \u00e0 la F\u00e9d\u00e9ration APAJH. Il s&rsquo;agit d&rsquo;un \u00e9tablissement m\u00e9dico-social ayant pour objectif l&rsquo;insertion sociale et professionnelle des adultes en situation de handicap.<\/p>\n<p style=\"text-align: left;\">Les ESAT accueillent et accompagnent les personnes dans une d\u00e9marche de travail adapt\u00e9, d&rsquo;insertion professionnelle et de soutien m\u00e9dico social<span style=\"color: #000000;\"> a<\/span>fin de leur permettre un \u00e9panouissement personnel, professionnel et social. A Levallois, 90 travailleurs sont accompagn\u00e9s tout au long de l\u2019ann\u00e9e afin de mener \u00e0 bien\u00a0 leur projet professionnel d&rsquo;accompagnement.<\/p>\n<h2>Quel cadre d&rsquo;accompagnement ?<\/h2>\n<p>Les objectifs poursuivis par l\u2019ESAT s\u2019articulent autour des 3 missions suivantes\u00a0:<\/p>\n<ul>\n<li>Proposer des activit\u00e9s \u00e0 caract\u00e8re professionnel adapt\u00e9es aux souhaits et potentialit\u00e9s des travailleurs.<\/li>\n<li>Entretenir et d\u00e9velopper les acquis, les connaissances et les comp\u00e9tences professionnelles.<\/li>\n<li>Mettre en \u0153uvre et faciliter l\u2019acc\u00e8s aux personnes accompagn\u00e9es \u00e0 l\u2019autonomie et leur implication dans la vie sociale.<\/li>\n<\/ul>\n<p>L\u2019accompagnement personnalis\u00e9 des personnes en situation de handicap implique :<\/p>\n<ul>\n<li>la co-construction, \u00e0 partir des souhaits, attentes et besoins de la personne, d&rsquo;un projet personnalis\u00e9 d&rsquo;accompagnement<\/li>\n<li>des partenariats coh\u00e9rents avec les structures sociales et m\u00e9dico-sociales de proximit\u00e9,<\/li>\n<li>des \u00e9valuations r\u00e9guli\u00e8res (aspect technique des travaux dans les ateliers, de la motricit\u00e9 fine, du rep\u00e9rage dans le temps et dans l\u2019espace, etc ),<\/li>\n<li>une communication interne efficace permettant d\u2019anticiper les p\u00e9riodes de rupture psychosociale.<\/li>\n<\/ul>\n<p>&nbsp;<\/p>\n<h2>Les professionnels<\/h2>\n<p>L&rsquo;\u00e9quipe pluridisciplinaire des professionnels de l&rsquo;ESAT de Levallois est compos\u00e9e de :<\/p>\n<ul>\n<li>Un directeur d&rsquo;\u00e9tablissement et une directrice adjointe<\/li>\n<li>Une secr\u00e9taire administrative<\/li>\n<li>Une monitrice principale<\/li>\n<li>Huit moniteurs et monitrices d&rsquo;atelier<\/li>\n<li>Une psychologue<\/li>\n<li>Une charg\u00e9e d&rsquo;insertion<\/li>\n<li>Une coordinatrice sociale<\/li>\n<li>Un agent technique polyvalent<\/li>\n<li>Un cuisinier<\/li>\n<\/ul>\n<p>&nbsp;<\/p>\n<h2>Les diff\u00e9rentes activit\u00e9s<\/h2>\n<p>Diff\u00e9rents ateliers professionnels sont en activit\u00e9s au sein de l&rsquo;ESAT mais aussi lors de prestations ext\u00e9rieures en milieu non prot\u00e9g\u00e9 :<\/p>\n<ul>\n<li>L&rsquo;entretien des locaux<\/li>\n<li>Le lavage automobile<\/li>\n<li>Le conditionnement<\/li>\n<li>Le c\u00e2blage et montage<\/li>\n<li>L&rsquo;entretien des plantes et la v\u00e9g\u00e9talisation d&rsquo;espaces<\/li>\n<li>Le salon de coiffure<\/li>\n<\/ul>\n<p>Une page d\u00e9di\u00e9e \u00e0 nos activit\u00e9s vous permettra d&rsquo;obtenir davantage d&rsquo;informations !<\/p>\n<p>&nbsp;<\/p>\n<h2>La proc\u00e9dure d&rsquo;admission<\/h2>\n<h5>Admission d&rsquo;un nouveau travailleur :<\/h5>\n<p>La demande, \u00e9tablie <a href=\"https:\/\/apajhetvous.apajh.org\/esat-levallois\/qui-sommes-nous\/contact\/\">par mail ou par courrier<\/a>, est r\u00e9ceptionn\u00e9e par le secr\u00e9tariat de l&rsquo;ESAT. Le dossier est ensuite examin\u00e9 par la direction et le service social (psychologue, \u00e9ducatrice sp\u00e9cialis\u00e9e, charg\u00e9e d&rsquo;insertion). Si n\u00e9cessaire, une demande de pi\u00e8ces compl\u00e9mentaires pourra \u00eatre adress\u00e9e.<\/p>\n<p>En fonction des places disponibles au sein de l&rsquo;\u00e9tablissement, une proposition d&rsquo;entretien sera faite. Une admission d\u00e9finitive sera toujours pr\u00e9c\u00e9d\u00e9e d&rsquo;une p\u00e9riode de stage de d\u00e9couverte de 15 jours, puis d&rsquo;une p\u00e9riode de stage d&rsquo;admission de 1 mois.<\/p>\n<h5>Demande de stages :<\/h5>\n<p>Les demandes sont \u00e9galement \u00e0 transmettre<a href=\"https:\/\/apajhetvous.apajh.org\/esat-levallois\/qui-sommes-nous\/contact\/\"> par courrier<\/a>. Elles seront \u00e9tudi\u00e9es en fonction des disponibilit\u00e9s dans les ateliers. Lors d&rsquo;une r\u00e9ponse favorable, un entretien sera propos\u00e9 afin d&rsquo;\u00e9changer sur les dates et la dur\u00e9e du stage propos\u00e9.<\/p>\n<p>Il peut s&rsquo;agir de stages de d\u00e9couvertes, ou de stages d&rsquo;orientation dans le but d&rsquo;\u00e9tayer un projet professionnel.<\/p>\n","protected":false},"excerpt":{"rendered":"<p>Qu&rsquo;est ce que l&rsquo;ESAT de Levallois ? L&rsquo;ESAT de Levallois est un Etablissement et Service d&rsquo;Aide par le Travail, ouvert en d\u00e9cembre 1976 et rattach\u00e9 \u00e0 la F\u00e9d\u00e9ration APAJH. Il s&rsquo;agit d&rsquo;un \u00e9tablissement m\u00e9dico-social ayant pour objectif l&rsquo;insertion sociale et professionnelle des adultes en situation de handicap. Les ESAT accueillent et accompagnent les personnes dans<\/p>\n","protected":false},"author":1,"featured_media":0,"parent":0,"menu_order":0,"comment_status":"closed","ping_status":"closed","template":"","meta":{"_exactmetrics_skip_tracking":false,"_exactmetrics_sitenote_active":false,"_exactmetrics_sitenote_note":"","_exactmetrics_sitenote_category":0,"footnotes":""},"class_list":["post-16","page","type-page","status-publish","hentry"],"yoast_head":"<!-- This site is optimized with the Yoast SEO plugin v27.3 - https:\/\/yoast.com\/product\/yoast-seo-wordpress\/ -->\n<title>Notre \u00e9tablissement - Le magazine de l&#039;ESAT de Levallois-Perret<\/title>\n<meta name=\"robots\" content=\"index, follow, max-snippet:-1, max-image-preview:large, max-video-preview:-1\" \/>\n<link rel=\"canonical\" href=\"https:\/\/apajhetvous.apajh.org\/esat-levallois\/les-equipes\/\" \/>\n<meta property=\"og:locale\" content=\"fr_FR\" \/>\n<meta property=\"og:type\" content=\"article\" \/>\n<meta property=\"og:title\" content=\"Notre \u00e9tablissement - Le magazine de l&#039;ESAT de Levallois-Perret\" \/>\n<meta property=\"og:description\" content=\"Qu&rsquo;est ce que l&rsquo;ESAT de Levallois ? L&rsquo;ESAT de Levallois est un Etablissement et Service d&rsquo;Aide par le Travail, ouvert en d\u00e9cembre 1976 et rattach\u00e9 \u00e0 la F\u00e9d\u00e9ration APAJH. Il s&rsquo;agit d&rsquo;un \u00e9tablissement m\u00e9dico-social ayant pour objectif l&rsquo;insertion sociale et professionnelle des adultes en situation de handicap. Les ESAT accueillent et accompagnent les personnes dans\" \/>\n<meta property=\"og:url\" content=\"https:\/\/apajhetvous.apajh.org\/esat-levallois\/les-equipes\/\" \/>\n<meta property=\"og:site_name\" content=\"Le magazine de l&#039;ESAT de Levallois-Perret\" \/>\n<meta property=\"article:modified_time\" content=\"2023-05-15T09:28:04+00:00\" \/>\n<meta name=\"twitter:card\" content=\"summary_large_image\" \/>\n<meta name=\"twitter:label1\" content=\"Dur\u00e9e de lecture estim\u00e9e\" \/>\n\t<meta name=\"twitter:data1\" content=\"3 minutes\" \/>\n<script type=\"application\/ld+json\" class=\"yoast-schema-graph\">{\"@context\":\"https:\\\/\\\/schema.org\",\"@graph\":[{\"@type\":\"WebPage\",\"@id\":\"https:\\\/\\\/apajhetvous.apajh.org\\\/esat-levallois\\\/les-equipes\\\/\",\"url\":\"https:\\\/\\\/apajhetvous.apajh.org\\\/esat-levallois\\\/les-equipes\\\/\",\"name\":\"Notre \u00e9tablissement - Le magazine de l&#039;ESAT de Levallois-Perret\",\"isPartOf\":{\"@id\":\"https:\\\/\\\/apajhetvous.apajh.org\\\/esat-levallois\\\/#website\"},\"datePublished\":\"2019-05-22T13:24:59+00:00\",\"dateModified\":\"2023-05-15T09:28:04+00:00\",\"breadcrumb\":{\"@id\":\"https:\\\/\\\/apajhetvous.apajh.org\\\/esat-levallois\\\/les-equipes\\\/#breadcrumb\"},\"inLanguage\":\"fr-FR\",\"potentialAction\":[{\"@type\":\"ReadAction\",\"target\":[\"https:\\\/\\\/apajhetvous.apajh.org\\\/esat-levallois\\\/les-equipes\\\/\"]}]},{\"@type\":\"BreadcrumbList\",\"@id\":\"https:\\\/\\\/apajhetvous.apajh.org\\\/esat-levallois\\\/les-equipes\\\/#breadcrumb\",\"itemListElement\":[{\"@type\":\"ListItem\",\"position\":1,\"name\":\"Accueil\",\"item\":\"https:\\\/\\\/apajhetvous.apajh.org\\\/esat-levallois\\\/\"},{\"@type\":\"ListItem\",\"position\":2,\"name\":\"Notre \u00e9tablissement\"}]},{\"@type\":\"WebSite\",\"@id\":\"https:\\\/\\\/apajhetvous.apajh.org\\\/esat-levallois\\\/#website\",\"url\":\"https:\\\/\\\/apajhetvous.apajh.org\\\/esat-levallois\\\/\",\"name\":\"Le magazine de l&#039;ESAT de Levallois-Perret\",\"description\":\"APAJH &amp; VOUS\",\"potentialAction\":[{\"@type\":\"SearchAction\",\"target\":{\"@type\":\"EntryPoint\",\"urlTemplate\":\"https:\\\/\\\/apajhetvous.apajh.org\\\/esat-levallois\\\/?s={search_term_string}\"},\"query-input\":{\"@type\":\"PropertyValueSpecification\",\"valueRequired\":true,\"valueName\":\"search_term_string\"}}],\"inLanguage\":\"fr-FR\"}]}<\/script>\n<!-- \/ Yoast SEO plugin. -->","yoast_head_json":{"title":"Notre \u00e9tablissement - Le magazine de l&#039;ESAT de Levallois-Perret","robots":{"index":"index","follow":"follow","max-snippet":"max-snippet:-1","max-image-preview":"max-image-preview:large","max-video-preview":"max-video-preview:-1"},"canonical":"https:\/\/apajhetvous.apajh.org\/esat-levallois\/les-equipes\/","og_locale":"fr_FR","og_type":"article","og_title":"Notre \u00e9tablissement - Le magazine de l&#039;ESAT de Levallois-Perret","og_description":"Qu&rsquo;est ce que l&rsquo;ESAT de Levallois ? L&rsquo;ESAT de Levallois est un Etablissement et Service d&rsquo;Aide par le Travail, ouvert en d\u00e9cembre 1976 et rattach\u00e9 \u00e0 la F\u00e9d\u00e9ration APAJH. Il s&rsquo;agit d&rsquo;un \u00e9tablissement m\u00e9dico-social ayant pour objectif l&rsquo;insertion sociale et professionnelle des adultes en situation de handicap. Les ESAT accueillent et accompagnent les personnes dans","og_url":"https:\/\/apajhetvous.apajh.org\/esat-levallois\/les-equipes\/","og_site_name":"Le magazine de l&#039;ESAT de Levallois-Perret","article_modified_time":"2023-05-15T09:28:04+00:00","twitter_card":"summary_large_image","twitter_misc":{"Dur\u00e9e de lecture estim\u00e9e":"3 minutes"},"schema":{"@context":"https:\/\/schema.org","@graph":[{"@type":"WebPage","@id":"https:\/\/apajhetvous.apajh.org\/esat-levallois\/les-equipes\/","url":"https:\/\/apajhetvous.apajh.org\/esat-levallois\/les-equipes\/","name":"Notre \u00e9tablissement - Le magazine de l&#039;ESAT de Levallois-Perret","isPartOf":{"@id":"https:\/\/apajhetvous.apajh.org\/esat-levallois\/#website"},"datePublished":"2019-05-22T13:24:59+00:00","dateModified":"2023-05-15T09:28:04+00:00","breadcrumb":{"@id":"https:\/\/apajhetvous.apajh.org\/esat-levallois\/les-equipes\/#breadcrumb"},"inLanguage":"fr-FR","potentialAction":[{"@type":"ReadAction","target":["https:\/\/apajhetvous.apajh.org\/esat-levallois\/les-equipes\/"]}]},{"@type":"BreadcrumbList","@id":"https:\/\/apajhetvous.apajh.org\/esat-levallois\/les-equipes\/#breadcrumb","itemListElement":[{"@type":"ListItem","position":1,"name":"Accueil","item":"https:\/\/apajhetvous.apajh.org\/esat-levallois\/"},{"@type":"ListItem","position":2,"name":"Notre \u00e9tablissement"}]},{"@type":"WebSite","@id":"https:\/\/apajhetvous.apajh.org\/esat-levallois\/#website","url":"https:\/\/apajhetvous.apajh.org\/esat-levallois\/","name":"Le magazine de l&#039;ESAT de Levallois-Perret","description":"APAJH &amp; VOUS","potentialAction":[{"@type":"SearchAction","target":{"@type":"EntryPoint","urlTemplate":"https:\/\/apajhetvous.apajh.org\/esat-levallois\/?s={search_term_string}"},"query-input":{"@type":"PropertyValueSpecification","valueRequired":true,"valueName":"search_term_string"}}],"inLanguage":"fr-FR"}]}},"_links":{"self":[{"href":"https:\/\/apajhetvous.apajh.org\/esat-levallois\/wp-json\/wp\/v2\/pages\/16","targetHints":{"allow":["GET"]}}],"collection":[{"href":"https:\/\/apajhetvous.apajh.org\/esat-levallois\/wp-json\/wp\/v2\/pages"}],"about":[{"href":"https:\/\/apajhetvous.apajh.org\/esat-levallois\/wp-json\/wp\/v2\/types\/page"}],"author":[{"embeddable":true,"href":"https:\/\/apajhetvous.apajh.org\/esat-levallois\/wp-json\/wp\/v2\/users\/1"}],"replies":[{"embeddable":true,"href":"https:\/\/apajhetvous.apajh.org\/esat-levallois\/wp-json\/wp\/v2\/comments?post=16"}],"version-history":[{"count":26,"href":"https:\/\/apajhetvous.apajh.org\/esat-levallois\/wp-json\/wp\/v2\/pages\/16\/revisions"}],"predecessor-version":[{"id":529,"href":"https:\/\/apajhetvous.apajh.org\/esat-levallois\/wp-json\/wp\/v2\/pages\/16\/revisions\/529"}],"wp:attachment":[{"href":"https:\/\/apajhetvous.apajh.org\/esat-levallois\/wp-json\/wp\/v2\/media?parent=16"}],"curies":[{"name":"wp","href":"https:\/\/api.w.org\/{rel}","templated":true}]}}