{"id":18,"date":"2022-01-01T15:25:39","date_gmt":"2022-01-01T14:25:39","guid":{"rendered":"http:\/\/apajhetvous.apajh.org\/esat-levallois\/?page_id=18"},"modified":"2022-03-09T14:04:11","modified_gmt":"2022-03-09T13:04:11","slug":"contact","status":"publish","type":"page","link":"https:\/\/apajhetvous.apajh.org\/esat-levallois\/contact\/","title":{"rendered":"Contact"},"content":{"rendered":"<p>L\u2019ESAT, 50 rue Marjolin, est implant\u00e9 pr\u00e8s du centre ville de Levallois \u00e0 5 minutes \u00e0 pied de la gare SNCF Clichy-Levallois ainsi que du m\u00e9tro ligne 3. Plusieurs lignes de bus desservent \u00e9galement le quartier.<\/p>\n<p><strong>Adresse <\/strong><br \/>\n50 rue Marjolin<br \/>\n92 300 Levallois-Perret<\/p>\n<p><strong>Secr\u00e9tariat\u00a0<\/strong><br \/>\n01 55 90 09 19<\/p>\n<p><iframe loading=\"lazy\" style=\"border: 0;\" src=\"https:\/\/www.google.com\/maps\/embed?pb=!1m18!1m12!1m3!1d2622.9667305197554!2d2.2889807158545383!3d48.896971205943174!2m3!1f0!2f0!3f0!3m2!1i1024!2i768!4f13.1!3m3!1m2!1s0x47e66f82ae1d2bad%3A0x7a4594cc376ee8fc!2s50+Rue+Marjolin%2C+92300+Levallois-Perret!5e0!3m2!1sfr!2sfr!4v1558621302891!5m2!1sfr!2sfr\" width=\"600\" height=\"450\" frameborder=\"0\" allowfullscreen=\"allowfullscreen\"><\/iframe><\/p>\n","protected":false},"excerpt":{"rendered":"<p>L\u2019ESAT, 50 rue Marjolin, est implant\u00e9 pr\u00e8s du centre ville de Levallois \u00e0 5 minutes \u00e0 pied de la gare SNCF Clichy-Levallois ainsi que du m\u00e9tro ligne 3. Plusieurs lignes de bus desservent \u00e9galement le quartier. Adresse 50 rue Marjolin 92 300 Levallois-Perret Secr\u00e9tariat\u00a0 01 55 90 09 19<\/p>\n","protected":false},"author":1,"featured_media":0,"parent":0,"menu_order":0,"comment_status":"closed","ping_status":"closed","template":"","meta":{"_exactmetrics_skip_tracking":false,"_exactmetrics_sitenote_active":false,"_exactmetrics_sitenote_note":"","_exactmetrics_sitenote_category":0,"footnotes":""},"class_list":["post-18","page","type-page","status-publish","hentry"],"yoast_head":"<!-- This site is optimized with the Yoast SEO plugin v27.3 - https:\/\/yoast.com\/product\/yoast-seo-wordpress\/ -->\n<title>Contact - Le magazine de l&#039;ESAT de Levallois-Perret<\/title>\n<meta name=\"robots\" content=\"index, follow, max-snippet:-1, max-image-preview:large, max-video-preview:-1\" \/>\n<link rel=\"canonical\" href=\"https:\/\/apajhetvous.apajh.org\/esat-levallois\/contact\/\" \/>\n<meta property=\"og:locale\" content=\"fr_FR\" \/>\n<meta property=\"og:type\" content=\"article\" \/>\n<meta property=\"og:title\" content=\"Contact - Le magazine de l&#039;ESAT de Levallois-Perret\" \/>\n<meta property=\"og:description\" content=\"L\u2019ESAT, 50 rue Marjolin, est implant\u00e9 pr\u00e8s du centre ville de Levallois \u00e0 5 minutes \u00e0 pied de la gare SNCF Clichy-Levallois ainsi que du m\u00e9tro ligne 3. Plusieurs lignes de bus desservent \u00e9galement le quartier. Adresse 50 rue Marjolin 92 300 Levallois-Perret Secr\u00e9tariat\u00a0 01 55 90 09 19\" \/>\n<meta property=\"og:url\" content=\"https:\/\/apajhetvous.apajh.org\/esat-levallois\/contact\/\" \/>\n<meta property=\"og:site_name\" content=\"Le magazine de l&#039;ESAT de Levallois-Perret\" \/>\n<meta property=\"article:modified_time\" content=\"2022-03-09T13:04:11+00:00\" \/>\n<meta name=\"twitter:card\" content=\"summary_large_image\" \/>\n<script type=\"application\/ld+json\" class=\"yoast-schema-graph\">{\"@context\":\"https:\\\/\\\/schema.org\",\"@graph\":[{\"@type\":\"WebPage\",\"@id\":\"https:\\\/\\\/apajhetvous.apajh.org\\\/esat-levallois\\\/contact\\\/\",\"url\":\"https:\\\/\\\/apajhetvous.apajh.org\\\/esat-levallois\\\/contact\\\/\",\"name\":\"Contact - Le magazine de l&#039;ESAT de Levallois-Perret\",\"isPartOf\":{\"@id\":\"https:\\\/\\\/apajhetvous.apajh.org\\\/esat-levallois\\\/#website\"},\"datePublished\":\"2022-01-01T14:25:39+00:00\",\"dateModified\":\"2022-03-09T13:04:11+00:00\",\"breadcrumb\":{\"@id\":\"https:\\\/\\\/apajhetvous.apajh.org\\\/esat-levallois\\\/contact\\\/#breadcrumb\"},\"inLanguage\":\"fr-FR\",\"potentialAction\":[{\"@type\":\"ReadAction\",\"target\":[\"https:\\\/\\\/apajhetvous.apajh.org\\\/esat-levallois\\\/contact\\\/\"]}]},{\"@type\":\"BreadcrumbList\",\"@id\":\"https:\\\/\\\/apajhetvous.apajh.org\\\/esat-levallois\\\/contact\\\/#breadcrumb\",\"itemListElement\":[{\"@type\":\"ListItem\",\"position\":1,\"name\":\"Accueil\",\"item\":\"https:\\\/\\\/apajhetvous.apajh.org\\\/esat-levallois\\\/\"},{\"@type\":\"ListItem\",\"position\":2,\"name\":\"Contact\"}]},{\"@type\":\"WebSite\",\"@id\":\"https:\\\/\\\/apajhetvous.apajh.org\\\/esat-levallois\\\/#website\",\"url\":\"https:\\\/\\\/apajhetvous.apajh.org\\\/esat-levallois\\\/\",\"name\":\"Le magazine de l&#039;ESAT de Levallois-Perret\",\"description\":\"APAJH &amp; VOUS\",\"potentialAction\":[{\"@type\":\"SearchAction\",\"target\":{\"@type\":\"EntryPoint\",\"urlTemplate\":\"https:\\\/\\\/apajhetvous.apajh.org\\\/esat-levallois\\\/?s={search_term_string}\"},\"query-input\":{\"@type\":\"PropertyValueSpecification\",\"valueRequired\":true,\"valueName\":\"search_term_string\"}}],\"inLanguage\":\"fr-FR\"}]}<\/script>\n<!-- \/ Yoast SEO plugin. -->","yoast_head_json":{"title":"Contact - Le magazine de l&#039;ESAT de Levallois-Perret","robots":{"index":"index","follow":"follow","max-snippet":"max-snippet:-1","max-image-preview":"max-image-preview:large","max-video-preview":"max-video-preview:-1"},"canonical":"https:\/\/apajhetvous.apajh.org\/esat-levallois\/contact\/","og_locale":"fr_FR","og_type":"article","og_title":"Contact - Le magazine de l&#039;ESAT de Levallois-Perret","og_description":"L\u2019ESAT, 50 rue Marjolin, est implant\u00e9 pr\u00e8s du centre ville de Levallois \u00e0 5 minutes \u00e0 pied de la gare SNCF Clichy-Levallois ainsi que du m\u00e9tro ligne 3. Plusieurs lignes de bus desservent \u00e9galement le quartier. Adresse 50 rue Marjolin 92 300 Levallois-Perret Secr\u00e9tariat\u00a0 01 55 90 09 19","og_url":"https:\/\/apajhetvous.apajh.org\/esat-levallois\/contact\/","og_site_name":"Le magazine de l&#039;ESAT de Levallois-Perret","article_modified_time":"2022-03-09T13:04:11+00:00","twitter_card":"summary_large_image","schema":{"@context":"https:\/\/schema.org","@graph":[{"@type":"WebPage","@id":"https:\/\/apajhetvous.apajh.org\/esat-levallois\/contact\/","url":"https:\/\/apajhetvous.apajh.org\/esat-levallois\/contact\/","name":"Contact - Le magazine de l&#039;ESAT de Levallois-Perret","isPartOf":{"@id":"https:\/\/apajhetvous.apajh.org\/esat-levallois\/#website"},"datePublished":"2022-01-01T14:25:39+00:00","dateModified":"2022-03-09T13:04:11+00:00","breadcrumb":{"@id":"https:\/\/apajhetvous.apajh.org\/esat-levallois\/contact\/#breadcrumb"},"inLanguage":"fr-FR","potentialAction":[{"@type":"ReadAction","target":["https:\/\/apajhetvous.apajh.org\/esat-levallois\/contact\/"]}]},{"@type":"BreadcrumbList","@id":"https:\/\/apajhetvous.apajh.org\/esat-levallois\/contact\/#breadcrumb","itemListElement":[{"@type":"ListItem","position":1,"name":"Accueil","item":"https:\/\/apajhetvous.apajh.org\/esat-levallois\/"},{"@type":"ListItem","position":2,"name":"Contact"}]},{"@type":"WebSite","@id":"https:\/\/apajhetvous.apajh.org\/esat-levallois\/#website","url":"https:\/\/apajhetvous.apajh.org\/esat-levallois\/","name":"Le magazine de l&#039;ESAT de Levallois-Perret","description":"APAJH &amp; VOUS","potentialAction":[{"@type":"SearchAction","target":{"@type":"EntryPoint","urlTemplate":"https:\/\/apajhetvous.apajh.org\/esat-levallois\/?s={search_term_string}"},"query-input":{"@type":"PropertyValueSpecification","valueRequired":true,"valueName":"search_term_string"}}],"inLanguage":"fr-FR"}]}},"_links":{"self":[{"href":"https:\/\/apajhetvous.apajh.org\/esat-levallois\/wp-json\/wp\/v2\/pages\/18","targetHints":{"allow":["GET"]}}],"collection":[{"href":"https:\/\/apajhetvous.apajh.org\/esat-levallois\/wp-json\/wp\/v2\/pages"}],"about":[{"href":"https:\/\/apajhetvous.apajh.org\/esat-levallois\/wp-json\/wp\/v2\/types\/page"}],"author":[{"embeddable":true,"href":"https:\/\/apajhetvous.apajh.org\/esat-levallois\/wp-json\/wp\/v2\/users\/1"}],"replies":[{"embeddable":true,"href":"https:\/\/apajhetvous.apajh.org\/esat-levallois\/wp-json\/wp\/v2\/comments?post=18"}],"version-history":[{"count":6,"href":"https:\/\/apajhetvous.apajh.org\/esat-levallois\/wp-json\/wp\/v2\/pages\/18\/revisions"}],"predecessor-version":[{"id":193,"href":"https:\/\/apajhetvous.apajh.org\/esat-levallois\/wp-json\/wp\/v2\/pages\/18\/revisions\/193"}],"wp:attachment":[{"href":"https:\/\/apajhetvous.apajh.org\/esat-levallois\/wp-json\/wp\/v2\/media?parent=18"}],"curies":[{"name":"wp","href":"https:\/\/api.w.org\/{rel}","templated":true}]}}