{"id":240,"date":"2022-05-18T15:40:24","date_gmt":"2022-05-18T13:40:24","guid":{"rendered":"http:\/\/apajhetvous.apajh.org\/esat-levallois\/?page_id=240"},"modified":"2023-04-02T20:21:01","modified_gmt":"2023-04-02T18:21:01","slug":"la-federation-apajh","status":"publish","type":"page","link":"https:\/\/apajhetvous.apajh.org\/esat-levallois\/la-federation-apajh\/","title":{"rendered":"La F\u00e9d\u00e9ration APAJH"},"content":{"rendered":"<p><strong>L\u2019<a href=\"https:\/\/www.apajh.org\/\">APAJH<\/a>, Association Pour Adultes et Jeunes Handicap\u00e9s, fait avancer la r\u00e9flexion et l\u2019action pour assurer \u00e0 chacun un \u00e9gal acc\u00e8s aux droits : droit \u00e0 l\u2019\u00e9cole, droit \u00e0 la vie professionnelle, droit \u00e0 la vie sociale et culturelle, droit \u00e0 une vie intime et affective.<\/strong><\/p>\n<p>Reconnue d\u2019utilit\u00e9 publique, l\u2019APAJH est le premier organisme en France \u00e0 consid\u00e9rer et accompagner tous les types de handicap : physiques, intellectuels, sensoriels, psychiques, cognitifs, polyhandicaps, troubles de sant\u00e9 invalidants (\u2026).<\/p>\n<figure class=\"wp-block-embed aligncenter is-type-video is-provider-youtube wp-block-embed-youtube wp-embed-aspect-16-9 wp-has-aspect-ratio\">\n<div class=\"wp-block-embed__wrapper\"><iframe loading=\"lazy\" title=\"Pr\u00e9sentation de l'APAJH, mouvement citoyen, tout handicap et tout \u00e2ge de la vie.\" src=\"https:\/\/www.youtube.com\/embed\/9fF8S4O9vT4?feature=oembed\" width=\"640\" height=\"360\" frameborder=\"0\" allowfullscreen=\"allowfullscreen\" data-mce-fragment=\"1\"><\/iframe><\/div>\n<\/figure>\n<figure class=\"wp-block-pullquote\">\n<blockquote><p><strong><span class=\"has-inline-color\">\u00ab \u00catre en situation de handicap au sein d\u2019une soci\u00e9t\u00e9 plus juste qui s\u2019adapte aux attentes et besoins de toutes et de tous, et laisse sa place \u00e0 chacun. \u00bb<\/span><\/strong><\/p><\/blockquote>\n<\/figure>\n<p>Mouvement citoyen, l\u2019association milite pour la pleine citoyennet\u00e9 des personnes en situation de handicap, pour une soci\u00e9t\u00e9 o\u00f9 l\u2019ensemble des dispositifs sont accessibles \u00e0 tous dans le respect des souhaits et attentes de chacun.<\/p>\n<p>L\u2019APAJH consid\u00e8re que le handicap rel\u00e8ve de la soci\u00e9t\u00e9 tout enti\u00e8re, et inscrit ses combats dans le projet d\u2019une soci\u00e9t\u00e9 du vivre-ensemble, fond\u00e9 sur les valeurs de la R\u00e9publique.<\/p>\n<p>\u00ab \u00catre des citoyens \u00e0 part enti\u00e8re \u00bb, signifie, pour les personnes en situation de handicap exercer ses choix de vie et b\u00e9n\u00e9ficier des adaptations et des accompagnements sp\u00e9cialis\u00e9s rendant la soci\u00e9t\u00e9 universellement accessible.<\/p>\n<p><strong>L\u2019APAJH appelle \u00e0 construire collectivement une soci\u00e9t\u00e9 inclusive, l\u2019acc\u00e8s \u00e0 tout, pour tous, avec tous !<\/strong><\/p>\n<div class=\"wp-block-spacer\" aria-hidden=\"true\"><\/div>\n<div class=\"wp-block-image\">\n<figure class=\"aligncenter size-large\"><img loading=\"lazy\" decoding=\"async\" class=\"wp-image-6950\" src=\"http:\/\/apajh.org\/uploads\/2020\/11\/Info_1-2-1024x224.jpg\" sizes=\"auto, (max-width: 1024px) 100vw, 1024px\" srcset=\"https:\/\/www.apajh.org\/uploads\/2020\/11\/Info_1-2-1024x224.jpg 1024w, https:\/\/www.apajh.org\/uploads\/2020\/11\/Info_1-2-300x66.jpg 300w, https:\/\/www.apajh.org\/uploads\/2020\/11\/Info_1-2-768x168.jpg 768w, https:\/\/www.apajh.org\/uploads\/2020\/11\/Info_1-2-1536x336.jpg 1536w, https:\/\/www.apajh.org\/uploads\/2020\/11\/Info_1-2-240x53.jpg 240w, https:\/\/www.apajh.org\/uploads\/2020\/11\/Info_1-2.jpg 1850w\" alt=\"Depuis 1962, l'APAJH se mobilise pour les droits des personnes en situation de handicap. Une association reconnue d'utilit\u00e9 publique.\" width=\"1024\" height=\"224\" \/><\/figure>\n<\/div>\n<div class=\"wp-block-image\">\n<figure class=\"aligncenter size-large\"><img loading=\"lazy\" decoding=\"async\" class=\"wp-image-6947\" src=\"http:\/\/apajh.org\/uploads\/2020\/11\/Info_2-1-1024x171.jpg\" sizes=\"auto, (max-width: 1024px) 100vw, 1024px\" srcset=\"https:\/\/www.apajh.org\/uploads\/2020\/11\/Info_2-1-1024x171.jpg 1024w, https:\/\/www.apajh.org\/uploads\/2020\/11\/Info_2-1-300x50.jpg 300w, https:\/\/www.apajh.org\/uploads\/2020\/11\/Info_2-1-768x128.jpg 768w, https:\/\/www.apajh.org\/uploads\/2020\/11\/Info_2-1-1536x257.jpg 1536w, https:\/\/www.apajh.org\/uploads\/2020\/11\/Info_2-1-240x40.jpg 240w, https:\/\/www.apajh.org\/uploads\/2020\/11\/Info_2-1.jpg 1849w\" alt=\"laicit\u00e9, solidarit\u00e9, citoyennet\u00e9, des valeurs qui nous unissent\" width=\"1024\" height=\"171\" \/><\/figure>\n<\/div>\n<div class=\"wp-block-image\">\n<figure class=\"aligncenter size-large\"><img loading=\"lazy\" decoding=\"async\" class=\"wp-image-6951\" src=\"http:\/\/apajh.org\/uploads\/2020\/11\/Info_3-1-1024x294.jpg\" sizes=\"auto, (max-width: 1024px) 100vw, 1024px\" srcset=\"https:\/\/www.apajh.org\/uploads\/2020\/11\/Info_3-1-1024x294.jpg 1024w, https:\/\/www.apajh.org\/uploads\/2020\/11\/Info_3-1-300x86.jpg 300w, https:\/\/www.apajh.org\/uploads\/2020\/11\/Info_3-1-768x220.jpg 768w, https:\/\/www.apajh.org\/uploads\/2020\/11\/Info_3-1-1536x441.jpg 1536w, https:\/\/www.apajh.org\/uploads\/2020\/11\/Info_3-1-240x69.jpg 240w, https:\/\/www.apajh.org\/uploads\/2020\/11\/Info_3-1.jpg 1836w\" alt=\"Un mouvement associatif pr\u00e9sent en France m\u00e9tropolitaire et outre-mer. 700 structures (enfants, adolescents, adultes).\" width=\"1024\" height=\"294\" \/><\/figure>\n<\/div>\n<div class=\"wp-block-image\">\n<figure class=\"aligncenter size-large\"><img loading=\"lazy\" decoding=\"async\" class=\"wp-image-6949\" src=\"http:\/\/apajh.org\/uploads\/2020\/11\/Info_4-1-1024x176.jpg\" sizes=\"auto, (max-width: 1024px) 100vw, 1024px\" srcset=\"https:\/\/www.apajh.org\/uploads\/2020\/11\/Info_4-1-1024x176.jpg 1024w, https:\/\/www.apajh.org\/uploads\/2020\/11\/Info_4-1-300x51.jpg 300w, https:\/\/www.apajh.org\/uploads\/2020\/11\/Info_4-1-768x132.jpg 768w, https:\/\/www.apajh.org\/uploads\/2020\/11\/Info_4-1-1536x263.jpg 1536w, https:\/\/www.apajh.org\/uploads\/2020\/11\/Info_4-1-240x41.jpg 240w, https:\/\/www.apajh.org\/uploads\/2020\/11\/Info_4-1.jpg 1860w\" alt=\"32 personnes accompagn\u00e9es, pr\u00e8s de 14000 collaborateurs\" width=\"1024\" height=\"176\" \/><\/figure>\n<\/div>\n","protected":false},"excerpt":{"rendered":"<p>L\u2019APAJH, Association Pour Adultes et Jeunes Handicap\u00e9s, fait avancer la r\u00e9flexion et l\u2019action pour assurer \u00e0 chacun un \u00e9gal acc\u00e8s aux droits : droit \u00e0 l\u2019\u00e9cole, droit \u00e0 la vie professionnelle, droit \u00e0 la vie sociale et culturelle, droit \u00e0 une vie intime et affective. Reconnue d\u2019utilit\u00e9 publique, l\u2019APAJH est le premier organisme en France<\/p>\n","protected":false},"author":1,"featured_media":0,"parent":0,"menu_order":0,"comment_status":"closed","ping_status":"closed","template":"","meta":{"_exactmetrics_skip_tracking":false,"_exactmetrics_sitenote_active":false,"_exactmetrics_sitenote_note":"","_exactmetrics_sitenote_category":0,"footnotes":""},"class_list":["post-240","page","type-page","status-publish","hentry"],"yoast_head":"<!-- This site is optimized with the Yoast SEO plugin v27.3 - https:\/\/yoast.com\/product\/yoast-seo-wordpress\/ -->\n<title>La F\u00e9d\u00e9ration APAJH - Le magazine de l&#039;ESAT de Levallois-Perret<\/title>\n<meta name=\"robots\" content=\"index, follow, max-snippet:-1, max-image-preview:large, max-video-preview:-1\" \/>\n<link rel=\"canonical\" href=\"https:\/\/apajhetvous.apajh.org\/esat-levallois\/la-federation-apajh\/\" \/>\n<meta property=\"og:locale\" content=\"fr_FR\" \/>\n<meta property=\"og:type\" content=\"article\" \/>\n<meta property=\"og:title\" content=\"La F\u00e9d\u00e9ration APAJH - Le magazine de l&#039;ESAT de Levallois-Perret\" \/>\n<meta property=\"og:description\" content=\"L\u2019APAJH, Association Pour Adultes et Jeunes Handicap\u00e9s, fait avancer la r\u00e9flexion et l\u2019action pour assurer \u00e0 chacun un \u00e9gal acc\u00e8s aux droits : droit \u00e0 l\u2019\u00e9cole, droit \u00e0 la vie professionnelle, droit \u00e0 la vie sociale et culturelle, droit \u00e0 une vie intime et affective. Reconnue d\u2019utilit\u00e9 publique, l\u2019APAJH est le premier organisme en France\" \/>\n<meta property=\"og:url\" content=\"https:\/\/apajhetvous.apajh.org\/esat-levallois\/la-federation-apajh\/\" \/>\n<meta property=\"og:site_name\" content=\"Le magazine de l&#039;ESAT de Levallois-Perret\" \/>\n<meta property=\"article:modified_time\" content=\"2023-04-02T18:21:01+00:00\" \/>\n<meta name=\"twitter:card\" content=\"summary_large_image\" \/>\n<meta name=\"twitter:label1\" content=\"Dur\u00e9e de lecture estim\u00e9e\" \/>\n\t<meta name=\"twitter:data1\" content=\"1 minute\" \/>\n<script type=\"application\/ld+json\" class=\"yoast-schema-graph\">{\"@context\":\"https:\\\/\\\/schema.org\",\"@graph\":[{\"@type\":\"WebPage\",\"@id\":\"https:\\\/\\\/apajhetvous.apajh.org\\\/esat-levallois\\\/la-federation-apajh\\\/\",\"url\":\"https:\\\/\\\/apajhetvous.apajh.org\\\/esat-levallois\\\/la-federation-apajh\\\/\",\"name\":\"La F\u00e9d\u00e9ration APAJH - Le magazine de l&#039;ESAT de Levallois-Perret\",\"isPartOf\":{\"@id\":\"https:\\\/\\\/apajhetvous.apajh.org\\\/esat-levallois\\\/#website\"},\"primaryImageOfPage\":{\"@id\":\"https:\\\/\\\/apajhetvous.apajh.org\\\/esat-levallois\\\/la-federation-apajh\\\/#primaryimage\"},\"image\":{\"@id\":\"https:\\\/\\\/apajhetvous.apajh.org\\\/esat-levallois\\\/la-federation-apajh\\\/#primaryimage\"},\"thumbnailUrl\":\"http:\\\/\\\/apajh.org\\\/uploads\\\/2020\\\/11\\\/Info_1-2-1024x224.jpg\",\"datePublished\":\"2022-05-18T13:40:24+00:00\",\"dateModified\":\"2023-04-02T18:21:01+00:00\",\"breadcrumb\":{\"@id\":\"https:\\\/\\\/apajhetvous.apajh.org\\\/esat-levallois\\\/la-federation-apajh\\\/#breadcrumb\"},\"inLanguage\":\"fr-FR\",\"potentialAction\":[{\"@type\":\"ReadAction\",\"target\":[\"https:\\\/\\\/apajhetvous.apajh.org\\\/esat-levallois\\\/la-federation-apajh\\\/\"]}]},{\"@type\":\"ImageObject\",\"inLanguage\":\"fr-FR\",\"@id\":\"https:\\\/\\\/apajhetvous.apajh.org\\\/esat-levallois\\\/la-federation-apajh\\\/#primaryimage\",\"url\":\"http:\\\/\\\/apajh.org\\\/uploads\\\/2020\\\/11\\\/Info_1-2-1024x224.jpg\",\"contentUrl\":\"http:\\\/\\\/apajh.org\\\/uploads\\\/2020\\\/11\\\/Info_1-2-1024x224.jpg\"},{\"@type\":\"BreadcrumbList\",\"@id\":\"https:\\\/\\\/apajhetvous.apajh.org\\\/esat-levallois\\\/la-federation-apajh\\\/#breadcrumb\",\"itemListElement\":[{\"@type\":\"ListItem\",\"position\":1,\"name\":\"Accueil\",\"item\":\"https:\\\/\\\/apajhetvous.apajh.org\\\/esat-levallois\\\/\"},{\"@type\":\"ListItem\",\"position\":2,\"name\":\"La F\u00e9d\u00e9ration APAJH\"}]},{\"@type\":\"WebSite\",\"@id\":\"https:\\\/\\\/apajhetvous.apajh.org\\\/esat-levallois\\\/#website\",\"url\":\"https:\\\/\\\/apajhetvous.apajh.org\\\/esat-levallois\\\/\",\"name\":\"Le magazine de l&#039;ESAT de Levallois-Perret\",\"description\":\"APAJH &amp; VOUS\",\"potentialAction\":[{\"@type\":\"SearchAction\",\"target\":{\"@type\":\"EntryPoint\",\"urlTemplate\":\"https:\\\/\\\/apajhetvous.apajh.org\\\/esat-levallois\\\/?s={search_term_string}\"},\"query-input\":{\"@type\":\"PropertyValueSpecification\",\"valueRequired\":true,\"valueName\":\"search_term_string\"}}],\"inLanguage\":\"fr-FR\"}]}<\/script>\n<!-- \/ Yoast SEO plugin. -->","yoast_head_json":{"title":"La F\u00e9d\u00e9ration APAJH - Le magazine de l&#039;ESAT de Levallois-Perret","robots":{"index":"index","follow":"follow","max-snippet":"max-snippet:-1","max-image-preview":"max-image-preview:large","max-video-preview":"max-video-preview:-1"},"canonical":"https:\/\/apajhetvous.apajh.org\/esat-levallois\/la-federation-apajh\/","og_locale":"fr_FR","og_type":"article","og_title":"La F\u00e9d\u00e9ration APAJH - Le magazine de l&#039;ESAT de Levallois-Perret","og_description":"L\u2019APAJH, Association Pour Adultes et Jeunes Handicap\u00e9s, fait avancer la r\u00e9flexion et l\u2019action pour assurer \u00e0 chacun un \u00e9gal acc\u00e8s aux droits : droit \u00e0 l\u2019\u00e9cole, droit \u00e0 la vie professionnelle, droit \u00e0 la vie sociale et culturelle, droit \u00e0 une vie intime et affective. Reconnue d\u2019utilit\u00e9 publique, l\u2019APAJH est le premier organisme en France","og_url":"https:\/\/apajhetvous.apajh.org\/esat-levallois\/la-federation-apajh\/","og_site_name":"Le magazine de l&#039;ESAT de Levallois-Perret","article_modified_time":"2023-04-02T18:21:01+00:00","twitter_card":"summary_large_image","twitter_misc":{"Dur\u00e9e de lecture estim\u00e9e":"1 minute"},"schema":{"@context":"https:\/\/schema.org","@graph":[{"@type":"WebPage","@id":"https:\/\/apajhetvous.apajh.org\/esat-levallois\/la-federation-apajh\/","url":"https:\/\/apajhetvous.apajh.org\/esat-levallois\/la-federation-apajh\/","name":"La F\u00e9d\u00e9ration APAJH - Le magazine de l&#039;ESAT de Levallois-Perret","isPartOf":{"@id":"https:\/\/apajhetvous.apajh.org\/esat-levallois\/#website"},"primaryImageOfPage":{"@id":"https:\/\/apajhetvous.apajh.org\/esat-levallois\/la-federation-apajh\/#primaryimage"},"image":{"@id":"https:\/\/apajhetvous.apajh.org\/esat-levallois\/la-federation-apajh\/#primaryimage"},"thumbnailUrl":"http:\/\/apajh.org\/uploads\/2020\/11\/Info_1-2-1024x224.jpg","datePublished":"2022-05-18T13:40:24+00:00","dateModified":"2023-04-02T18:21:01+00:00","breadcrumb":{"@id":"https:\/\/apajhetvous.apajh.org\/esat-levallois\/la-federation-apajh\/#breadcrumb"},"inLanguage":"fr-FR","potentialAction":[{"@type":"ReadAction","target":["https:\/\/apajhetvous.apajh.org\/esat-levallois\/la-federation-apajh\/"]}]},{"@type":"ImageObject","inLanguage":"fr-FR","@id":"https:\/\/apajhetvous.apajh.org\/esat-levallois\/la-federation-apajh\/#primaryimage","url":"http:\/\/apajh.org\/uploads\/2020\/11\/Info_1-2-1024x224.jpg","contentUrl":"http:\/\/apajh.org\/uploads\/2020\/11\/Info_1-2-1024x224.jpg"},{"@type":"BreadcrumbList","@id":"https:\/\/apajhetvous.apajh.org\/esat-levallois\/la-federation-apajh\/#breadcrumb","itemListElement":[{"@type":"ListItem","position":1,"name":"Accueil","item":"https:\/\/apajhetvous.apajh.org\/esat-levallois\/"},{"@type":"ListItem","position":2,"name":"La F\u00e9d\u00e9ration APAJH"}]},{"@type":"WebSite","@id":"https:\/\/apajhetvous.apajh.org\/esat-levallois\/#website","url":"https:\/\/apajhetvous.apajh.org\/esat-levallois\/","name":"Le magazine de l&#039;ESAT de Levallois-Perret","description":"APAJH &amp; VOUS","potentialAction":[{"@type":"SearchAction","target":{"@type":"EntryPoint","urlTemplate":"https:\/\/apajhetvous.apajh.org\/esat-levallois\/?s={search_term_string}"},"query-input":{"@type":"PropertyValueSpecification","valueRequired":true,"valueName":"search_term_string"}}],"inLanguage":"fr-FR"}]}},"_links":{"self":[{"href":"https:\/\/apajhetvous.apajh.org\/esat-levallois\/wp-json\/wp\/v2\/pages\/240","targetHints":{"allow":["GET"]}}],"collection":[{"href":"https:\/\/apajhetvous.apajh.org\/esat-levallois\/wp-json\/wp\/v2\/pages"}],"about":[{"href":"https:\/\/apajhetvous.apajh.org\/esat-levallois\/wp-json\/wp\/v2\/types\/page"}],"author":[{"embeddable":true,"href":"https:\/\/apajhetvous.apajh.org\/esat-levallois\/wp-json\/wp\/v2\/users\/1"}],"replies":[{"embeddable":true,"href":"https:\/\/apajhetvous.apajh.org\/esat-levallois\/wp-json\/wp\/v2\/comments?post=240"}],"version-history":[{"count":6,"href":"https:\/\/apajhetvous.apajh.org\/esat-levallois\/wp-json\/wp\/v2\/pages\/240\/revisions"}],"predecessor-version":[{"id":260,"href":"https:\/\/apajhetvous.apajh.org\/esat-levallois\/wp-json\/wp\/v2\/pages\/240\/revisions\/260"}],"wp:attachment":[{"href":"https:\/\/apajhetvous.apajh.org\/esat-levallois\/wp-json\/wp\/v2\/media?parent=240"}],"curies":[{"name":"wp","href":"https:\/\/api.w.org\/{rel}","templated":true}]}}