{"id":3654,"date":"2022-07-21T10:30:14","date_gmt":"2022-07-21T08:30:14","guid":{"rendered":"http:\/\/localhost:1337\/?page_id=3654"},"modified":"2024-05-15T16:24:52","modified_gmt":"2024-05-15T14:24:52","slug":"sous-traitance","status":"publish","type":"page","link":"https:\/\/apajhetvous.apajh.org\/esatapajh71\/sous-traitance\/","title":{"rendered":"SOUS-TRAITANCE"},"content":{"rendered":"\n<p><strong>En entreprise ou sur notre site de Crissey, les travailleurs de l\u2019ESAT,<\/strong>\u00a0<strong>accompagn\u00e9s par des moniteurs d\u2019ateliers, mettent leur savoir-faire au service de votre entreprise.<\/strong><\/p>\n\n\n\n<figure class=\"wp-block-image size-large\"><img loading=\"lazy\" decoding=\"async\" width=\"1024\" height=\"576\" src=\"https:\/\/apajhetvous.apajh.org\/esatapajh71\/wp-content\/uploads\/2022\/05\/ST-1-1024x576.jpg\" alt=\"\" class=\"wp-image-3753\" srcset=\"https:\/\/apajhetvous.apajh.org\/esatapajh71\/wp-content\/uploads\/2022\/05\/ST-1-1024x576.jpg 1024w, https:\/\/apajhetvous.apajh.org\/esatapajh71\/wp-content\/uploads\/2022\/05\/ST-1-300x169.jpg 300w, https:\/\/apajhetvous.apajh.org\/esatapajh71\/wp-content\/uploads\/2022\/05\/ST-1-768x432.jpg 768w, https:\/\/apajhetvous.apajh.org\/esatapajh71\/wp-content\/uploads\/2022\/05\/ST-1-1536x864.jpg 1536w, https:\/\/apajhetvous.apajh.org\/esatapajh71\/wp-content\/uploads\/2022\/05\/ST-1-370x208.jpg 370w, https:\/\/apajhetvous.apajh.org\/esatapajh71\/wp-content\/uploads\/2022\/05\/ST-1-1320x743.jpg 1320w, https:\/\/apajhetvous.apajh.org\/esatapajh71\/wp-content\/uploads\/2022\/05\/ST-1.jpg 1920w\" sizes=\"auto, (max-width: 1024px) 100vw, 1024px\" \/><\/figure>\n\n\n\n<h2 class=\"wp-block-heading\">L\u2019\u00c9QUIPE <\/h2>\n\n\n\n<p>L\u2019atelier sous-traitance industrielle se compose de 39 travailleurs en situation de handicap encadr\u00e9s par 5 moniteurs d\u2019atelier.<\/p>\n\n\n\n<h2 class=\"wp-block-heading\">LES PRESTATIONS SOUS-TRAITANCE<\/h2>\n\n\n\n<p>R\u00e9alisation de t\u00e2ches en petite ou grande s\u00e9rie, avec un contr\u00f4le de la qualit\u00e9 scrupuleux&nbsp;:<\/p>\n\n\n\n<ul class=\"wp-block-list\">\n<li>R\u00e9alisation, conditionnement avec ou sans contr\u00f4le pond\u00e9ral.<\/li>\n\n\n\n<li>Pliage de carton et plaque polypropyl\u00e8ne.<\/li>\n\n\n\n<li>Mise sous film de pi\u00e8ces \u00e0 l\u2019aide d\u2019une pelliplaqueuse.<\/li>\n\n\n\n<li>Assemblage de livret d\u2019accueil.<\/li>\n\n\n\n<li>\u00c9tiquetage de produits.<\/li>\n\n\n\n<li>Mise en sachet.<\/li>\n\n\n\n<li>Montage et assemblage.<\/li>\n\n\n\n<li>Montage \u00e9lectrique\u00a0: pr\u00e9cablage, pr\u00e9paration de section de c\u00e2ble.<\/li>\n\n\n\n<li>Couture, \u00e9tiquetage et garnissage de coussin.<\/li>\n\n\n\n<li>Recyclage (tri des d\u00e9chets\u00a0: verre, tissu).<\/li>\n<\/ul>\n\n\n\n<p> <\/p>\n\n\n\n<p>Nous pouvons effectuer ses t\u00e2ches sur notre site ou au sein de votre entreprise, par une \u00e9quipe d\u00e9tach\u00e9e.<\/p>\n\n\n\n<h2 class=\"wp-block-heading\">INTERVENTION SUR VOTRE SITE<\/h2>\n\n\n\n<p>En plus, nous vous proposons de r\u00e9aliser certaines prestations directement sur votre\/vos site(s) sur un secteur de 20km autour de Crissey. Vous pouvez retrouver :<\/p>\n\n\n\n<ul class=\"wp-block-list\">\n<li>Classements d\u2019archives.<\/li>\n\n\n\n<li>Prestations de sous-traitance industrielle.<\/li>\n\n\n\n<li>Prestation de logistique.<\/li>\n\n\n\n<li>Prestation de d\u00e9sencombrement.<\/li>\n\n\n\n<li>Contrat de mise \u00e0 disposition d\u2019une \u00e9quipe de travailleurs accompagn\u00e9e ou non par un moniteur.<\/li>\n<\/ul>\n\n\n\n<p> <\/p>\n\n\n\n<h2 class=\"wp-block-heading\">NOS \u00c9QUIPEMENTS <\/h2>\n\n\n\n<p>Afin de vous garantir un travail de qualit\u00e9, notre atelier est \u00e9quip\u00e9 de mat\u00e9riel performant et professionnel :<\/p>\n\n\n\n<ul class=\"wp-block-list\">\n<li>P\u00e9lliplaqueuse<\/li>\n\n\n\n<li>Chariots \u00e9l\u00e9vateurs\/gerbeurs<\/li>\n\n\n\n<li>Tables de conditionnement<\/li>\n\n\n\n<li>Banderoleuse<\/li>\n\n\n\n<li>Balances peseuses\/compteuses<\/li>\n<\/ul>\n\n\n\n<p>Afin de retrouver la pr\u00e9sentation de notre \u00e9tablissement :&nbsp;<a href=\"https:\/\/apajhetvous.apajh.org\/esatapajh71\/2022\/05\/24\/lesat-de-crissey\/\">L\u2019ESAT APAJH de Crissey<\/a><\/p>\n\n\n\n<p><a href=\"https:\/\/apajhetvous.apajh.org\/esatapajh71\/nous-contacter\/\">Cliquez ici pour nous contacter<\/a><\/p>\n\n\n\n<p>Par ailleurs, pour plus d\u2019information sur l\u2019APAJH :&nbsp;<a href=\"https:\/\/www.apajh.org\/#\/\">F\u00e9d\u00e9ration APAJH<\/a><\/p>\n","protected":false},"excerpt":{"rendered":"<p>En entreprise ou sur notre site de Crissey, les travailleurs de l\u2019ESAT,\u00a0accompagn\u00e9s par des moniteurs d\u2019ateliers, mettent leur savoir-faire au service de votre entreprise. L\u2019\u00c9QUIPE L\u2019atelier sous-traitance industrielle se compose de 39 travailleurs en situation de handicap encadr\u00e9s par 5 moniteurs d\u2019atelier. LES PRESTATIONS SOUS-TRAITANCE R\u00e9alisation de t\u00e2ches en petite ou grande s\u00e9rie, avec un<\/p>\n","protected":false},"author":5,"featured_media":3753,"parent":0,"menu_order":0,"comment_status":"closed","ping_status":"closed","template":"","meta":{"_acf_changed":false,"_exactmetrics_skip_tracking":false,"_exactmetrics_sitenote_active":false,"_exactmetrics_sitenote_note":"","_exactmetrics_sitenote_category":0,"footnotes":""},"class_list":["post-3654","page","type-page","status-publish","has-post-thumbnail","hentry"],"acf":[],"yoast_head":"<!-- This site is optimized with the Yoast SEO plugin v27.3 - https:\/\/yoast.com\/product\/yoast-seo-wordpress\/ -->\n<title>SOUS-TRAITANCE - Esatapajh71<\/title>\n<meta name=\"description\" content=\"Les travailleurs de l\u2019ESAT,\u00a0accompagn\u00e9s par des moniteurs d\u2019ateliers, mettent leur savoir-faire au service de votre entreprise.\" \/>\n<meta name=\"robots\" content=\"index, follow, max-snippet:-1, max-image-preview:large, max-video-preview:-1\" \/>\n<link rel=\"canonical\" href=\"https:\/\/apajhetvous.apajh.org\/esatapajh71\/sous-traitance\/\" \/>\n<meta property=\"og:locale\" content=\"fr_FR\" \/>\n<meta property=\"og:type\" content=\"article\" \/>\n<meta property=\"og:title\" content=\"SOUS-TRAITANCE - Esatapajh71\" \/>\n<meta property=\"og:description\" content=\"Les travailleurs de l\u2019ESAT,\u00a0accompagn\u00e9s par des moniteurs d\u2019ateliers, mettent leur savoir-faire au service de votre entreprise.\" \/>\n<meta property=\"og:url\" content=\"https:\/\/apajhetvous.apajh.org\/esatapajh71\/sous-traitance\/\" \/>\n<meta property=\"og:site_name\" content=\"Esatapajh71\" \/>\n<meta property=\"article:modified_time\" content=\"2024-05-15T14:24:52+00:00\" \/>\n<meta property=\"og:image\" content=\"https:\/\/apajhetvous.apajh.org\/esatapajh71\/wp-content\/uploads\/2022\/05\/ST-1.jpg\" \/>\n\t<meta property=\"og:image:width\" content=\"1920\" \/>\n\t<meta property=\"og:image:height\" content=\"1080\" \/>\n\t<meta property=\"og:image:type\" content=\"image\/jpeg\" \/>\n<meta name=\"twitter:card\" content=\"summary_large_image\" \/>\n<meta name=\"twitter:label1\" content=\"Dur\u00e9e de lecture estim\u00e9e\" \/>\n\t<meta name=\"twitter:data1\" content=\"2 minutes\" \/>\n<script type=\"application\/ld+json\" class=\"yoast-schema-graph\">{\"@context\":\"https:\\\/\\\/schema.org\",\"@graph\":[{\"@type\":\"WebPage\",\"@id\":\"https:\\\/\\\/apajhetvous.apajh.org\\\/esatapajh71\\\/sous-traitance\\\/\",\"url\":\"https:\\\/\\\/apajhetvous.apajh.org\\\/esatapajh71\\\/sous-traitance\\\/\",\"name\":\"SOUS-TRAITANCE - Esatapajh71\",\"isPartOf\":{\"@id\":\"https:\\\/\\\/apajhetvous.apajh.org\\\/esatapajh71\\\/#website\"},\"primaryImageOfPage\":{\"@id\":\"https:\\\/\\\/apajhetvous.apajh.org\\\/esatapajh71\\\/sous-traitance\\\/#primaryimage\"},\"image\":{\"@id\":\"https:\\\/\\\/apajhetvous.apajh.org\\\/esatapajh71\\\/sous-traitance\\\/#primaryimage\"},\"thumbnailUrl\":\"https:\\\/\\\/apajhetvous.apajh.org\\\/esatapajh71\\\/wp-content\\\/uploads\\\/2022\\\/05\\\/ST-1.jpg\",\"datePublished\":\"2022-07-21T08:30:14+00:00\",\"dateModified\":\"2024-05-15T14:24:52+00:00\",\"description\":\"Les travailleurs de l\u2019ESAT,\u00a0accompagn\u00e9s par des moniteurs d\u2019ateliers, mettent leur savoir-faire au service de votre entreprise.\",\"breadcrumb\":{\"@id\":\"https:\\\/\\\/apajhetvous.apajh.org\\\/esatapajh71\\\/sous-traitance\\\/#breadcrumb\"},\"inLanguage\":\"fr-FR\",\"potentialAction\":[{\"@type\":\"ReadAction\",\"target\":[\"https:\\\/\\\/apajhetvous.apajh.org\\\/esatapajh71\\\/sous-traitance\\\/\"]}]},{\"@type\":\"ImageObject\",\"inLanguage\":\"fr-FR\",\"@id\":\"https:\\\/\\\/apajhetvous.apajh.org\\\/esatapajh71\\\/sous-traitance\\\/#primaryimage\",\"url\":\"https:\\\/\\\/apajhetvous.apajh.org\\\/esatapajh71\\\/wp-content\\\/uploads\\\/2022\\\/05\\\/ST-1.jpg\",\"contentUrl\":\"https:\\\/\\\/apajhetvous.apajh.org\\\/esatapajh71\\\/wp-content\\\/uploads\\\/2022\\\/05\\\/ST-1.jpg\",\"width\":1920,\"height\":1080},{\"@type\":\"BreadcrumbList\",\"@id\":\"https:\\\/\\\/apajhetvous.apajh.org\\\/esatapajh71\\\/sous-traitance\\\/#breadcrumb\",\"itemListElement\":[{\"@type\":\"ListItem\",\"position\":1,\"name\":\"Accueil\",\"item\":\"https:\\\/\\\/apajhetvous.apajh.org\\\/esatapajh71\\\/\"},{\"@type\":\"ListItem\",\"position\":2,\"name\":\"SOUS-TRAITANCE\"}]},{\"@type\":\"WebSite\",\"@id\":\"https:\\\/\\\/apajhetvous.apajh.org\\\/esatapajh71\\\/#website\",\"url\":\"https:\\\/\\\/apajhetvous.apajh.org\\\/esatapajh71\\\/\",\"name\":\"Esatapajh71\",\"description\":\"Apajh&amp;vous\",\"potentialAction\":[{\"@type\":\"SearchAction\",\"target\":{\"@type\":\"EntryPoint\",\"urlTemplate\":\"https:\\\/\\\/apajhetvous.apajh.org\\\/esatapajh71\\\/?s={search_term_string}\"},\"query-input\":{\"@type\":\"PropertyValueSpecification\",\"valueRequired\":true,\"valueName\":\"search_term_string\"}}],\"inLanguage\":\"fr-FR\"}]}<\/script>\n<!-- \/ Yoast SEO plugin. -->","yoast_head_json":{"title":"SOUS-TRAITANCE - Esatapajh71","description":"Les travailleurs de l\u2019ESAT,\u00a0accompagn\u00e9s par des moniteurs d\u2019ateliers, mettent leur savoir-faire au service de votre entreprise.","robots":{"index":"index","follow":"follow","max-snippet":"max-snippet:-1","max-image-preview":"max-image-preview:large","max-video-preview":"max-video-preview:-1"},"canonical":"https:\/\/apajhetvous.apajh.org\/esatapajh71\/sous-traitance\/","og_locale":"fr_FR","og_type":"article","og_title":"SOUS-TRAITANCE - Esatapajh71","og_description":"Les travailleurs de l\u2019ESAT,\u00a0accompagn\u00e9s par des moniteurs d\u2019ateliers, mettent leur savoir-faire au service de votre entreprise.","og_url":"https:\/\/apajhetvous.apajh.org\/esatapajh71\/sous-traitance\/","og_site_name":"Esatapajh71","article_modified_time":"2024-05-15T14:24:52+00:00","og_image":[{"width":1920,"height":1080,"url":"https:\/\/apajhetvous.apajh.org\/esatapajh71\/wp-content\/uploads\/2022\/05\/ST-1.jpg","type":"image\/jpeg"}],"twitter_card":"summary_large_image","twitter_misc":{"Dur\u00e9e de lecture estim\u00e9e":"2 minutes"},"schema":{"@context":"https:\/\/schema.org","@graph":[{"@type":"WebPage","@id":"https:\/\/apajhetvous.apajh.org\/esatapajh71\/sous-traitance\/","url":"https:\/\/apajhetvous.apajh.org\/esatapajh71\/sous-traitance\/","name":"SOUS-TRAITANCE - Esatapajh71","isPartOf":{"@id":"https:\/\/apajhetvous.apajh.org\/esatapajh71\/#website"},"primaryImageOfPage":{"@id":"https:\/\/apajhetvous.apajh.org\/esatapajh71\/sous-traitance\/#primaryimage"},"image":{"@id":"https:\/\/apajhetvous.apajh.org\/esatapajh71\/sous-traitance\/#primaryimage"},"thumbnailUrl":"https:\/\/apajhetvous.apajh.org\/esatapajh71\/wp-content\/uploads\/2022\/05\/ST-1.jpg","datePublished":"2022-07-21T08:30:14+00:00","dateModified":"2024-05-15T14:24:52+00:00","description":"Les travailleurs de l\u2019ESAT,\u00a0accompagn\u00e9s par des moniteurs d\u2019ateliers, mettent leur savoir-faire au service de votre entreprise.","breadcrumb":{"@id":"https:\/\/apajhetvous.apajh.org\/esatapajh71\/sous-traitance\/#breadcrumb"},"inLanguage":"fr-FR","potentialAction":[{"@type":"ReadAction","target":["https:\/\/apajhetvous.apajh.org\/esatapajh71\/sous-traitance\/"]}]},{"@type":"ImageObject","inLanguage":"fr-FR","@id":"https:\/\/apajhetvous.apajh.org\/esatapajh71\/sous-traitance\/#primaryimage","url":"https:\/\/apajhetvous.apajh.org\/esatapajh71\/wp-content\/uploads\/2022\/05\/ST-1.jpg","contentUrl":"https:\/\/apajhetvous.apajh.org\/esatapajh71\/wp-content\/uploads\/2022\/05\/ST-1.jpg","width":1920,"height":1080},{"@type":"BreadcrumbList","@id":"https:\/\/apajhetvous.apajh.org\/esatapajh71\/sous-traitance\/#breadcrumb","itemListElement":[{"@type":"ListItem","position":1,"name":"Accueil","item":"https:\/\/apajhetvous.apajh.org\/esatapajh71\/"},{"@type":"ListItem","position":2,"name":"SOUS-TRAITANCE"}]},{"@type":"WebSite","@id":"https:\/\/apajhetvous.apajh.org\/esatapajh71\/#website","url":"https:\/\/apajhetvous.apajh.org\/esatapajh71\/","name":"Esatapajh71","description":"Apajh&amp;vous","potentialAction":[{"@type":"SearchAction","target":{"@type":"EntryPoint","urlTemplate":"https:\/\/apajhetvous.apajh.org\/esatapajh71\/?s={search_term_string}"},"query-input":{"@type":"PropertyValueSpecification","valueRequired":true,"valueName":"search_term_string"}}],"inLanguage":"fr-FR"}]}},"_links":{"self":[{"href":"https:\/\/apajhetvous.apajh.org\/esatapajh71\/wp-json\/wp\/v2\/pages\/3654","targetHints":{"allow":["GET"]}}],"collection":[{"href":"https:\/\/apajhetvous.apajh.org\/esatapajh71\/wp-json\/wp\/v2\/pages"}],"about":[{"href":"https:\/\/apajhetvous.apajh.org\/esatapajh71\/wp-json\/wp\/v2\/types\/page"}],"author":[{"embeddable":true,"href":"https:\/\/apajhetvous.apajh.org\/esatapajh71\/wp-json\/wp\/v2\/users\/5"}],"replies":[{"embeddable":true,"href":"https:\/\/apajhetvous.apajh.org\/esatapajh71\/wp-json\/wp\/v2\/comments?post=3654"}],"version-history":[{"count":14,"href":"https:\/\/apajhetvous.apajh.org\/esatapajh71\/wp-json\/wp\/v2\/pages\/3654\/revisions"}],"predecessor-version":[{"id":4155,"href":"https:\/\/apajhetvous.apajh.org\/esatapajh71\/wp-json\/wp\/v2\/pages\/3654\/revisions\/4155"}],"wp:featuredmedia":[{"embeddable":true,"href":"https:\/\/apajhetvous.apajh.org\/esatapajh71\/wp-json\/wp\/v2\/media\/3753"}],"wp:attachment":[{"href":"https:\/\/apajhetvous.apajh.org\/esatapajh71\/wp-json\/wp\/v2\/media?parent=3654"}],"curies":[{"name":"wp","href":"https:\/\/api.w.org\/{rel}","templated":true}]}}