{"id":3656,"date":"2022-07-21T10:29:48","date_gmt":"2022-07-21T08:29:48","guid":{"rendered":"http:\/\/localhost:1337\/?page_id=3656"},"modified":"2024-05-15T16:21:31","modified_gmt":"2024-05-15T14:21:31","slug":"menuiserie-et-emballage-bois","status":"publish","type":"page","link":"https:\/\/apajhetvous.apajh.org\/esatapajh71\/menuiserie-et-emballage-bois\/","title":{"rendered":"MENUISERIE ET EMBALLAGE BOIS"},"content":{"rendered":"\n<p><strong><strong>Situ\u00e9 sur notre site de Crissey, les travailleurs de l\u2019ESAT, accompagn\u00e9s par des moniteurs d\u2019ateliers, mettent leur expertise dans le travail du bois.<\/strong><\/strong><\/p>\n\n\n\n<figure class=\"wp-block-image size-large is-resized\"><img loading=\"lazy\" decoding=\"async\" width=\"1024\" height=\"768\" src=\"https:\/\/apajhetvous.apajh.org\/esatapajh71\/wp-content\/uploads\/2022\/05\/BOIS-4-1-1024x768.jpg\" alt=\"Travailleur en situation de handicap de l'atelier Bois de l'ESAT de Crissey\" class=\"wp-image-3806\" style=\"width:558px;height:auto\" srcset=\"https:\/\/apajhetvous.apajh.org\/esatapajh71\/wp-content\/uploads\/2022\/05\/BOIS-4-1-1024x768.jpg 1024w, https:\/\/apajhetvous.apajh.org\/esatapajh71\/wp-content\/uploads\/2022\/05\/BOIS-4-1-300x225.jpg 300w, https:\/\/apajhetvous.apajh.org\/esatapajh71\/wp-content\/uploads\/2022\/05\/BOIS-4-1-768x576.jpg 768w, https:\/\/apajhetvous.apajh.org\/esatapajh71\/wp-content\/uploads\/2022\/05\/BOIS-4-1-1536x1152.jpg 1536w, https:\/\/apajhetvous.apajh.org\/esatapajh71\/wp-content\/uploads\/2022\/05\/BOIS-4-1-2048x1536.jpg 2048w, https:\/\/apajhetvous.apajh.org\/esatapajh71\/wp-content\/uploads\/2022\/05\/BOIS-4-1-370x278.jpg 370w, https:\/\/apajhetvous.apajh.org\/esatapajh71\/wp-content\/uploads\/2022\/05\/BOIS-4-1-1320x990.jpg 1320w\" sizes=\"auto, (max-width: 1024px) 100vw, 1024px\" \/><\/figure>\n\n\n\n<h2 class=\"wp-block-heading\">L\u2019\u00c9QUIPE <\/h2>\n\n\n\n<p>L\u2019\u00e9quipe de l\u2019atelier bois se compose de 20 travailleurs en situation de handicap encadr\u00e9s par 2 moniteurs d\u2019atelier.<\/p>\n\n\n\n<h2 class=\"wp-block-heading\">LES PRESTATIONS D&rsquo;EMBALLAGE<\/h2>\n\n\n\n<ul class=\"wp-block-list\">\n<li>Fabrication de palettes standard et hors c\u00f4tes\u00a0: de la petite \u00e0 la grande s\u00e9rie, palettes trait\u00e9es NIMP15 pour exportation.<\/li>\n\n\n\n<li>Palettes et caisseries sur mesure\u00a0: caisse CP ou massif, destin\u00e9es \u00e0 la protection des produits.<\/li>\n<\/ul>\n\n\n\n<p> <\/p>\n\n\n\n<figure class=\"wp-block-image size-large is-resized\"><img loading=\"lazy\" decoding=\"async\" width=\"1024\" height=\"768\" src=\"https:\/\/apajhetvous.apajh.org\/esatapajh71\/wp-content\/uploads\/2024\/04\/BOIS-5-1024x768.jpg\" alt=\"\" class=\"wp-image-4157\" style=\"width:560px;height:auto\" srcset=\"https:\/\/apajhetvous.apajh.org\/esatapajh71\/wp-content\/uploads\/2024\/04\/BOIS-5-1024x768.jpg 1024w, https:\/\/apajhetvous.apajh.org\/esatapajh71\/wp-content\/uploads\/2024\/04\/BOIS-5-300x225.jpg 300w, https:\/\/apajhetvous.apajh.org\/esatapajh71\/wp-content\/uploads\/2024\/04\/BOIS-5-768x576.jpg 768w, https:\/\/apajhetvous.apajh.org\/esatapajh71\/wp-content\/uploads\/2024\/04\/BOIS-5-370x278.jpg 370w, https:\/\/apajhetvous.apajh.org\/esatapajh71\/wp-content\/uploads\/2024\/04\/BOIS-5.jpg 1152w\" sizes=\"auto, (max-width: 1024px) 100vw, 1024px\" \/><\/figure>\n\n\n\n<h2 class=\"wp-block-heading\">LES PRESTATIONS DE MENUISERIES<\/h2>\n\n\n\n<ul class=\"wp-block-list\">\n<li>Mobiliers de jardin : tables de pique-nique, volets, planches pour \u00e9levage d\u2019escargot, pergolas, jardini\u00e8res.<\/li>\n<\/ul>\n\n\n\n<p> <\/p>\n\n\n\n<figure class=\"wp-block-image size-large is-resized\"><img loading=\"lazy\" decoding=\"async\" width=\"1024\" height=\"610\" src=\"https:\/\/apajhetvous.apajh.org\/esatapajh71\/wp-content\/uploads\/2022\/09\/20220908_105509-1024x610.jpg\" alt=\"\" class=\"wp-image-4034\" style=\"aspect-ratio:1.68;width:484px;height:auto\" srcset=\"https:\/\/apajhetvous.apajh.org\/esatapajh71\/wp-content\/uploads\/2022\/09\/20220908_105509-1024x610.jpg 1024w, https:\/\/apajhetvous.apajh.org\/esatapajh71\/wp-content\/uploads\/2022\/09\/20220908_105509-300x179.jpg 300w, https:\/\/apajhetvous.apajh.org\/esatapajh71\/wp-content\/uploads\/2022\/09\/20220908_105509-768x458.jpg 768w, https:\/\/apajhetvous.apajh.org\/esatapajh71\/wp-content\/uploads\/2022\/09\/20220908_105509-1536x915.jpg 1536w, https:\/\/apajhetvous.apajh.org\/esatapajh71\/wp-content\/uploads\/2022\/09\/20220908_105509-2048x1220.jpg 2048w, https:\/\/apajhetvous.apajh.org\/esatapajh71\/wp-content\/uploads\/2022\/09\/20220908_105509-370x220.jpg 370w, https:\/\/apajhetvous.apajh.org\/esatapajh71\/wp-content\/uploads\/2022\/09\/20220908_105509-1320x787.jpg 1320w\" sizes=\"auto, (max-width: 1024px) 100vw, 1024px\" \/><figcaption class=\"wp-element-caption\">Mobilier urbain en Douglas<\/figcaption><\/figure>\n\n\n\n<figure class=\"wp-block-image size-large is-resized\"><img loading=\"lazy\" decoding=\"async\" width=\"1024\" height=\"913\" src=\"https:\/\/apajhetvous.apajh.org\/esatapajh71\/wp-content\/uploads\/2024\/04\/BOIS-4-1024x913.png\" alt=\"\" class=\"wp-image-4158\" style=\"width:486px;height:auto\" srcset=\"https:\/\/apajhetvous.apajh.org\/esatapajh71\/wp-content\/uploads\/2024\/04\/BOIS-4-1024x913.png 1024w, https:\/\/apajhetvous.apajh.org\/esatapajh71\/wp-content\/uploads\/2024\/04\/BOIS-4-300x267.png 300w, https:\/\/apajhetvous.apajh.org\/esatapajh71\/wp-content\/uploads\/2024\/04\/BOIS-4-768x685.png 768w, https:\/\/apajhetvous.apajh.org\/esatapajh71\/wp-content\/uploads\/2024\/04\/BOIS-4-370x330.png 370w, https:\/\/apajhetvous.apajh.org\/esatapajh71\/wp-content\/uploads\/2024\/04\/BOIS-4.png 1125w\" sizes=\"auto, (max-width: 1024px) 100vw, 1024px\" \/><figcaption class=\"wp-element-caption\">Composteur<\/figcaption><\/figure>\n\n\n\n<figure class=\"wp-block-image size-large is-resized\"><img loading=\"lazy\" decoding=\"async\" width=\"1024\" height=\"832\" src=\"https:\/\/apajhetvous.apajh.org\/esatapajh71\/wp-content\/uploads\/2024\/04\/BOIS-3-1024x832.png\" alt=\"\" class=\"wp-image-4159\" style=\"width:482px;height:auto\" srcset=\"https:\/\/apajhetvous.apajh.org\/esatapajh71\/wp-content\/uploads\/2024\/04\/BOIS-3-1024x832.png 1024w, https:\/\/apajhetvous.apajh.org\/esatapajh71\/wp-content\/uploads\/2024\/04\/BOIS-3-300x244.png 300w, https:\/\/apajhetvous.apajh.org\/esatapajh71\/wp-content\/uploads\/2024\/04\/BOIS-3-768x624.png 768w, https:\/\/apajhetvous.apajh.org\/esatapajh71\/wp-content\/uploads\/2024\/04\/BOIS-3-370x301.png 370w, https:\/\/apajhetvous.apajh.org\/esatapajh71\/wp-content\/uploads\/2024\/04\/BOIS-3.png 1301w\" sizes=\"auto, (max-width: 1024px) 100vw, 1024px\" \/><figcaption class=\"wp-element-caption\">Jardini\u00e8re<\/figcaption><\/figure>\n\n\n\n<ul class=\"wp-block-list\">\n<li>R\u00e9alisation de structures sur mesure en diff\u00e9rentes essence de bois<\/li>\n<\/ul>\n\n\n\n<p> <\/p>\n\n\n\n<figure class=\"wp-block-image size-full is-resized\"><img loading=\"lazy\" decoding=\"async\" width=\"483\" height=\"483\" src=\"https:\/\/apajhetvous.apajh.org\/esatapajh71\/wp-content\/uploads\/2024\/04\/BOIS-6.jpg\" alt=\"\" class=\"wp-image-4160\" style=\"width:559px;height:auto\" srcset=\"https:\/\/apajhetvous.apajh.org\/esatapajh71\/wp-content\/uploads\/2024\/04\/BOIS-6.jpg 483w, https:\/\/apajhetvous.apajh.org\/esatapajh71\/wp-content\/uploads\/2024\/04\/BOIS-6-300x300.jpg 300w, https:\/\/apajhetvous.apajh.org\/esatapajh71\/wp-content\/uploads\/2024\/04\/BOIS-6-150x150.jpg 150w, https:\/\/apajhetvous.apajh.org\/esatapajh71\/wp-content\/uploads\/2024\/04\/BOIS-6-370x370.jpg 370w\" sizes=\"auto, (max-width: 483px) 100vw, 483px\" \/><\/figure>\n\n\n\n<ul class=\"wp-block-list\">\n<li>Fabrication de structure favorisant l\u2019environnement et la biodiversit\u00e9\u00a0: cr\u00e9ation de mangeoires, nichoirs \u00e0 oiseaux et chauve-souris, h\u00f4tels \u00e0 insectes, composteurs, poubelles.<\/li>\n<\/ul>\n\n\n\n<p> <\/p>\n\n\n\n<figure class=\"wp-block-image size-full is-resized\"><img loading=\"lazy\" decoding=\"async\" width=\"640\" height=\"480\" src=\"https:\/\/apajhetvous.apajh.org\/esatapajh71\/wp-content\/uploads\/2024\/04\/BOIS-1.jpg\" alt=\"\" class=\"wp-image-4161\" style=\"width:555px;height:auto\" srcset=\"https:\/\/apajhetvous.apajh.org\/esatapajh71\/wp-content\/uploads\/2024\/04\/BOIS-1.jpg 640w, https:\/\/apajhetvous.apajh.org\/esatapajh71\/wp-content\/uploads\/2024\/04\/BOIS-1-300x225.jpg 300w, https:\/\/apajhetvous.apajh.org\/esatapajh71\/wp-content\/uploads\/2024\/04\/BOIS-1-370x278.jpg 370w\" sizes=\"auto, (max-width: 640px) 100vw, 640px\" \/><\/figure>\n\n\n\n<figure class=\"wp-block-image size-large is-resized\"><img loading=\"lazy\" decoding=\"async\" width=\"768\" height=\"1024\" src=\"https:\/\/apajhetvous.apajh.org\/esatapajh71\/wp-content\/uploads\/2024\/04\/BOIS-2-768x1024.jpg\" alt=\"\" class=\"wp-image-4162\" style=\"width:558px;height:auto\" srcset=\"https:\/\/apajhetvous.apajh.org\/esatapajh71\/wp-content\/uploads\/2024\/04\/BOIS-2-768x1024.jpg 768w, https:\/\/apajhetvous.apajh.org\/esatapajh71\/wp-content\/uploads\/2024\/04\/BOIS-2-225x300.jpg 225w, https:\/\/apajhetvous.apajh.org\/esatapajh71\/wp-content\/uploads\/2024\/04\/BOIS-2-1152x1536.jpg 1152w, https:\/\/apajhetvous.apajh.org\/esatapajh71\/wp-content\/uploads\/2024\/04\/BOIS-2-1536x2048.jpg 1536w, https:\/\/apajhetvous.apajh.org\/esatapajh71\/wp-content\/uploads\/2024\/04\/BOIS-2-370x493.jpg 370w, https:\/\/apajhetvous.apajh.org\/esatapajh71\/wp-content\/uploads\/2024\/04\/BOIS-2-1320x1760.jpg 1320w, https:\/\/apajhetvous.apajh.org\/esatapajh71\/wp-content\/uploads\/2024\/04\/BOIS-2-scaled.jpg 1920w\" sizes=\"auto, (max-width: 768px) 100vw, 768px\" \/><\/figure>\n\n\n\n<h2 class=\"wp-block-heading\">NOS \u00c9QUIPEMENTS<\/h2>\n\n\n\n<p>Afin de vous garantir un travail de qualit\u00e9, notre atelier est \u00e9quip\u00e9 de mat\u00e9riel performant et professionnel :<\/p>\n\n\n\n<ul class=\"wp-block-list\">\n<li>Scie \u00e0 ruban<\/li>\n\n\n\n<li>Perceuse \u00e0 colonne<\/li>\n\n\n\n<li>Carrousel<\/li>\n\n\n\n<li>Raboteuse d\u00e9gauchisseuse<\/li>\n\n\n\n<li>Scie \u00e0 fa\u00e7on\/tron\u00e7onner<\/li>\n\n\n\n<li>Toupie<\/li>\n\n\n\n<li>4 faces<\/li>\n\n\n\n<li>Pistolet cloueur<\/li>\n\n\n\n<li>Visseuse, petit \u00e9lectroportatif<\/li>\n<\/ul>\n\n\n\n<p> <\/p>\n\n\n\n<p>Afin de retrouver la pr\u00e9sentation de notre \u00e9tablissement :&nbsp;<a href=\"https:\/\/apajhetvous.apajh.org\/esatapajh71\/2022\/05\/24\/lesat-de-crissey\/\">L\u2019ESAT APAJH de Crissey<\/a><\/p>\n\n\n\n<p><a href=\"https:\/\/apajhetvous.apajh.org\/esatapajh71\/nous-contacter\/\">Cliquez ici pour nous contacter<\/a><\/p>\n\n\n\n<p>Par ailleurs, pour plus d\u2019informations sur l\u2019APAJH :&nbsp;<a href=\"https:\/\/www.apajh.org\/#\/\">F\u00e9d\u00e9ration APAJH<\/a><\/p>\n","protected":false},"excerpt":{"rendered":"<p>Situ\u00e9 sur notre site de Crissey, les travailleurs de l\u2019ESAT, accompagn\u00e9s par des moniteurs d\u2019ateliers, mettent leur expertise dans le travail du bois. L\u2019\u00c9QUIPE L\u2019\u00e9quipe de l\u2019atelier bois se compose de 20 travailleurs en situation de handicap encadr\u00e9s par 2 moniteurs d\u2019atelier. LES PRESTATIONS D&rsquo;EMBALLAGE LES PRESTATIONS DE MENUISERIES NOS \u00c9QUIPEMENTS Afin de vous garantir<\/p>\n","protected":false},"author":5,"featured_media":0,"parent":0,"menu_order":0,"comment_status":"closed","ping_status":"closed","template":"","meta":{"_acf_changed":false,"_exactmetrics_skip_tracking":false,"_exactmetrics_sitenote_active":false,"_exactmetrics_sitenote_note":"","_exactmetrics_sitenote_category":0,"footnotes":""},"class_list":["post-3656","page","type-page","status-publish","hentry"],"acf":[],"yoast_head":"<!-- This site is optimized with the Yoast SEO plugin v27.3 - https:\/\/yoast.com\/product\/yoast-seo-wordpress\/ -->\n<title>MENUISERIE ET EMBALLAGE BOIS - Esatapajh71<\/title>\n<meta name=\"description\" content=\"Situ\u00e9 sur notre site de Crissey, les travailleurs de l&#039;ESAT mettent leur expertise \u00e0 votre service dans le domaine du travail du bois.\" \/>\n<meta name=\"robots\" content=\"index, follow, max-snippet:-1, max-image-preview:large, max-video-preview:-1\" \/>\n<link rel=\"canonical\" href=\"https:\/\/apajhetvous.apajh.org\/esatapajh71\/menuiserie-et-emballage-bois\/\" \/>\n<meta property=\"og:locale\" content=\"fr_FR\" \/>\n<meta property=\"og:type\" content=\"article\" \/>\n<meta property=\"og:title\" content=\"MENUISERIE ET EMBALLAGE BOIS - Esatapajh71\" \/>\n<meta property=\"og:description\" content=\"Situ\u00e9 sur notre site de Crissey, les travailleurs de l&#039;ESAT mettent leur expertise \u00e0 votre service dans le domaine du travail du bois.\" \/>\n<meta property=\"og:url\" content=\"https:\/\/apajhetvous.apajh.org\/esatapajh71\/menuiserie-et-emballage-bois\/\" \/>\n<meta property=\"og:site_name\" content=\"Esatapajh71\" \/>\n<meta property=\"article:modified_time\" content=\"2024-05-15T14:21:31+00:00\" \/>\n<meta property=\"og:image\" content=\"https:\/\/apajhetvous.apajh.org\/esatapajh71\/wp-content\/uploads\/2022\/05\/BOIS-4-1-1024x768.jpg\" \/>\n<meta name=\"twitter:card\" content=\"summary_large_image\" \/>\n<meta name=\"twitter:label1\" content=\"Dur\u00e9e de lecture estim\u00e9e\" \/>\n\t<meta name=\"twitter:data1\" content=\"3 minutes\" \/>\n<script type=\"application\/ld+json\" class=\"yoast-schema-graph\">{\"@context\":\"https:\\\/\\\/schema.org\",\"@graph\":[{\"@type\":\"WebPage\",\"@id\":\"https:\\\/\\\/apajhetvous.apajh.org\\\/esatapajh71\\\/menuiserie-et-emballage-bois\\\/\",\"url\":\"https:\\\/\\\/apajhetvous.apajh.org\\\/esatapajh71\\\/menuiserie-et-emballage-bois\\\/\",\"name\":\"MENUISERIE ET EMBALLAGE BOIS - Esatapajh71\",\"isPartOf\":{\"@id\":\"https:\\\/\\\/apajhetvous.apajh.org\\\/esatapajh71\\\/#website\"},\"primaryImageOfPage\":{\"@id\":\"https:\\\/\\\/apajhetvous.apajh.org\\\/esatapajh71\\\/menuiserie-et-emballage-bois\\\/#primaryimage\"},\"image\":{\"@id\":\"https:\\\/\\\/apajhetvous.apajh.org\\\/esatapajh71\\\/menuiserie-et-emballage-bois\\\/#primaryimage\"},\"thumbnailUrl\":\"https:\\\/\\\/apajhetvous.apajh.org\\\/esatapajh71\\\/wp-content\\\/uploads\\\/2022\\\/05\\\/BOIS-4-1-1024x768.jpg\",\"datePublished\":\"2022-07-21T08:29:48+00:00\",\"dateModified\":\"2024-05-15T14:21:31+00:00\",\"description\":\"Situ\u00e9 sur notre site de Crissey, les travailleurs de l'ESAT mettent leur expertise \u00e0 votre service dans le domaine du travail du bois.\",\"breadcrumb\":{\"@id\":\"https:\\\/\\\/apajhetvous.apajh.org\\\/esatapajh71\\\/menuiserie-et-emballage-bois\\\/#breadcrumb\"},\"inLanguage\":\"fr-FR\",\"potentialAction\":[{\"@type\":\"ReadAction\",\"target\":[\"https:\\\/\\\/apajhetvous.apajh.org\\\/esatapajh71\\\/menuiserie-et-emballage-bois\\\/\"]}]},{\"@type\":\"ImageObject\",\"inLanguage\":\"fr-FR\",\"@id\":\"https:\\\/\\\/apajhetvous.apajh.org\\\/esatapajh71\\\/menuiserie-et-emballage-bois\\\/#primaryimage\",\"url\":\"https:\\\/\\\/apajhetvous.apajh.org\\\/esatapajh71\\\/wp-content\\\/uploads\\\/2022\\\/05\\\/BOIS-4-1-1024x768.jpg\",\"contentUrl\":\"https:\\\/\\\/apajhetvous.apajh.org\\\/esatapajh71\\\/wp-content\\\/uploads\\\/2022\\\/05\\\/BOIS-4-1-1024x768.jpg\"},{\"@type\":\"BreadcrumbList\",\"@id\":\"https:\\\/\\\/apajhetvous.apajh.org\\\/esatapajh71\\\/menuiserie-et-emballage-bois\\\/#breadcrumb\",\"itemListElement\":[{\"@type\":\"ListItem\",\"position\":1,\"name\":\"Accueil\",\"item\":\"https:\\\/\\\/apajhetvous.apajh.org\\\/esatapajh71\\\/\"},{\"@type\":\"ListItem\",\"position\":2,\"name\":\"MENUISERIE ET EMBALLAGE BOIS\"}]},{\"@type\":\"WebSite\",\"@id\":\"https:\\\/\\\/apajhetvous.apajh.org\\\/esatapajh71\\\/#website\",\"url\":\"https:\\\/\\\/apajhetvous.apajh.org\\\/esatapajh71\\\/\",\"name\":\"Esatapajh71\",\"description\":\"Apajh&amp;vous\",\"potentialAction\":[{\"@type\":\"SearchAction\",\"target\":{\"@type\":\"EntryPoint\",\"urlTemplate\":\"https:\\\/\\\/apajhetvous.apajh.org\\\/esatapajh71\\\/?s={search_term_string}\"},\"query-input\":{\"@type\":\"PropertyValueSpecification\",\"valueRequired\":true,\"valueName\":\"search_term_string\"}}],\"inLanguage\":\"fr-FR\"}]}<\/script>\n<!-- \/ Yoast SEO plugin. -->","yoast_head_json":{"title":"MENUISERIE ET EMBALLAGE BOIS - Esatapajh71","description":"Situ\u00e9 sur notre site de Crissey, les travailleurs de l'ESAT mettent leur expertise \u00e0 votre service dans le domaine du travail du bois.","robots":{"index":"index","follow":"follow","max-snippet":"max-snippet:-1","max-image-preview":"max-image-preview:large","max-video-preview":"max-video-preview:-1"},"canonical":"https:\/\/apajhetvous.apajh.org\/esatapajh71\/menuiserie-et-emballage-bois\/","og_locale":"fr_FR","og_type":"article","og_title":"MENUISERIE ET EMBALLAGE BOIS - Esatapajh71","og_description":"Situ\u00e9 sur notre site de Crissey, les travailleurs de l'ESAT mettent leur expertise \u00e0 votre service dans le domaine du travail du bois.","og_url":"https:\/\/apajhetvous.apajh.org\/esatapajh71\/menuiserie-et-emballage-bois\/","og_site_name":"Esatapajh71","article_modified_time":"2024-05-15T14:21:31+00:00","og_image":[{"url":"https:\/\/apajhetvous.apajh.org\/esatapajh71\/wp-content\/uploads\/2022\/05\/BOIS-4-1-1024x768.jpg","type":"","width":"","height":""}],"twitter_card":"summary_large_image","twitter_misc":{"Dur\u00e9e de lecture estim\u00e9e":"3 minutes"},"schema":{"@context":"https:\/\/schema.org","@graph":[{"@type":"WebPage","@id":"https:\/\/apajhetvous.apajh.org\/esatapajh71\/menuiserie-et-emballage-bois\/","url":"https:\/\/apajhetvous.apajh.org\/esatapajh71\/menuiserie-et-emballage-bois\/","name":"MENUISERIE ET EMBALLAGE BOIS - Esatapajh71","isPartOf":{"@id":"https:\/\/apajhetvous.apajh.org\/esatapajh71\/#website"},"primaryImageOfPage":{"@id":"https:\/\/apajhetvous.apajh.org\/esatapajh71\/menuiserie-et-emballage-bois\/#primaryimage"},"image":{"@id":"https:\/\/apajhetvous.apajh.org\/esatapajh71\/menuiserie-et-emballage-bois\/#primaryimage"},"thumbnailUrl":"https:\/\/apajhetvous.apajh.org\/esatapajh71\/wp-content\/uploads\/2022\/05\/BOIS-4-1-1024x768.jpg","datePublished":"2022-07-21T08:29:48+00:00","dateModified":"2024-05-15T14:21:31+00:00","description":"Situ\u00e9 sur notre site de Crissey, les travailleurs de l'ESAT mettent leur expertise \u00e0 votre service dans le domaine du travail du bois.","breadcrumb":{"@id":"https:\/\/apajhetvous.apajh.org\/esatapajh71\/menuiserie-et-emballage-bois\/#breadcrumb"},"inLanguage":"fr-FR","potentialAction":[{"@type":"ReadAction","target":["https:\/\/apajhetvous.apajh.org\/esatapajh71\/menuiserie-et-emballage-bois\/"]}]},{"@type":"ImageObject","inLanguage":"fr-FR","@id":"https:\/\/apajhetvous.apajh.org\/esatapajh71\/menuiserie-et-emballage-bois\/#primaryimage","url":"https:\/\/apajhetvous.apajh.org\/esatapajh71\/wp-content\/uploads\/2022\/05\/BOIS-4-1-1024x768.jpg","contentUrl":"https:\/\/apajhetvous.apajh.org\/esatapajh71\/wp-content\/uploads\/2022\/05\/BOIS-4-1-1024x768.jpg"},{"@type":"BreadcrumbList","@id":"https:\/\/apajhetvous.apajh.org\/esatapajh71\/menuiserie-et-emballage-bois\/#breadcrumb","itemListElement":[{"@type":"ListItem","position":1,"name":"Accueil","item":"https:\/\/apajhetvous.apajh.org\/esatapajh71\/"},{"@type":"ListItem","position":2,"name":"MENUISERIE ET EMBALLAGE BOIS"}]},{"@type":"WebSite","@id":"https:\/\/apajhetvous.apajh.org\/esatapajh71\/#website","url":"https:\/\/apajhetvous.apajh.org\/esatapajh71\/","name":"Esatapajh71","description":"Apajh&amp;vous","potentialAction":[{"@type":"SearchAction","target":{"@type":"EntryPoint","urlTemplate":"https:\/\/apajhetvous.apajh.org\/esatapajh71\/?s={search_term_string}"},"query-input":{"@type":"PropertyValueSpecification","valueRequired":true,"valueName":"search_term_string"}}],"inLanguage":"fr-FR"}]}},"_links":{"self":[{"href":"https:\/\/apajhetvous.apajh.org\/esatapajh71\/wp-json\/wp\/v2\/pages\/3656","targetHints":{"allow":["GET"]}}],"collection":[{"href":"https:\/\/apajhetvous.apajh.org\/esatapajh71\/wp-json\/wp\/v2\/pages"}],"about":[{"href":"https:\/\/apajhetvous.apajh.org\/esatapajh71\/wp-json\/wp\/v2\/types\/page"}],"author":[{"embeddable":true,"href":"https:\/\/apajhetvous.apajh.org\/esatapajh71\/wp-json\/wp\/v2\/users\/5"}],"replies":[{"embeddable":true,"href":"https:\/\/apajhetvous.apajh.org\/esatapajh71\/wp-json\/wp\/v2\/comments?post=3656"}],"version-history":[{"count":17,"href":"https:\/\/apajhetvous.apajh.org\/esatapajh71\/wp-json\/wp\/v2\/pages\/3656\/revisions"}],"predecessor-version":[{"id":4171,"href":"https:\/\/apajhetvous.apajh.org\/esatapajh71\/wp-json\/wp\/v2\/pages\/3656\/revisions\/4171"}],"wp:attachment":[{"href":"https:\/\/apajhetvous.apajh.org\/esatapajh71\/wp-json\/wp\/v2\/media?parent=3656"}],"curies":[{"name":"wp","href":"https:\/\/api.w.org\/{rel}","templated":true}]}}