{"id":3658,"date":"2024-05-15T15:00:00","date_gmt":"2024-05-15T13:00:00","guid":{"rendered":"http:\/\/localhost:1337\/?page_id=3658"},"modified":"2024-05-15T16:02:56","modified_gmt":"2024-05-15T14:02:56","slug":"espaces-verts","status":"publish","type":"page","link":"https:\/\/apajhetvous.apajh.org\/esatapajh71\/espaces-verts\/","title":{"rendered":"ESPACES VERTS"},"content":{"rendered":"\n<p><strong><strong>En entreprises ou chez les particuliers, les travailleurs de l\u2019ESAT, accompagn\u00e9s par des moniteurs d\u2019ateliers, mettent \u00e0 profit leur expertise dans l\u2019entretien de vos espaces verts.<\/strong><\/strong><\/p>\n\n\n\n<figure class=\"wp-block-image size-large\"><img loading=\"lazy\" decoding=\"async\" width=\"1024\" height=\"470\" src=\"https:\/\/apajhetvous.apajh.org\/esatapajh71\/wp-content\/uploads\/2022\/05\/EV-2-1024x470.jpg\" alt=\"\" class=\"wp-image-3749\" srcset=\"https:\/\/apajhetvous.apajh.org\/esatapajh71\/wp-content\/uploads\/2022\/05\/EV-2-1024x470.jpg 1024w, https:\/\/apajhetvous.apajh.org\/esatapajh71\/wp-content\/uploads\/2022\/05\/EV-2-300x138.jpg 300w, https:\/\/apajhetvous.apajh.org\/esatapajh71\/wp-content\/uploads\/2022\/05\/EV-2-768x353.jpg 768w, https:\/\/apajhetvous.apajh.org\/esatapajh71\/wp-content\/uploads\/2022\/05\/EV-2-370x170.jpg 370w, https:\/\/apajhetvous.apajh.org\/esatapajh71\/wp-content\/uploads\/2022\/05\/EV-2.jpg 1280w\" sizes=\"auto, (max-width: 1024px) 100vw, 1024px\" \/><\/figure>\n\n\n\n<h2 class=\"wp-block-heading\">L\u2019\u00c9QUIPE <\/h2>\n\n\n\n<p>L\u2019\u00e9quipe charg\u00e9e de l\u2019entretien des espaces verts se compose de 18 travailleurs en situation de handicap encadr\u00e9s par 3 moniteurs d\u2019atelier.<\/p>\n\n\n\n<h2 class=\"wp-block-heading\">NOS PRESTATIONS<\/h2>\n\n\n\n<p>L\u2019ESAT de Crissey propose tout un panel de services pour les jardins et espaces verts des professionnels, des collectivit\u00e9s et des particuliers dans le bassin Chalonnais.<\/p>\n\n\n\n<p>Nous r\u00e9alisons \u00e9galement des travaux dans les vignes&nbsp;: ramassage de sarments et vendanges.<\/p>\n\n\n\n<ul class=\"wp-block-list\">\n<li>Tonte.<\/li>\n\n\n\n<li>D\u00e9broussaillage.<\/li>\n\n\n\n<li>Taille et rabattage de haie et arbuste.<\/li>\n\n\n\n<li>D\u00e9sherbage manuel.<\/li>\n<\/ul>\n\n\n\n<p><\/p>\n\n\n\n<h2 class=\"wp-block-heading\">NOS \u00c9QUIPEMENTS <\/h2>\n\n\n\n<p>Afin de vous garantir un travail de qualit\u00e9, notre atelier est \u00e9quip\u00e9 de mat\u00e9riel performant et professionnel :<\/p>\n\n\n\n<ul class=\"wp-block-list\">\n<li>D\u00e9broussailleuse<\/li>\n\n\n\n<li>Tondeuse autotract\u00e9e<\/li>\n\n\n\n<li>Tondeuse d\u00e9broussailleuse<\/li>\n\n\n\n<li>Tron\u00e7onneuse<\/li>\n\n\n\n<li>Auto-port\u00e9e avec ou sans bac de ramassage<\/li>\n\n\n\n<li>Taille haie\/Taille haie perch\u00e9<\/li>\n\n\n\n<li>Souffleuse<\/li>\n\n\n\n<li>Perche \u00e9lagueuse<\/li>\n<\/ul>\n\n\n\n<p><\/p>\n\n\n\n<p>Afin de retrouver la pr\u00e9sentation de notre \u00e9tablissement :&nbsp;<a href=\"https:\/\/apajhetvous.apajh.org\/esatapajh71\/2022\/07\/21\/lesat-de-crissey\/\">L\u2019ESAT APAJH de Crissey<\/a><\/p>\n\n\n\n<p><a href=\"https:\/\/apajhetvous.apajh.org\/esatapajh71\/nous-contacter\/\">Cliquez ici pour nous contacter<\/a><\/p>\n\n\n\n<p>Par ailleurs, pour plus d\u2019information sur l\u2019APAJH :&nbsp;<a href=\"https:\/\/www.apajh.org\/#\/\">F\u00e9d\u00e9ration APAJH<\/a><\/p>\n","protected":false},"excerpt":{"rendered":"<p>En entreprises ou chez les particuliers, les travailleurs de l\u2019ESAT, accompagn\u00e9s par des moniteurs d\u2019ateliers, mettent \u00e0 profit leur expertise dans l\u2019entretien de vos espaces verts. L\u2019\u00c9QUIPE L\u2019\u00e9quipe charg\u00e9e de l\u2019entretien des espaces verts se compose de 18 travailleurs en situation de handicap encadr\u00e9s par 3 moniteurs d\u2019atelier. NOS PRESTATIONS L\u2019ESAT de Crissey propose tout<\/p>\n","protected":false},"author":6,"featured_media":3749,"parent":0,"menu_order":0,"comment_status":"closed","ping_status":"closed","template":"","meta":{"_acf_changed":false,"_exactmetrics_skip_tracking":false,"_exactmetrics_sitenote_active":false,"_exactmetrics_sitenote_note":"","_exactmetrics_sitenote_category":0,"footnotes":""},"class_list":["post-3658","page","type-page","status-publish","has-post-thumbnail","hentry"],"acf":[],"yoast_head":"<!-- This site is optimized with the Yoast SEO plugin v27.3 - https:\/\/yoast.com\/product\/yoast-seo-wordpress\/ -->\n<title>ESPACES VERTS - Esatapajh71<\/title>\n<meta name=\"description\" content=\"Intervention au sein d&#039;entreprise, ou chez les particuliers, les travailleurs mettent leur expertise \u00e0 votre service des espaces verts.\" \/>\n<meta name=\"robots\" content=\"index, follow, max-snippet:-1, max-image-preview:large, max-video-preview:-1\" \/>\n<link rel=\"canonical\" href=\"https:\/\/apajhetvous.apajh.org\/esatapajh71\/espaces-verts\/\" \/>\n<meta property=\"og:locale\" content=\"fr_FR\" \/>\n<meta property=\"og:type\" content=\"article\" \/>\n<meta property=\"og:title\" content=\"ESPACES VERTS - Esatapajh71\" \/>\n<meta property=\"og:description\" content=\"Intervention au sein d&#039;entreprise, ou chez les particuliers, les travailleurs mettent leur expertise \u00e0 votre service des espaces verts.\" \/>\n<meta property=\"og:url\" content=\"https:\/\/apajhetvous.apajh.org\/esatapajh71\/espaces-verts\/\" \/>\n<meta property=\"og:site_name\" content=\"Esatapajh71\" \/>\n<meta property=\"article:modified_time\" content=\"2024-05-15T14:02:56+00:00\" \/>\n<meta property=\"og:image\" content=\"https:\/\/apajhetvous.apajh.org\/esatapajh71\/wp-content\/uploads\/2022\/05\/EV-2.jpg\" \/>\n\t<meta property=\"og:image:width\" content=\"1280\" \/>\n\t<meta property=\"og:image:height\" content=\"588\" \/>\n\t<meta property=\"og:image:type\" content=\"image\/jpeg\" \/>\n<meta name=\"twitter:card\" content=\"summary_large_image\" \/>\n<meta name=\"twitter:label1\" content=\"Dur\u00e9e de lecture estim\u00e9e\" \/>\n\t<meta name=\"twitter:data1\" content=\"2 minutes\" \/>\n<script type=\"application\/ld+json\" class=\"yoast-schema-graph\">{\"@context\":\"https:\\\/\\\/schema.org\",\"@graph\":[{\"@type\":\"WebPage\",\"@id\":\"https:\\\/\\\/apajhetvous.apajh.org\\\/esatapajh71\\\/espaces-verts\\\/\",\"url\":\"https:\\\/\\\/apajhetvous.apajh.org\\\/esatapajh71\\\/espaces-verts\\\/\",\"name\":\"ESPACES VERTS - Esatapajh71\",\"isPartOf\":{\"@id\":\"https:\\\/\\\/apajhetvous.apajh.org\\\/esatapajh71\\\/#website\"},\"primaryImageOfPage\":{\"@id\":\"https:\\\/\\\/apajhetvous.apajh.org\\\/esatapajh71\\\/espaces-verts\\\/#primaryimage\"},\"image\":{\"@id\":\"https:\\\/\\\/apajhetvous.apajh.org\\\/esatapajh71\\\/espaces-verts\\\/#primaryimage\"},\"thumbnailUrl\":\"https:\\\/\\\/apajhetvous.apajh.org\\\/esatapajh71\\\/wp-content\\\/uploads\\\/2022\\\/05\\\/EV-2.jpg\",\"datePublished\":\"2024-05-15T13:00:00+00:00\",\"dateModified\":\"2024-05-15T14:02:56+00:00\",\"description\":\"Intervention au sein d'entreprise, ou chez les particuliers, les travailleurs mettent leur expertise \u00e0 votre service des espaces verts.\",\"breadcrumb\":{\"@id\":\"https:\\\/\\\/apajhetvous.apajh.org\\\/esatapajh71\\\/espaces-verts\\\/#breadcrumb\"},\"inLanguage\":\"fr-FR\",\"potentialAction\":[{\"@type\":\"ReadAction\",\"target\":[\"https:\\\/\\\/apajhetvous.apajh.org\\\/esatapajh71\\\/espaces-verts\\\/\"]}]},{\"@type\":\"ImageObject\",\"inLanguage\":\"fr-FR\",\"@id\":\"https:\\\/\\\/apajhetvous.apajh.org\\\/esatapajh71\\\/espaces-verts\\\/#primaryimage\",\"url\":\"https:\\\/\\\/apajhetvous.apajh.org\\\/esatapajh71\\\/wp-content\\\/uploads\\\/2022\\\/05\\\/EV-2.jpg\",\"contentUrl\":\"https:\\\/\\\/apajhetvous.apajh.org\\\/esatapajh71\\\/wp-content\\\/uploads\\\/2022\\\/05\\\/EV-2.jpg\",\"width\":1280,\"height\":588,\"caption\":\"Travailleur de l'ESAT APAJH de Crissey sur l'atelier espaces verts\"},{\"@type\":\"BreadcrumbList\",\"@id\":\"https:\\\/\\\/apajhetvous.apajh.org\\\/esatapajh71\\\/espaces-verts\\\/#breadcrumb\",\"itemListElement\":[{\"@type\":\"ListItem\",\"position\":1,\"name\":\"Accueil\",\"item\":\"https:\\\/\\\/apajhetvous.apajh.org\\\/esatapajh71\\\/\"},{\"@type\":\"ListItem\",\"position\":2,\"name\":\"ESPACES VERTS\"}]},{\"@type\":\"WebSite\",\"@id\":\"https:\\\/\\\/apajhetvous.apajh.org\\\/esatapajh71\\\/#website\",\"url\":\"https:\\\/\\\/apajhetvous.apajh.org\\\/esatapajh71\\\/\",\"name\":\"Esatapajh71\",\"description\":\"Apajh&amp;vous\",\"potentialAction\":[{\"@type\":\"SearchAction\",\"target\":{\"@type\":\"EntryPoint\",\"urlTemplate\":\"https:\\\/\\\/apajhetvous.apajh.org\\\/esatapajh71\\\/?s={search_term_string}\"},\"query-input\":{\"@type\":\"PropertyValueSpecification\",\"valueRequired\":true,\"valueName\":\"search_term_string\"}}],\"inLanguage\":\"fr-FR\"}]}<\/script>\n<!-- \/ Yoast SEO plugin. -->","yoast_head_json":{"title":"ESPACES VERTS - Esatapajh71","description":"Intervention au sein d'entreprise, ou chez les particuliers, les travailleurs mettent leur expertise \u00e0 votre service des espaces verts.","robots":{"index":"index","follow":"follow","max-snippet":"max-snippet:-1","max-image-preview":"max-image-preview:large","max-video-preview":"max-video-preview:-1"},"canonical":"https:\/\/apajhetvous.apajh.org\/esatapajh71\/espaces-verts\/","og_locale":"fr_FR","og_type":"article","og_title":"ESPACES VERTS - Esatapajh71","og_description":"Intervention au sein d'entreprise, ou chez les particuliers, les travailleurs mettent leur expertise \u00e0 votre service des espaces verts.","og_url":"https:\/\/apajhetvous.apajh.org\/esatapajh71\/espaces-verts\/","og_site_name":"Esatapajh71","article_modified_time":"2024-05-15T14:02:56+00:00","og_image":[{"width":1280,"height":588,"url":"https:\/\/apajhetvous.apajh.org\/esatapajh71\/wp-content\/uploads\/2022\/05\/EV-2.jpg","type":"image\/jpeg"}],"twitter_card":"summary_large_image","twitter_misc":{"Dur\u00e9e de lecture estim\u00e9e":"2 minutes"},"schema":{"@context":"https:\/\/schema.org","@graph":[{"@type":"WebPage","@id":"https:\/\/apajhetvous.apajh.org\/esatapajh71\/espaces-verts\/","url":"https:\/\/apajhetvous.apajh.org\/esatapajh71\/espaces-verts\/","name":"ESPACES VERTS - Esatapajh71","isPartOf":{"@id":"https:\/\/apajhetvous.apajh.org\/esatapajh71\/#website"},"primaryImageOfPage":{"@id":"https:\/\/apajhetvous.apajh.org\/esatapajh71\/espaces-verts\/#primaryimage"},"image":{"@id":"https:\/\/apajhetvous.apajh.org\/esatapajh71\/espaces-verts\/#primaryimage"},"thumbnailUrl":"https:\/\/apajhetvous.apajh.org\/esatapajh71\/wp-content\/uploads\/2022\/05\/EV-2.jpg","datePublished":"2024-05-15T13:00:00+00:00","dateModified":"2024-05-15T14:02:56+00:00","description":"Intervention au sein d'entreprise, ou chez les particuliers, les travailleurs mettent leur expertise \u00e0 votre service des espaces verts.","breadcrumb":{"@id":"https:\/\/apajhetvous.apajh.org\/esatapajh71\/espaces-verts\/#breadcrumb"},"inLanguage":"fr-FR","potentialAction":[{"@type":"ReadAction","target":["https:\/\/apajhetvous.apajh.org\/esatapajh71\/espaces-verts\/"]}]},{"@type":"ImageObject","inLanguage":"fr-FR","@id":"https:\/\/apajhetvous.apajh.org\/esatapajh71\/espaces-verts\/#primaryimage","url":"https:\/\/apajhetvous.apajh.org\/esatapajh71\/wp-content\/uploads\/2022\/05\/EV-2.jpg","contentUrl":"https:\/\/apajhetvous.apajh.org\/esatapajh71\/wp-content\/uploads\/2022\/05\/EV-2.jpg","width":1280,"height":588,"caption":"Travailleur de l'ESAT APAJH de Crissey sur l'atelier espaces verts"},{"@type":"BreadcrumbList","@id":"https:\/\/apajhetvous.apajh.org\/esatapajh71\/espaces-verts\/#breadcrumb","itemListElement":[{"@type":"ListItem","position":1,"name":"Accueil","item":"https:\/\/apajhetvous.apajh.org\/esatapajh71\/"},{"@type":"ListItem","position":2,"name":"ESPACES VERTS"}]},{"@type":"WebSite","@id":"https:\/\/apajhetvous.apajh.org\/esatapajh71\/#website","url":"https:\/\/apajhetvous.apajh.org\/esatapajh71\/","name":"Esatapajh71","description":"Apajh&amp;vous","potentialAction":[{"@type":"SearchAction","target":{"@type":"EntryPoint","urlTemplate":"https:\/\/apajhetvous.apajh.org\/esatapajh71\/?s={search_term_string}"},"query-input":{"@type":"PropertyValueSpecification","valueRequired":true,"valueName":"search_term_string"}}],"inLanguage":"fr-FR"}]}},"_links":{"self":[{"href":"https:\/\/apajhetvous.apajh.org\/esatapajh71\/wp-json\/wp\/v2\/pages\/3658","targetHints":{"allow":["GET"]}}],"collection":[{"href":"https:\/\/apajhetvous.apajh.org\/esatapajh71\/wp-json\/wp\/v2\/pages"}],"about":[{"href":"https:\/\/apajhetvous.apajh.org\/esatapajh71\/wp-json\/wp\/v2\/types\/page"}],"author":[{"embeddable":true,"href":"https:\/\/apajhetvous.apajh.org\/esatapajh71\/wp-json\/wp\/v2\/users\/6"}],"replies":[{"embeddable":true,"href":"https:\/\/apajhetvous.apajh.org\/esatapajh71\/wp-json\/wp\/v2\/comments?post=3658"}],"version-history":[{"count":10,"href":"https:\/\/apajhetvous.apajh.org\/esatapajh71\/wp-json\/wp\/v2\/pages\/3658\/revisions"}],"predecessor-version":[{"id":4220,"href":"https:\/\/apajhetvous.apajh.org\/esatapajh71\/wp-json\/wp\/v2\/pages\/3658\/revisions\/4220"}],"wp:featuredmedia":[{"embeddable":true,"href":"https:\/\/apajhetvous.apajh.org\/esatapajh71\/wp-json\/wp\/v2\/media\/3749"}],"wp:attachment":[{"href":"https:\/\/apajhetvous.apajh.org\/esatapajh71\/wp-json\/wp\/v2\/media?parent=3658"}],"curies":[{"name":"wp","href":"https:\/\/api.w.org\/{rel}","templated":true}]}}