{"id":3663,"date":"2022-07-27T08:25:00","date_gmt":"2022-07-27T06:25:00","guid":{"rendered":"http:\/\/localhost:1337\/?page_id=3663"},"modified":"2022-09-21T17:49:41","modified_gmt":"2022-09-21T15:49:41","slug":"taxes-dapprentissages","status":"publish","type":"page","link":"https:\/\/apajhetvous.apajh.org\/esatapajh71\/taxes-dapprentissages\/","title":{"rendered":"Taxe d\u2019apprentissage"},"content":{"rendered":"\n<p><strong>Cette taxe d&rsquo;apprentissage permet de financer la formation professionnelle et technologique. Les entreprises sont libres d\u2019attribuer cet imp\u00f4t aux structures b\u00e9n\u00e9ficiaires de leur choix.<\/strong><\/p>\n\n\n\n<h2 class=\"wp-block-heading\">Qu\u2019est-ce que la taxe d\u2019apprentissage ?<\/h2>\n\n\n\n<p>Il s\u2019agit d\u2019une taxe due par les entreprises soumises \u00e0 l\u2019imp\u00f4t sur les soci\u00e9t\u00e9s. Son montant est calcul\u00e9 sur la base des r\u00e9mun\u00e9rations vers\u00e9es. Depuis la loi Avenir Professionnel mise en application depuis 2020, les entreprises peuvent verser directement leur taxe d\u2019apprentissage aux organismes habilit\u00e9s de leur choix, dont la liste pr\u00e9fectorale a \u00e9t\u00e9 \u00e9dit\u00e9e au 1er janvier 2022.<br>Le nouveau bar\u00e8me, appel\u00e9 Solde de la taxe d\u2019apprentissage correspond \u00e0 13% de la Taxe d\u2019Apprentissage. En pratique cela repr\u00e9sente 13% de 0,68% de la Masse Salariale Brute, soit 0,08% de la MSB.<\/p>\n\n\n<div class=\"wp-block-image\">\n<figure class=\"aligncenter size-full is-resized\"><img loading=\"lazy\" decoding=\"async\" src=\"https:\/\/apajhetvous.apajh.org\/esatapajh71\/wp-content\/uploads\/2022\/07\/site-internet-taxe-dapprentissage.png\" alt=\"La taxe d'apprentissage les avantages pour les entreprises\" class=\"wp-image-3933\" width=\"459\" height=\"345\" srcset=\"https:\/\/apajhetvous.apajh.org\/esatapajh71\/wp-content\/uploads\/2022\/07\/site-internet-taxe-dapprentissage.png 550w, https:\/\/apajhetvous.apajh.org\/esatapajh71\/wp-content\/uploads\/2022\/07\/site-internet-taxe-dapprentissage-300x225.png 300w, https:\/\/apajhetvous.apajh.org\/esatapajh71\/wp-content\/uploads\/2022\/07\/site-internet-taxe-dapprentissage-370x278.png 370w\" sizes=\"auto, (max-width: 459px) 100vw, 459px\" \/><\/figure>\n<\/div>\n\n\n<h2 class=\"wp-block-heading\">Pourquoi donner \u00e0 l\u2019ESAT de Crissey ?<\/h2>\n\n\n\n<p>En versant votre taxe d\u2019apprentissage \u00e0 notre ESAT, vous nous permettez de former des personnes en situation de handicap, pour leur acc\u00e8s et leur maintien dans l\u2019emploi. Cette taxe permet d&rsquo;aider au d\u00e9veloppement des moyens \u00e0 l&rsquo;\u00e9ducation, \u00e0 la formation et \u00e0 l&rsquo;insertion professionnelle ainsi que sociale dont les personnes en situation de handicap peuvent b\u00e9n\u00e9ficier.<\/p>\n\n\n\n<h2 class=\"wp-block-heading\">Quels avantages pour votre entreprise ?<\/h2>\n\n\n\n<p>Cela donne du sens \u00e0 cette taxe et affirme votre engagement pour une soci\u00e9t\u00e9 plus solidaire, plus juste, qui laisse une place \u00e0 chacun. Elle vous permet aussi d&rsquo;affirmer votre engagement sans avoir une surcharge de vos co\u00fbts et en remplissant vos obligations l\u00e9gales. Mais cette taxe va aussi contribuer au soutien de l&rsquo;\u00e9galit\u00e9 envers les personnes en situation de handicap. <\/p>\n\n\n\n<h2 class=\"wp-block-heading\">A quoi sert cette taxe d&rsquo;apprentissage ?<\/h2>\n\n\n\n<p>Elle va permettre aux personnes en situation de handicap de d\u00e9velopper leurs comp\u00e9tences. Et cela tourne autour de plusieurs m\u00e9tiers diff\u00e9rents pr\u00e9sents dans notre ESAT et ainsi contribuer \u00e0 leur professionnalisme. Notre structure pourra se permettre de d\u00e9velopper leurs \u00e9quipements dans le but de conduire de nouveaux projets. Ils vont aider \u00e0 des achats de mat\u00e9riels pour les espaces communs et ext\u00e9rieurs, les espaces de soutien tels qu&rsquo;en informatique&#8230; Ces investissements permettent de garantir, aux personnes en situation de handicap, un environnement de travail optimal dans les meilleures conditions sur le plan p\u00e9dagogique, \u00e9ducative, ou technologique. Nous pouvons \u00e9galement participer \u00e0 la mise en place de formations en fonction des besoins de chaque travailleur. Nous pouvons aussi passer par une Reconnaissance des Acquis par l&rsquo;Exp\u00e9rience (RAE). <\/p>\n\n\n\n<h2 class=\"wp-block-heading\">Comment verser votre taxe d\u2019apprentissage \u00e0 nos \u00e9tablissements ?<\/h2>\n\n\n\n<p>Pour soutenir l\u2019ESAT de Crissey, vous pouvez nous verser directement votre Taxe d\u2019apprentissage sans passer par un organisme collecteur, soit par ch\u00e8que \u00e0 l\u2019ordre de l\u2019\u00e9tablissement, soit par virement.<\/p>\n\n\n\n<p>Le re\u00e7u lib\u00e9ratoire attestant de votre versement vous sera adress\u00e9 dans les meilleurs d\u00e9lais.<\/p>\n\n\n\n<p>Afin de retrouver la pr\u00e9sentation de notre \u00e9tablissement : <a href=\"https:\/\/apajhetvous.apajh.org\/esatapajh71\/2022\/07\/21\/lesat-de-crissey\/\"><span style=\"text-decoration: underline;\">L\u2019ESAT APAJH de Crissey<\/span><\/a><\/p>\n\n\n\n<p><a href=\"https:\/\/apajhetvous.apajh.org\/esatapajh71\/nous-contacter\/\"><span style=\"text-decoration: underline;\">Cliquez ici pour nous contacter<\/span><\/a><\/p>\n\n\n\n<p>Par ailleurs, pour plus d&rsquo;information sur l&rsquo;APAJH : <a href=\"https:\/\/www.apajh.org\/#\/\"><span style=\"text-decoration: underline;\">F\u00e9d\u00e9ration APAJH <\/span><\/a><\/p>\n","protected":false},"excerpt":{"rendered":"<p>Cette taxe d&rsquo;apprentissage permet de financer la formation professionnelle et technologique. Les entreprises sont libres d\u2019attribuer cet imp\u00f4t aux structures b\u00e9n\u00e9ficiaires de leur choix. Qu\u2019est-ce que la taxe d\u2019apprentissage ? Il s\u2019agit d\u2019une taxe due par les entreprises soumises \u00e0 l\u2019imp\u00f4t sur les soci\u00e9t\u00e9s. Son montant est calcul\u00e9 sur la base des r\u00e9mun\u00e9rations vers\u00e9es. Depuis<\/p>\n","protected":false},"author":5,"featured_media":0,"parent":0,"menu_order":0,"comment_status":"closed","ping_status":"closed","template":"","meta":{"_acf_changed":false,"_exactmetrics_skip_tracking":false,"_exactmetrics_sitenote_active":false,"_exactmetrics_sitenote_note":"","_exactmetrics_sitenote_category":0,"footnotes":""},"class_list":["post-3663","page","type-page","status-publish","hentry"],"acf":[],"yoast_head":"<!-- This site is optimized with the Yoast SEO plugin v27.3 - https:\/\/yoast.com\/product\/yoast-seo-wordpress\/ -->\n<title>Taxe d\u2019apprentissage - Esatapajh71<\/title>\n<meta name=\"description\" content=\"La taxe d&#039;apprentissage finance la formation professionnelle et technologique. Les entreprises sont libres d\u2019attribuer aux structures.\" \/>\n<meta name=\"robots\" content=\"index, follow, max-snippet:-1, max-image-preview:large, max-video-preview:-1\" \/>\n<link rel=\"canonical\" href=\"https:\/\/apajhetvous.apajh.org\/esatapajh71\/taxes-dapprentissages\/\" \/>\n<meta property=\"og:locale\" content=\"fr_FR\" \/>\n<meta property=\"og:type\" content=\"article\" \/>\n<meta property=\"og:title\" content=\"Taxe d\u2019apprentissage - Esatapajh71\" \/>\n<meta property=\"og:description\" content=\"La taxe d&#039;apprentissage finance la formation professionnelle et technologique. Les entreprises sont libres d\u2019attribuer aux structures.\" \/>\n<meta property=\"og:url\" content=\"https:\/\/apajhetvous.apajh.org\/esatapajh71\/taxes-dapprentissages\/\" \/>\n<meta property=\"og:site_name\" content=\"Esatapajh71\" \/>\n<meta property=\"article:modified_time\" content=\"2022-09-21T15:49:41+00:00\" \/>\n<meta property=\"og:image\" content=\"https:\/\/apajhetvous.apajh.org\/esatapajh71\/wp-content\/uploads\/2022\/07\/site-internet-taxe-dapprentissage.png\" \/>\n<meta name=\"twitter:card\" content=\"summary_large_image\" \/>\n<meta name=\"twitter:label1\" content=\"Dur\u00e9e de lecture estim\u00e9e\" \/>\n\t<meta name=\"twitter:data1\" content=\"3 minutes\" \/>\n<script type=\"application\/ld+json\" class=\"yoast-schema-graph\">{\"@context\":\"https:\\\/\\\/schema.org\",\"@graph\":[{\"@type\":\"WebPage\",\"@id\":\"https:\\\/\\\/apajhetvous.apajh.org\\\/esatapajh71\\\/taxes-dapprentissages\\\/\",\"url\":\"https:\\\/\\\/apajhetvous.apajh.org\\\/esatapajh71\\\/taxes-dapprentissages\\\/\",\"name\":\"Taxe d\u2019apprentissage - Esatapajh71\",\"isPartOf\":{\"@id\":\"https:\\\/\\\/apajhetvous.apajh.org\\\/esatapajh71\\\/#website\"},\"primaryImageOfPage\":{\"@id\":\"https:\\\/\\\/apajhetvous.apajh.org\\\/esatapajh71\\\/taxes-dapprentissages\\\/#primaryimage\"},\"image\":{\"@id\":\"https:\\\/\\\/apajhetvous.apajh.org\\\/esatapajh71\\\/taxes-dapprentissages\\\/#primaryimage\"},\"thumbnailUrl\":\"https:\\\/\\\/apajhetvous.apajh.org\\\/esatapajh71\\\/wp-content\\\/uploads\\\/2022\\\/07\\\/site-internet-taxe-dapprentissage.png\",\"datePublished\":\"2022-07-27T06:25:00+00:00\",\"dateModified\":\"2022-09-21T15:49:41+00:00\",\"description\":\"La taxe d'apprentissage finance la formation professionnelle et technologique. Les entreprises sont libres d\u2019attribuer aux structures.\",\"breadcrumb\":{\"@id\":\"https:\\\/\\\/apajhetvous.apajh.org\\\/esatapajh71\\\/taxes-dapprentissages\\\/#breadcrumb\"},\"inLanguage\":\"fr-FR\",\"potentialAction\":[{\"@type\":\"ReadAction\",\"target\":[\"https:\\\/\\\/apajhetvous.apajh.org\\\/esatapajh71\\\/taxes-dapprentissages\\\/\"]}]},{\"@type\":\"ImageObject\",\"inLanguage\":\"fr-FR\",\"@id\":\"https:\\\/\\\/apajhetvous.apajh.org\\\/esatapajh71\\\/taxes-dapprentissages\\\/#primaryimage\",\"url\":\"https:\\\/\\\/apajhetvous.apajh.org\\\/esatapajh71\\\/wp-content\\\/uploads\\\/2022\\\/07\\\/site-internet-taxe-dapprentissage.png\",\"contentUrl\":\"https:\\\/\\\/apajhetvous.apajh.org\\\/esatapajh71\\\/wp-content\\\/uploads\\\/2022\\\/07\\\/site-internet-taxe-dapprentissage.png\",\"width\":550,\"height\":413,\"caption\":\"La taxe d'apprentissage les avantages pour les entreprises\"},{\"@type\":\"BreadcrumbList\",\"@id\":\"https:\\\/\\\/apajhetvous.apajh.org\\\/esatapajh71\\\/taxes-dapprentissages\\\/#breadcrumb\",\"itemListElement\":[{\"@type\":\"ListItem\",\"position\":1,\"name\":\"Accueil\",\"item\":\"https:\\\/\\\/apajhetvous.apajh.org\\\/esatapajh71\\\/\"},{\"@type\":\"ListItem\",\"position\":2,\"name\":\"Taxe d\u2019apprentissage\"}]},{\"@type\":\"WebSite\",\"@id\":\"https:\\\/\\\/apajhetvous.apajh.org\\\/esatapajh71\\\/#website\",\"url\":\"https:\\\/\\\/apajhetvous.apajh.org\\\/esatapajh71\\\/\",\"name\":\"Esatapajh71\",\"description\":\"Apajh&amp;vous\",\"potentialAction\":[{\"@type\":\"SearchAction\",\"target\":{\"@type\":\"EntryPoint\",\"urlTemplate\":\"https:\\\/\\\/apajhetvous.apajh.org\\\/esatapajh71\\\/?s={search_term_string}\"},\"query-input\":{\"@type\":\"PropertyValueSpecification\",\"valueRequired\":true,\"valueName\":\"search_term_string\"}}],\"inLanguage\":\"fr-FR\"}]}<\/script>\n<!-- \/ Yoast SEO plugin. -->","yoast_head_json":{"title":"Taxe d\u2019apprentissage - Esatapajh71","description":"La taxe d'apprentissage finance la formation professionnelle et technologique. Les entreprises sont libres d\u2019attribuer aux structures.","robots":{"index":"index","follow":"follow","max-snippet":"max-snippet:-1","max-image-preview":"max-image-preview:large","max-video-preview":"max-video-preview:-1"},"canonical":"https:\/\/apajhetvous.apajh.org\/esatapajh71\/taxes-dapprentissages\/","og_locale":"fr_FR","og_type":"article","og_title":"Taxe d\u2019apprentissage - Esatapajh71","og_description":"La taxe d'apprentissage finance la formation professionnelle et technologique. Les entreprises sont libres d\u2019attribuer aux structures.","og_url":"https:\/\/apajhetvous.apajh.org\/esatapajh71\/taxes-dapprentissages\/","og_site_name":"Esatapajh71","article_modified_time":"2022-09-21T15:49:41+00:00","og_image":[{"url":"https:\/\/apajhetvous.apajh.org\/esatapajh71\/wp-content\/uploads\/2022\/07\/site-internet-taxe-dapprentissage.png","type":"","width":"","height":""}],"twitter_card":"summary_large_image","twitter_misc":{"Dur\u00e9e de lecture estim\u00e9e":"3 minutes"},"schema":{"@context":"https:\/\/schema.org","@graph":[{"@type":"WebPage","@id":"https:\/\/apajhetvous.apajh.org\/esatapajh71\/taxes-dapprentissages\/","url":"https:\/\/apajhetvous.apajh.org\/esatapajh71\/taxes-dapprentissages\/","name":"Taxe d\u2019apprentissage - Esatapajh71","isPartOf":{"@id":"https:\/\/apajhetvous.apajh.org\/esatapajh71\/#website"},"primaryImageOfPage":{"@id":"https:\/\/apajhetvous.apajh.org\/esatapajh71\/taxes-dapprentissages\/#primaryimage"},"image":{"@id":"https:\/\/apajhetvous.apajh.org\/esatapajh71\/taxes-dapprentissages\/#primaryimage"},"thumbnailUrl":"https:\/\/apajhetvous.apajh.org\/esatapajh71\/wp-content\/uploads\/2022\/07\/site-internet-taxe-dapprentissage.png","datePublished":"2022-07-27T06:25:00+00:00","dateModified":"2022-09-21T15:49:41+00:00","description":"La taxe d'apprentissage finance la formation professionnelle et technologique. Les entreprises sont libres d\u2019attribuer aux structures.","breadcrumb":{"@id":"https:\/\/apajhetvous.apajh.org\/esatapajh71\/taxes-dapprentissages\/#breadcrumb"},"inLanguage":"fr-FR","potentialAction":[{"@type":"ReadAction","target":["https:\/\/apajhetvous.apajh.org\/esatapajh71\/taxes-dapprentissages\/"]}]},{"@type":"ImageObject","inLanguage":"fr-FR","@id":"https:\/\/apajhetvous.apajh.org\/esatapajh71\/taxes-dapprentissages\/#primaryimage","url":"https:\/\/apajhetvous.apajh.org\/esatapajh71\/wp-content\/uploads\/2022\/07\/site-internet-taxe-dapprentissage.png","contentUrl":"https:\/\/apajhetvous.apajh.org\/esatapajh71\/wp-content\/uploads\/2022\/07\/site-internet-taxe-dapprentissage.png","width":550,"height":413,"caption":"La taxe d'apprentissage les avantages pour les entreprises"},{"@type":"BreadcrumbList","@id":"https:\/\/apajhetvous.apajh.org\/esatapajh71\/taxes-dapprentissages\/#breadcrumb","itemListElement":[{"@type":"ListItem","position":1,"name":"Accueil","item":"https:\/\/apajhetvous.apajh.org\/esatapajh71\/"},{"@type":"ListItem","position":2,"name":"Taxe d\u2019apprentissage"}]},{"@type":"WebSite","@id":"https:\/\/apajhetvous.apajh.org\/esatapajh71\/#website","url":"https:\/\/apajhetvous.apajh.org\/esatapajh71\/","name":"Esatapajh71","description":"Apajh&amp;vous","potentialAction":[{"@type":"SearchAction","target":{"@type":"EntryPoint","urlTemplate":"https:\/\/apajhetvous.apajh.org\/esatapajh71\/?s={search_term_string}"},"query-input":{"@type":"PropertyValueSpecification","valueRequired":true,"valueName":"search_term_string"}}],"inLanguage":"fr-FR"}]}},"_links":{"self":[{"href":"https:\/\/apajhetvous.apajh.org\/esatapajh71\/wp-json\/wp\/v2\/pages\/3663","targetHints":{"allow":["GET"]}}],"collection":[{"href":"https:\/\/apajhetvous.apajh.org\/esatapajh71\/wp-json\/wp\/v2\/pages"}],"about":[{"href":"https:\/\/apajhetvous.apajh.org\/esatapajh71\/wp-json\/wp\/v2\/types\/page"}],"author":[{"embeddable":true,"href":"https:\/\/apajhetvous.apajh.org\/esatapajh71\/wp-json\/wp\/v2\/users\/5"}],"replies":[{"embeddable":true,"href":"https:\/\/apajhetvous.apajh.org\/esatapajh71\/wp-json\/wp\/v2\/comments?post=3663"}],"version-history":[{"count":8,"href":"https:\/\/apajhetvous.apajh.org\/esatapajh71\/wp-json\/wp\/v2\/pages\/3663\/revisions"}],"predecessor-version":[{"id":4031,"href":"https:\/\/apajhetvous.apajh.org\/esatapajh71\/wp-json\/wp\/v2\/pages\/3663\/revisions\/4031"}],"wp:attachment":[{"href":"https:\/\/apajhetvous.apajh.org\/esatapajh71\/wp-json\/wp\/v2\/media?parent=3663"}],"curies":[{"name":"wp","href":"https:\/\/api.w.org\/{rel}","templated":true}]}}