{"id":3665,"date":"2022-07-27T11:35:00","date_gmt":"2022-07-27T09:35:00","guid":{"rendered":"http:\/\/localhost:1337\/?page_id=3665"},"modified":"2022-07-27T11:37:26","modified_gmt":"2022-07-27T09:37:26","slug":"inclusion-sociale-et-professionnelle","status":"publish","type":"page","link":"https:\/\/apajhetvous.apajh.org\/esatapajh71\/inclusion-sociale-et-professionnelle\/","title":{"rendered":"L&rsquo;inclusion sociale et professionnelle"},"content":{"rendered":"\n<p><strong>L&rsquo;APAJH milite pour une inclusion pleine et enti\u00e8re des personnes en situation de handicap au c\u0153ur d&rsquo;une soci\u00e9t\u00e9 o\u00f9 l&rsquo;ensemble des dispositifs sont accessibles \u00e0 tous dans le respect des souhaits et attentes de chacun. <\/strong><\/p>\n\n\n<div class=\"wp-block-image\">\n<figure class=\"aligncenter size-large is-resized\"><img loading=\"lazy\" decoding=\"async\" src=\"https:\/\/apajhetvous.apajh.org\/esatapajh71\/wp-content\/uploads\/2022\/05\/EV-1-768x1024.jpg\" alt=\"Travailleur espaces verts sur un chantier chez un particulier\" class=\"wp-image-3748\" width=\"452\" height=\"603\" srcset=\"https:\/\/apajhetvous.apajh.org\/esatapajh71\/wp-content\/uploads\/2022\/05\/EV-1-768x1024.jpg 768w, https:\/\/apajhetvous.apajh.org\/esatapajh71\/wp-content\/uploads\/2022\/05\/EV-1-225x300.jpg 225w, https:\/\/apajhetvous.apajh.org\/esatapajh71\/wp-content\/uploads\/2022\/05\/EV-1-370x493.jpg 370w, https:\/\/apajhetvous.apajh.org\/esatapajh71\/wp-content\/uploads\/2022\/05\/EV-1.jpg 960w\" sizes=\"auto, (max-width: 452px) 100vw, 452px\" \/><\/figure>\n<\/div>\n\n\n<h2 class=\"wp-block-heading\">1 500 ESAT accompagnent 120 000 travailleurs en situation de handicap<\/h2>\n\n\n\n<p>Lien social soutenu, des activit\u00e9s professionnelles diversifi\u00e9es et personnalis\u00e9es, des formations professionnalisantes et des soutiens divers et favorisent le bien-\u00eatre, telles sont les actions des 1 500 ESAT aupr\u00e8s de 120 000 travailleurs en situation de handicap.<\/p>\n\n\n\n<p>L&rsquo;ensemble de ces actions et principes participent \u00e0 l&rsquo;inclusion sociale et professionnelle des publics accompagn\u00e9s en ESAT, alors que pr\u00e8s de 500 000 hommes et femmes en situation de handicap sont aujourd&rsquo;hui au ch\u00f4mage, soit un taux de ch\u00f4mage deux fois plus important que pour l&rsquo;ensemble de la population active.<\/p>\n\n\n\n<h2 class=\"wp-block-heading\">Rappeler l&rsquo;importance des ESAT pour s&rsquo;inscrire un peu plus dans l&rsquo;inclusion<\/h2>\n\n\n\n<p>Aussi, aujourd&rsquo;hui, le collectif apporte sa contribution \u00e0 cette r\u00e9flexion nationale par la communication qui suit et convaincre de la pertinence de ce mod\u00e8le social et \u00e9conomique qu&rsquo;est ESAT. Et particuli\u00e8rement pour les publics les plus \u00e9loign\u00e9s de l&#8217;emploi.<\/p>\n\n\n\n<p>En vid\u00e9o, en chiffres, les associations d\u00e9crivent un pilier du droit au travail pour tous. Et donc de l&rsquo;acc\u00e8s \u00e0 une citoyennet\u00e9 pleine et enti\u00e8re dans une soci\u00e9t\u00e9 toujours plus inclusive. <\/p>\n\n\n\n<figure class=\"wp-block-embed is-type-video is-provider-youtube wp-block-embed-youtube wp-embed-aspect-16-9 wp-has-aspect-ratio\"><div class=\"wp-block-embed__wrapper\">\n<iframe loading=\"lazy\" title=\"Les ESAT, le droit au travail pour tous\" width=\"640\" height=\"360\" src=\"https:\/\/www.youtube.com\/embed\/6jgGS8nfjYg?feature=oembed\" frameborder=\"0\" allow=\"accelerometer; autoplay; clipboard-write; encrypted-media; gyroscope; picture-in-picture; web-share\" referrerpolicy=\"strict-origin-when-cross-origin\" allowfullscreen><\/iframe>\n<\/div><\/figure>\n\n\n\n<p>Afin de retrouver la pr\u00e9sentation de notre \u00e9tablissement : <a href=\"https:\/\/apajhetvous.apajh.org\/esatapajh71\/2022\/07\/21\/lesat-de-crissey\/\"><span style=\"text-decoration: underline;\">L\u2019ESAT APAJH de Crissey<\/span><\/a><\/p>\n\n\n\n<p><a href=\"https:\/\/apajhetvous.apajh.org\/esatapajh71\/nous-contacter\/\"><span style=\"text-decoration: underline;\">Cliquez ici pour nous contacter<\/span><\/a><\/p>\n\n\n\n<p>Par ailleurs, pour plus d&rsquo;information sur l&rsquo;APAJH : <a href=\"https:\/\/www.apajh.org\/#\/\"><span style=\"text-decoration: underline;\">F\u00e9d\u00e9ration APAJH<\/span><\/a><\/p>\n","protected":false},"excerpt":{"rendered":"<p>L&rsquo;APAJH milite pour une inclusion pleine et enti\u00e8re des personnes en situation de handicap au c\u0153ur d&rsquo;une soci\u00e9t\u00e9 o\u00f9 l&rsquo;ensemble des dispositifs sont accessibles \u00e0 tous dans le respect des souhaits et attentes de chacun. 1 500 ESAT accompagnent 120 000 travailleurs en situation de handicap Lien social soutenu, des activit\u00e9s professionnelles diversifi\u00e9es et personnalis\u00e9es,<\/p>\n","protected":false},"author":5,"featured_media":0,"parent":0,"menu_order":0,"comment_status":"closed","ping_status":"closed","template":"","meta":{"_acf_changed":false,"_exactmetrics_skip_tracking":false,"_exactmetrics_sitenote_active":false,"_exactmetrics_sitenote_note":"","_exactmetrics_sitenote_category":0,"footnotes":""},"class_list":["post-3665","page","type-page","status-publish","hentry"],"acf":[],"yoast_head":"<!-- This site is optimized with the Yoast SEO plugin v27.3 - https:\/\/yoast.com\/product\/yoast-seo-wordpress\/ -->\n<title>L&#039;inclusion sociale et professionnelle - Esatapajh71<\/title>\n<meta name=\"description\" content=\"L&#039;APAJH milite pour une inclusion pleine des personnes en situation de handicap au c\u0153ur d&#039;une soci\u00e9t\u00e9 o\u00f9 les dispositifs sont accessibles.\" \/>\n<meta name=\"robots\" content=\"index, follow, max-snippet:-1, max-image-preview:large, max-video-preview:-1\" \/>\n<link rel=\"canonical\" href=\"https:\/\/apajhetvous.apajh.org\/esatapajh71\/inclusion-sociale-et-professionnelle\/\" \/>\n<meta property=\"og:locale\" content=\"fr_FR\" \/>\n<meta property=\"og:type\" content=\"article\" \/>\n<meta property=\"og:title\" content=\"L&#039;inclusion sociale et professionnelle - Esatapajh71\" \/>\n<meta property=\"og:description\" content=\"L&#039;APAJH milite pour une inclusion pleine des personnes en situation de handicap au c\u0153ur d&#039;une soci\u00e9t\u00e9 o\u00f9 les dispositifs sont accessibles.\" \/>\n<meta property=\"og:url\" content=\"https:\/\/apajhetvous.apajh.org\/esatapajh71\/inclusion-sociale-et-professionnelle\/\" \/>\n<meta property=\"og:site_name\" content=\"Esatapajh71\" \/>\n<meta property=\"article:modified_time\" content=\"2022-07-27T09:37:26+00:00\" \/>\n<meta property=\"og:image\" content=\"https:\/\/apajhetvous.apajh.org\/esatapajh71\/wp-content\/uploads\/2022\/05\/EV-1-768x1024.jpg\" \/>\n<meta name=\"twitter:card\" content=\"summary_large_image\" \/>\n<meta name=\"twitter:label1\" content=\"Dur\u00e9e de lecture estim\u00e9e\" \/>\n\t<meta name=\"twitter:data1\" content=\"2 minutes\" \/>\n<script type=\"application\/ld+json\" class=\"yoast-schema-graph\">{\"@context\":\"https:\\\/\\\/schema.org\",\"@graph\":[{\"@type\":\"WebPage\",\"@id\":\"https:\\\/\\\/apajhetvous.apajh.org\\\/esatapajh71\\\/inclusion-sociale-et-professionnelle\\\/\",\"url\":\"https:\\\/\\\/apajhetvous.apajh.org\\\/esatapajh71\\\/inclusion-sociale-et-professionnelle\\\/\",\"name\":\"L'inclusion sociale et professionnelle - Esatapajh71\",\"isPartOf\":{\"@id\":\"https:\\\/\\\/apajhetvous.apajh.org\\\/esatapajh71\\\/#website\"},\"primaryImageOfPage\":{\"@id\":\"https:\\\/\\\/apajhetvous.apajh.org\\\/esatapajh71\\\/inclusion-sociale-et-professionnelle\\\/#primaryimage\"},\"image\":{\"@id\":\"https:\\\/\\\/apajhetvous.apajh.org\\\/esatapajh71\\\/inclusion-sociale-et-professionnelle\\\/#primaryimage\"},\"thumbnailUrl\":\"https:\\\/\\\/apajhetvous.apajh.org\\\/esatapajh71\\\/wp-content\\\/uploads\\\/2022\\\/05\\\/EV-1-768x1024.jpg\",\"datePublished\":\"2022-07-27T09:35:00+00:00\",\"dateModified\":\"2022-07-27T09:37:26+00:00\",\"description\":\"L'APAJH milite pour une inclusion pleine des personnes en situation de handicap au c\u0153ur d'une soci\u00e9t\u00e9 o\u00f9 les dispositifs sont accessibles.\",\"breadcrumb\":{\"@id\":\"https:\\\/\\\/apajhetvous.apajh.org\\\/esatapajh71\\\/inclusion-sociale-et-professionnelle\\\/#breadcrumb\"},\"inLanguage\":\"fr-FR\",\"potentialAction\":[{\"@type\":\"ReadAction\",\"target\":[\"https:\\\/\\\/apajhetvous.apajh.org\\\/esatapajh71\\\/inclusion-sociale-et-professionnelle\\\/\"]}]},{\"@type\":\"ImageObject\",\"inLanguage\":\"fr-FR\",\"@id\":\"https:\\\/\\\/apajhetvous.apajh.org\\\/esatapajh71\\\/inclusion-sociale-et-professionnelle\\\/#primaryimage\",\"url\":\"https:\\\/\\\/apajhetvous.apajh.org\\\/esatapajh71\\\/wp-content\\\/uploads\\\/2022\\\/05\\\/EV-1.jpg\",\"contentUrl\":\"https:\\\/\\\/apajhetvous.apajh.org\\\/esatapajh71\\\/wp-content\\\/uploads\\\/2022\\\/05\\\/EV-1.jpg\",\"width\":960,\"height\":1280,\"caption\":\"Travailleur espaces verts sur un chantier chez un particulier\"},{\"@type\":\"BreadcrumbList\",\"@id\":\"https:\\\/\\\/apajhetvous.apajh.org\\\/esatapajh71\\\/inclusion-sociale-et-professionnelle\\\/#breadcrumb\",\"itemListElement\":[{\"@type\":\"ListItem\",\"position\":1,\"name\":\"Accueil\",\"item\":\"https:\\\/\\\/apajhetvous.apajh.org\\\/esatapajh71\\\/\"},{\"@type\":\"ListItem\",\"position\":2,\"name\":\"L&rsquo;inclusion sociale et professionnelle\"}]},{\"@type\":\"WebSite\",\"@id\":\"https:\\\/\\\/apajhetvous.apajh.org\\\/esatapajh71\\\/#website\",\"url\":\"https:\\\/\\\/apajhetvous.apajh.org\\\/esatapajh71\\\/\",\"name\":\"Esatapajh71\",\"description\":\"Apajh&amp;vous\",\"potentialAction\":[{\"@type\":\"SearchAction\",\"target\":{\"@type\":\"EntryPoint\",\"urlTemplate\":\"https:\\\/\\\/apajhetvous.apajh.org\\\/esatapajh71\\\/?s={search_term_string}\"},\"query-input\":{\"@type\":\"PropertyValueSpecification\",\"valueRequired\":true,\"valueName\":\"search_term_string\"}}],\"inLanguage\":\"fr-FR\"}]}<\/script>\n<!-- \/ Yoast SEO plugin. -->","yoast_head_json":{"title":"L'inclusion sociale et professionnelle - Esatapajh71","description":"L'APAJH milite pour une inclusion pleine des personnes en situation de handicap au c\u0153ur d'une soci\u00e9t\u00e9 o\u00f9 les dispositifs sont accessibles.","robots":{"index":"index","follow":"follow","max-snippet":"max-snippet:-1","max-image-preview":"max-image-preview:large","max-video-preview":"max-video-preview:-1"},"canonical":"https:\/\/apajhetvous.apajh.org\/esatapajh71\/inclusion-sociale-et-professionnelle\/","og_locale":"fr_FR","og_type":"article","og_title":"L'inclusion sociale et professionnelle - Esatapajh71","og_description":"L'APAJH milite pour une inclusion pleine des personnes en situation de handicap au c\u0153ur d'une soci\u00e9t\u00e9 o\u00f9 les dispositifs sont accessibles.","og_url":"https:\/\/apajhetvous.apajh.org\/esatapajh71\/inclusion-sociale-et-professionnelle\/","og_site_name":"Esatapajh71","article_modified_time":"2022-07-27T09:37:26+00:00","og_image":[{"url":"https:\/\/apajhetvous.apajh.org\/esatapajh71\/wp-content\/uploads\/2022\/05\/EV-1-768x1024.jpg","type":"","width":"","height":""}],"twitter_card":"summary_large_image","twitter_misc":{"Dur\u00e9e de lecture estim\u00e9e":"2 minutes"},"schema":{"@context":"https:\/\/schema.org","@graph":[{"@type":"WebPage","@id":"https:\/\/apajhetvous.apajh.org\/esatapajh71\/inclusion-sociale-et-professionnelle\/","url":"https:\/\/apajhetvous.apajh.org\/esatapajh71\/inclusion-sociale-et-professionnelle\/","name":"L'inclusion sociale et professionnelle - Esatapajh71","isPartOf":{"@id":"https:\/\/apajhetvous.apajh.org\/esatapajh71\/#website"},"primaryImageOfPage":{"@id":"https:\/\/apajhetvous.apajh.org\/esatapajh71\/inclusion-sociale-et-professionnelle\/#primaryimage"},"image":{"@id":"https:\/\/apajhetvous.apajh.org\/esatapajh71\/inclusion-sociale-et-professionnelle\/#primaryimage"},"thumbnailUrl":"https:\/\/apajhetvous.apajh.org\/esatapajh71\/wp-content\/uploads\/2022\/05\/EV-1-768x1024.jpg","datePublished":"2022-07-27T09:35:00+00:00","dateModified":"2022-07-27T09:37:26+00:00","description":"L'APAJH milite pour une inclusion pleine des personnes en situation de handicap au c\u0153ur d'une soci\u00e9t\u00e9 o\u00f9 les dispositifs sont accessibles.","breadcrumb":{"@id":"https:\/\/apajhetvous.apajh.org\/esatapajh71\/inclusion-sociale-et-professionnelle\/#breadcrumb"},"inLanguage":"fr-FR","potentialAction":[{"@type":"ReadAction","target":["https:\/\/apajhetvous.apajh.org\/esatapajh71\/inclusion-sociale-et-professionnelle\/"]}]},{"@type":"ImageObject","inLanguage":"fr-FR","@id":"https:\/\/apajhetvous.apajh.org\/esatapajh71\/inclusion-sociale-et-professionnelle\/#primaryimage","url":"https:\/\/apajhetvous.apajh.org\/esatapajh71\/wp-content\/uploads\/2022\/05\/EV-1.jpg","contentUrl":"https:\/\/apajhetvous.apajh.org\/esatapajh71\/wp-content\/uploads\/2022\/05\/EV-1.jpg","width":960,"height":1280,"caption":"Travailleur espaces verts sur un chantier chez un particulier"},{"@type":"BreadcrumbList","@id":"https:\/\/apajhetvous.apajh.org\/esatapajh71\/inclusion-sociale-et-professionnelle\/#breadcrumb","itemListElement":[{"@type":"ListItem","position":1,"name":"Accueil","item":"https:\/\/apajhetvous.apajh.org\/esatapajh71\/"},{"@type":"ListItem","position":2,"name":"L&rsquo;inclusion sociale et professionnelle"}]},{"@type":"WebSite","@id":"https:\/\/apajhetvous.apajh.org\/esatapajh71\/#website","url":"https:\/\/apajhetvous.apajh.org\/esatapajh71\/","name":"Esatapajh71","description":"Apajh&amp;vous","potentialAction":[{"@type":"SearchAction","target":{"@type":"EntryPoint","urlTemplate":"https:\/\/apajhetvous.apajh.org\/esatapajh71\/?s={search_term_string}"},"query-input":{"@type":"PropertyValueSpecification","valueRequired":true,"valueName":"search_term_string"}}],"inLanguage":"fr-FR"}]}},"_links":{"self":[{"href":"https:\/\/apajhetvous.apajh.org\/esatapajh71\/wp-json\/wp\/v2\/pages\/3665","targetHints":{"allow":["GET"]}}],"collection":[{"href":"https:\/\/apajhetvous.apajh.org\/esatapajh71\/wp-json\/wp\/v2\/pages"}],"about":[{"href":"https:\/\/apajhetvous.apajh.org\/esatapajh71\/wp-json\/wp\/v2\/types\/page"}],"author":[{"embeddable":true,"href":"https:\/\/apajhetvous.apajh.org\/esatapajh71\/wp-json\/wp\/v2\/users\/5"}],"replies":[{"embeddable":true,"href":"https:\/\/apajhetvous.apajh.org\/esatapajh71\/wp-json\/wp\/v2\/comments?post=3665"}],"version-history":[{"count":7,"href":"https:\/\/apajhetvous.apajh.org\/esatapajh71\/wp-json\/wp\/v2\/pages\/3665\/revisions"}],"predecessor-version":[{"id":4032,"href":"https:\/\/apajhetvous.apajh.org\/esatapajh71\/wp-json\/wp\/v2\/pages\/3665\/revisions\/4032"}],"wp:attachment":[{"href":"https:\/\/apajhetvous.apajh.org\/esatapajh71\/wp-json\/wp\/v2\/media?parent=3665"}],"curies":[{"name":"wp","href":"https:\/\/api.w.org\/{rel}","templated":true}]}}