{"id":3670,"date":"2024-05-15T15:00:00","date_gmt":"2024-05-15T13:00:00","guid":{"rendered":"http:\/\/localhost:1337\/?page_id=3670"},"modified":"2024-05-15T16:25:20","modified_gmt":"2024-05-15T14:25:20","slug":"entretien-des-locaux","status":"publish","type":"page","link":"https:\/\/apajhetvous.apajh.org\/esatapajh71\/entretien-des-locaux\/","title":{"rendered":"ENTRETIEN DES LOCAUX"},"content":{"rendered":"\n<p><strong><strong>Form\u00e9s sur notre site de Crissey, les travailleurs de l\u2019ESAT, accompagn\u00e9s par un moniteur d\u2019atelier mettent leur expertise au service des clients dans le domaine d\u2019entretien des locaux.<\/strong><\/strong><\/p>\n\n\n\n<figure class=\"wp-block-image size-large\"><img loading=\"lazy\" decoding=\"async\" width=\"1024\" height=\"768\" src=\"https:\/\/apajhetvous.apajh.org\/esatapajh71\/wp-content\/uploads\/2022\/07\/20220510_131915-1024x768.jpg\" alt=\"Travailleur de l'esat sur l'atelier entretien des locaux\" class=\"wp-image-3925\" srcset=\"https:\/\/apajhetvous.apajh.org\/esatapajh71\/wp-content\/uploads\/2022\/07\/20220510_131915-1024x768.jpg 1024w, https:\/\/apajhetvous.apajh.org\/esatapajh71\/wp-content\/uploads\/2022\/07\/20220510_131915-300x225.jpg 300w, https:\/\/apajhetvous.apajh.org\/esatapajh71\/wp-content\/uploads\/2022\/07\/20220510_131915-768x576.jpg 768w, https:\/\/apajhetvous.apajh.org\/esatapajh71\/wp-content\/uploads\/2022\/07\/20220510_131915-1536x1152.jpg 1536w, https:\/\/apajhetvous.apajh.org\/esatapajh71\/wp-content\/uploads\/2022\/07\/20220510_131915-2048x1536.jpg 2048w, https:\/\/apajhetvous.apajh.org\/esatapajh71\/wp-content\/uploads\/2022\/07\/20220510_131915-370x278.jpg 370w, https:\/\/apajhetvous.apajh.org\/esatapajh71\/wp-content\/uploads\/2022\/07\/20220510_131915-1320x990.jpg 1320w\" sizes=\"auto, (max-width: 1024px) 100vw, 1024px\" \/><\/figure>\n\n\n\n<h2 class=\"wp-block-heading\">L\u2019\u00c9QUIPE <\/h2>\n\n\n\n<p>L\u2019\u00e9quipe charg\u00e9e de l&rsquo;entretien des locaux se compose de 20 travailleurs en situation de handicap encadr\u00e9s par un moniteur d\u2019atelier.<\/p>\n\n\n\n<h2 class=\"wp-block-heading\">LES PRESTATIONS<\/h2>\n\n\n\n<p>L\u2019ESAT de Crissey assure l\u2019entretien de vos locaux collectifs ou professionnels. Nos agents de propret\u00e9 nettoient consciencieusement vos communs, bureaux, commerces, usines, salle de concert, parking, etc&nbsp;:<\/p>\n\n\n\n<ul class=\"wp-block-list\">\n<li>Entretien quotidien des locaux de l\u2019ensemble de nos \u00e9tablissements (parties communes, ateliers, bureaux, sanitaires).<\/li>\n\n\n\n<li>Entretien et nettoyage de bureaux en entreprise (sols, surfaces, sanitaires).<\/li>\n\n\n\n<li>Entretien d\u2019immeuble et espace commun de copropri\u00e9t\u00e9 (halls, mont\u00e9es d\u2019escaliers, ascenseurs, lavage, balayage).<\/li>\n\n\n\n<li>Entretien des ext\u00e9rieurs (envols, nettoyage de parking).<\/li>\n<\/ul>\n\n\n\n<p><\/p>\n\n\n\n<h2 class=\"wp-block-heading\">NOS \u00c9QUIPEMENTS <\/h2>\n\n\n\n<p>Afin de permettre aux personnes de travailler dans un environnement de qualit\u00e9, notre atelier entretien des locaux est \u00e9quip\u00e9 de diff\u00e9rentes machines et produits :<\/p>\n\n\n\n<ul class=\"wp-block-list\">\n<li>Aspirateurs<\/li>\n\n\n\n<li>Produits d\u2019entretien<\/li>\n\n\n\n<li>Chariot de transport de mat\u00e9riels<\/li>\n\n\n\n<li>Bacs de lavages et s\u00e9chages des sols<\/li>\n<\/ul>\n\n\n\n<p><\/p>\n\n\n\n<h2 class=\"wp-block-heading\">HORAIRES D\u2019INTERVENTIONS<\/h2>\n\n\n\n<p>De 8h00 \u00e0 17h00, du lundi au vendredi.<\/p>\n\n\n\n<p>Afin de retrouver la pr\u00e9sentation de notre \u00e9tablissement :&nbsp;<a href=\"https:\/\/apajhetvous.apajh.org\/esatapajh71\/2022\/07\/21\/lesat-de-crissey\/\">L\u2019ESAT APAJH de Crissey<\/a><\/p>\n\n\n\n<p><a href=\"https:\/\/apajhetvous.apajh.org\/esatapajh71\/nous-contacter\/\">Cliquez ici pour nous contacter<\/a><\/p>\n\n\n\n<p>Par ailleurs, pour plus d\u2019information sur l\u2019APAJH :&nbsp;<a href=\"https:\/\/www.apajh.org\/#\/\">F\u00e9d\u00e9ration APAJH<\/a><\/p>\n","protected":false},"excerpt":{"rendered":"<p>Form\u00e9s sur notre site de Crissey, les travailleurs de l\u2019ESAT, accompagn\u00e9s par un moniteur d\u2019atelier mettent leur expertise au service des clients dans le domaine d\u2019entretien des locaux. L\u2019\u00c9QUIPE L\u2019\u00e9quipe charg\u00e9e de l&rsquo;entretien des locaux se compose de 20 travailleurs en situation de handicap encadr\u00e9s par un moniteur d\u2019atelier. LES PRESTATIONS L\u2019ESAT de Crissey assure<\/p>\n","protected":false},"author":6,"featured_media":0,"parent":0,"menu_order":0,"comment_status":"closed","ping_status":"closed","template":"","meta":{"_acf_changed":false,"_exactmetrics_skip_tracking":false,"_exactmetrics_sitenote_active":false,"_exactmetrics_sitenote_note":"","_exactmetrics_sitenote_category":0,"footnotes":""},"class_list":["post-3670","page","type-page","status-publish","hentry"],"acf":[],"yoast_head":"<!-- This site is optimized with the Yoast SEO plugin v27.3 - https:\/\/yoast.com\/product\/yoast-seo-wordpress\/ -->\n<title>ENTRETIEN DES LOCAUX - Esatapajh71<\/title>\n<meta name=\"description\" content=\"Les travailleurs de l\u2019ESAT mettent leur expertise au service des clients dans le domaine d\u2019entretien des locaux.\" \/>\n<meta name=\"robots\" content=\"index, follow, max-snippet:-1, max-image-preview:large, max-video-preview:-1\" \/>\n<link rel=\"canonical\" href=\"https:\/\/apajhetvous.apajh.org\/esatapajh71\/entretien-des-locaux\/\" \/>\n<meta property=\"og:locale\" content=\"fr_FR\" \/>\n<meta property=\"og:type\" content=\"article\" \/>\n<meta property=\"og:title\" content=\"ENTRETIEN DES LOCAUX - Esatapajh71\" \/>\n<meta property=\"og:description\" content=\"Les travailleurs de l\u2019ESAT mettent leur expertise au service des clients dans le domaine d\u2019entretien des locaux.\" \/>\n<meta property=\"og:url\" content=\"https:\/\/apajhetvous.apajh.org\/esatapajh71\/entretien-des-locaux\/\" \/>\n<meta property=\"og:site_name\" content=\"Esatapajh71\" \/>\n<meta property=\"article:modified_time\" content=\"2024-05-15T14:25:20+00:00\" \/>\n<meta property=\"og:image\" content=\"https:\/\/apajhetvous.apajh.org\/esatapajh71\/wp-content\/uploads\/2022\/07\/20220510_131915-1024x768.jpg\" \/>\n<meta name=\"twitter:card\" content=\"summary_large_image\" \/>\n<meta name=\"twitter:label1\" content=\"Dur\u00e9e de lecture estim\u00e9e\" \/>\n\t<meta name=\"twitter:data1\" content=\"2 minutes\" \/>\n<script type=\"application\/ld+json\" class=\"yoast-schema-graph\">{\"@context\":\"https:\\\/\\\/schema.org\",\"@graph\":[{\"@type\":\"WebPage\",\"@id\":\"https:\\\/\\\/apajhetvous.apajh.org\\\/esatapajh71\\\/entretien-des-locaux\\\/\",\"url\":\"https:\\\/\\\/apajhetvous.apajh.org\\\/esatapajh71\\\/entretien-des-locaux\\\/\",\"name\":\"ENTRETIEN DES LOCAUX - Esatapajh71\",\"isPartOf\":{\"@id\":\"https:\\\/\\\/apajhetvous.apajh.org\\\/esatapajh71\\\/#website\"},\"primaryImageOfPage\":{\"@id\":\"https:\\\/\\\/apajhetvous.apajh.org\\\/esatapajh71\\\/entretien-des-locaux\\\/#primaryimage\"},\"image\":{\"@id\":\"https:\\\/\\\/apajhetvous.apajh.org\\\/esatapajh71\\\/entretien-des-locaux\\\/#primaryimage\"},\"thumbnailUrl\":\"https:\\\/\\\/apajhetvous.apajh.org\\\/esatapajh71\\\/wp-content\\\/uploads\\\/2022\\\/07\\\/20220510_131915-1024x768.jpg\",\"datePublished\":\"2024-05-15T13:00:00+00:00\",\"dateModified\":\"2024-05-15T14:25:20+00:00\",\"description\":\"Les travailleurs de l\u2019ESAT mettent leur expertise au service des clients dans le domaine d\u2019entretien des locaux.\",\"breadcrumb\":{\"@id\":\"https:\\\/\\\/apajhetvous.apajh.org\\\/esatapajh71\\\/entretien-des-locaux\\\/#breadcrumb\"},\"inLanguage\":\"fr-FR\",\"potentialAction\":[{\"@type\":\"ReadAction\",\"target\":[\"https:\\\/\\\/apajhetvous.apajh.org\\\/esatapajh71\\\/entretien-des-locaux\\\/\"]}]},{\"@type\":\"ImageObject\",\"inLanguage\":\"fr-FR\",\"@id\":\"https:\\\/\\\/apajhetvous.apajh.org\\\/esatapajh71\\\/entretien-des-locaux\\\/#primaryimage\",\"url\":\"https:\\\/\\\/apajhetvous.apajh.org\\\/esatapajh71\\\/wp-content\\\/uploads\\\/2022\\\/07\\\/20220510_131915-1024x768.jpg\",\"contentUrl\":\"https:\\\/\\\/apajhetvous.apajh.org\\\/esatapajh71\\\/wp-content\\\/uploads\\\/2022\\\/07\\\/20220510_131915-1024x768.jpg\"},{\"@type\":\"BreadcrumbList\",\"@id\":\"https:\\\/\\\/apajhetvous.apajh.org\\\/esatapajh71\\\/entretien-des-locaux\\\/#breadcrumb\",\"itemListElement\":[{\"@type\":\"ListItem\",\"position\":1,\"name\":\"Accueil\",\"item\":\"https:\\\/\\\/apajhetvous.apajh.org\\\/esatapajh71\\\/\"},{\"@type\":\"ListItem\",\"position\":2,\"name\":\"ENTRETIEN DES LOCAUX\"}]},{\"@type\":\"WebSite\",\"@id\":\"https:\\\/\\\/apajhetvous.apajh.org\\\/esatapajh71\\\/#website\",\"url\":\"https:\\\/\\\/apajhetvous.apajh.org\\\/esatapajh71\\\/\",\"name\":\"Esatapajh71\",\"description\":\"Apajh&amp;vous\",\"potentialAction\":[{\"@type\":\"SearchAction\",\"target\":{\"@type\":\"EntryPoint\",\"urlTemplate\":\"https:\\\/\\\/apajhetvous.apajh.org\\\/esatapajh71\\\/?s={search_term_string}\"},\"query-input\":{\"@type\":\"PropertyValueSpecification\",\"valueRequired\":true,\"valueName\":\"search_term_string\"}}],\"inLanguage\":\"fr-FR\"}]}<\/script>\n<!-- \/ Yoast SEO plugin. -->","yoast_head_json":{"title":"ENTRETIEN DES LOCAUX - Esatapajh71","description":"Les travailleurs de l\u2019ESAT mettent leur expertise au service des clients dans le domaine d\u2019entretien des locaux.","robots":{"index":"index","follow":"follow","max-snippet":"max-snippet:-1","max-image-preview":"max-image-preview:large","max-video-preview":"max-video-preview:-1"},"canonical":"https:\/\/apajhetvous.apajh.org\/esatapajh71\/entretien-des-locaux\/","og_locale":"fr_FR","og_type":"article","og_title":"ENTRETIEN DES LOCAUX - Esatapajh71","og_description":"Les travailleurs de l\u2019ESAT mettent leur expertise au service des clients dans le domaine d\u2019entretien des locaux.","og_url":"https:\/\/apajhetvous.apajh.org\/esatapajh71\/entretien-des-locaux\/","og_site_name":"Esatapajh71","article_modified_time":"2024-05-15T14:25:20+00:00","og_image":[{"url":"https:\/\/apajhetvous.apajh.org\/esatapajh71\/wp-content\/uploads\/2022\/07\/20220510_131915-1024x768.jpg","type":"","width":"","height":""}],"twitter_card":"summary_large_image","twitter_misc":{"Dur\u00e9e de lecture estim\u00e9e":"2 minutes"},"schema":{"@context":"https:\/\/schema.org","@graph":[{"@type":"WebPage","@id":"https:\/\/apajhetvous.apajh.org\/esatapajh71\/entretien-des-locaux\/","url":"https:\/\/apajhetvous.apajh.org\/esatapajh71\/entretien-des-locaux\/","name":"ENTRETIEN DES LOCAUX - Esatapajh71","isPartOf":{"@id":"https:\/\/apajhetvous.apajh.org\/esatapajh71\/#website"},"primaryImageOfPage":{"@id":"https:\/\/apajhetvous.apajh.org\/esatapajh71\/entretien-des-locaux\/#primaryimage"},"image":{"@id":"https:\/\/apajhetvous.apajh.org\/esatapajh71\/entretien-des-locaux\/#primaryimage"},"thumbnailUrl":"https:\/\/apajhetvous.apajh.org\/esatapajh71\/wp-content\/uploads\/2022\/07\/20220510_131915-1024x768.jpg","datePublished":"2024-05-15T13:00:00+00:00","dateModified":"2024-05-15T14:25:20+00:00","description":"Les travailleurs de l\u2019ESAT mettent leur expertise au service des clients dans le domaine d\u2019entretien des locaux.","breadcrumb":{"@id":"https:\/\/apajhetvous.apajh.org\/esatapajh71\/entretien-des-locaux\/#breadcrumb"},"inLanguage":"fr-FR","potentialAction":[{"@type":"ReadAction","target":["https:\/\/apajhetvous.apajh.org\/esatapajh71\/entretien-des-locaux\/"]}]},{"@type":"ImageObject","inLanguage":"fr-FR","@id":"https:\/\/apajhetvous.apajh.org\/esatapajh71\/entretien-des-locaux\/#primaryimage","url":"https:\/\/apajhetvous.apajh.org\/esatapajh71\/wp-content\/uploads\/2022\/07\/20220510_131915-1024x768.jpg","contentUrl":"https:\/\/apajhetvous.apajh.org\/esatapajh71\/wp-content\/uploads\/2022\/07\/20220510_131915-1024x768.jpg"},{"@type":"BreadcrumbList","@id":"https:\/\/apajhetvous.apajh.org\/esatapajh71\/entretien-des-locaux\/#breadcrumb","itemListElement":[{"@type":"ListItem","position":1,"name":"Accueil","item":"https:\/\/apajhetvous.apajh.org\/esatapajh71\/"},{"@type":"ListItem","position":2,"name":"ENTRETIEN DES LOCAUX"}]},{"@type":"WebSite","@id":"https:\/\/apajhetvous.apajh.org\/esatapajh71\/#website","url":"https:\/\/apajhetvous.apajh.org\/esatapajh71\/","name":"Esatapajh71","description":"Apajh&amp;vous","potentialAction":[{"@type":"SearchAction","target":{"@type":"EntryPoint","urlTemplate":"https:\/\/apajhetvous.apajh.org\/esatapajh71\/?s={search_term_string}"},"query-input":{"@type":"PropertyValueSpecification","valueRequired":true,"valueName":"search_term_string"}}],"inLanguage":"fr-FR"}]}},"_links":{"self":[{"href":"https:\/\/apajhetvous.apajh.org\/esatapajh71\/wp-json\/wp\/v2\/pages\/3670","targetHints":{"allow":["GET"]}}],"collection":[{"href":"https:\/\/apajhetvous.apajh.org\/esatapajh71\/wp-json\/wp\/v2\/pages"}],"about":[{"href":"https:\/\/apajhetvous.apajh.org\/esatapajh71\/wp-json\/wp\/v2\/types\/page"}],"author":[{"embeddable":true,"href":"https:\/\/apajhetvous.apajh.org\/esatapajh71\/wp-json\/wp\/v2\/users\/6"}],"replies":[{"embeddable":true,"href":"https:\/\/apajhetvous.apajh.org\/esatapajh71\/wp-json\/wp\/v2\/comments?post=3670"}],"version-history":[{"count":14,"href":"https:\/\/apajhetvous.apajh.org\/esatapajh71\/wp-json\/wp\/v2\/pages\/3670\/revisions"}],"predecessor-version":[{"id":4233,"href":"https:\/\/apajhetvous.apajh.org\/esatapajh71\/wp-json\/wp\/v2\/pages\/3670\/revisions\/4233"}],"wp:attachment":[{"href":"https:\/\/apajhetvous.apajh.org\/esatapajh71\/wp-json\/wp\/v2\/media?parent=3670"}],"curies":[{"name":"wp","href":"https:\/\/api.w.org\/{rel}","templated":true}]}}