{"id":14,"date":"2018-11-08T13:34:47","date_gmt":"2018-11-08T12:34:47","guid":{"rendered":"http:\/\/apajhetvous.apajh.org\/foyer-antony\/?page_id=14"},"modified":"2018-11-16T17:00:11","modified_gmt":"2018-11-16T16:00:11","slug":"qui-sommes-nous","status":"publish","type":"page","link":"https:\/\/apajhetvous.apajh.org\/foyer-antony\/qui-sommes-nous\/","title":{"rendered":"Qui sommes-nous ?"},"content":{"rendered":"<p>Situ\u00e9 au c\u0153ur de la ville d\u2019Antony, dans la partie sud du d\u00e9partement des Hauts-de-Seine, \u00e0 proximit\u00e9 de toutes les commodit\u00e9s, le foyer d\u2019h\u00e9bergement APAJH accueille 41 personnes adultes en situation de handicap mental ou psychique, \u00e2g\u00e9es entre 20 et 60 ans, qui ont une activit\u00e9 de travail en milieu prot\u00e9g\u00e9 ou ordinaire.<\/p>\n","protected":false},"excerpt":{"rendered":"<p>Situ\u00e9 au c\u0153ur de la ville d\u2019Antony, dans la partie sud du d\u00e9partement des Hauts-de-Seine, \u00e0 proximit\u00e9 de toutes les commodit\u00e9s, le foyer d\u2019h\u00e9bergement APAJH accueille 41 personnes adultes en situation de handicap mental ou psychique, \u00e2g\u00e9es entre 20 et 60 ans, qui ont une activit\u00e9 de travail en milieu prot\u00e9g\u00e9 ou ordinaire.<\/p>\n","protected":false},"author":1,"featured_media":57,"parent":0,"menu_order":0,"comment_status":"closed","ping_status":"closed","template":"","meta":{"_exactmetrics_skip_tracking":false,"_exactmetrics_sitenote_active":false,"_exactmetrics_sitenote_note":"","_exactmetrics_sitenote_category":0,"footnotes":""},"class_list":["post-14","page","type-page","status-publish","has-post-thumbnail","hentry"],"yoast_head":"<!-- This site is optimized with the Yoast SEO plugin v27.3 - https:\/\/yoast.com\/product\/yoast-seo-wordpress\/ -->\n<title>Qui sommes-nous ? - FOYER ANTONY<\/title>\n<meta name=\"robots\" content=\"index, follow, max-snippet:-1, max-image-preview:large, max-video-preview:-1\" \/>\n<link rel=\"canonical\" href=\"https:\/\/apajhetvous.apajh.org\/foyer-antony\/qui-sommes-nous\/\" \/>\n<meta property=\"og:locale\" content=\"fr_FR\" \/>\n<meta property=\"og:type\" content=\"article\" \/>\n<meta property=\"og:title\" content=\"Qui sommes-nous ? - FOYER ANTONY\" \/>\n<meta property=\"og:description\" content=\"Situ\u00e9 au c\u0153ur de la ville d\u2019Antony, dans la partie sud du d\u00e9partement des Hauts-de-Seine, \u00e0 proximit\u00e9 de toutes les commodit\u00e9s, le foyer d\u2019h\u00e9bergement APAJH accueille 41 personnes adultes en situation de handicap mental ou psychique, \u00e2g\u00e9es entre 20 et 60 ans, qui ont une activit\u00e9 de travail en milieu prot\u00e9g\u00e9 ou ordinaire.\" \/>\n<meta property=\"og:url\" content=\"https:\/\/apajhetvous.apajh.org\/foyer-antony\/qui-sommes-nous\/\" \/>\n<meta property=\"og:site_name\" content=\"FOYER ANTONY\" \/>\n<meta property=\"article:modified_time\" content=\"2018-11-16T16:00:11+00:00\" \/>\n<meta property=\"og:image\" content=\"https:\/\/apajhetvous.apajh.org\/foyer-antony\/wp-content\/uploads\/2018\/11\/Antony.jpg\" \/>\n\t<meta property=\"og:image:width\" content=\"1387\" \/>\n\t<meta property=\"og:image:height\" content=\"776\" \/>\n\t<meta property=\"og:image:type\" content=\"image\/jpeg\" \/>\n<meta name=\"twitter:card\" content=\"summary_large_image\" \/>\n<script type=\"application\/ld+json\" class=\"yoast-schema-graph\">{\"@context\":\"https:\\\/\\\/schema.org\",\"@graph\":[{\"@type\":\"WebPage\",\"@id\":\"https:\\\/\\\/apajhetvous.apajh.org\\\/foyer-antony\\\/qui-sommes-nous\\\/\",\"url\":\"https:\\\/\\\/apajhetvous.apajh.org\\\/foyer-antony\\\/qui-sommes-nous\\\/\",\"name\":\"Qui sommes-nous ? - FOYER ANTONY\",\"isPartOf\":{\"@id\":\"https:\\\/\\\/apajhetvous.apajh.org\\\/foyer-antony\\\/#website\"},\"primaryImageOfPage\":{\"@id\":\"https:\\\/\\\/apajhetvous.apajh.org\\\/foyer-antony\\\/qui-sommes-nous\\\/#primaryimage\"},\"image\":{\"@id\":\"https:\\\/\\\/apajhetvous.apajh.org\\\/foyer-antony\\\/qui-sommes-nous\\\/#primaryimage\"},\"thumbnailUrl\":\"https:\\\/\\\/apajhetvous.apajh.org\\\/foyer-antony\\\/wp-content\\\/uploads\\\/2018\\\/11\\\/Antony.jpg\",\"datePublished\":\"2018-11-08T12:34:47+00:00\",\"dateModified\":\"2018-11-16T16:00:11+00:00\",\"breadcrumb\":{\"@id\":\"https:\\\/\\\/apajhetvous.apajh.org\\\/foyer-antony\\\/qui-sommes-nous\\\/#breadcrumb\"},\"inLanguage\":\"fr-FR\",\"potentialAction\":[{\"@type\":\"ReadAction\",\"target\":[\"https:\\\/\\\/apajhetvous.apajh.org\\\/foyer-antony\\\/qui-sommes-nous\\\/\"]}]},{\"@type\":\"ImageObject\",\"inLanguage\":\"fr-FR\",\"@id\":\"https:\\\/\\\/apajhetvous.apajh.org\\\/foyer-antony\\\/qui-sommes-nous\\\/#primaryimage\",\"url\":\"https:\\\/\\\/apajhetvous.apajh.org\\\/foyer-antony\\\/wp-content\\\/uploads\\\/2018\\\/11\\\/Antony.jpg\",\"contentUrl\":\"https:\\\/\\\/apajhetvous.apajh.org\\\/foyer-antony\\\/wp-content\\\/uploads\\\/2018\\\/11\\\/Antony.jpg\",\"width\":1387,\"height\":776},{\"@type\":\"BreadcrumbList\",\"@id\":\"https:\\\/\\\/apajhetvous.apajh.org\\\/foyer-antony\\\/qui-sommes-nous\\\/#breadcrumb\",\"itemListElement\":[{\"@type\":\"ListItem\",\"position\":1,\"name\":\"Accueil\",\"item\":\"https:\\\/\\\/apajhetvous.apajh.org\\\/foyer-antony\\\/\"},{\"@type\":\"ListItem\",\"position\":2,\"name\":\"Qui sommes-nous ?\"}]},{\"@type\":\"WebSite\",\"@id\":\"https:\\\/\\\/apajhetvous.apajh.org\\\/foyer-antony\\\/#website\",\"url\":\"https:\\\/\\\/apajhetvous.apajh.org\\\/foyer-antony\\\/\",\"name\":\"FOYER ANTONY\",\"description\":\"APAJH\",\"potentialAction\":[{\"@type\":\"SearchAction\",\"target\":{\"@type\":\"EntryPoint\",\"urlTemplate\":\"https:\\\/\\\/apajhetvous.apajh.org\\\/foyer-antony\\\/?s={search_term_string}\"},\"query-input\":{\"@type\":\"PropertyValueSpecification\",\"valueRequired\":true,\"valueName\":\"search_term_string\"}}],\"inLanguage\":\"fr-FR\"}]}<\/script>\n<!-- \/ Yoast SEO plugin. -->","yoast_head_json":{"title":"Qui sommes-nous ? - FOYER ANTONY","robots":{"index":"index","follow":"follow","max-snippet":"max-snippet:-1","max-image-preview":"max-image-preview:large","max-video-preview":"max-video-preview:-1"},"canonical":"https:\/\/apajhetvous.apajh.org\/foyer-antony\/qui-sommes-nous\/","og_locale":"fr_FR","og_type":"article","og_title":"Qui sommes-nous ? - FOYER ANTONY","og_description":"Situ\u00e9 au c\u0153ur de la ville d\u2019Antony, dans la partie sud du d\u00e9partement des Hauts-de-Seine, \u00e0 proximit\u00e9 de toutes les commodit\u00e9s, le foyer d\u2019h\u00e9bergement APAJH accueille 41 personnes adultes en situation de handicap mental ou psychique, \u00e2g\u00e9es entre 20 et 60 ans, qui ont une activit\u00e9 de travail en milieu prot\u00e9g\u00e9 ou ordinaire.","og_url":"https:\/\/apajhetvous.apajh.org\/foyer-antony\/qui-sommes-nous\/","og_site_name":"FOYER ANTONY","article_modified_time":"2018-11-16T16:00:11+00:00","og_image":[{"width":1387,"height":776,"url":"https:\/\/apajhetvous.apajh.org\/foyer-antony\/wp-content\/uploads\/2018\/11\/Antony.jpg","type":"image\/jpeg"}],"twitter_card":"summary_large_image","schema":{"@context":"https:\/\/schema.org","@graph":[{"@type":"WebPage","@id":"https:\/\/apajhetvous.apajh.org\/foyer-antony\/qui-sommes-nous\/","url":"https:\/\/apajhetvous.apajh.org\/foyer-antony\/qui-sommes-nous\/","name":"Qui sommes-nous ? - FOYER ANTONY","isPartOf":{"@id":"https:\/\/apajhetvous.apajh.org\/foyer-antony\/#website"},"primaryImageOfPage":{"@id":"https:\/\/apajhetvous.apajh.org\/foyer-antony\/qui-sommes-nous\/#primaryimage"},"image":{"@id":"https:\/\/apajhetvous.apajh.org\/foyer-antony\/qui-sommes-nous\/#primaryimage"},"thumbnailUrl":"https:\/\/apajhetvous.apajh.org\/foyer-antony\/wp-content\/uploads\/2018\/11\/Antony.jpg","datePublished":"2018-11-08T12:34:47+00:00","dateModified":"2018-11-16T16:00:11+00:00","breadcrumb":{"@id":"https:\/\/apajhetvous.apajh.org\/foyer-antony\/qui-sommes-nous\/#breadcrumb"},"inLanguage":"fr-FR","potentialAction":[{"@type":"ReadAction","target":["https:\/\/apajhetvous.apajh.org\/foyer-antony\/qui-sommes-nous\/"]}]},{"@type":"ImageObject","inLanguage":"fr-FR","@id":"https:\/\/apajhetvous.apajh.org\/foyer-antony\/qui-sommes-nous\/#primaryimage","url":"https:\/\/apajhetvous.apajh.org\/foyer-antony\/wp-content\/uploads\/2018\/11\/Antony.jpg","contentUrl":"https:\/\/apajhetvous.apajh.org\/foyer-antony\/wp-content\/uploads\/2018\/11\/Antony.jpg","width":1387,"height":776},{"@type":"BreadcrumbList","@id":"https:\/\/apajhetvous.apajh.org\/foyer-antony\/qui-sommes-nous\/#breadcrumb","itemListElement":[{"@type":"ListItem","position":1,"name":"Accueil","item":"https:\/\/apajhetvous.apajh.org\/foyer-antony\/"},{"@type":"ListItem","position":2,"name":"Qui sommes-nous ?"}]},{"@type":"WebSite","@id":"https:\/\/apajhetvous.apajh.org\/foyer-antony\/#website","url":"https:\/\/apajhetvous.apajh.org\/foyer-antony\/","name":"FOYER ANTONY","description":"APAJH","potentialAction":[{"@type":"SearchAction","target":{"@type":"EntryPoint","urlTemplate":"https:\/\/apajhetvous.apajh.org\/foyer-antony\/?s={search_term_string}"},"query-input":{"@type":"PropertyValueSpecification","valueRequired":true,"valueName":"search_term_string"}}],"inLanguage":"fr-FR"}]}},"_links":{"self":[{"href":"https:\/\/apajhetvous.apajh.org\/foyer-antony\/wp-json\/wp\/v2\/pages\/14","targetHints":{"allow":["GET"]}}],"collection":[{"href":"https:\/\/apajhetvous.apajh.org\/foyer-antony\/wp-json\/wp\/v2\/pages"}],"about":[{"href":"https:\/\/apajhetvous.apajh.org\/foyer-antony\/wp-json\/wp\/v2\/types\/page"}],"author":[{"embeddable":true,"href":"https:\/\/apajhetvous.apajh.org\/foyer-antony\/wp-json\/wp\/v2\/users\/1"}],"replies":[{"embeddable":true,"href":"https:\/\/apajhetvous.apajh.org\/foyer-antony\/wp-json\/wp\/v2\/comments?post=14"}],"version-history":[{"count":3,"href":"https:\/\/apajhetvous.apajh.org\/foyer-antony\/wp-json\/wp\/v2\/pages\/14\/revisions"}],"predecessor-version":[{"id":75,"href":"https:\/\/apajhetvous.apajh.org\/foyer-antony\/wp-json\/wp\/v2\/pages\/14\/revisions\/75"}],"wp:featuredmedia":[{"embeddable":true,"href":"https:\/\/apajhetvous.apajh.org\/foyer-antony\/wp-json\/wp\/v2\/media\/57"}],"wp:attachment":[{"href":"https:\/\/apajhetvous.apajh.org\/foyer-antony\/wp-json\/wp\/v2\/media?parent=14"}],"curies":[{"name":"wp","href":"https:\/\/api.w.org\/{rel}","templated":true}]}}