{"id":14,"date":"2018-09-10T16:44:27","date_gmt":"2018-09-10T14:44:27","guid":{"rendered":"https:\/\/apajhetvous.apajh.org\/lapasserelle\/\/?page_id=14"},"modified":"2018-09-19T16:27:41","modified_gmt":"2018-09-19T14:27:41","slug":"qui-sommes-nous","status":"publish","type":"page","link":"https:\/\/apajhetvous.apajh.org\/lapasserelle\/qui-sommes-nous\/","title":{"rendered":"Qui sommes-nous ?"},"content":{"rendered":"<p><strong>L\u2019IEM (Institut d\u2019Education Motrice) et le SESSAD (Service d&rsquo;Education Sp\u00e9cialis\u00e9e et de Soins \u00e0 Domicile) La Passerelle sont des structures du secteur m\u00e9dico-social, accompagnant des enfants et adolescents pr\u00e9sentant des d\u00e9ficiences motrices. Situ\u00e9s \u00e0 Boissy-Saint-L\u00e9ger (Val-de-Marne), ces \u00e9tablissements sont g\u00e9r\u00e9s par la F\u00e9d\u00e9ration APAJH.\u00a0<\/strong><\/p>\n<p><iframe loading=\"lazy\" src=\"https:\/\/www.youtube.com\/embed\/KbP8bddgCgw\" width=\"560\" height=\"315\" frameborder=\"0\" allowfullscreen=\"allowfullscreen\"><\/iframe><\/p>\n<p>Cr\u00e9\u00e9e en 1962, l\u2019APAJH (Association Pour Adultes et Jeunes Handicap\u00e9s), association militante et gestionnaire, est le premier organisme en France \u00e0\u00a0 et accompagner tous les types de handicaps : physiques, mentaux, sensoriels, psychiques, cognitifs, polyhandicaps, troubles de sant\u00e9 invalidants etc.<\/p>\n<p>La F\u00e9d\u00e9ration, qui compte 14 000 collaborateurs, fait avancer la r\u00e9flexion et l\u2019action pour assurer \u00e0 chacun un \u00e9gal acc\u00e8s aux droits (droit \u00e0 l\u2019\u00e9cole, droit \u00e0 la vie professionnelle, droit \u00e0 la vie sociale et culturelle\u2026). Pr\u00e9sente dans 91 d\u00e9partements, elle accompagne 30 000 personnes en situation de handicap, mineures comme adultes, dans pr\u00e8s de 700 \u00e9tablissements ou services.<\/p>\n<p><img loading=\"lazy\" decoding=\"async\" class=\"wp-image-2791 aligncenter\" src=\"https:\/\/apajhetvous.apajh.org\/larmor\/wp-content\/uploads\/2017\/01\/Les-chiffres-cl%C3%A9s-300x110.png\" sizes=\"auto, (max-width: 586px) 100vw, 586px\" srcset=\"https:\/\/apajhetvous.apajh.org\/larmor\/wp-content\/uploads\/2017\/01\/Les-chiffres-cl\u00e9s-300x110.png 300w, https:\/\/apajhetvous.apajh.org\/larmor\/wp-content\/uploads\/2017\/01\/Les-chiffres-cl\u00e9s-768x282.png 768w, https:\/\/apajhetvous.apajh.org\/larmor\/wp-content\/uploads\/2017\/01\/Les-chiffres-cl\u00e9s-1024x376.png 1024w, https:\/\/apajhetvous.apajh.org\/larmor\/wp-content\/uploads\/2017\/01\/Les-chiffres-cl\u00e9s-370x136.png 370w, https:\/\/apajhetvous.apajh.org\/larmor\/wp-content\/uploads\/2017\/01\/Les-chiffres-cl\u00e9s-1320x484.png 1320w, https:\/\/apajhetvous.apajh.org\/larmor\/wp-content\/uploads\/2017\/01\/Les-chiffres-cl\u00e9s.png 1406w\" alt=\"\" width=\"586\" height=\"215\" \/><\/p>\n<p>Trois principes guident son action :<\/p>\n<ul>\n<li>la\u00efcit\u00e9,<\/li>\n<li>solidarit\u00e9,<\/li>\n<li>citoyennet\u00e9.<\/li>\n<\/ul>\n<p>Pour en savoir plus, rendez-vous sur\u00a0<span style=\"text-decoration: underline;\">www.apajh.org<\/span><\/p>\n","protected":false},"excerpt":{"rendered":"<p>L\u2019IEM (Institut d\u2019Education Motrice) et le SESSAD (Service d&rsquo;Education Sp\u00e9cialis\u00e9e et de Soins \u00e0 Domicile) La Passerelle sont des structures du secteur m\u00e9dico-social, accompagnant des enfants et adolescents pr\u00e9sentant des d\u00e9ficiences motrices. Situ\u00e9s \u00e0 Boissy-Saint-L\u00e9ger (Val-de-Marne), ces \u00e9tablissements sont g\u00e9r\u00e9s par la F\u00e9d\u00e9ration APAJH.\u00a0 Cr\u00e9\u00e9e en 1962, l\u2019APAJH (Association Pour Adultes et Jeunes Handicap\u00e9s), association<\/p>\n","protected":false},"author":1,"featured_media":79,"parent":0,"menu_order":0,"comment_status":"closed","ping_status":"closed","template":"","meta":{"_exactmetrics_skip_tracking":false,"_exactmetrics_sitenote_active":false,"_exactmetrics_sitenote_note":"","_exactmetrics_sitenote_category":0,"footnotes":""},"class_list":["post-14","page","type-page","status-publish","has-post-thumbnail","hentry"],"_links":{"self":[{"href":"https:\/\/apajhetvous.apajh.org\/lapasserelle\/wp-json\/wp\/v2\/pages\/14","targetHints":{"allow":["GET"]}}],"collection":[{"href":"https:\/\/apajhetvous.apajh.org\/lapasserelle\/wp-json\/wp\/v2\/pages"}],"about":[{"href":"https:\/\/apajhetvous.apajh.org\/lapasserelle\/wp-json\/wp\/v2\/types\/page"}],"author":[{"embeddable":true,"href":"https:\/\/apajhetvous.apajh.org\/lapasserelle\/wp-json\/wp\/v2\/users\/1"}],"replies":[{"embeddable":true,"href":"https:\/\/apajhetvous.apajh.org\/lapasserelle\/wp-json\/wp\/v2\/comments?post=14"}],"version-history":[{"count":7,"href":"https:\/\/apajhetvous.apajh.org\/lapasserelle\/wp-json\/wp\/v2\/pages\/14\/revisions"}],"predecessor-version":[{"id":83,"href":"https:\/\/apajhetvous.apajh.org\/lapasserelle\/wp-json\/wp\/v2\/pages\/14\/revisions\/83"}],"wp:featuredmedia":[{"embeddable":true,"href":"https:\/\/apajhetvous.apajh.org\/lapasserelle\/wp-json\/wp\/v2\/media\/79"}],"wp:attachment":[{"href":"https:\/\/apajhetvous.apajh.org\/lapasserelle\/wp-json\/wp\/v2\/media?parent=14"}],"curies":[{"name":"wp","href":"https:\/\/api.w.org\/{rel}","templated":true}]}}