{"id":14,"date":"2018-09-10T16:44:27","date_gmt":"2018-09-10T14:44:27","guid":{"rendered":"https:\/\/apajhetvous.apajh.org\/plateformeardeche\/?page_id=14"},"modified":"2024-06-13T18:38:14","modified_gmt":"2024-06-13T16:38:14","slug":"qui-sommes-nous","status":"publish","type":"page","link":"https:\/\/apajhetvous.apajh.org\/plateformeardeche\/qui-sommes-nous\/","title":{"rendered":"Qui sommes-nous ?"},"content":{"rendered":"<figure id=\"attachment_3637\" aria-describedby=\"caption-attachment-3637\" style=\"width: 833px\" class=\"wp-caption alignnone\"><img loading=\"lazy\" decoding=\"async\" id=\"longdesc-return-3637\" class=\"wp-image-3637 size-full\" tabindex=\"-1\" src=\"https:\/\/apajhetvous.apajh.org\/plateformeardeche\/wp-content\/uploads\/2021\/10\/LOGO-APAJH-FEDERATION-SD-e1635521800729.png\" alt=\"Logo de la F\u00e9d\u00e9ration APAJH\" width=\"833\" height=\"221\" longdesc=\"https:\/\/apajhetvous.apajh.org\/plateformeardeche?longdesc=3637&amp;referrer=14\" srcset=\"https:\/\/apajhetvous.apajh.org\/plateformeardeche\/wp-content\/uploads\/2021\/10\/LOGO-APAJH-FEDERATION-SD-e1635521800729.png 833w, https:\/\/apajhetvous.apajh.org\/plateformeardeche\/wp-content\/uploads\/2021\/10\/LOGO-APAJH-FEDERATION-SD-e1635521800729-300x80.png 300w, https:\/\/apajhetvous.apajh.org\/plateformeardeche\/wp-content\/uploads\/2021\/10\/LOGO-APAJH-FEDERATION-SD-e1635521800729-768x204.png 768w, https:\/\/apajhetvous.apajh.org\/plateformeardeche\/wp-content\/uploads\/2021\/10\/LOGO-APAJH-FEDERATION-SD-e1635521800729-370x98.png 370w\" sizes=\"auto, (max-width: 833px) 100vw, 833px\" \/><figcaption id=\"caption-attachment-3637\" class=\"wp-caption-text\"><strong style=\"font-size: 16px;\">Les \u00e9tablissements et services de la plateforme APAJH en Ard\u00e8che accompagnent des personnes en situation de handicap, avec comme objectif de favoriser leur inclusion dans la soci\u00e9t\u00e9, dans tous les domaines de la vie.<\/strong><\/figcaption><\/figure>\n<p>Les structures de la plateforme APAJH Ard\u00e8che sont g\u00e9r\u00e9es par la F\u00e9d\u00e9ration APAJH.<\/p>\n<p>Cr\u00e9\u00e9e en 1962, l\u2019APAJH (Association Pour Adultes et Jeunes Handicap\u00e9s), association militante et gestionnaire, est le premier organisme en France \u00e0\u00a0 et accompagner tous les types de handicaps : physiques, mentaux, sensoriels, psychiques, cognitifs, polyhandicaps, troubles de sant\u00e9 invalidants etc.<\/p>\n<p>La F\u00e9d\u00e9ration, qui compte 14 000 collaborateurs, fait avancer la r\u00e9flexion et l\u2019action pour assurer \u00e0 chacun un \u00e9gal acc\u00e8s aux droits (droit \u00e0 l\u2019\u00e9cole, droit \u00e0 la vie professionnelle, droit \u00e0 la vie sociale et culturelle\u2026). Pr\u00e9sente dans 91 d\u00e9partements, elle accompagne 30 000 personnes en situation de handicap, mineures comme adultes, dans pr\u00e8s de 700 \u00e9tablissements ou services.<\/p>\n<p>Trois principes guident son action :<\/p>\n<ul>\n<li>la\u00efcit\u00e9,<\/li>\n<li>solidarit\u00e9,<\/li>\n<li>citoyennet\u00e9.<\/li>\n<\/ul>\n<p>Pour en savoir plus, rendez-vous sur\u00a0<a href=\"http:\/\/www.apajh.org\"><span style=\"text-decoration: underline;\">www.apajh.org<\/span><\/a><\/p>\n","protected":false},"excerpt":{"rendered":"<p>Les structures de la plateforme APAJH Ard\u00e8che sont g\u00e9r\u00e9es par la F\u00e9d\u00e9ration APAJH. Cr\u00e9\u00e9e en 1962, l\u2019APAJH (Association Pour Adultes et Jeunes Handicap\u00e9s), association militante et gestionnaire, est le premier organisme en France \u00e0\u00a0 et accompagner tous les types de handicaps : physiques, mentaux, sensoriels, psychiques, cognitifs, polyhandicaps, troubles de sant\u00e9 invalidants etc. La F\u00e9d\u00e9ration,<\/p>\n","protected":false},"author":1337,"featured_media":3715,"parent":0,"menu_order":0,"comment_status":"closed","ping_status":"closed","template":"","meta":{"_acf_changed":false,"_exactmetrics_skip_tracking":false,"_exactmetrics_sitenote_active":false,"_exactmetrics_sitenote_note":"","_exactmetrics_sitenote_category":0,"footnotes":""},"class_list":["post-14","page","type-page","status-publish","has-post-thumbnail","hentry"],"acf":[],"yoast_head":"<!-- This site is optimized with the Yoast SEO plugin v27.3 - https:\/\/yoast.com\/product\/yoast-seo-wordpress\/ -->\n<title>Qui sommes-nous ? - Plateforme Ard\u00e8che<\/title>\n<meta name=\"robots\" content=\"index, follow, max-snippet:-1, max-image-preview:large, max-video-preview:-1\" \/>\n<link rel=\"canonical\" href=\"https:\/\/apajhetvous.apajh.org\/plateformeardeche\/qui-sommes-nous\/\" \/>\n<meta property=\"og:locale\" content=\"fr_FR\" \/>\n<meta property=\"og:type\" content=\"article\" \/>\n<meta property=\"og:title\" content=\"Qui sommes-nous ? - Plateforme Ard\u00e8che\" \/>\n<meta property=\"og:description\" content=\"Les structures de la plateforme APAJH Ard\u00e8che sont g\u00e9r\u00e9es par la F\u00e9d\u00e9ration APAJH. Cr\u00e9\u00e9e en 1962, l\u2019APAJH (Association Pour Adultes et Jeunes Handicap\u00e9s), association militante et gestionnaire, est le premier organisme en France \u00e0\u00a0 et accompagner tous les types de handicaps : physiques, mentaux, sensoriels, psychiques, cognitifs, polyhandicaps, troubles de sant\u00e9 invalidants etc. La F\u00e9d\u00e9ration,\" \/>\n<meta property=\"og:url\" content=\"https:\/\/apajhetvous.apajh.org\/plateformeardeche\/qui-sommes-nous\/\" \/>\n<meta property=\"og:site_name\" content=\"Plateforme Ard\u00e8che\" \/>\n<meta property=\"article:modified_time\" content=\"2024-06-13T16:38:14+00:00\" \/>\n<meta property=\"og:image\" content=\"https:\/\/apajhetvous.apajh.org\/plateformeardeche\/wp-content\/uploads\/2024\/06\/WEB-Accompagnemnent-Ardeche-service.jpg\" \/>\n\t<meta property=\"og:image:width\" content=\"849\" \/>\n\t<meta property=\"og:image:height\" content=\"844\" \/>\n\t<meta property=\"og:image:type\" content=\"image\/jpeg\" \/>\n<meta name=\"twitter:card\" content=\"summary_large_image\" \/>\n<meta name=\"twitter:label1\" content=\"Dur\u00e9e de lecture estim\u00e9e\" \/>\n\t<meta name=\"twitter:data1\" content=\"1 minute\" \/>\n<script type=\"application\/ld+json\" class=\"yoast-schema-graph\">{\"@context\":\"https:\\\/\\\/schema.org\",\"@graph\":[{\"@type\":\"WebPage\",\"@id\":\"https:\\\/\\\/apajhetvous.apajh.org\\\/plateformeardeche\\\/qui-sommes-nous\\\/\",\"url\":\"https:\\\/\\\/apajhetvous.apajh.org\\\/plateformeardeche\\\/qui-sommes-nous\\\/\",\"name\":\"Qui sommes-nous ? - Plateforme Ard\u00e8che\",\"isPartOf\":{\"@id\":\"https:\\\/\\\/apajhetvous.apajh.org\\\/plateformeardeche\\\/#website\"},\"primaryImageOfPage\":{\"@id\":\"https:\\\/\\\/apajhetvous.apajh.org\\\/plateformeardeche\\\/qui-sommes-nous\\\/#primaryimage\"},\"image\":{\"@id\":\"https:\\\/\\\/apajhetvous.apajh.org\\\/plateformeardeche\\\/qui-sommes-nous\\\/#primaryimage\"},\"thumbnailUrl\":\"https:\\\/\\\/apajhetvous.apajh.org\\\/plateformeardeche\\\/wp-content\\\/uploads\\\/2024\\\/06\\\/WEB-Accompagnemnent-Ardeche-service.jpg\",\"datePublished\":\"2018-09-10T14:44:27+00:00\",\"dateModified\":\"2024-06-13T16:38:14+00:00\",\"inLanguage\":\"fr-FR\",\"potentialAction\":[{\"@type\":\"ReadAction\",\"target\":[\"https:\\\/\\\/apajhetvous.apajh.org\\\/plateformeardeche\\\/qui-sommes-nous\\\/\"]}]},{\"@type\":\"ImageObject\",\"inLanguage\":\"fr-FR\",\"@id\":\"https:\\\/\\\/apajhetvous.apajh.org\\\/plateformeardeche\\\/qui-sommes-nous\\\/#primaryimage\",\"url\":\"https:\\\/\\\/apajhetvous.apajh.org\\\/plateformeardeche\\\/wp-content\\\/uploads\\\/2024\\\/06\\\/WEB-Accompagnemnent-Ardeche-service.jpg\",\"contentUrl\":\"https:\\\/\\\/apajhetvous.apajh.org\\\/plateformeardeche\\\/wp-content\\\/uploads\\\/2024\\\/06\\\/WEB-Accompagnemnent-Ardeche-service.jpg\",\"width\":849,\"height\":844},{\"@type\":\"WebSite\",\"@id\":\"https:\\\/\\\/apajhetvous.apajh.org\\\/plateformeardeche\\\/#website\",\"url\":\"https:\\\/\\\/apajhetvous.apajh.org\\\/plateformeardeche\\\/\",\"name\":\"Plateforme Ard\u00e8che\",\"description\":\"APAJH&amp;Vous\",\"potentialAction\":[{\"@type\":\"SearchAction\",\"target\":{\"@type\":\"EntryPoint\",\"urlTemplate\":\"https:\\\/\\\/apajhetvous.apajh.org\\\/plateformeardeche\\\/?s={search_term_string}\"},\"query-input\":{\"@type\":\"PropertyValueSpecification\",\"valueRequired\":true,\"valueName\":\"search_term_string\"}}],\"inLanguage\":\"fr-FR\"}]}<\/script>\n<!-- \/ Yoast SEO plugin. -->","yoast_head_json":{"title":"Qui sommes-nous ? - Plateforme Ard\u00e8che","robots":{"index":"index","follow":"follow","max-snippet":"max-snippet:-1","max-image-preview":"max-image-preview:large","max-video-preview":"max-video-preview:-1"},"canonical":"https:\/\/apajhetvous.apajh.org\/plateformeardeche\/qui-sommes-nous\/","og_locale":"fr_FR","og_type":"article","og_title":"Qui sommes-nous ? - Plateforme Ard\u00e8che","og_description":"Les structures de la plateforme APAJH Ard\u00e8che sont g\u00e9r\u00e9es par la F\u00e9d\u00e9ration APAJH. Cr\u00e9\u00e9e en 1962, l\u2019APAJH (Association Pour Adultes et Jeunes Handicap\u00e9s), association militante et gestionnaire, est le premier organisme en France \u00e0\u00a0 et accompagner tous les types de handicaps : physiques, mentaux, sensoriels, psychiques, cognitifs, polyhandicaps, troubles de sant\u00e9 invalidants etc. La F\u00e9d\u00e9ration,","og_url":"https:\/\/apajhetvous.apajh.org\/plateformeardeche\/qui-sommes-nous\/","og_site_name":"Plateforme Ard\u00e8che","article_modified_time":"2024-06-13T16:38:14+00:00","og_image":[{"width":849,"height":844,"url":"https:\/\/apajhetvous.apajh.org\/plateformeardeche\/wp-content\/uploads\/2024\/06\/WEB-Accompagnemnent-Ardeche-service.jpg","type":"image\/jpeg"}],"twitter_card":"summary_large_image","twitter_misc":{"Dur\u00e9e de lecture estim\u00e9e":"1 minute"},"schema":{"@context":"https:\/\/schema.org","@graph":[{"@type":"WebPage","@id":"https:\/\/apajhetvous.apajh.org\/plateformeardeche\/qui-sommes-nous\/","url":"https:\/\/apajhetvous.apajh.org\/plateformeardeche\/qui-sommes-nous\/","name":"Qui sommes-nous ? - Plateforme Ard\u00e8che","isPartOf":{"@id":"https:\/\/apajhetvous.apajh.org\/plateformeardeche\/#website"},"primaryImageOfPage":{"@id":"https:\/\/apajhetvous.apajh.org\/plateformeardeche\/qui-sommes-nous\/#primaryimage"},"image":{"@id":"https:\/\/apajhetvous.apajh.org\/plateformeardeche\/qui-sommes-nous\/#primaryimage"},"thumbnailUrl":"https:\/\/apajhetvous.apajh.org\/plateformeardeche\/wp-content\/uploads\/2024\/06\/WEB-Accompagnemnent-Ardeche-service.jpg","datePublished":"2018-09-10T14:44:27+00:00","dateModified":"2024-06-13T16:38:14+00:00","inLanguage":"fr-FR","potentialAction":[{"@type":"ReadAction","target":["https:\/\/apajhetvous.apajh.org\/plateformeardeche\/qui-sommes-nous\/"]}]},{"@type":"ImageObject","inLanguage":"fr-FR","@id":"https:\/\/apajhetvous.apajh.org\/plateformeardeche\/qui-sommes-nous\/#primaryimage","url":"https:\/\/apajhetvous.apajh.org\/plateformeardeche\/wp-content\/uploads\/2024\/06\/WEB-Accompagnemnent-Ardeche-service.jpg","contentUrl":"https:\/\/apajhetvous.apajh.org\/plateformeardeche\/wp-content\/uploads\/2024\/06\/WEB-Accompagnemnent-Ardeche-service.jpg","width":849,"height":844},{"@type":"WebSite","@id":"https:\/\/apajhetvous.apajh.org\/plateformeardeche\/#website","url":"https:\/\/apajhetvous.apajh.org\/plateformeardeche\/","name":"Plateforme Ard\u00e8che","description":"APAJH&amp;Vous","potentialAction":[{"@type":"SearchAction","target":{"@type":"EntryPoint","urlTemplate":"https:\/\/apajhetvous.apajh.org\/plateformeardeche\/?s={search_term_string}"},"query-input":{"@type":"PropertyValueSpecification","valueRequired":true,"valueName":"search_term_string"}}],"inLanguage":"fr-FR"}]}},"_links":{"self":[{"href":"https:\/\/apajhetvous.apajh.org\/plateformeardeche\/wp-json\/wp\/v2\/pages\/14","targetHints":{"allow":["GET"]}}],"collection":[{"href":"https:\/\/apajhetvous.apajh.org\/plateformeardeche\/wp-json\/wp\/v2\/pages"}],"about":[{"href":"https:\/\/apajhetvous.apajh.org\/plateformeardeche\/wp-json\/wp\/v2\/types\/page"}],"author":[{"embeddable":true,"href":"https:\/\/apajhetvous.apajh.org\/plateformeardeche\/wp-json\/wp\/v2\/users\/1337"}],"replies":[{"embeddable":true,"href":"https:\/\/apajhetvous.apajh.org\/plateformeardeche\/wp-json\/wp\/v2\/comments?post=14"}],"version-history":[{"count":4,"href":"https:\/\/apajhetvous.apajh.org\/plateformeardeche\/wp-json\/wp\/v2\/pages\/14\/revisions"}],"predecessor-version":[{"id":3716,"href":"https:\/\/apajhetvous.apajh.org\/plateformeardeche\/wp-json\/wp\/v2\/pages\/14\/revisions\/3716"}],"wp:featuredmedia":[{"embeddable":true,"href":"https:\/\/apajhetvous.apajh.org\/plateformeardeche\/wp-json\/wp\/v2\/media\/3715"}],"wp:attachment":[{"href":"https:\/\/apajhetvous.apajh.org\/plateformeardeche\/wp-json\/wp\/v2\/media?parent=14"}],"curies":[{"name":"wp","href":"https:\/\/api.w.org\/{rel}","templated":true}]}}