{"id":14,"date":"2018-09-10T16:44:27","date_gmt":"2018-09-10T14:44:27","guid":{"rendered":"https:\/\/apajhetvous.apajh.org\/plateformebeaujolais\/?page_id=14"},"modified":"2025-12-11T10:51:16","modified_gmt":"2025-12-11T09:51:16","slug":"qui-sommes-nous","status":"publish","type":"page","link":"https:\/\/apajhetvous.apajh.org\/plateformebeaujolais\/qui-sommes-nous\/","title":{"rendered":"Qui sommes-nous ?"},"content":{"rendered":"<p><strong>La plateforme Enfant \u2013 Adulte du Beaujolais accompagne des personnes \u00e0 diff\u00e9rents \u00e2ges de la vie et plusieurs \u00e9tapes du parcours.<\/strong><\/p>\n<p>Elle est organis\u00e9e de la mani\u00e8re suivante:<\/p>\n<p><strong>Un SESSAD constitu\u00e9 en P\u00f4les :<\/strong><\/p>\n<ul>\n<li><strong>P\u00f4le TSA<\/strong> : comprenant une antenne<strong> SESSAD renforc\u00e9<\/strong>, <strong>deux UEMA<\/strong> (Unit\u00e9 d&rsquo;Enseignement Maternelle Autisme), <strong>une UEEA<\/strong> (Unit\u00e9 d&rsquo;Enseignement El\u00e9mentaire Autisme)<\/li>\n<li><strong>P\u00f4le G\u00e9n\u00e9raliste<\/strong> : accol\u00e9 \u00e0 une <strong>Antenne 16-20<\/strong><\/li>\n<\/ul>\n<p><strong>Un ESAT Hors Murs<\/strong> (Etablissement et Service d&rsquo;Accompagnement par le Travail)<\/p>\n<p><strong>Un foyer de vie<\/strong><\/p>\n<p>La plateforme est g\u00e9r\u00e9e par la<strong> F\u00e9d\u00e9ration APAJH, <\/strong>association reconnue d&rsquo;utilit\u00e9 publique.<\/p>\n<p>L\u2019APAJH, Association Pour Adultes et Jeunes Handicap\u00e9s, fait avancer la r\u00e9flexion et l\u2019action pour assurer \u00e0 chacun un \u00e9gal acc\u00e8s aux droits : droit \u00e0 l\u2019\u00e9cole, droit \u00e0 la vie professionnelle, droit \u00e0 la vie sociale et culturelle, droit \u00e0 une vie intime et affective.<\/p>\n<p>Reconnue d\u2019utilit\u00e9 publique, l\u2019APAJH est le premier organisme en France \u00e0 consid\u00e9rer et accompagner tous les types de handicap : physiques, intellectuels, sensoriels, psychiques, cognitifs, polyhandicaps, troubles de sant\u00e9 invalidants (\u2026).<\/p>\n<figure class=\"wp-block-embed is-type-video is-provider-youtube wp-block-embed-youtube wp-embed-aspect-16-9 wp-has-aspect-ratio\">\n<div class=\"wp-block-embed__wrapper\">\n<p><iframe loading=\"lazy\" title=\"Pr\u00e9sentation de l&#039;APAJH, mouvement citoyen, tout handicap et tout \u00e2ge de la vie.\" width=\"640\" height=\"360\" src=\"https:\/\/www.youtube.com\/embed\/9fF8S4O9vT4?feature=oembed\" frameborder=\"0\" allow=\"accelerometer; autoplay; clipboard-write; encrypted-media; gyroscope; picture-in-picture; web-share\" referrerpolicy=\"strict-origin-when-cross-origin\" allowfullscreen><\/iframe><\/p>\n<\/div>\n<\/figure>\n<figure class=\"wp-block-pullquote\">\n<blockquote><p><strong><span class=\"has-inline-color\">\u00ab \u00catre en situation de handicap au sein d\u2019une soci\u00e9t\u00e9 plus juste qui s\u2019adapte aux attentes et besoins de toutes et de tous, et laisse sa place \u00e0 chacun. \u00bb<\/span><\/strong><\/p><\/blockquote>\n<\/figure>\n<p>Mouvement citoyen, l\u2019association milite pour la pleine citoyennet\u00e9 des personnes en situation de handicap, pour une soci\u00e9t\u00e9 o\u00f9 l\u2019ensemble des dispositifs sont accessibles \u00e0 tous dans le respect des souhaits et attentes de chacun.<\/p>\n<p>L\u2019APAJH consid\u00e8re que le handicap rel\u00e8ve de la soci\u00e9t\u00e9 tout enti\u00e8re, et inscrit ses combats dans le projet d\u2019une soci\u00e9t\u00e9 du vivre-ensemble, fond\u00e9 sur les valeurs de la R\u00e9publique.<\/p>\n<p>\u00ab \u00catre des citoyens \u00e0 part enti\u00e8re \u00bb, signifie, pour les personnes en situation de handicap exercer ses choix de vie et b\u00e9n\u00e9ficier des adaptations et des accompagnements sp\u00e9cialis\u00e9s rendant la soci\u00e9t\u00e9 universellement accessible.<\/p>\n<p><strong>L\u2019APAJH appelle \u00e0 construire collectivement une soci\u00e9t\u00e9 inclusive, l\u2019acc\u00e8s \u00e0 tout, pour tous, avec tous !<\/strong><\/p>\n<p>Pour en savoir plus, rendez-vous sur\u00a0<a href=\"https:\/\/www.apajh.org\/\" target=\"_blank\" rel=\"noopener\"><span style=\"text-decoration: underline;\">www.apajh.org<\/span><\/a><\/p>\n<p>&nbsp;<\/p>\n<h2>Pourquoi parle t-on de plateforme ?<\/h2>\n<p>La plateforme n\u2019est pas une entit\u00e9 administrative particuli\u00e8re mais bien une organisation qui traduit une philosophie d\u2019accompagnement.<\/p>\n<p>Le fonctionnement en plateforme renvoie \u00e0 une dynamique d\u2019accompagnement qui place la personne en situation de handicap au centre du processus et veille \u00e0 apporter des r\u00e9ponses aux souhaits, attentes et besoins des personnes accompagn\u00e9es.<\/p>\n<p>La plateforme va alors proposer des prestations qu\u2019elle peut dispenser en ayant recours \u00e0 ses ressources internes, mais aussi en collaboration avec d\u2019autres structures APAJH ou en coop\u00e9ration avec des partenaires ext\u00e9rieurs et notamment le droit commun.<\/p>\n<p><b>La plateforme oblige les acteurs \u00e0 formaliser et conceptualiser la coordination de parcours qui devient un axe majeur du dispositif.<\/b><\/p>\n","protected":false},"excerpt":{"rendered":"<p>La plateforme Enfant \u2013 Adulte du Beaujolais accompagne des personnes \u00e0 diff\u00e9rents \u00e2ges de la vie et plusieurs \u00e9tapes du parcours. Elle est organis\u00e9e de la mani\u00e8re suivante: Un SESSAD constitu\u00e9 en P\u00f4les : P\u00f4le TSA : comprenant une antenne SESSAD renforc\u00e9, deux UEMA (Unit\u00e9 d&rsquo;Enseignement Maternelle Autisme), une UEEA (Unit\u00e9 d&rsquo;Enseignement El\u00e9mentaire Autisme) P\u00f4le<\/p>\n","protected":false},"author":1337,"featured_media":0,"parent":0,"menu_order":0,"comment_status":"closed","ping_status":"closed","template":"","meta":{"_acf_changed":false,"_exactmetrics_skip_tracking":false,"_exactmetrics_sitenote_active":false,"_exactmetrics_sitenote_note":"","_exactmetrics_sitenote_category":0,"footnotes":""},"class_list":["post-14","page","type-page","status-publish","hentry"],"acf":[],"yoast_head":"<!-- This site is optimized with the Yoast SEO plugin v27.3 - https:\/\/yoast.com\/product\/yoast-seo-wordpress\/ -->\n<title>Qui sommes-nous ? - Plateforme Enfant-Adulte du Beaujolais - APAJH &amp; Vous<\/title>\n<meta name=\"robots\" content=\"index, follow, max-snippet:-1, max-image-preview:large, max-video-preview:-1\" \/>\n<link rel=\"canonical\" href=\"https:\/\/apajhetvous.apajh.org\/plateformebeaujolais\/qui-sommes-nous\/\" \/>\n<meta property=\"og:locale\" content=\"fr_FR\" \/>\n<meta property=\"og:type\" content=\"article\" \/>\n<meta property=\"og:title\" content=\"Qui sommes-nous ? - Plateforme Enfant-Adulte du Beaujolais - APAJH &amp; Vous\" \/>\n<meta property=\"og:description\" content=\"La plateforme Enfant \u2013 Adulte du Beaujolais accompagne des personnes \u00e0 diff\u00e9rents \u00e2ges de la vie et plusieurs \u00e9tapes du parcours. Elle est organis\u00e9e de la mani\u00e8re suivante: Un SESSAD constitu\u00e9 en P\u00f4les : P\u00f4le TSA : comprenant une antenne SESSAD renforc\u00e9, deux UEMA (Unit\u00e9 d&rsquo;Enseignement Maternelle Autisme), une UEEA (Unit\u00e9 d&rsquo;Enseignement El\u00e9mentaire Autisme) P\u00f4le\" \/>\n<meta property=\"og:url\" content=\"https:\/\/apajhetvous.apajh.org\/plateformebeaujolais\/qui-sommes-nous\/\" \/>\n<meta property=\"og:site_name\" content=\"Plateforme Enfant-Adulte du Beaujolais - APAJH &amp; Vous\" \/>\n<meta property=\"article:modified_time\" content=\"2025-12-11T09:51:16+00:00\" \/>\n<meta name=\"twitter:card\" content=\"summary_large_image\" \/>\n<meta name=\"twitter:label1\" content=\"Dur\u00e9e de lecture estim\u00e9e\" \/>\n\t<meta name=\"twitter:data1\" content=\"2 minutes\" \/>\n<script type=\"application\/ld+json\" class=\"yoast-schema-graph\">{\"@context\":\"https:\\\/\\\/schema.org\",\"@graph\":[{\"@type\":\"WebPage\",\"@id\":\"https:\\\/\\\/apajhetvous.apajh.org\\\/plateformebeaujolais\\\/qui-sommes-nous\\\/\",\"url\":\"https:\\\/\\\/apajhetvous.apajh.org\\\/plateformebeaujolais\\\/qui-sommes-nous\\\/\",\"name\":\"Qui sommes-nous ? - Plateforme Enfant-Adulte du Beaujolais - APAJH &amp; Vous\",\"isPartOf\":{\"@id\":\"https:\\\/\\\/apajhetvous.apajh.org\\\/plateformebeaujolais\\\/#website\"},\"datePublished\":\"2018-09-10T14:44:27+00:00\",\"dateModified\":\"2025-12-11T09:51:16+00:00\",\"inLanguage\":\"fr-FR\",\"potentialAction\":[{\"@type\":\"ReadAction\",\"target\":[\"https:\\\/\\\/apajhetvous.apajh.org\\\/plateformebeaujolais\\\/qui-sommes-nous\\\/\"]}]},{\"@type\":\"WebSite\",\"@id\":\"https:\\\/\\\/apajhetvous.apajh.org\\\/plateformebeaujolais\\\/#website\",\"url\":\"https:\\\/\\\/apajhetvous.apajh.org\\\/plateformebeaujolais\\\/\",\"name\":\"Plateforme Enfant-Adulte du Beaujolais - APAJH &amp; Vous\",\"description\":\"APAJH &amp; Vous\",\"potentialAction\":[{\"@type\":\"SearchAction\",\"target\":{\"@type\":\"EntryPoint\",\"urlTemplate\":\"https:\\\/\\\/apajhetvous.apajh.org\\\/plateformebeaujolais\\\/?s={search_term_string}\"},\"query-input\":{\"@type\":\"PropertyValueSpecification\",\"valueRequired\":true,\"valueName\":\"search_term_string\"}}],\"inLanguage\":\"fr-FR\"}]}<\/script>\n<!-- \/ Yoast SEO plugin. -->","yoast_head_json":{"title":"Qui sommes-nous ? - Plateforme Enfant-Adulte du Beaujolais - APAJH &amp; Vous","robots":{"index":"index","follow":"follow","max-snippet":"max-snippet:-1","max-image-preview":"max-image-preview:large","max-video-preview":"max-video-preview:-1"},"canonical":"https:\/\/apajhetvous.apajh.org\/plateformebeaujolais\/qui-sommes-nous\/","og_locale":"fr_FR","og_type":"article","og_title":"Qui sommes-nous ? - Plateforme Enfant-Adulte du Beaujolais - APAJH &amp; Vous","og_description":"La plateforme Enfant \u2013 Adulte du Beaujolais accompagne des personnes \u00e0 diff\u00e9rents \u00e2ges de la vie et plusieurs \u00e9tapes du parcours. Elle est organis\u00e9e de la mani\u00e8re suivante: Un SESSAD constitu\u00e9 en P\u00f4les : P\u00f4le TSA : comprenant une antenne SESSAD renforc\u00e9, deux UEMA (Unit\u00e9 d&rsquo;Enseignement Maternelle Autisme), une UEEA (Unit\u00e9 d&rsquo;Enseignement El\u00e9mentaire Autisme) P\u00f4le","og_url":"https:\/\/apajhetvous.apajh.org\/plateformebeaujolais\/qui-sommes-nous\/","og_site_name":"Plateforme Enfant-Adulte du Beaujolais - APAJH &amp; Vous","article_modified_time":"2025-12-11T09:51:16+00:00","twitter_card":"summary_large_image","twitter_misc":{"Dur\u00e9e de lecture estim\u00e9e":"2 minutes"},"schema":{"@context":"https:\/\/schema.org","@graph":[{"@type":"WebPage","@id":"https:\/\/apajhetvous.apajh.org\/plateformebeaujolais\/qui-sommes-nous\/","url":"https:\/\/apajhetvous.apajh.org\/plateformebeaujolais\/qui-sommes-nous\/","name":"Qui sommes-nous ? - Plateforme Enfant-Adulte du Beaujolais - APAJH &amp; Vous","isPartOf":{"@id":"https:\/\/apajhetvous.apajh.org\/plateformebeaujolais\/#website"},"datePublished":"2018-09-10T14:44:27+00:00","dateModified":"2025-12-11T09:51:16+00:00","inLanguage":"fr-FR","potentialAction":[{"@type":"ReadAction","target":["https:\/\/apajhetvous.apajh.org\/plateformebeaujolais\/qui-sommes-nous\/"]}]},{"@type":"WebSite","@id":"https:\/\/apajhetvous.apajh.org\/plateformebeaujolais\/#website","url":"https:\/\/apajhetvous.apajh.org\/plateformebeaujolais\/","name":"Plateforme Enfant-Adulte du Beaujolais - APAJH &amp; Vous","description":"APAJH &amp; Vous","potentialAction":[{"@type":"SearchAction","target":{"@type":"EntryPoint","urlTemplate":"https:\/\/apajhetvous.apajh.org\/plateformebeaujolais\/?s={search_term_string}"},"query-input":{"@type":"PropertyValueSpecification","valueRequired":true,"valueName":"search_term_string"}}],"inLanguage":"fr-FR"}]}},"_links":{"self":[{"href":"https:\/\/apajhetvous.apajh.org\/plateformebeaujolais\/wp-json\/wp\/v2\/pages\/14","targetHints":{"allow":["GET"]}}],"collection":[{"href":"https:\/\/apajhetvous.apajh.org\/plateformebeaujolais\/wp-json\/wp\/v2\/pages"}],"about":[{"href":"https:\/\/apajhetvous.apajh.org\/plateformebeaujolais\/wp-json\/wp\/v2\/types\/page"}],"author":[{"embeddable":true,"href":"https:\/\/apajhetvous.apajh.org\/plateformebeaujolais\/wp-json\/wp\/v2\/users\/1337"}],"replies":[{"embeddable":true,"href":"https:\/\/apajhetvous.apajh.org\/plateformebeaujolais\/wp-json\/wp\/v2\/comments?post=14"}],"version-history":[{"count":6,"href":"https:\/\/apajhetvous.apajh.org\/plateformebeaujolais\/wp-json\/wp\/v2\/pages\/14\/revisions"}],"predecessor-version":[{"id":6025,"href":"https:\/\/apajhetvous.apajh.org\/plateformebeaujolais\/wp-json\/wp\/v2\/pages\/14\/revisions\/6025"}],"wp:attachment":[{"href":"https:\/\/apajhetvous.apajh.org\/plateformebeaujolais\/wp-json\/wp\/v2\/media?parent=14"}],"curies":[{"name":"wp","href":"https:\/\/api.w.org\/{rel}","templated":true}]}}