{"id":3631,"date":"2021-11-18T16:45:27","date_gmt":"2021-11-18T15:45:27","guid":{"rendered":"https:\/\/apajhetvous.apajh.org\/plateformebeaujolais\/?page_id=3631"},"modified":"2022-11-23T11:49:49","modified_gmt":"2022-11-23T10:49:49","slug":"2-uem","status":"publish","type":"page","link":"https:\/\/apajhetvous.apajh.org\/plateformebeaujolais\/2-uem\/","title":{"rendered":"Nos deux Unit\u00e9s d&rsquo;enseignement maternelle"},"content":{"rendered":"<p><strong>Nos deux unit\u00e9s d&rsquo;enseignement maternelle (UEM) accompagnent des enfants dans une classe, implant\u00e9e dans une \u00e9cole dite \u00ab\u00a0ordinaire\u00a0\u00bb.<\/strong><\/p>\n<p>Une UEM\u00a0 est donc une classe d\u2019un \u00e9tablissement m\u00e9dico-\u00e9ducatif qui est implant\u00e9e dans une \u00e9cole maternelle pour y accueillir des enfants avec autisme.\u00a0 Une \u00e9quipe pluriprofessionnelle de 5 membres \u00e9ducatif, de deux param\u00e9dicaux , une psychologue \u00e0 temps partiel et une enseignante accompagnent les enfants 21h par semaine. Elles sont rattach\u00e9es au <a href=\"https:\/\/apajhetvous.apajh.org\/plateformebeaujolais\/le-sessad\/\" target=\"_blank\" rel=\"noopener\">SESSAD APAJH.<\/a><\/p>\n<p>Un cahier des charges (t\u00e9l\u00e9chargeable sur internet) cadre les missions de ce dispositif.<a href=\"https:\/\/www.legifrance.gouv.fr\/download\/pdf\/circ?id=41145\">https:\/\/www.legifrance.gouv.fr\/download\/pdf\/circ?id=41145<\/a><\/p>\n<p>Fiche de proc\u00e9dure en vue d&rsquo;une inscription: <a href=\"https:\/\/apajhetvous.apajh.org\/plateformebeaujolais\/wp-content\/uploads\/2022\/11\/Profil-UEM.pdf\">Profil UEM<\/a><\/p>\n<p><b>Le cadre du dispositif : <\/b><\/p>\n<p>Il s\u2019agit d\u2019une Unit\u00e9 d\u2019Enseignement Maternelle, dispositif initi\u00e9 dans le cadre du 3\u00e8me plan autisme de 2013-2017. C\u2019est un dispositif m\u00e9dico social implant\u00e9 dans une \u00e9cole maternelle.<\/p>\n<p>Son objectif \u00a0: mobiliser les capacit\u00e9s d\u2019inclusion et d\u2019apprentissage au plus t\u00f4t par des m\u00e9thodes \u00e9ducatives, th\u00e9rapeutiques et d\u2019enseignement adapt\u00e9s.<\/p>\n<p>La cr\u00e9ation des UEM a \u00e9t\u00e9 r\u00e9partie sur la dur\u00e9e du plan, \u00e0 savoir une unit\u00e9 par acad\u00e9mie en 2014 tendant progressivement \u00e0 une par d\u00e9partement.<\/p>\n<p>La mise en place et l\u2019organisation des UEM sont soumises \u00e0 un cahier des charges publi\u00e9 dans le BO n\u00b017 du 24 avril 2014.<\/p>\n<p>Un Copil rassemble les diff\u00e9rents acteurs et permet une r\u00e9gulation active de la coop\u00e9ration.<\/p>\n<p><b>Les enfants accompagn\u00e9s : <\/b><\/p>\n<p>-7 enfants de 3 \u00e0 6 ans avec autisme ou autre trouble envahissant du d\u00e9veloppement. Ils doivent normalement int\u00e9grer le dispositif l\u2019ann\u00e9e de leur 3 ans.<\/p>\n<p>-Accompagnement sur 3 ans maximum (dur\u00e9e \u00e9cole maternelle)<\/p>\n<p>-Les enfants doivent \u00eatre accueillis \u00e0 l\u2019\u00e9cole 21h par semaine et sur le m\u00eame temps que les autres \u00e9l\u00e8ves de leur classe d\u2019\u00e2ge, pour des temps consacr\u00e9s aux apprentissages et \u00e0 l\u2019accompagnement m\u00e9dico-social.<\/p>\n<p>-Dans le d\u00e9partement du Rh\u00f4ne, il a \u00e9t\u00e9 d\u00e9cid\u00e9 que les enfants devaient venir accompagn\u00e9s de leurs parents. Il n&rsquo;y a pas de transports taxi.<\/p>\n<p>-Les dossiers de candidatures sont \u00e9tudi\u00e9s par la MDPH <b>une fois le diagnostic pos\u00e9<\/b>, puis pr\u00e9sent\u00e9 en Comit\u00e9 de pilotage une fois par an, en juin.<\/p>\n<p>&nbsp;<\/p>\n<p>&nbsp;<\/p>\n","protected":false},"excerpt":{"rendered":"<p>Nos deux unit\u00e9s d&rsquo;enseignement maternelle (UEM) accompagnent des enfants dans une classe, implant\u00e9e dans une \u00e9cole dite \u00ab\u00a0ordinaire\u00a0\u00bb. Une UEM\u00a0 est donc une classe d\u2019un \u00e9tablissement m\u00e9dico-\u00e9ducatif qui est implant\u00e9e dans une \u00e9cole maternelle pour y accueillir des enfants avec autisme.\u00a0 Une \u00e9quipe pluriprofessionnelle de 5 membres \u00e9ducatif, de deux param\u00e9dicaux , une psychologue \u00e0<\/p>\n","protected":false},"author":3338,"featured_media":0,"parent":0,"menu_order":0,"comment_status":"closed","ping_status":"closed","template":"","meta":{"_acf_changed":false,"_exactmetrics_skip_tracking":false,"_exactmetrics_sitenote_active":false,"_exactmetrics_sitenote_note":"","_exactmetrics_sitenote_category":0,"footnotes":""},"class_list":["post-3631","page","type-page","status-publish","hentry"],"acf":[],"yoast_head":"<!-- This site is optimized with the Yoast SEO plugin v27.3 - https:\/\/yoast.com\/product\/yoast-seo-wordpress\/ -->\n<title>Nos deux Unit\u00e9s d&#039;enseignement maternelle - Plateforme Enfant-Adulte du Beaujolais - APAJH &amp; Vous<\/title>\n<meta name=\"robots\" content=\"index, follow, max-snippet:-1, max-image-preview:large, max-video-preview:-1\" \/>\n<link rel=\"canonical\" href=\"https:\/\/apajhetvous.apajh.org\/plateformebeaujolais\/2-uem\/\" \/>\n<meta property=\"og:locale\" content=\"fr_FR\" \/>\n<meta property=\"og:type\" content=\"article\" \/>\n<meta property=\"og:title\" content=\"Nos deux Unit\u00e9s d&#039;enseignement maternelle - Plateforme Enfant-Adulte du Beaujolais - APAJH &amp; Vous\" \/>\n<meta property=\"og:description\" content=\"Nos deux unit\u00e9s d&rsquo;enseignement maternelle (UEM) accompagnent des enfants dans une classe, implant\u00e9e dans une \u00e9cole dite \u00ab\u00a0ordinaire\u00a0\u00bb. Une UEM\u00a0 est donc une classe d\u2019un \u00e9tablissement m\u00e9dico-\u00e9ducatif qui est implant\u00e9e dans une \u00e9cole maternelle pour y accueillir des enfants avec autisme.\u00a0 Une \u00e9quipe pluriprofessionnelle de 5 membres \u00e9ducatif, de deux param\u00e9dicaux , une psychologue \u00e0\" \/>\n<meta property=\"og:url\" content=\"https:\/\/apajhetvous.apajh.org\/plateformebeaujolais\/2-uem\/\" \/>\n<meta property=\"og:site_name\" content=\"Plateforme Enfant-Adulte du Beaujolais - APAJH &amp; Vous\" \/>\n<meta property=\"article:modified_time\" content=\"2022-11-23T10:49:49+00:00\" \/>\n<meta name=\"twitter:card\" content=\"summary_large_image\" \/>\n<meta name=\"twitter:label1\" content=\"Dur\u00e9e de lecture estim\u00e9e\" \/>\n\t<meta name=\"twitter:data1\" content=\"2 minutes\" \/>\n<script type=\"application\/ld+json\" class=\"yoast-schema-graph\">{\"@context\":\"https:\\\/\\\/schema.org\",\"@graph\":[{\"@type\":\"WebPage\",\"@id\":\"https:\\\/\\\/apajhetvous.apajh.org\\\/plateformebeaujolais\\\/2-uem\\\/\",\"url\":\"https:\\\/\\\/apajhetvous.apajh.org\\\/plateformebeaujolais\\\/2-uem\\\/\",\"name\":\"Nos deux Unit\u00e9s d'enseignement maternelle - Plateforme Enfant-Adulte du Beaujolais - APAJH &amp; Vous\",\"isPartOf\":{\"@id\":\"https:\\\/\\\/apajhetvous.apajh.org\\\/plateformebeaujolais\\\/#website\"},\"datePublished\":\"2021-11-18T15:45:27+00:00\",\"dateModified\":\"2022-11-23T10:49:49+00:00\",\"inLanguage\":\"fr-FR\",\"potentialAction\":[{\"@type\":\"ReadAction\",\"target\":[\"https:\\\/\\\/apajhetvous.apajh.org\\\/plateformebeaujolais\\\/2-uem\\\/\"]}]},{\"@type\":\"WebSite\",\"@id\":\"https:\\\/\\\/apajhetvous.apajh.org\\\/plateformebeaujolais\\\/#website\",\"url\":\"https:\\\/\\\/apajhetvous.apajh.org\\\/plateformebeaujolais\\\/\",\"name\":\"Plateforme Enfant-Adulte du Beaujolais - APAJH &amp; Vous\",\"description\":\"APAJH &amp; Vous\",\"potentialAction\":[{\"@type\":\"SearchAction\",\"target\":{\"@type\":\"EntryPoint\",\"urlTemplate\":\"https:\\\/\\\/apajhetvous.apajh.org\\\/plateformebeaujolais\\\/?s={search_term_string}\"},\"query-input\":{\"@type\":\"PropertyValueSpecification\",\"valueRequired\":true,\"valueName\":\"search_term_string\"}}],\"inLanguage\":\"fr-FR\"}]}<\/script>\n<!-- \/ Yoast SEO plugin. -->","yoast_head_json":{"title":"Nos deux Unit\u00e9s d'enseignement maternelle - Plateforme Enfant-Adulte du Beaujolais - APAJH &amp; Vous","robots":{"index":"index","follow":"follow","max-snippet":"max-snippet:-1","max-image-preview":"max-image-preview:large","max-video-preview":"max-video-preview:-1"},"canonical":"https:\/\/apajhetvous.apajh.org\/plateformebeaujolais\/2-uem\/","og_locale":"fr_FR","og_type":"article","og_title":"Nos deux Unit\u00e9s d'enseignement maternelle - Plateforme Enfant-Adulte du Beaujolais - APAJH &amp; Vous","og_description":"Nos deux unit\u00e9s d&rsquo;enseignement maternelle (UEM) accompagnent des enfants dans une classe, implant\u00e9e dans une \u00e9cole dite \u00ab\u00a0ordinaire\u00a0\u00bb. Une UEM\u00a0 est donc une classe d\u2019un \u00e9tablissement m\u00e9dico-\u00e9ducatif qui est implant\u00e9e dans une \u00e9cole maternelle pour y accueillir des enfants avec autisme.\u00a0 Une \u00e9quipe pluriprofessionnelle de 5 membres \u00e9ducatif, de deux param\u00e9dicaux , une psychologue \u00e0","og_url":"https:\/\/apajhetvous.apajh.org\/plateformebeaujolais\/2-uem\/","og_site_name":"Plateforme Enfant-Adulte du Beaujolais - APAJH &amp; Vous","article_modified_time":"2022-11-23T10:49:49+00:00","twitter_card":"summary_large_image","twitter_misc":{"Dur\u00e9e de lecture estim\u00e9e":"2 minutes"},"schema":{"@context":"https:\/\/schema.org","@graph":[{"@type":"WebPage","@id":"https:\/\/apajhetvous.apajh.org\/plateformebeaujolais\/2-uem\/","url":"https:\/\/apajhetvous.apajh.org\/plateformebeaujolais\/2-uem\/","name":"Nos deux Unit\u00e9s d'enseignement maternelle - Plateforme Enfant-Adulte du Beaujolais - APAJH &amp; Vous","isPartOf":{"@id":"https:\/\/apajhetvous.apajh.org\/plateformebeaujolais\/#website"},"datePublished":"2021-11-18T15:45:27+00:00","dateModified":"2022-11-23T10:49:49+00:00","inLanguage":"fr-FR","potentialAction":[{"@type":"ReadAction","target":["https:\/\/apajhetvous.apajh.org\/plateformebeaujolais\/2-uem\/"]}]},{"@type":"WebSite","@id":"https:\/\/apajhetvous.apajh.org\/plateformebeaujolais\/#website","url":"https:\/\/apajhetvous.apajh.org\/plateformebeaujolais\/","name":"Plateforme Enfant-Adulte du Beaujolais - APAJH &amp; Vous","description":"APAJH &amp; Vous","potentialAction":[{"@type":"SearchAction","target":{"@type":"EntryPoint","urlTemplate":"https:\/\/apajhetvous.apajh.org\/plateformebeaujolais\/?s={search_term_string}"},"query-input":{"@type":"PropertyValueSpecification","valueRequired":true,"valueName":"search_term_string"}}],"inLanguage":"fr-FR"}]}},"_links":{"self":[{"href":"https:\/\/apajhetvous.apajh.org\/plateformebeaujolais\/wp-json\/wp\/v2\/pages\/3631","targetHints":{"allow":["GET"]}}],"collection":[{"href":"https:\/\/apajhetvous.apajh.org\/plateformebeaujolais\/wp-json\/wp\/v2\/pages"}],"about":[{"href":"https:\/\/apajhetvous.apajh.org\/plateformebeaujolais\/wp-json\/wp\/v2\/types\/page"}],"author":[{"embeddable":true,"href":"https:\/\/apajhetvous.apajh.org\/plateformebeaujolais\/wp-json\/wp\/v2\/users\/3338"}],"replies":[{"embeddable":true,"href":"https:\/\/apajhetvous.apajh.org\/plateformebeaujolais\/wp-json\/wp\/v2\/comments?post=3631"}],"version-history":[{"count":10,"href":"https:\/\/apajhetvous.apajh.org\/plateformebeaujolais\/wp-json\/wp\/v2\/pages\/3631\/revisions"}],"predecessor-version":[{"id":4344,"href":"https:\/\/apajhetvous.apajh.org\/plateformebeaujolais\/wp-json\/wp\/v2\/pages\/3631\/revisions\/4344"}],"wp:attachment":[{"href":"https:\/\/apajhetvous.apajh.org\/plateformebeaujolais\/wp-json\/wp\/v2\/media?parent=3631"}],"curies":[{"name":"wp","href":"https:\/\/api.w.org\/{rel}","templated":true}]}}