{"id":3633,"date":"2021-11-18T16:48:55","date_gmt":"2021-11-18T15:48:55","guid":{"rendered":"https:\/\/apajhetvous.apajh.org\/plateformebeaujolais\/?page_id=3633"},"modified":"2022-11-23T11:53:10","modified_gmt":"2022-11-23T10:53:10","slug":"une-ueea","status":"publish","type":"page","link":"https:\/\/apajhetvous.apajh.org\/plateformebeaujolais\/une-ueea\/","title":{"rendered":"L&rsquo;Unit\u00e9 d&rsquo;enseignement \u00e9l\u00e9mentaire Autisme"},"content":{"rendered":"<p><strong>Situ\u00e9e \u00e0 Vaux-en-Velin, l&rsquo;Unit\u00e9 d\u2019Enseignement El\u00e9mentaire Autisme accueille des enfants \u00e2g\u00e9s de\u00a0 7 \u00e0 10 enfants.\u00a0<\/strong><\/p>\n<p>L&rsquo;Unit\u00e9 d\u2019Enseignement en El\u00e9mentaire Autisme (UEE) est une classe implant\u00e9e dans une \u00e9cole ordinaire mais rattach\u00e9e \u00e0 un \u00e9tablissement m\u00e9dico-social. Ouverte depuis novembre 2018, elle accueille des enfants avec autisme.<\/p>\n<p>La cr\u00e9ation des UEEA s\u2019inscrit dans la mise en \u0153uvre de l\u2019engagement n\u00b03 de la strat\u00e9gie nationale pour l\u2019autisme au sein des troubles du neuro-d\u00e9veloppement (TND) 2018-2022 qui pr\u00e9voit notamment la cr\u00e9ation de 45unit\u00e9s d\u2019enseignement en \u00e9l\u00e9mentaire autisme (UEEA) d\u2019ici 2022, r\u00e9parties sur les zones du territoire qui comptent le plus de jeunes enfants.<\/p>\n<p>L\u2019UEEA APAJH de Vaulx-en-Velin a ouvert ses portes fin 2018.<\/p>\n<p>Les dossiers de candidatures sont \u00e9tudi\u00e9s par la MDPH <b>une fois le diagnostic pos\u00e9<\/b>, puis pr\u00e9sent\u00e9s \u00e0 un Comit\u00e9 de pilotage qui a lieu une fois par an, en juin.<\/p>\n<p>c\u2019est une dispositif Education National avec l\u2019appui du m\u00e9dico-social et la participation de la commune d\u2019implantation. L\u2019\u00e9quipe est compos\u00e9e de 4 professionnels : 2 EN, et 2 \u00e9ducatrices du m\u00e9dico-social. L&rsquo;organisation du SESSAD Apajh a permis la cr\u00e9ation d&rsquo;un poste d&rsquo;apprentie \u00e9ducatrice suppl\u00e9mentaire<\/p>\n<p>L\u2019\u00e9quipe d&rsquo;encadrement (cheffes de service et direction), ainsi que le secr\u00e9tariat, le m\u00e9decin et l&rsquo;assistante sociale du SESSAD sont mutualis\u00e9s pour l&rsquo;UEEA.<\/p>\n<p>L&rsquo;UEEA :<\/p>\n<p>-7 \u00e0 10 enfants de la classe d\u2019\u00e2ge de l\u2019\u00e9cole \u00e9l\u00e9mentaire, avec autisme ou autres troubles envahissants du d\u00e9veloppement, ne pouvant pas suivre une scolarit\u00e9 sans accompagnement sp\u00e9cifique, orient\u00e9e par la MDPH. Pour l\u2019UEEA de vaux en Velin le Copil a statu\u00e9 sur 7 places pour favoriser l\u2019accompagnement des enfants, l\u2019\u00e9quipe \u00e9tant de 4 personnes seulement.<\/p>\n<p>-22 heures d\u2019accompagnement sur les temps de classes, la scolarisation \u00e0 temps plein est demand\u00e9e<\/p>\n<p>-L\u2019\u00e9quipe est compos\u00e9e de deux professionnels de l\u2019Education Nationale (enseignante sp\u00e9cialis\u00e9e et<br \/>\nAESH) et deux professionnels du m\u00e9dico-social (\u00e9ducateur sp\u00e9cialis\u00e9 et moniteur \u00e9ducateur).<\/p>\n<p>-Les professionnels de l\u2019\u00e9quipe pluridisciplinaire de l\u2019UEEA interviennent conjointement sur les temps<br \/>\nde classe et sur les temps de r\u00e9cr\u00e9ation, sur la cantine<\/p>\n<p>-les interventions se r\u00e9f\u00e8rent aux recommandations de bonnes pratiques de la HAS et de l\u2019ANESM et<br \/>\nsont toujours r\u00e9fl\u00e9chies au cas par cas<\/p>\n<p>-Un dispositif d\u00e9crit comme une Ulis renforc\u00e9e<\/p>\n<p>&nbsp;<\/p>\n<p><u><b>Les <\/b><\/u><u><b>documents de travail\u00a0: <\/b><\/u><\/p>\n<p>-Le cahier des charges 2e version.\u00a0<a href=\"https:\/\/cache.media.eduscol.education.fr\/file\/Ecole_inclusive\/86\/4\/Cahier_des_charges_UEEA_1194864.pdf\">https:\/\/cache.media.eduscol.education.fr\/file\/Ecole_inclusive\/86\/4\/Cahier_des_charges_UEEA_1194864.pdf<\/a><\/p>\n<p>-Documents se trouvant sur le kit UEEA \u00e9dit\u00e9 par le CRAIF.\u00a0<a href=\"https:\/\/padlet.com\/CRAIF\/kit_ecole_UEEA\">https:\/\/padlet.com\/CRAIF\/kit_ecole_UEEA<\/a><\/p>\n<p>&#8211; Fiche proc\u00e9dure en vue d&rsquo;une inscription : <a href=\"https:\/\/apajhetvous.apajh.org\/plateformebeaujolais\/wp-content\/uploads\/2022\/11\/Profil-UEEA.pdf\">Profil UEEA<\/a><\/p>\n<p>&#8211; La loi 2002-2<\/p>\n<p>-Les apports des superviseuses<\/p>\n","protected":false},"excerpt":{"rendered":"<p>Situ\u00e9e \u00e0 Vaux-en-Velin, l&rsquo;Unit\u00e9 d\u2019Enseignement El\u00e9mentaire Autisme accueille des enfants \u00e2g\u00e9s de\u00a0 7 \u00e0 10 enfants.\u00a0 L&rsquo;Unit\u00e9 d\u2019Enseignement en El\u00e9mentaire Autisme (UEE) est une classe implant\u00e9e dans une \u00e9cole ordinaire mais rattach\u00e9e \u00e0 un \u00e9tablissement m\u00e9dico-social. Ouverte depuis novembre 2018, elle accueille des enfants avec autisme. La cr\u00e9ation des UEEA s\u2019inscrit dans la mise en<\/p>\n","protected":false},"author":3338,"featured_media":0,"parent":0,"menu_order":0,"comment_status":"closed","ping_status":"closed","template":"","meta":{"_acf_changed":false,"_exactmetrics_skip_tracking":false,"_exactmetrics_sitenote_active":false,"_exactmetrics_sitenote_note":"","_exactmetrics_sitenote_category":0,"footnotes":""},"class_list":["post-3633","page","type-page","status-publish","hentry"],"acf":[],"yoast_head":"<!-- This site is optimized with the Yoast SEO plugin v27.3 - https:\/\/yoast.com\/product\/yoast-seo-wordpress\/ -->\n<title>L&#039;Unit\u00e9 d&#039;enseignement \u00e9l\u00e9mentaire Autisme - Plateforme Enfant-Adulte du Beaujolais - APAJH &amp; Vous<\/title>\n<meta name=\"robots\" content=\"index, follow, max-snippet:-1, max-image-preview:large, max-video-preview:-1\" \/>\n<link rel=\"canonical\" href=\"https:\/\/apajhetvous.apajh.org\/plateformebeaujolais\/une-ueea\/\" \/>\n<meta property=\"og:locale\" content=\"fr_FR\" \/>\n<meta property=\"og:type\" content=\"article\" \/>\n<meta property=\"og:title\" content=\"L&#039;Unit\u00e9 d&#039;enseignement \u00e9l\u00e9mentaire Autisme - Plateforme Enfant-Adulte du Beaujolais - APAJH &amp; Vous\" \/>\n<meta property=\"og:description\" content=\"Situ\u00e9e \u00e0 Vaux-en-Velin, l&rsquo;Unit\u00e9 d\u2019Enseignement El\u00e9mentaire Autisme accueille des enfants \u00e2g\u00e9s de\u00a0 7 \u00e0 10 enfants.\u00a0 L&rsquo;Unit\u00e9 d\u2019Enseignement en El\u00e9mentaire Autisme (UEE) est une classe implant\u00e9e dans une \u00e9cole ordinaire mais rattach\u00e9e \u00e0 un \u00e9tablissement m\u00e9dico-social. Ouverte depuis novembre 2018, elle accueille des enfants avec autisme. La cr\u00e9ation des UEEA s\u2019inscrit dans la mise en\" \/>\n<meta property=\"og:url\" content=\"https:\/\/apajhetvous.apajh.org\/plateformebeaujolais\/une-ueea\/\" \/>\n<meta property=\"og:site_name\" content=\"Plateforme Enfant-Adulte du Beaujolais - APAJH &amp; Vous\" \/>\n<meta property=\"article:modified_time\" content=\"2022-11-23T10:53:10+00:00\" \/>\n<meta name=\"twitter:card\" content=\"summary_large_image\" \/>\n<meta name=\"twitter:label1\" content=\"Dur\u00e9e de lecture estim\u00e9e\" \/>\n\t<meta name=\"twitter:data1\" content=\"2 minutes\" \/>\n<script type=\"application\/ld+json\" class=\"yoast-schema-graph\">{\"@context\":\"https:\\\/\\\/schema.org\",\"@graph\":[{\"@type\":\"WebPage\",\"@id\":\"https:\\\/\\\/apajhetvous.apajh.org\\\/plateformebeaujolais\\\/une-ueea\\\/\",\"url\":\"https:\\\/\\\/apajhetvous.apajh.org\\\/plateformebeaujolais\\\/une-ueea\\\/\",\"name\":\"L'Unit\u00e9 d'enseignement \u00e9l\u00e9mentaire Autisme - Plateforme Enfant-Adulte du Beaujolais - APAJH &amp; Vous\",\"isPartOf\":{\"@id\":\"https:\\\/\\\/apajhetvous.apajh.org\\\/plateformebeaujolais\\\/#website\"},\"datePublished\":\"2021-11-18T15:48:55+00:00\",\"dateModified\":\"2022-11-23T10:53:10+00:00\",\"inLanguage\":\"fr-FR\",\"potentialAction\":[{\"@type\":\"ReadAction\",\"target\":[\"https:\\\/\\\/apajhetvous.apajh.org\\\/plateformebeaujolais\\\/une-ueea\\\/\"]}]},{\"@type\":\"WebSite\",\"@id\":\"https:\\\/\\\/apajhetvous.apajh.org\\\/plateformebeaujolais\\\/#website\",\"url\":\"https:\\\/\\\/apajhetvous.apajh.org\\\/plateformebeaujolais\\\/\",\"name\":\"Plateforme Enfant-Adulte du Beaujolais - APAJH &amp; Vous\",\"description\":\"APAJH &amp; Vous\",\"potentialAction\":[{\"@type\":\"SearchAction\",\"target\":{\"@type\":\"EntryPoint\",\"urlTemplate\":\"https:\\\/\\\/apajhetvous.apajh.org\\\/plateformebeaujolais\\\/?s={search_term_string}\"},\"query-input\":{\"@type\":\"PropertyValueSpecification\",\"valueRequired\":true,\"valueName\":\"search_term_string\"}}],\"inLanguage\":\"fr-FR\"}]}<\/script>\n<!-- \/ Yoast SEO plugin. -->","yoast_head_json":{"title":"L'Unit\u00e9 d'enseignement \u00e9l\u00e9mentaire Autisme - Plateforme Enfant-Adulte du Beaujolais - APAJH &amp; Vous","robots":{"index":"index","follow":"follow","max-snippet":"max-snippet:-1","max-image-preview":"max-image-preview:large","max-video-preview":"max-video-preview:-1"},"canonical":"https:\/\/apajhetvous.apajh.org\/plateformebeaujolais\/une-ueea\/","og_locale":"fr_FR","og_type":"article","og_title":"L'Unit\u00e9 d'enseignement \u00e9l\u00e9mentaire Autisme - Plateforme Enfant-Adulte du Beaujolais - APAJH &amp; Vous","og_description":"Situ\u00e9e \u00e0 Vaux-en-Velin, l&rsquo;Unit\u00e9 d\u2019Enseignement El\u00e9mentaire Autisme accueille des enfants \u00e2g\u00e9s de\u00a0 7 \u00e0 10 enfants.\u00a0 L&rsquo;Unit\u00e9 d\u2019Enseignement en El\u00e9mentaire Autisme (UEE) est une classe implant\u00e9e dans une \u00e9cole ordinaire mais rattach\u00e9e \u00e0 un \u00e9tablissement m\u00e9dico-social. Ouverte depuis novembre 2018, elle accueille des enfants avec autisme. La cr\u00e9ation des UEEA s\u2019inscrit dans la mise en","og_url":"https:\/\/apajhetvous.apajh.org\/plateformebeaujolais\/une-ueea\/","og_site_name":"Plateforme Enfant-Adulte du Beaujolais - APAJH &amp; Vous","article_modified_time":"2022-11-23T10:53:10+00:00","twitter_card":"summary_large_image","twitter_misc":{"Dur\u00e9e de lecture estim\u00e9e":"2 minutes"},"schema":{"@context":"https:\/\/schema.org","@graph":[{"@type":"WebPage","@id":"https:\/\/apajhetvous.apajh.org\/plateformebeaujolais\/une-ueea\/","url":"https:\/\/apajhetvous.apajh.org\/plateformebeaujolais\/une-ueea\/","name":"L'Unit\u00e9 d'enseignement \u00e9l\u00e9mentaire Autisme - Plateforme Enfant-Adulte du Beaujolais - APAJH &amp; Vous","isPartOf":{"@id":"https:\/\/apajhetvous.apajh.org\/plateformebeaujolais\/#website"},"datePublished":"2021-11-18T15:48:55+00:00","dateModified":"2022-11-23T10:53:10+00:00","inLanguage":"fr-FR","potentialAction":[{"@type":"ReadAction","target":["https:\/\/apajhetvous.apajh.org\/plateformebeaujolais\/une-ueea\/"]}]},{"@type":"WebSite","@id":"https:\/\/apajhetvous.apajh.org\/plateformebeaujolais\/#website","url":"https:\/\/apajhetvous.apajh.org\/plateformebeaujolais\/","name":"Plateforme Enfant-Adulte du Beaujolais - APAJH &amp; Vous","description":"APAJH &amp; Vous","potentialAction":[{"@type":"SearchAction","target":{"@type":"EntryPoint","urlTemplate":"https:\/\/apajhetvous.apajh.org\/plateformebeaujolais\/?s={search_term_string}"},"query-input":{"@type":"PropertyValueSpecification","valueRequired":true,"valueName":"search_term_string"}}],"inLanguage":"fr-FR"}]}},"_links":{"self":[{"href":"https:\/\/apajhetvous.apajh.org\/plateformebeaujolais\/wp-json\/wp\/v2\/pages\/3633","targetHints":{"allow":["GET"]}}],"collection":[{"href":"https:\/\/apajhetvous.apajh.org\/plateformebeaujolais\/wp-json\/wp\/v2\/pages"}],"about":[{"href":"https:\/\/apajhetvous.apajh.org\/plateformebeaujolais\/wp-json\/wp\/v2\/types\/page"}],"author":[{"embeddable":true,"href":"https:\/\/apajhetvous.apajh.org\/plateformebeaujolais\/wp-json\/wp\/v2\/users\/3338"}],"replies":[{"embeddable":true,"href":"https:\/\/apajhetvous.apajh.org\/plateformebeaujolais\/wp-json\/wp\/v2\/comments?post=3633"}],"version-history":[{"count":9,"href":"https:\/\/apajhetvous.apajh.org\/plateformebeaujolais\/wp-json\/wp\/v2\/pages\/3633\/revisions"}],"predecessor-version":[{"id":4347,"href":"https:\/\/apajhetvous.apajh.org\/plateformebeaujolais\/wp-json\/wp\/v2\/pages\/3633\/revisions\/4347"}],"wp:attachment":[{"href":"https:\/\/apajhetvous.apajh.org\/plateformebeaujolais\/wp-json\/wp\/v2\/media?parent=3633"}],"curies":[{"name":"wp","href":"https:\/\/api.w.org\/{rel}","templated":true}]}}