{"id":3635,"date":"2021-11-18T16:52:31","date_gmt":"2021-11-18T15:52:31","guid":{"rendered":"https:\/\/apajhetvous.apajh.org\/plateformebeaujolais\/?page_id=3635"},"modified":"2022-03-17T14:49:53","modified_gmt":"2022-03-17T13:49:53","slug":"le-foyer-vie","status":"publish","type":"page","link":"https:\/\/apajhetvous.apajh.org\/plateformebeaujolais\/le-foyer-vie\/","title":{"rendered":"Le Foyer de Vie Belleville"},"content":{"rendered":"<p>Le Foyer de vie Le Pr\u00e9 Vert Belleville, \u00e9tablissement d\u2019accueil non m\u00e9dicalis\u00e9, accueille 18 personnes.<\/p>\n<p>Les locaux du Foyer sont situ\u00e9s dans le centre-ville de l\u2019agglom\u00e9ration de Belleville-en-Beaujolais, situ\u00e9e \u00e0 45 kilom\u00e8tres au nord de Lyon, en bord de Sa\u00f4ne. Tous les commerces de proximit\u00e9 sont accessibles \u00e0 pied et la ville est dot\u00e9e de plusieurs grandes surfaces et magasins divers. Les professionnels de sant\u00e9 sont bien repr\u00e9sent\u00e9s (m\u00e9decins, dentistes, kin\u00e9s, orthophonistes, \u2026). Des \u00e9quipements municipaux sont \u00e0 disposition et \u00e9galement accessible \u00e0 pied (M\u00e9diath\u00e8que, Centre social).<\/p>\n<p>La localisation du Foyer dans le centre-ville de Belleville-en-Beaujolais permet d\u2019encourager l\u2019autonomie des personnes accueillies au foyer, tant dans leur d\u00e9placement, que lors de sorties en ville pour des achats personnels ou encore des activit\u00e9s sportives ou culturelles.<\/p>\n<p>Les personnes accueillies sont des adultes de 18 ans et plus, b\u00e9n\u00e9ficiant d\u2019une orientation de la CDAPH, n\u2019ayant pas le projet ou la capacit\u00e9 d\u2019\u00eatre au travail. L\u2019agr\u00e9ment de l\u2019\u00e9tablissement ne pr\u00e9voit pas un \u00e2ge limite sup\u00e9rieur. Aussi, et sauf en cas d\u2019impossibilit\u00e9 li\u00e9e \u00e0 l\u2019\u00e9tat de sant\u00e9 notamment, les personnes accueillies, en g\u00e9n\u00e9ral sont appel\u00e9es \u00e0 rester dans le foyer jusqu\u2019\u00e0 la fin de leur vie.<\/p>\n","protected":false},"excerpt":{"rendered":"<p>Le Foyer de vie Le Pr\u00e9 Vert Belleville, \u00e9tablissement d\u2019accueil non m\u00e9dicalis\u00e9, accueille 18 personnes. Les locaux du Foyer sont situ\u00e9s dans le centre-ville de l\u2019agglom\u00e9ration de Belleville-en-Beaujolais, situ\u00e9e \u00e0 45 kilom\u00e8tres au nord de Lyon, en bord de Sa\u00f4ne. Tous les commerces de proximit\u00e9 sont accessibles \u00e0 pied et la ville est dot\u00e9e de<\/p>\n","protected":false},"author":3338,"featured_media":0,"parent":0,"menu_order":0,"comment_status":"closed","ping_status":"closed","template":"","meta":{"_acf_changed":false,"_exactmetrics_skip_tracking":false,"_exactmetrics_sitenote_active":false,"_exactmetrics_sitenote_note":"","_exactmetrics_sitenote_category":0,"footnotes":""},"class_list":["post-3635","page","type-page","status-publish","hentry"],"acf":[],"yoast_head":"<!-- This site is optimized with the Yoast SEO plugin v27.3 - https:\/\/yoast.com\/product\/yoast-seo-wordpress\/ -->\n<title>Le Foyer de Vie Belleville - Plateforme Enfant-Adulte du Beaujolais - APAJH &amp; Vous<\/title>\n<meta name=\"robots\" content=\"index, follow, max-snippet:-1, max-image-preview:large, max-video-preview:-1\" \/>\n<link rel=\"canonical\" href=\"https:\/\/apajhetvous.apajh.org\/plateformebeaujolais\/le-foyer-vie\/\" \/>\n<meta property=\"og:locale\" content=\"fr_FR\" \/>\n<meta property=\"og:type\" content=\"article\" \/>\n<meta property=\"og:title\" content=\"Le Foyer de Vie Belleville - Plateforme Enfant-Adulte du Beaujolais - APAJH &amp; Vous\" \/>\n<meta property=\"og:description\" content=\"Le Foyer de vie Le Pr\u00e9 Vert Belleville, \u00e9tablissement d\u2019accueil non m\u00e9dicalis\u00e9, accueille 18 personnes. Les locaux du Foyer sont situ\u00e9s dans le centre-ville de l\u2019agglom\u00e9ration de Belleville-en-Beaujolais, situ\u00e9e \u00e0 45 kilom\u00e8tres au nord de Lyon, en bord de Sa\u00f4ne. Tous les commerces de proximit\u00e9 sont accessibles \u00e0 pied et la ville est dot\u00e9e de\" \/>\n<meta property=\"og:url\" content=\"https:\/\/apajhetvous.apajh.org\/plateformebeaujolais\/le-foyer-vie\/\" \/>\n<meta property=\"og:site_name\" content=\"Plateforme Enfant-Adulte du Beaujolais - APAJH &amp; Vous\" \/>\n<meta property=\"article:modified_time\" content=\"2022-03-17T13:49:53+00:00\" \/>\n<meta name=\"twitter:card\" content=\"summary_large_image\" \/>\n<meta name=\"twitter:label1\" content=\"Dur\u00e9e de lecture estim\u00e9e\" \/>\n\t<meta name=\"twitter:data1\" content=\"1 minute\" \/>\n<script type=\"application\/ld+json\" class=\"yoast-schema-graph\">{\"@context\":\"https:\\\/\\\/schema.org\",\"@graph\":[{\"@type\":\"WebPage\",\"@id\":\"https:\\\/\\\/apajhetvous.apajh.org\\\/plateformebeaujolais\\\/le-foyer-vie\\\/\",\"url\":\"https:\\\/\\\/apajhetvous.apajh.org\\\/plateformebeaujolais\\\/le-foyer-vie\\\/\",\"name\":\"Le Foyer de Vie Belleville - Plateforme Enfant-Adulte du Beaujolais - APAJH &amp; Vous\",\"isPartOf\":{\"@id\":\"https:\\\/\\\/apajhetvous.apajh.org\\\/plateformebeaujolais\\\/#website\"},\"datePublished\":\"2021-11-18T15:52:31+00:00\",\"dateModified\":\"2022-03-17T13:49:53+00:00\",\"inLanguage\":\"fr-FR\",\"potentialAction\":[{\"@type\":\"ReadAction\",\"target\":[\"https:\\\/\\\/apajhetvous.apajh.org\\\/plateformebeaujolais\\\/le-foyer-vie\\\/\"]}]},{\"@type\":\"WebSite\",\"@id\":\"https:\\\/\\\/apajhetvous.apajh.org\\\/plateformebeaujolais\\\/#website\",\"url\":\"https:\\\/\\\/apajhetvous.apajh.org\\\/plateformebeaujolais\\\/\",\"name\":\"Plateforme Enfant-Adulte du Beaujolais - APAJH &amp; Vous\",\"description\":\"APAJH &amp; Vous\",\"potentialAction\":[{\"@type\":\"SearchAction\",\"target\":{\"@type\":\"EntryPoint\",\"urlTemplate\":\"https:\\\/\\\/apajhetvous.apajh.org\\\/plateformebeaujolais\\\/?s={search_term_string}\"},\"query-input\":{\"@type\":\"PropertyValueSpecification\",\"valueRequired\":true,\"valueName\":\"search_term_string\"}}],\"inLanguage\":\"fr-FR\"}]}<\/script>\n<!-- \/ Yoast SEO plugin. -->","yoast_head_json":{"title":"Le Foyer de Vie Belleville - Plateforme Enfant-Adulte du Beaujolais - APAJH &amp; Vous","robots":{"index":"index","follow":"follow","max-snippet":"max-snippet:-1","max-image-preview":"max-image-preview:large","max-video-preview":"max-video-preview:-1"},"canonical":"https:\/\/apajhetvous.apajh.org\/plateformebeaujolais\/le-foyer-vie\/","og_locale":"fr_FR","og_type":"article","og_title":"Le Foyer de Vie Belleville - Plateforme Enfant-Adulte du Beaujolais - APAJH &amp; Vous","og_description":"Le Foyer de vie Le Pr\u00e9 Vert Belleville, \u00e9tablissement d\u2019accueil non m\u00e9dicalis\u00e9, accueille 18 personnes. Les locaux du Foyer sont situ\u00e9s dans le centre-ville de l\u2019agglom\u00e9ration de Belleville-en-Beaujolais, situ\u00e9e \u00e0 45 kilom\u00e8tres au nord de Lyon, en bord de Sa\u00f4ne. Tous les commerces de proximit\u00e9 sont accessibles \u00e0 pied et la ville est dot\u00e9e de","og_url":"https:\/\/apajhetvous.apajh.org\/plateformebeaujolais\/le-foyer-vie\/","og_site_name":"Plateforme Enfant-Adulte du Beaujolais - APAJH &amp; Vous","article_modified_time":"2022-03-17T13:49:53+00:00","twitter_card":"summary_large_image","twitter_misc":{"Dur\u00e9e de lecture estim\u00e9e":"1 minute"},"schema":{"@context":"https:\/\/schema.org","@graph":[{"@type":"WebPage","@id":"https:\/\/apajhetvous.apajh.org\/plateformebeaujolais\/le-foyer-vie\/","url":"https:\/\/apajhetvous.apajh.org\/plateformebeaujolais\/le-foyer-vie\/","name":"Le Foyer de Vie Belleville - Plateforme Enfant-Adulte du Beaujolais - APAJH &amp; Vous","isPartOf":{"@id":"https:\/\/apajhetvous.apajh.org\/plateformebeaujolais\/#website"},"datePublished":"2021-11-18T15:52:31+00:00","dateModified":"2022-03-17T13:49:53+00:00","inLanguage":"fr-FR","potentialAction":[{"@type":"ReadAction","target":["https:\/\/apajhetvous.apajh.org\/plateformebeaujolais\/le-foyer-vie\/"]}]},{"@type":"WebSite","@id":"https:\/\/apajhetvous.apajh.org\/plateformebeaujolais\/#website","url":"https:\/\/apajhetvous.apajh.org\/plateformebeaujolais\/","name":"Plateforme Enfant-Adulte du Beaujolais - APAJH &amp; Vous","description":"APAJH &amp; Vous","potentialAction":[{"@type":"SearchAction","target":{"@type":"EntryPoint","urlTemplate":"https:\/\/apajhetvous.apajh.org\/plateformebeaujolais\/?s={search_term_string}"},"query-input":{"@type":"PropertyValueSpecification","valueRequired":true,"valueName":"search_term_string"}}],"inLanguage":"fr-FR"}]}},"_links":{"self":[{"href":"https:\/\/apajhetvous.apajh.org\/plateformebeaujolais\/wp-json\/wp\/v2\/pages\/3635","targetHints":{"allow":["GET"]}}],"collection":[{"href":"https:\/\/apajhetvous.apajh.org\/plateformebeaujolais\/wp-json\/wp\/v2\/pages"}],"about":[{"href":"https:\/\/apajhetvous.apajh.org\/plateformebeaujolais\/wp-json\/wp\/v2\/types\/page"}],"author":[{"embeddable":true,"href":"https:\/\/apajhetvous.apajh.org\/plateformebeaujolais\/wp-json\/wp\/v2\/users\/3338"}],"replies":[{"embeddable":true,"href":"https:\/\/apajhetvous.apajh.org\/plateformebeaujolais\/wp-json\/wp\/v2\/comments?post=3635"}],"version-history":[{"count":4,"href":"https:\/\/apajhetvous.apajh.org\/plateformebeaujolais\/wp-json\/wp\/v2\/pages\/3635\/revisions"}],"predecessor-version":[{"id":3724,"href":"https:\/\/apajhetvous.apajh.org\/plateformebeaujolais\/wp-json\/wp\/v2\/pages\/3635\/revisions\/3724"}],"wp:attachment":[{"href":"https:\/\/apajhetvous.apajh.org\/plateformebeaujolais\/wp-json\/wp\/v2\/media?parent=3635"}],"curies":[{"name":"wp","href":"https:\/\/api.w.org\/{rel}","templated":true}]}}