{"id":5994,"date":"2025-11-19T16:39:56","date_gmt":"2025-11-19T15:39:56","guid":{"rendered":"https:\/\/apajhetvous.apajh.org\/plateformebeaujolais\/?page_id=5994"},"modified":"2025-11-19T16:40:16","modified_gmt":"2025-11-19T15:40:16","slug":"lesat-hors-murs-du-grand-lyon","status":"publish","type":"page","link":"https:\/\/apajhetvous.apajh.org\/plateformebeaujolais\/lesat-hors-murs-du-grand-lyon\/","title":{"rendered":"L&rsquo;ESAT Hors-Murs du Grand Lyon"},"content":{"rendered":"<div class=\"wp-block-image\"><img loading=\"lazy\" decoding=\"async\" class=\"wpa-warning wpa-image-missing-alt aligncenter wp-image-5995 size-full\" src=\"https:\/\/apajhetvous.apajh.org\/plateformebeaujolais\/wp-content\/uploads\/2025\/11\/esat-hors-les-murs.jpg\" alt=\"Esat Hors les Murs\" width=\"1000\" height=\"532\" data-warning=\"Missing alt text\" srcset=\"https:\/\/apajhetvous.apajh.org\/plateformebeaujolais\/wp-content\/uploads\/2025\/11\/esat-hors-les-murs.jpg 1000w, https:\/\/apajhetvous.apajh.org\/plateformebeaujolais\/wp-content\/uploads\/2025\/11\/esat-hors-les-murs-300x160.jpg 300w, https:\/\/apajhetvous.apajh.org\/plateformebeaujolais\/wp-content\/uploads\/2025\/11\/esat-hors-les-murs-768x409.jpg 768w, https:\/\/apajhetvous.apajh.org\/plateformebeaujolais\/wp-content\/uploads\/2025\/11\/esat-hors-les-murs-370x197.jpg 370w\" sizes=\"auto, (max-width: 1000px) 100vw, 1000px\" \/><\/div>\n<p><strong>L\u2019ESAT \u00ab Hors Murs \u00bb APAJH du Grand Lyon est un \u00c9tablissement de Service et d&rsquo;Aide par le Travail. Il accompagne des personnes en situation de handicap ayant pour projet de vie professionnelle un emploi en milieu ordinaire. Les personnes accompagn\u00e9es \u00e0 l&rsquo;ESAT b\u00e9n\u00e9ficient des conditions d&rsquo;accueil d&rsquo;un environnement prot\u00e9g\u00e9 tout en \u00e9tant en immersion dans le milieu ordinaire de travail.<\/strong><\/p>\n<h2>Pourquoi nous contacter ?<\/h2>\n<ol>\n<li><strong>Vous b\u00e9n\u00e9ficiez d&rsquo;une orientation ESAT<\/strong> et vous souhaitez travailler, notre \u00e9quipe est l\u00e0 pour vous accompagner au quotidien et vous :<\/li>\n<\/ol>\n<ul>\n<li>\u00a0soutenir dans la construction et la mise en \u0153uvre de votre projet professionnel<\/li>\n<li>\u00a0accompagner dans des activit\u00e9s professionnelles proches du milieu ordinaire dans notre atelier p\u00e9dagogique<\/li>\n<li>\u00a0assister pas \u00e0 pas dans des environnements de travail ordinaires au sein d&rsquo;entreprises partenaires<\/li>\n<li>proposer diff\u00e9rentes prestations individuelles et collectives en vue de favoriser voter inclusion professionnelle et sociale<\/li>\n<\/ul>\n<p>2. <strong>Vous n&rsquo;avez pas d&rsquo;orientation ESAT<\/strong>, vous \u00eates en situation de handicap et vous avez plus de 18 ans. Nous pouvons \u00e9tudier avec vous la possibilit\u00e9 de vous proposer un stage de d\u00e9couverte pour vous aider \u00e0 construire et affiner votre projet professionnel.<\/p>\n<h2>Comment allons-nous vous accompagner?<\/h2>\n<p>Ce sont vos souhaits, vos capacit\u00e9s et vos choix d&rsquo;orientation professionnelle qui guideront nos actions et participeront \u00e0 la co-construction d&rsquo;un projet professionnel \u00ab\u00a0sur mesure\u00a0\u00bb avec notre \u00e9quipe. Les professionnels vous accompagneront pas \u00e0 pas en vous offrant la possibilit\u00e9 d&rsquo;exp\u00e9rimenter divers environnements de travail en milieu ordinaire, au sein d&rsquo;entreprises partenaires.<br \/>\nVous b\u00e9n\u00e9ficierez d&rsquo;une \u00e9valuation de vos besoins et de vos comp\u00e9tences qui permettra de mettre en \u0153uvre un accompagnement individualis\u00e9, adapt\u00e9 \u00e0 vos attentes et votre fonctionnement.<br \/>\nDes soutiens m\u00e9dico-sociaux et des formations pourront vous \u00eatre propos\u00e9s pour renforcer votre projet d&rsquo;inclusion professionnelle.<\/p>\n<h6>Nos m\u00e9tiers<\/h6>\n<p>Toutes les activit\u00e9s professionnelles sont r\u00e9alis\u00e9es en milieu ordinaire de travail. Voici quelques exemples de m\u00e9tiers d\u00e9j\u00e0 exerc\u00e9s par des personnes accompagn\u00e9es :<\/p>\n<p><strong>Sous-traitance : <\/strong>op\u00e9rateur de production \/ Agent de conditionnement et de manutention ; chauffeur\/livreur &#8211; conduite et livraison par tourn\u00e9es sur courte distance ; conducteur d&rsquo;engins de d\u00e9placement des charges ; distribution de prospectus<\/p>\n<p><strong>Espaces verts et entretien des locaux : <\/strong>agent d\u2019am\u00e9nagement et d\u2019entretien des espaces verts , agent d\u2019entretien des espaces naturels ; agent d\u2019entretien des locaux<\/p>\n<p><strong>Restauration : <\/strong>personnel polyvalent en restauration\u00a0collective<\/p>\n<p>Si vous \u00eates int\u00e9ress\u00e9s par d&rsquo;autres m\u00e9tiers, nous pouvons vous accompagner \u00e0 travers des mises \u00e0 disposition individuelles en entreprise.<\/p>\n<h2>O\u00f9 sommes-nous ?<\/h2>\n<h2>Quels sont nos horaires ?<\/h2>\n<p>Parc Tolsto\u00ef<br \/>\n1 rue Pascal<br \/>\n69100 VILLEURBANNE<br \/>\nTel: 04 72 44 04 12<br \/>\nemail: esat.horsmurs69@apajh.asso.fr<br \/>\n8h \u00e0 16h30 du lundi au jeudi et de 8h \u00e0 12h le vendredi<\/p>\n","protected":false},"excerpt":{"rendered":"<p>L\u2019ESAT \u00ab Hors Murs \u00bb APAJH du Grand Lyon est un \u00c9tablissement de Service et d&rsquo;Aide par le Travail. Il accompagne des personnes en situation de handicap ayant pour projet de vie professionnelle un emploi en milieu ordinaire. Les personnes accompagn\u00e9es \u00e0 l&rsquo;ESAT b\u00e9n\u00e9ficient des conditions d&rsquo;accueil d&rsquo;un environnement prot\u00e9g\u00e9 tout en \u00e9tant en immersion<\/p>\n","protected":false},"author":3345,"featured_media":5995,"parent":0,"menu_order":0,"comment_status":"closed","ping_status":"closed","template":"","meta":{"_acf_changed":false,"_exactmetrics_skip_tracking":false,"_exactmetrics_sitenote_active":false,"_exactmetrics_sitenote_note":"","_exactmetrics_sitenote_category":0,"footnotes":""},"class_list":["post-5994","page","type-page","status-publish","has-post-thumbnail","hentry"],"acf":[],"yoast_head":"<!-- This site is optimized with the Yoast SEO plugin v27.3 - https:\/\/yoast.com\/product\/yoast-seo-wordpress\/ -->\n<title>L&#039;ESAT Hors-Murs du Grand Lyon - Plateforme Enfant-Adulte du Beaujolais - APAJH &amp; Vous<\/title>\n<meta name=\"robots\" content=\"index, follow, max-snippet:-1, max-image-preview:large, max-video-preview:-1\" \/>\n<link rel=\"canonical\" href=\"https:\/\/apajhetvous.apajh.org\/plateformebeaujolais\/lesat-hors-murs-du-grand-lyon\/\" \/>\n<meta property=\"og:locale\" content=\"fr_FR\" \/>\n<meta property=\"og:type\" content=\"article\" \/>\n<meta property=\"og:title\" content=\"L&#039;ESAT Hors-Murs du Grand Lyon - Plateforme Enfant-Adulte du Beaujolais - APAJH &amp; Vous\" \/>\n<meta property=\"og:description\" content=\"L\u2019ESAT \u00ab Hors Murs \u00bb APAJH du Grand Lyon est un \u00c9tablissement de Service et d&rsquo;Aide par le Travail. Il accompagne des personnes en situation de handicap ayant pour projet de vie professionnelle un emploi en milieu ordinaire. Les personnes accompagn\u00e9es \u00e0 l&rsquo;ESAT b\u00e9n\u00e9ficient des conditions d&rsquo;accueil d&rsquo;un environnement prot\u00e9g\u00e9 tout en \u00e9tant en immersion\" \/>\n<meta property=\"og:url\" content=\"https:\/\/apajhetvous.apajh.org\/plateformebeaujolais\/lesat-hors-murs-du-grand-lyon\/\" \/>\n<meta property=\"og:site_name\" content=\"Plateforme Enfant-Adulte du Beaujolais - APAJH &amp; Vous\" \/>\n<meta property=\"article:modified_time\" content=\"2025-11-19T15:40:16+00:00\" \/>\n<meta property=\"og:image\" content=\"https:\/\/apajhetvous.apajh.org\/plateformebeaujolais\/wp-content\/uploads\/2025\/11\/esat-hors-les-murs.jpg\" \/>\n\t<meta property=\"og:image:width\" content=\"1000\" \/>\n\t<meta property=\"og:image:height\" content=\"532\" \/>\n\t<meta property=\"og:image:type\" content=\"image\/jpeg\" \/>\n<meta name=\"twitter:card\" content=\"summary_large_image\" \/>\n<meta name=\"twitter:label1\" content=\"Dur\u00e9e de lecture estim\u00e9e\" \/>\n\t<meta name=\"twitter:data1\" content=\"3 minutes\" \/>\n<script type=\"application\/ld+json\" class=\"yoast-schema-graph\">{\"@context\":\"https:\\\/\\\/schema.org\",\"@graph\":[{\"@type\":\"WebPage\",\"@id\":\"https:\\\/\\\/apajhetvous.apajh.org\\\/plateformebeaujolais\\\/lesat-hors-murs-du-grand-lyon\\\/\",\"url\":\"https:\\\/\\\/apajhetvous.apajh.org\\\/plateformebeaujolais\\\/lesat-hors-murs-du-grand-lyon\\\/\",\"name\":\"L'ESAT Hors-Murs du Grand Lyon - Plateforme Enfant-Adulte du Beaujolais - APAJH &amp; Vous\",\"isPartOf\":{\"@id\":\"https:\\\/\\\/apajhetvous.apajh.org\\\/plateformebeaujolais\\\/#website\"},\"primaryImageOfPage\":{\"@id\":\"https:\\\/\\\/apajhetvous.apajh.org\\\/plateformebeaujolais\\\/lesat-hors-murs-du-grand-lyon\\\/#primaryimage\"},\"image\":{\"@id\":\"https:\\\/\\\/apajhetvous.apajh.org\\\/plateformebeaujolais\\\/lesat-hors-murs-du-grand-lyon\\\/#primaryimage\"},\"thumbnailUrl\":\"https:\\\/\\\/apajhetvous.apajh.org\\\/plateformebeaujolais\\\/wp-content\\\/uploads\\\/2025\\\/11\\\/esat-hors-les-murs.jpg\",\"datePublished\":\"2025-11-19T15:39:56+00:00\",\"dateModified\":\"2025-11-19T15:40:16+00:00\",\"inLanguage\":\"fr-FR\",\"potentialAction\":[{\"@type\":\"ReadAction\",\"target\":[\"https:\\\/\\\/apajhetvous.apajh.org\\\/plateformebeaujolais\\\/lesat-hors-murs-du-grand-lyon\\\/\"]}]},{\"@type\":\"ImageObject\",\"inLanguage\":\"fr-FR\",\"@id\":\"https:\\\/\\\/apajhetvous.apajh.org\\\/plateformebeaujolais\\\/lesat-hors-murs-du-grand-lyon\\\/#primaryimage\",\"url\":\"https:\\\/\\\/apajhetvous.apajh.org\\\/plateformebeaujolais\\\/wp-content\\\/uploads\\\/2025\\\/11\\\/esat-hors-les-murs.jpg\",\"contentUrl\":\"https:\\\/\\\/apajhetvous.apajh.org\\\/plateformebeaujolais\\\/wp-content\\\/uploads\\\/2025\\\/11\\\/esat-hors-les-murs.jpg\",\"width\":1000,\"height\":532},{\"@type\":\"WebSite\",\"@id\":\"https:\\\/\\\/apajhetvous.apajh.org\\\/plateformebeaujolais\\\/#website\",\"url\":\"https:\\\/\\\/apajhetvous.apajh.org\\\/plateformebeaujolais\\\/\",\"name\":\"Plateforme Enfant-Adulte du Beaujolais - APAJH &amp; Vous\",\"description\":\"APAJH &amp; Vous\",\"potentialAction\":[{\"@type\":\"SearchAction\",\"target\":{\"@type\":\"EntryPoint\",\"urlTemplate\":\"https:\\\/\\\/apajhetvous.apajh.org\\\/plateformebeaujolais\\\/?s={search_term_string}\"},\"query-input\":{\"@type\":\"PropertyValueSpecification\",\"valueRequired\":true,\"valueName\":\"search_term_string\"}}],\"inLanguage\":\"fr-FR\"}]}<\/script>\n<!-- \/ Yoast SEO plugin. -->","yoast_head_json":{"title":"L'ESAT Hors-Murs du Grand Lyon - Plateforme Enfant-Adulte du Beaujolais - APAJH &amp; Vous","robots":{"index":"index","follow":"follow","max-snippet":"max-snippet:-1","max-image-preview":"max-image-preview:large","max-video-preview":"max-video-preview:-1"},"canonical":"https:\/\/apajhetvous.apajh.org\/plateformebeaujolais\/lesat-hors-murs-du-grand-lyon\/","og_locale":"fr_FR","og_type":"article","og_title":"L'ESAT Hors-Murs du Grand Lyon - Plateforme Enfant-Adulte du Beaujolais - APAJH &amp; Vous","og_description":"L\u2019ESAT \u00ab Hors Murs \u00bb APAJH du Grand Lyon est un \u00c9tablissement de Service et d&rsquo;Aide par le Travail. Il accompagne des personnes en situation de handicap ayant pour projet de vie professionnelle un emploi en milieu ordinaire. Les personnes accompagn\u00e9es \u00e0 l&rsquo;ESAT b\u00e9n\u00e9ficient des conditions d&rsquo;accueil d&rsquo;un environnement prot\u00e9g\u00e9 tout en \u00e9tant en immersion","og_url":"https:\/\/apajhetvous.apajh.org\/plateformebeaujolais\/lesat-hors-murs-du-grand-lyon\/","og_site_name":"Plateforme Enfant-Adulte du Beaujolais - APAJH &amp; Vous","article_modified_time":"2025-11-19T15:40:16+00:00","og_image":[{"width":1000,"height":532,"url":"https:\/\/apajhetvous.apajh.org\/plateformebeaujolais\/wp-content\/uploads\/2025\/11\/esat-hors-les-murs.jpg","type":"image\/jpeg"}],"twitter_card":"summary_large_image","twitter_misc":{"Dur\u00e9e de lecture estim\u00e9e":"3 minutes"},"schema":{"@context":"https:\/\/schema.org","@graph":[{"@type":"WebPage","@id":"https:\/\/apajhetvous.apajh.org\/plateformebeaujolais\/lesat-hors-murs-du-grand-lyon\/","url":"https:\/\/apajhetvous.apajh.org\/plateformebeaujolais\/lesat-hors-murs-du-grand-lyon\/","name":"L'ESAT Hors-Murs du Grand Lyon - Plateforme Enfant-Adulte du Beaujolais - APAJH &amp; Vous","isPartOf":{"@id":"https:\/\/apajhetvous.apajh.org\/plateformebeaujolais\/#website"},"primaryImageOfPage":{"@id":"https:\/\/apajhetvous.apajh.org\/plateformebeaujolais\/lesat-hors-murs-du-grand-lyon\/#primaryimage"},"image":{"@id":"https:\/\/apajhetvous.apajh.org\/plateformebeaujolais\/lesat-hors-murs-du-grand-lyon\/#primaryimage"},"thumbnailUrl":"https:\/\/apajhetvous.apajh.org\/plateformebeaujolais\/wp-content\/uploads\/2025\/11\/esat-hors-les-murs.jpg","datePublished":"2025-11-19T15:39:56+00:00","dateModified":"2025-11-19T15:40:16+00:00","inLanguage":"fr-FR","potentialAction":[{"@type":"ReadAction","target":["https:\/\/apajhetvous.apajh.org\/plateformebeaujolais\/lesat-hors-murs-du-grand-lyon\/"]}]},{"@type":"ImageObject","inLanguage":"fr-FR","@id":"https:\/\/apajhetvous.apajh.org\/plateformebeaujolais\/lesat-hors-murs-du-grand-lyon\/#primaryimage","url":"https:\/\/apajhetvous.apajh.org\/plateformebeaujolais\/wp-content\/uploads\/2025\/11\/esat-hors-les-murs.jpg","contentUrl":"https:\/\/apajhetvous.apajh.org\/plateformebeaujolais\/wp-content\/uploads\/2025\/11\/esat-hors-les-murs.jpg","width":1000,"height":532},{"@type":"WebSite","@id":"https:\/\/apajhetvous.apajh.org\/plateformebeaujolais\/#website","url":"https:\/\/apajhetvous.apajh.org\/plateformebeaujolais\/","name":"Plateforme Enfant-Adulte du Beaujolais - APAJH &amp; Vous","description":"APAJH &amp; Vous","potentialAction":[{"@type":"SearchAction","target":{"@type":"EntryPoint","urlTemplate":"https:\/\/apajhetvous.apajh.org\/plateformebeaujolais\/?s={search_term_string}"},"query-input":{"@type":"PropertyValueSpecification","valueRequired":true,"valueName":"search_term_string"}}],"inLanguage":"fr-FR"}]}},"_links":{"self":[{"href":"https:\/\/apajhetvous.apajh.org\/plateformebeaujolais\/wp-json\/wp\/v2\/pages\/5994","targetHints":{"allow":["GET"]}}],"collection":[{"href":"https:\/\/apajhetvous.apajh.org\/plateformebeaujolais\/wp-json\/wp\/v2\/pages"}],"about":[{"href":"https:\/\/apajhetvous.apajh.org\/plateformebeaujolais\/wp-json\/wp\/v2\/types\/page"}],"author":[{"embeddable":true,"href":"https:\/\/apajhetvous.apajh.org\/plateformebeaujolais\/wp-json\/wp\/v2\/users\/3345"}],"replies":[{"embeddable":true,"href":"https:\/\/apajhetvous.apajh.org\/plateformebeaujolais\/wp-json\/wp\/v2\/comments?post=5994"}],"version-history":[{"count":2,"href":"https:\/\/apajhetvous.apajh.org\/plateformebeaujolais\/wp-json\/wp\/v2\/pages\/5994\/revisions"}],"predecessor-version":[{"id":5998,"href":"https:\/\/apajhetvous.apajh.org\/plateformebeaujolais\/wp-json\/wp\/v2\/pages\/5994\/revisions\/5998"}],"wp:featuredmedia":[{"embeddable":true,"href":"https:\/\/apajhetvous.apajh.org\/plateformebeaujolais\/wp-json\/wp\/v2\/media\/5995"}],"wp:attachment":[{"href":"https:\/\/apajhetvous.apajh.org\/plateformebeaujolais\/wp-json\/wp\/v2\/media?parent=5994"}],"curies":[{"name":"wp","href":"https:\/\/api.w.org\/{rel}","templated":true}]}}