{"id":13,"date":"2018-10-04T11:55:30","date_gmt":"2018-10-04T09:55:30","guid":{"rendered":"http:\/\/apajhetvous.apajh.org\/plateformecastresalbi\/?page_id=13"},"modified":"2019-07-29T12:18:29","modified_gmt":"2019-07-29T10:18:29","slug":"contact","status":"publish","type":"page","link":"https:\/\/apajhetvous.apajh.org\/plateformecastresalbi\/contact\/","title":{"rendered":"Contact"},"content":{"rendered":"<p><iframe loading=\"lazy\" src=\"https:\/\/www.google.com\/maps\/d\/embed?mid=1Hs57WLxg4i0r-oni5PA2NXbi88RQ-sFF\" width=\"640\" height=\"480\"><span data-mce-type=\"bookmark\" style=\"display: inline-block; width: 0px; overflow: hidden; line-height: 0;\" class=\"mce_SELRES_start\">\ufeff<\/span><\/iframe><\/p>\n<p><strong>GEM Le Tr\u00e9dunion<\/strong><\/p>\n<p>4 avenue Albert Camus 81600 Gaillac<\/p>\n<p>05 63 41 06 01<\/p>\n<p><a href=\"mailto:gemgaillac.coordination@gmail.com\">gemgaillac.coordination@gmail.com<\/a><\/p>\n<p><strong>\u00a0<\/strong><\/p>\n<hr \/>\n<p><strong>\u00a0<\/strong><strong>Les\u00a0Ateliers de Braconnac<\/strong><br \/>\nchemin de grande plaine 81440 Jonquieres (au sud de Lautrec)<br \/>\n05 63 82 10 76<\/p>\n<p><a href=\"mailto:ateliers.braconnac@apajh.asso.fr\">ateliers.braconnac@apajh.asso.fr<\/a><\/p>\n<p><strong>Horaires<\/strong><br \/>\nlundi &#8211; Jeudi : 8 h 30 \u2013 12 h \/ 13 h- 17 h<br \/>\nVendredi : 8 h 30 \u2013 12 h \/ 13 h \u2013 15 h<\/p>\n<p><strong>\u00a0<\/strong><\/p>\n<hr \/>\n<p><strong>Foyer d\u2019H\u00e9bergement \u2013 R\u00e9sidences Strada &amp; Vittoz Castres<\/strong><\/p>\n<p>9 rue des Porches 81100 Castres<\/p>\n<p>05 63 62 00 99<\/p>\n<p><a href=\"mailto:strada.fh@apajh.asso.fr\">strada.fh@apajh.asso.fr<\/a><\/p>\n<p><a href=\"mailto:vittoz.fh@apajh.asso.fr\">vittoz.fh@apajh.asso.fr<\/a><\/p>\n<p><u>Horaires<\/u>\u00a0: Le Foyer est ouvert toute l\u2019ann\u00e9e, 24 heures sur 24, 7 jours sur 7<\/p>\n<hr \/>\n<p><strong>SAVS Les Lices Castres<\/strong><\/p>\n<p>9 rue des Porches 81100 Castres<\/p>\n<p>05 63 62 02 77<\/p>\n<p>05 62 62 02 75<\/p>\n<p><a href=\"mailto:savs.castres@apajh.asso.fr\">savs.castres@apajh.asso.fr<\/a><\/p>\n<p><u>Horaires<\/u>\u00a0: le service est ouvert toute l\u2019ann\u00e9e, samedi, dimanche et jours f\u00e9ri\u00e9s inclus.<\/p>\n<p>Accueil: lundi au samedi: 9h \u00e0 12h et 13h30 \u00e0 19h30\u00a0; dimanches et jours f\u00e9ri\u00e9s: 10h \u00e0 18h30<\/p>\n<hr \/>\n<p><strong>SAMSAH \u2013 SAVS L\u2019Echelle<\/strong><\/p>\n<p>9 rue L\u00e9onard de Vinci 81100 Albi<\/p>\n<p>05 63 47 94 51<\/p>\n<p><a href=\"mailto:savs.echelle@apajh.asso.fr\">savs.echelle@apajh.asso.fr<\/a><\/p>\n<p><u>Horaires<\/u>\u00a0: l\u2019accueil est ouvert: du lundi au vendredi de 8h30 \u00e0 18h\u00a0; le samedi de 10h \u00e0 16h<\/p>\n","protected":false},"excerpt":{"rendered":"<p>\ufeff GEM Le Tr\u00e9dunion 4 avenue Albert Camus 81600 Gaillac 05 63 41 06 01 gemgaillac.coordination@gmail.com \u00a0 \u00a0Les\u00a0Ateliers de Braconnac chemin de grande plaine 81440 Jonquieres (au sud de Lautrec) 05 63 82 10 76 ateliers.braconnac@apajh.asso.fr Horaires lundi &#8211; Jeudi : 8 h 30 \u2013 12 h \/ 13 h- 17 h Vendredi : 8<\/p>\n","protected":false},"author":2,"featured_media":8,"parent":0,"menu_order":0,"comment_status":"closed","ping_status":"closed","template":"","meta":{"_exactmetrics_skip_tracking":false,"_exactmetrics_sitenote_active":false,"_exactmetrics_sitenote_note":"","_exactmetrics_sitenote_category":0,"footnotes":""},"class_list":["post-13","page","type-page","status-publish","has-post-thumbnail","hentry"],"yoast_head":"<!-- This site is optimized with the Yoast SEO plugin v27.3 - https:\/\/yoast.com\/product\/yoast-seo-wordpress\/ -->\n<title>Contact - PLATEFORME CASTRES-ALBI<\/title>\n<meta name=\"robots\" content=\"index, follow, max-snippet:-1, max-image-preview:large, max-video-preview:-1\" \/>\n<link rel=\"canonical\" href=\"http:\/\/apajhetvous.apajh.org\/plateformecastresalbi\/contact\/\" \/>\n<meta property=\"og:locale\" content=\"fr_FR\" \/>\n<meta property=\"og:type\" content=\"article\" \/>\n<meta property=\"og:title\" content=\"Contact - PLATEFORME CASTRES-ALBI\" \/>\n<meta property=\"og:description\" content=\"\ufeff GEM Le Tr\u00e9dunion 4 avenue Albert Camus 81600 Gaillac 05 63 41 06 01 gemgaillac.coordination@gmail.com \u00a0 \u00a0Les\u00a0Ateliers de Braconnac chemin de grande plaine 81440 Jonquieres (au sud de Lautrec) 05 63 82 10 76 ateliers.braconnac@apajh.asso.fr Horaires lundi &#8211; Jeudi : 8 h 30 \u2013 12 h \/ 13 h- 17 h Vendredi : 8\" \/>\n<meta property=\"og:url\" content=\"http:\/\/apajhetvous.apajh.org\/plateformecastresalbi\/contact\/\" \/>\n<meta property=\"og:site_name\" content=\"PLATEFORME CASTRES-ALBI\" \/>\n<meta property=\"article:modified_time\" content=\"2019-07-29T10:18:29+00:00\" \/>\n<meta property=\"og:image\" content=\"http:\/\/apajhetvous.apajh.org\/plateformecastresalbi\/wp-content\/uploads\/2018\/10\/espresso.jpg\" \/>\n\t<meta property=\"og:image:width\" content=\"2000\" \/>\n\t<meta property=\"og:image:height\" content=\"1200\" \/>\n\t<meta property=\"og:image:type\" content=\"image\/jpeg\" \/>\n<meta name=\"twitter:card\" content=\"summary_large_image\" \/>\n<meta name=\"twitter:label1\" content=\"Dur\u00e9e de lecture estim\u00e9e\" \/>\n\t<meta name=\"twitter:data1\" content=\"1 minute\" \/>\n<script type=\"application\/ld+json\" class=\"yoast-schema-graph\">{\"@context\":\"https:\\\/\\\/schema.org\",\"@graph\":[{\"@type\":\"WebPage\",\"@id\":\"http:\\\/\\\/apajhetvous.apajh.org\\\/plateformecastresalbi\\\/contact\\\/\",\"url\":\"http:\\\/\\\/apajhetvous.apajh.org\\\/plateformecastresalbi\\\/contact\\\/\",\"name\":\"Contact - PLATEFORME CASTRES-ALBI\",\"isPartOf\":{\"@id\":\"https:\\\/\\\/apajhetvous.apajh.org\\\/plateformecastresalbi\\\/#website\"},\"primaryImageOfPage\":{\"@id\":\"http:\\\/\\\/apajhetvous.apajh.org\\\/plateformecastresalbi\\\/contact\\\/#primaryimage\"},\"image\":{\"@id\":\"http:\\\/\\\/apajhetvous.apajh.org\\\/plateformecastresalbi\\\/contact\\\/#primaryimage\"},\"thumbnailUrl\":\"https:\\\/\\\/apajhetvous.apajh.org\\\/plateformecastresalbi\\\/wp-content\\\/uploads\\\/2018\\\/10\\\/espresso.jpg\",\"datePublished\":\"2018-10-04T09:55:30+00:00\",\"dateModified\":\"2019-07-29T10:18:29+00:00\",\"breadcrumb\":{\"@id\":\"http:\\\/\\\/apajhetvous.apajh.org\\\/plateformecastresalbi\\\/contact\\\/#breadcrumb\"},\"inLanguage\":\"fr-FR\",\"potentialAction\":[{\"@type\":\"ReadAction\",\"target\":[\"http:\\\/\\\/apajhetvous.apajh.org\\\/plateformecastresalbi\\\/contact\\\/\"]}]},{\"@type\":\"ImageObject\",\"inLanguage\":\"fr-FR\",\"@id\":\"http:\\\/\\\/apajhetvous.apajh.org\\\/plateformecastresalbi\\\/contact\\\/#primaryimage\",\"url\":\"https:\\\/\\\/apajhetvous.apajh.org\\\/plateformecastresalbi\\\/wp-content\\\/uploads\\\/2018\\\/10\\\/espresso.jpg\",\"contentUrl\":\"https:\\\/\\\/apajhetvous.apajh.org\\\/plateformecastresalbi\\\/wp-content\\\/uploads\\\/2018\\\/10\\\/espresso.jpg\",\"width\":2000,\"height\":1200},{\"@type\":\"BreadcrumbList\",\"@id\":\"http:\\\/\\\/apajhetvous.apajh.org\\\/plateformecastresalbi\\\/contact\\\/#breadcrumb\",\"itemListElement\":[{\"@type\":\"ListItem\",\"position\":1,\"name\":\"Accueil\",\"item\":\"https:\\\/\\\/apajhetvous.apajh.org\\\/plateformecastresalbi\\\/\"},{\"@type\":\"ListItem\",\"position\":2,\"name\":\"Contact\"}]},{\"@type\":\"WebSite\",\"@id\":\"https:\\\/\\\/apajhetvous.apajh.org\\\/plateformecastresalbi\\\/#website\",\"url\":\"https:\\\/\\\/apajhetvous.apajh.org\\\/plateformecastresalbi\\\/\",\"name\":\"PLATEFORME CASTRES-ALBI\",\"description\":\"APAJH\",\"potentialAction\":[{\"@type\":\"SearchAction\",\"target\":{\"@type\":\"EntryPoint\",\"urlTemplate\":\"https:\\\/\\\/apajhetvous.apajh.org\\\/plateformecastresalbi\\\/?s={search_term_string}\"},\"query-input\":{\"@type\":\"PropertyValueSpecification\",\"valueRequired\":true,\"valueName\":\"search_term_string\"}}],\"inLanguage\":\"fr-FR\"}]}<\/script>\n<!-- \/ Yoast SEO plugin. -->","yoast_head_json":{"title":"Contact - PLATEFORME CASTRES-ALBI","robots":{"index":"index","follow":"follow","max-snippet":"max-snippet:-1","max-image-preview":"max-image-preview:large","max-video-preview":"max-video-preview:-1"},"canonical":"http:\/\/apajhetvous.apajh.org\/plateformecastresalbi\/contact\/","og_locale":"fr_FR","og_type":"article","og_title":"Contact - PLATEFORME CASTRES-ALBI","og_description":"\ufeff GEM Le Tr\u00e9dunion 4 avenue Albert Camus 81600 Gaillac 05 63 41 06 01 gemgaillac.coordination@gmail.com \u00a0 \u00a0Les\u00a0Ateliers de Braconnac chemin de grande plaine 81440 Jonquieres (au sud de Lautrec) 05 63 82 10 76 ateliers.braconnac@apajh.asso.fr Horaires lundi &#8211; Jeudi : 8 h 30 \u2013 12 h \/ 13 h- 17 h Vendredi : 8","og_url":"http:\/\/apajhetvous.apajh.org\/plateformecastresalbi\/contact\/","og_site_name":"PLATEFORME CASTRES-ALBI","article_modified_time":"2019-07-29T10:18:29+00:00","og_image":[{"width":2000,"height":1200,"url":"http:\/\/apajhetvous.apajh.org\/plateformecastresalbi\/wp-content\/uploads\/2018\/10\/espresso.jpg","type":"image\/jpeg"}],"twitter_card":"summary_large_image","twitter_misc":{"Dur\u00e9e de lecture estim\u00e9e":"1 minute"},"schema":{"@context":"https:\/\/schema.org","@graph":[{"@type":"WebPage","@id":"http:\/\/apajhetvous.apajh.org\/plateformecastresalbi\/contact\/","url":"http:\/\/apajhetvous.apajh.org\/plateformecastresalbi\/contact\/","name":"Contact - PLATEFORME CASTRES-ALBI","isPartOf":{"@id":"https:\/\/apajhetvous.apajh.org\/plateformecastresalbi\/#website"},"primaryImageOfPage":{"@id":"http:\/\/apajhetvous.apajh.org\/plateformecastresalbi\/contact\/#primaryimage"},"image":{"@id":"http:\/\/apajhetvous.apajh.org\/plateformecastresalbi\/contact\/#primaryimage"},"thumbnailUrl":"https:\/\/apajhetvous.apajh.org\/plateformecastresalbi\/wp-content\/uploads\/2018\/10\/espresso.jpg","datePublished":"2018-10-04T09:55:30+00:00","dateModified":"2019-07-29T10:18:29+00:00","breadcrumb":{"@id":"http:\/\/apajhetvous.apajh.org\/plateformecastresalbi\/contact\/#breadcrumb"},"inLanguage":"fr-FR","potentialAction":[{"@type":"ReadAction","target":["http:\/\/apajhetvous.apajh.org\/plateformecastresalbi\/contact\/"]}]},{"@type":"ImageObject","inLanguage":"fr-FR","@id":"http:\/\/apajhetvous.apajh.org\/plateformecastresalbi\/contact\/#primaryimage","url":"https:\/\/apajhetvous.apajh.org\/plateformecastresalbi\/wp-content\/uploads\/2018\/10\/espresso.jpg","contentUrl":"https:\/\/apajhetvous.apajh.org\/plateformecastresalbi\/wp-content\/uploads\/2018\/10\/espresso.jpg","width":2000,"height":1200},{"@type":"BreadcrumbList","@id":"http:\/\/apajhetvous.apajh.org\/plateformecastresalbi\/contact\/#breadcrumb","itemListElement":[{"@type":"ListItem","position":1,"name":"Accueil","item":"https:\/\/apajhetvous.apajh.org\/plateformecastresalbi\/"},{"@type":"ListItem","position":2,"name":"Contact"}]},{"@type":"WebSite","@id":"https:\/\/apajhetvous.apajh.org\/plateformecastresalbi\/#website","url":"https:\/\/apajhetvous.apajh.org\/plateformecastresalbi\/","name":"PLATEFORME CASTRES-ALBI","description":"APAJH","potentialAction":[{"@type":"SearchAction","target":{"@type":"EntryPoint","urlTemplate":"https:\/\/apajhetvous.apajh.org\/plateformecastresalbi\/?s={search_term_string}"},"query-input":{"@type":"PropertyValueSpecification","valueRequired":true,"valueName":"search_term_string"}}],"inLanguage":"fr-FR"}]}},"_links":{"self":[{"href":"https:\/\/apajhetvous.apajh.org\/plateformecastresalbi\/wp-json\/wp\/v2\/pages\/13","targetHints":{"allow":["GET"]}}],"collection":[{"href":"https:\/\/apajhetvous.apajh.org\/plateformecastresalbi\/wp-json\/wp\/v2\/pages"}],"about":[{"href":"https:\/\/apajhetvous.apajh.org\/plateformecastresalbi\/wp-json\/wp\/v2\/types\/page"}],"author":[{"embeddable":true,"href":"https:\/\/apajhetvous.apajh.org\/plateformecastresalbi\/wp-json\/wp\/v2\/users\/2"}],"replies":[{"embeddable":true,"href":"https:\/\/apajhetvous.apajh.org\/plateformecastresalbi\/wp-json\/wp\/v2\/comments?post=13"}],"version-history":[{"count":6,"href":"https:\/\/apajhetvous.apajh.org\/plateformecastresalbi\/wp-json\/wp\/v2\/pages\/13\/revisions"}],"predecessor-version":[{"id":243,"href":"https:\/\/apajhetvous.apajh.org\/plateformecastresalbi\/wp-json\/wp\/v2\/pages\/13\/revisions\/243"}],"wp:featuredmedia":[{"embeddable":true,"href":"https:\/\/apajhetvous.apajh.org\/plateformecastresalbi\/wp-json\/wp\/v2\/media\/8"}],"wp:attachment":[{"href":"https:\/\/apajhetvous.apajh.org\/plateformecastresalbi\/wp-json\/wp\/v2\/media?parent=13"}],"curies":[{"name":"wp","href":"https:\/\/api.w.org\/{rel}","templated":true}]}}