{"id":134,"date":"2021-03-24T16:09:56","date_gmt":"2021-03-24T15:09:56","guid":{"rendered":"http:\/\/apajhetvous.apajh.org\/savs-vanves\/?page_id=134"},"modified":"2021-06-26T18:29:44","modified_gmt":"2021-06-26T16:29:44","slug":"lequipe-2","status":"publish","type":"page","link":"https:\/\/apajhetvous.apajh.org\/savs-vanves\/lequipe-2\/","title":{"rendered":"L&rsquo;\u00e9quipe"},"content":{"rendered":"<h3 style=\"text-align: left;\"><span style=\"font-size: 14pt;\"><strong><span style=\"font-size: 18pt;\">L&rsquo;\u00e9quipe du SAVS 92<\/span><br \/>\n<\/strong><\/span><\/h3>\n<p style=\"text-align: left;\"><span style=\"font-size: 14pt; color: #336600;\"><strong>Une \u00e9quipe pluridisciplinaire mobilis\u00e9e.<\/strong><\/span><\/p>\n<p style=\"text-align: left;\">Afin de r\u00e9pondre aux besoins, le SAVS propose un soutien individualis\u00e9 \u00e0 chaque personne accueillie.<\/p>\n<p style=\"padding-left: 120px;\"><img loading=\"lazy\" decoding=\"async\" class=\"alignnone wp-image-416\" src=\"http:\/\/apajhetvous.apajh.org\/savs-vanves\/wp-content\/uploads\/2021\/06\/picto-asso-1-237x300.jpg\" alt=\"\" width=\"120\" height=\"152\" srcset=\"https:\/\/apajhetvous.apajh.org\/savs-vanves\/wp-content\/uploads\/2021\/06\/picto-asso-1-237x300.jpg 237w, https:\/\/apajhetvous.apajh.org\/savs-vanves\/wp-content\/uploads\/2021\/06\/picto-asso-1-370x468.jpg 370w, https:\/\/apajhetvous.apajh.org\/savs-vanves\/wp-content\/uploads\/2021\/06\/picto-asso-1.jpg 722w\" sizes=\"auto, (max-width: 120px) 100vw, 120px\" \/><\/p>\n<p style=\"text-align: left;\">C&rsquo;est pourquoi l&rsquo;\u00e9quipe de la structure est compos\u00e9e de professionnels qualifi\u00e9s :<\/p>\n<ul>\n<li style=\"text-align: left;\">1 directeur de p\u00f4le,<\/li>\n<li style=\"text-align: left;\">1 directeur adjoint,<\/li>\n<li style=\"text-align: left;\">1 chef de service<span style=\"font-family: georgia, palatino;\"><em>,<\/em><\/span><\/li>\n<li style=\"text-align: left;\">2 psychologues <em><span style=\"font-family: times new roman, times;\">(1 par antenne)<\/span><\/em>,<\/li>\n<li style=\"text-align: left;\">6 intervenants sociaux<em><span style=\"font-family: times new roman, times;\"> (3 par antenne)<\/span><\/em>.<\/li>\n<\/ul>\n","protected":false},"excerpt":{"rendered":"<p>L&rsquo;\u00e9quipe du SAVS 92 Une \u00e9quipe pluridisciplinaire mobilis\u00e9e. Afin de r\u00e9pondre aux besoins, le SAVS propose un soutien individualis\u00e9 \u00e0 chaque personne accueillie. C&rsquo;est pourquoi l&rsquo;\u00e9quipe de la structure est compos\u00e9e de professionnels qualifi\u00e9s : 1 directeur de p\u00f4le, 1 directeur adjoint, 1 chef de service, 2 psychologues (1 par antenne), 6 intervenants sociaux (3<\/p>\n","protected":false},"author":1,"featured_media":0,"parent":0,"menu_order":0,"comment_status":"closed","ping_status":"closed","template":"","meta":{"_exactmetrics_skip_tracking":false,"_exactmetrics_sitenote_active":false,"_exactmetrics_sitenote_note":"","_exactmetrics_sitenote_category":0,"footnotes":""},"class_list":["post-134","page","type-page","status-publish","hentry"],"yoast_head":"<!-- This site is optimized with the Yoast SEO plugin v27.3 - https:\/\/yoast.com\/product\/yoast-seo-wordpress\/ -->\n<title>L&#039;\u00e9quipe - SAVS Vanves<\/title>\n<meta name=\"robots\" content=\"index, follow, max-snippet:-1, max-image-preview:large, max-video-preview:-1\" \/>\n<link rel=\"canonical\" href=\"http:\/\/apajhetvous.apajh.org\/savs-vanves\/lequipe-2\/\" \/>\n<meta property=\"og:locale\" content=\"fr_FR\" \/>\n<meta property=\"og:type\" content=\"article\" \/>\n<meta property=\"og:title\" content=\"L&#039;\u00e9quipe - SAVS Vanves\" \/>\n<meta property=\"og:description\" content=\"L&rsquo;\u00e9quipe du SAVS 92 Une \u00e9quipe pluridisciplinaire mobilis\u00e9e. Afin de r\u00e9pondre aux besoins, le SAVS propose un soutien individualis\u00e9 \u00e0 chaque personne accueillie. C&rsquo;est pourquoi l&rsquo;\u00e9quipe de la structure est compos\u00e9e de professionnels qualifi\u00e9s : 1 directeur de p\u00f4le, 1 directeur adjoint, 1 chef de service, 2 psychologues (1 par antenne), 6 intervenants sociaux (3\" \/>\n<meta property=\"og:url\" content=\"http:\/\/apajhetvous.apajh.org\/savs-vanves\/lequipe-2\/\" \/>\n<meta property=\"og:site_name\" content=\"SAVS Vanves\" \/>\n<meta property=\"article:modified_time\" content=\"2021-06-26T16:29:44+00:00\" \/>\n<meta property=\"og:image\" content=\"http:\/\/apajhetvous.apajh.org\/savs-vanves\/wp-content\/uploads\/2021\/06\/picto-asso-1-237x300.jpg\" \/>\n<meta name=\"twitter:card\" content=\"summary_large_image\" \/>\n<script type=\"application\/ld+json\" class=\"yoast-schema-graph\">{\"@context\":\"https:\\\/\\\/schema.org\",\"@graph\":[{\"@type\":\"WebPage\",\"@id\":\"http:\\\/\\\/apajhetvous.apajh.org\\\/savs-vanves\\\/lequipe-2\\\/\",\"url\":\"http:\\\/\\\/apajhetvous.apajh.org\\\/savs-vanves\\\/lequipe-2\\\/\",\"name\":\"L'\u00e9quipe - SAVS Vanves\",\"isPartOf\":{\"@id\":\"http:\\\/\\\/apajhetvous.apajh.org\\\/savs-vanves\\\/#website\"},\"primaryImageOfPage\":{\"@id\":\"http:\\\/\\\/apajhetvous.apajh.org\\\/savs-vanves\\\/lequipe-2\\\/#primaryimage\"},\"image\":{\"@id\":\"http:\\\/\\\/apajhetvous.apajh.org\\\/savs-vanves\\\/lequipe-2\\\/#primaryimage\"},\"thumbnailUrl\":\"http:\\\/\\\/apajhetvous.apajh.org\\\/savs-vanves\\\/wp-content\\\/uploads\\\/2021\\\/06\\\/picto-asso-1-237x300.jpg\",\"datePublished\":\"2021-03-24T15:09:56+00:00\",\"dateModified\":\"2021-06-26T16:29:44+00:00\",\"breadcrumb\":{\"@id\":\"http:\\\/\\\/apajhetvous.apajh.org\\\/savs-vanves\\\/lequipe-2\\\/#breadcrumb\"},\"inLanguage\":\"fr-FR\",\"potentialAction\":[{\"@type\":\"ReadAction\",\"target\":[\"http:\\\/\\\/apajhetvous.apajh.org\\\/savs-vanves\\\/lequipe-2\\\/\"]}]},{\"@type\":\"ImageObject\",\"inLanguage\":\"fr-FR\",\"@id\":\"http:\\\/\\\/apajhetvous.apajh.org\\\/savs-vanves\\\/lequipe-2\\\/#primaryimage\",\"url\":\"https:\\\/\\\/apajhetvous.apajh.org\\\/savs-vanves\\\/wp-content\\\/uploads\\\/2021\\\/06\\\/picto-asso-1.jpg\",\"contentUrl\":\"https:\\\/\\\/apajhetvous.apajh.org\\\/savs-vanves\\\/wp-content\\\/uploads\\\/2021\\\/06\\\/picto-asso-1.jpg\",\"width\":722,\"height\":914},{\"@type\":\"BreadcrumbList\",\"@id\":\"http:\\\/\\\/apajhetvous.apajh.org\\\/savs-vanves\\\/lequipe-2\\\/#breadcrumb\",\"itemListElement\":[{\"@type\":\"ListItem\",\"position\":1,\"name\":\"Accueil\",\"item\":\"http:\\\/\\\/apajhetvous.apajh.org\\\/savs-vanves\\\/\"},{\"@type\":\"ListItem\",\"position\":2,\"name\":\"L&rsquo;\u00e9quipe\"}]},{\"@type\":\"WebSite\",\"@id\":\"http:\\\/\\\/apajhetvous.apajh.org\\\/savs-vanves\\\/#website\",\"url\":\"http:\\\/\\\/apajhetvous.apajh.org\\\/savs-vanves\\\/\",\"name\":\"SAVS Vanves\",\"description\":\"\",\"potentialAction\":[{\"@type\":\"SearchAction\",\"target\":{\"@type\":\"EntryPoint\",\"urlTemplate\":\"http:\\\/\\\/apajhetvous.apajh.org\\\/savs-vanves\\\/?s={search_term_string}\"},\"query-input\":{\"@type\":\"PropertyValueSpecification\",\"valueRequired\":true,\"valueName\":\"search_term_string\"}}],\"inLanguage\":\"fr-FR\"}]}<\/script>\n<!-- \/ Yoast SEO plugin. -->","yoast_head_json":{"title":"L'\u00e9quipe - SAVS Vanves","robots":{"index":"index","follow":"follow","max-snippet":"max-snippet:-1","max-image-preview":"max-image-preview:large","max-video-preview":"max-video-preview:-1"},"canonical":"http:\/\/apajhetvous.apajh.org\/savs-vanves\/lequipe-2\/","og_locale":"fr_FR","og_type":"article","og_title":"L'\u00e9quipe - SAVS Vanves","og_description":"L&rsquo;\u00e9quipe du SAVS 92 Une \u00e9quipe pluridisciplinaire mobilis\u00e9e. Afin de r\u00e9pondre aux besoins, le SAVS propose un soutien individualis\u00e9 \u00e0 chaque personne accueillie. C&rsquo;est pourquoi l&rsquo;\u00e9quipe de la structure est compos\u00e9e de professionnels qualifi\u00e9s : 1 directeur de p\u00f4le, 1 directeur adjoint, 1 chef de service, 2 psychologues (1 par antenne), 6 intervenants sociaux (3","og_url":"http:\/\/apajhetvous.apajh.org\/savs-vanves\/lequipe-2\/","og_site_name":"SAVS Vanves","article_modified_time":"2021-06-26T16:29:44+00:00","og_image":[{"url":"http:\/\/apajhetvous.apajh.org\/savs-vanves\/wp-content\/uploads\/2021\/06\/picto-asso-1-237x300.jpg","type":"","width":"","height":""}],"twitter_card":"summary_large_image","schema":{"@context":"https:\/\/schema.org","@graph":[{"@type":"WebPage","@id":"http:\/\/apajhetvous.apajh.org\/savs-vanves\/lequipe-2\/","url":"http:\/\/apajhetvous.apajh.org\/savs-vanves\/lequipe-2\/","name":"L'\u00e9quipe - SAVS Vanves","isPartOf":{"@id":"http:\/\/apajhetvous.apajh.org\/savs-vanves\/#website"},"primaryImageOfPage":{"@id":"http:\/\/apajhetvous.apajh.org\/savs-vanves\/lequipe-2\/#primaryimage"},"image":{"@id":"http:\/\/apajhetvous.apajh.org\/savs-vanves\/lequipe-2\/#primaryimage"},"thumbnailUrl":"http:\/\/apajhetvous.apajh.org\/savs-vanves\/wp-content\/uploads\/2021\/06\/picto-asso-1-237x300.jpg","datePublished":"2021-03-24T15:09:56+00:00","dateModified":"2021-06-26T16:29:44+00:00","breadcrumb":{"@id":"http:\/\/apajhetvous.apajh.org\/savs-vanves\/lequipe-2\/#breadcrumb"},"inLanguage":"fr-FR","potentialAction":[{"@type":"ReadAction","target":["http:\/\/apajhetvous.apajh.org\/savs-vanves\/lequipe-2\/"]}]},{"@type":"ImageObject","inLanguage":"fr-FR","@id":"http:\/\/apajhetvous.apajh.org\/savs-vanves\/lequipe-2\/#primaryimage","url":"https:\/\/apajhetvous.apajh.org\/savs-vanves\/wp-content\/uploads\/2021\/06\/picto-asso-1.jpg","contentUrl":"https:\/\/apajhetvous.apajh.org\/savs-vanves\/wp-content\/uploads\/2021\/06\/picto-asso-1.jpg","width":722,"height":914},{"@type":"BreadcrumbList","@id":"http:\/\/apajhetvous.apajh.org\/savs-vanves\/lequipe-2\/#breadcrumb","itemListElement":[{"@type":"ListItem","position":1,"name":"Accueil","item":"http:\/\/apajhetvous.apajh.org\/savs-vanves\/"},{"@type":"ListItem","position":2,"name":"L&rsquo;\u00e9quipe"}]},{"@type":"WebSite","@id":"http:\/\/apajhetvous.apajh.org\/savs-vanves\/#website","url":"http:\/\/apajhetvous.apajh.org\/savs-vanves\/","name":"SAVS Vanves","description":"","potentialAction":[{"@type":"SearchAction","target":{"@type":"EntryPoint","urlTemplate":"http:\/\/apajhetvous.apajh.org\/savs-vanves\/?s={search_term_string}"},"query-input":{"@type":"PropertyValueSpecification","valueRequired":true,"valueName":"search_term_string"}}],"inLanguage":"fr-FR"}]}},"_links":{"self":[{"href":"https:\/\/apajhetvous.apajh.org\/savs-vanves\/wp-json\/wp\/v2\/pages\/134","targetHints":{"allow":["GET"]}}],"collection":[{"href":"https:\/\/apajhetvous.apajh.org\/savs-vanves\/wp-json\/wp\/v2\/pages"}],"about":[{"href":"https:\/\/apajhetvous.apajh.org\/savs-vanves\/wp-json\/wp\/v2\/types\/page"}],"author":[{"embeddable":true,"href":"https:\/\/apajhetvous.apajh.org\/savs-vanves\/wp-json\/wp\/v2\/users\/1"}],"replies":[{"embeddable":true,"href":"https:\/\/apajhetvous.apajh.org\/savs-vanves\/wp-json\/wp\/v2\/comments?post=134"}],"version-history":[{"count":30,"href":"https:\/\/apajhetvous.apajh.org\/savs-vanves\/wp-json\/wp\/v2\/pages\/134\/revisions"}],"predecessor-version":[{"id":413,"href":"https:\/\/apajhetvous.apajh.org\/savs-vanves\/wp-json\/wp\/v2\/pages\/134\/revisions\/413"}],"wp:attachment":[{"href":"https:\/\/apajhetvous.apajh.org\/savs-vanves\/wp-json\/wp\/v2\/media?parent=134"}],"curies":[{"name":"wp","href":"https:\/\/api.w.org\/{rel}","templated":true}]}}